{"id":4629,"date":"2016-07-15T18:30:58","date_gmt":"2016-07-15T16:30:58","guid":{"rendered":"https:\/\/www.cannabislandia.com\/blog\/?page_id=4629"},"modified":"2021-04-07T11:19:30","modified_gmt":"2021-04-07T09:19:30","slug":"vitalink","status":"publish","type":"page","link":"https:\/\/www.cannabislandia.com\/blog\/vitalink\/","title":{"rendered":"Cat\u00e1logo de productos de Vitalink"},"content":{"rendered":"<h2>Productos de Vitalink<\/h2>\n<h3>NUTRIENTES<\/h3>\n<ul>\n<li>HYDRO MAX\n<ul>\n<li>HYDRO MAX GROWTH HARD WATER<\/li>\n<li>HYDRO MAX BLOOM HARD WATER<\/li>\n<\/ul>\n<\/li>\n<li>COIR MAX\n<ul>\n<li>COIR BLOOM HARD WATER<\/li>\n<li>COIR BLOOM SOFT WATER<\/li>\n<li>COIR\u00a0GROWTH HARD WATER<\/li>\n<li>COIR GROWTH SOFT WATER<\/li>\n<\/ul>\n<\/li>\n<li>EARTH MAX\n<ul>\n<li>EARTH BLOOM<\/li>\n<li>EARTH GROWTH<\/li>\n<\/ul>\n<\/li>\n<li>PLANTSTART<\/li>\n<li>SILICON MAX<\/li>\n<\/ul>\n<hr \/>\n<h3>ADITIVOS<\/h3>\n<ul>\n<li>TURBO<\/li>\n<li>BAT GUANO<\/li>\n<li>HYDRATE<\/li>\n<li>HEAT<\/li>\n<li>CHILL<\/li>\n<li>PK<\/li>\n<li>ROOTSTIM<\/li>\n<li>FOLIAR<\/li>\n<li>FULVIC<\/li>\n<li>FINALE<\/li>\n<li>BUDDY<\/li>\n<li>CALMAG<\/li>\n<\/ul>\n<hr \/>\n<h3>MEDIO DE CRECIMIENTO<\/h3>\n<ul>\n<li>PRO SOIL<\/li>\n<li>100% COIR<\/li>\n<li>CLAY COIR MIX<\/li>\n<li>CLAY PEBBLES<\/li>\n<\/ul>\n<p style=\"text-align: right;\"><em>Actualizado el 26\/07\/2016.<\/em><\/p>\n<hr \/>\n<p style=\"text-align: center;\"><a href=\"https:\/\/www.cannabislandia.com\/es\/fertilizantes-para-marihuana-666\">Ir a las tablas de cultivo de <strong>VitaLink<\/strong><\/a><\/p>\n<p style=\"text-align: center;\"><a href=\"https:\/\/www.cannabislandia.com\/es\/marcas\">Ir al men\u00fa de cat\u00e1logo de productos<\/a><\/p>\n","protected":false},"excerpt":{"rendered":"<p>Productos de Vitalink NUTRIENTES HYDRO MAX HYDRO MAX GROWTH HARD WATER HYDRO MAX BLOOM HARD WATER COIR MAX COIR BLOOM HARD WATER COIR BLOOM SOFT WATER COIR\u00a0GROWTH HARD WATER COIR GROWTH SOFT WATER EARTH MAX EARTH BLOOM EARTH GROWTH PLANTSTART&#46;&#46;&#46;<\/p>\n","protected":false},"author":4,"featured_media":4631,"parent":0,"menu_order":0,"comment_status":"closed","ping_status":"closed","template":"","meta":[],"yoast_head":"<!-- This site is optimized with the Yoast SEO Premium plugin v19.7 (Yoast SEO v19.14) - https:\/\/yoast.com\/wordpress\/plugins\/seo\/ -->\n<title>Cat\u00e1logo de productos de Vitalink - Cannabislandia<\/title>\n<meta name=\"description\" content=\"Vitalink es un fabricante de fertilizantes y sustratos para cultivar marihuana en interior y exterior. Entra ahora y consigue los tuyos en Cannabislandia.\" \/>\n<meta name=\"robots\" content=\"index, follow, max-snippet:-1, max-image-preview:large, max-video-preview:-1\" \/>\n<link rel=\"canonical\" href=\"https:\/\/www.cannabislandia.com\/blog\/vitalink\/\" \/>\n<meta property=\"og:locale\" content=\"es_ES\" \/>\n<meta property=\"og:type\" content=\"article\" \/>\n<meta property=\"og:title\" content=\"Cat\u00e1logo de productos de Vitalink\" \/>\n<meta property=\"og:description\" content=\"Vitalink es un fabricante de fertilizantes y sustratos para cultivar marihuana en interior y exterior. Entra ahora y consigue los tuyos en Cannabislandia.\" \/>\n<meta property=\"og:url\" content=\"https:\/\/www.cannabislandia.com\/blog\/vitalink\/\" \/>\n<meta property=\"og:site_name\" content=\"Cannabislandia\" \/>\n<meta property=\"article:publisher\" content=\"https:\/\/www.facebook.com\/people\/Cannabislandia\/100064696326447\/\" \/>\n<meta property=\"article:modified_time\" content=\"2021-04-07T09:19:30+00:00\" \/>\n<meta property=\"og:image\" content=\"https:\/\/www.cannabislandia.com\/blog\/wp-content\/uploads\/2016\/07\/vitalink-portada.jpg\" \/>\n\t<meta property=\"og:image:width\" content=\"600\" \/>\n\t<meta property=\"og:image:height\" content=\"400\" \/>\n\t<meta property=\"og:image:type\" content=\"image\/jpeg\" \/>\n<meta name=\"twitter:card\" content=\"summary_large_image\" \/>\n<meta name=\"twitter:site\" content=\"@cannabislandia\" \/>\n<script type=\"application\/ld+json\" class=\"yoast-schema-graph\">{\"@context\":\"https:\/\/schema.org\",\"@graph\":[{\"@type\":\"WebPage\",\"@id\":\"https:\/\/www.cannabislandia.com\/blog\/vitalink\/\",\"url\":\"https:\/\/www.cannabislandia.com\/blog\/vitalink\/\",\"name\":\"Cat\u00e1logo de productos de Vitalink - Cannabislandia\",\"isPartOf\":{\"@id\":\"https:\/\/www.cannabislandia.com\/blog\/#website\"},\"datePublished\":\"2016-07-15T16:30:58+00:00\",\"dateModified\":\"2021-04-07T09:19:30+00:00\",\"description\":\"Vitalink es un fabricante de fertilizantes y sustratos para cultivar marihuana en interior y exterior. Entra ahora y consigue los tuyos en Cannabislandia.\",\"breadcrumb\":{\"@id\":\"https:\/\/www.cannabislandia.com\/blog\/vitalink\/#breadcrumb\"},\"inLanguage\":\"es\",\"potentialAction\":[{\"@type\":\"ReadAction\",\"target\":[\"https:\/\/www.cannabislandia.com\/blog\/vitalink\/\"]}]},{\"@type\":\"BreadcrumbList\",\"@id\":\"https:\/\/www.cannabislandia.com\/blog\/vitalink\/#breadcrumb\",\"itemListElement\":[{\"@type\":\"ListItem\",\"position\":1,\"name\":\"Inicio\",\"item\":\"https:\/\/www.cannabislandia.com\/blog\/\"},{\"@type\":\"ListItem\",\"position\":2,\"name\":\"Cat\u00e1logo de productos de Vitalink\"}]},{\"@type\":\"WebSite\",\"@id\":\"https:\/\/www.cannabislandia.com\/blog\/#website\",\"url\":\"https:\/\/www.cannabislandia.com\/blog\/\",\"name\":\"Cannabislandia\",\"description\":\"Blog cann\u00e1bico donde encontrar\u00e1s las \u00faltimas noticias, novedades, gu\u00edas, recetas, promociones, curiosidades y todo lo relacionado con la marihuana\",\"publisher\":{\"@id\":\"https:\/\/www.cannabislandia.com\/blog\/#organization\"},\"potentialAction\":[{\"@type\":\"SearchAction\",\"target\":{\"@type\":\"EntryPoint\",\"urlTemplate\":\"https:\/\/www.cannabislandia.com\/blog\/?s={search_term_string}\"},\"query-input\":\"required name=search_term_string\"}],\"inLanguage\":\"es\"},{\"@type\":\"Organization\",\"@id\":\"https:\/\/www.cannabislandia.com\/blog\/#organization\",\"name\":\"Cannabislandia\",\"url\":\"https:\/\/www.cannabislandia.com\/blog\/\",\"logo\":{\"@type\":\"ImageObject\",\"inLanguage\":\"es\",\"@id\":\"https:\/\/www.cannabislandia.com\/blog\/#\/schema\/logo\/image\/\",\"url\":\"https:\/\/www.cannabislandia.com\/blog\/wp-content\/uploads\/2015\/12\/logo.jpg\",\"contentUrl\":\"https:\/\/www.cannabislandia.com\/blog\/wp-content\/uploads\/2015\/12\/logo.jpg\",\"width\":145,\"height\":145,\"caption\":\"Cannabislandia\"},\"image\":{\"@id\":\"https:\/\/www.cannabislandia.com\/blog\/#\/schema\/logo\/image\/\"},\"sameAs\":[\"https:\/\/www.instagram.com\/cannabislandia_grow\/\",\"https:\/\/www.facebook.com\/people\/Cannabislandia\/100064696326447\/\",\"https:\/\/twitter.com\/cannabislandia\"]}]}<\/script>\n<!-- \/ Yoast SEO Premium plugin. -->","yoast_head_json":{"title":"Cat\u00e1logo de productos de Vitalink - Cannabislandia","description":"Vitalink es un fabricante de fertilizantes y sustratos para cultivar marihuana en interior y exterior. Entra ahora y consigue los tuyos en Cannabislandia.","robots":{"index":"index","follow":"follow","max-snippet":"max-snippet:-1","max-image-preview":"max-image-preview:large","max-video-preview":"max-video-preview:-1"},"canonical":"https:\/\/www.cannabislandia.com\/blog\/vitalink\/","og_locale":"es_ES","og_type":"article","og_title":"Cat\u00e1logo de productos de Vitalink","og_description":"Vitalink es un fabricante de fertilizantes y sustratos para cultivar marihuana en interior y exterior. Entra ahora y consigue los tuyos en Cannabislandia.","og_url":"https:\/\/www.cannabislandia.com\/blog\/vitalink\/","og_site_name":"Cannabislandia","article_publisher":"https:\/\/www.facebook.com\/people\/Cannabislandia\/100064696326447\/","article_modified_time":"2021-04-07T09:19:30+00:00","og_image":[{"width":600,"height":400,"url":"https:\/\/www.cannabislandia.com\/blog\/wp-content\/uploads\/2016\/07\/vitalink-portada.jpg","type":"image\/jpeg"}],"twitter_card":"summary_large_image","twitter_site":"@cannabislandia","schema":{"@context":"https:\/\/schema.org","@graph":[{"@type":"WebPage","@id":"https:\/\/www.cannabislandia.com\/blog\/vitalink\/","url":"https:\/\/www.cannabislandia.com\/blog\/vitalink\/","name":"Cat\u00e1logo de productos de Vitalink - Cannabislandia","isPartOf":{"@id":"https:\/\/www.cannabislandia.com\/blog\/#website"},"datePublished":"2016-07-15T16:30:58+00:00","dateModified":"2021-04-07T09:19:30+00:00","description":"Vitalink es un fabricante de fertilizantes y sustratos para cultivar marihuana en interior y exterior. Entra ahora y consigue los tuyos en Cannabislandia.","breadcrumb":{"@id":"https:\/\/www.cannabislandia.com\/blog\/vitalink\/#breadcrumb"},"inLanguage":"es","potentialAction":[{"@type":"ReadAction","target":["https:\/\/www.cannabislandia.com\/blog\/vitalink\/"]}]},{"@type":"BreadcrumbList","@id":"https:\/\/www.cannabislandia.com\/blog\/vitalink\/#breadcrumb","itemListElement":[{"@type":"ListItem","position":1,"name":"Inicio","item":"https:\/\/www.cannabislandia.com\/blog\/"},{"@type":"ListItem","position":2,"name":"Cat\u00e1logo de productos de Vitalink"}]},{"@type":"WebSite","@id":"https:\/\/www.cannabislandia.com\/blog\/#website","url":"https:\/\/www.cannabislandia.com\/blog\/","name":"Cannabislandia","description":"Blog cann\u00e1bico donde encontrar\u00e1s las \u00faltimas noticias, novedades, gu\u00edas, recetas, promociones, curiosidades y todo lo relacionado con la marihuana","publisher":{"@id":"https:\/\/www.cannabislandia.com\/blog\/#organization"},"potentialAction":[{"@type":"SearchAction","target":{"@type":"EntryPoint","urlTemplate":"https:\/\/www.cannabislandia.com\/blog\/?s={search_term_string}"},"query-input":"required name=search_term_string"}],"inLanguage":"es"},{"@type":"Organization","@id":"https:\/\/www.cannabislandia.com\/blog\/#organization","name":"Cannabislandia","url":"https:\/\/www.cannabislandia.com\/blog\/","logo":{"@type":"ImageObject","inLanguage":"es","@id":"https:\/\/www.cannabislandia.com\/blog\/#\/schema\/logo\/image\/","url":"https:\/\/www.cannabislandia.com\/blog\/wp-content\/uploads\/2015\/12\/logo.jpg","contentUrl":"https:\/\/www.cannabislandia.com\/blog\/wp-content\/uploads\/2015\/12\/logo.jpg","width":145,"height":145,"caption":"Cannabislandia"},"image":{"@id":"https:\/\/www.cannabislandia.com\/blog\/#\/schema\/logo\/image\/"},"sameAs":["https:\/\/www.instagram.com\/cannabislandia_grow\/","https:\/\/www.facebook.com\/people\/Cannabislandia\/100064696326447\/","https:\/\/twitter.com\/cannabislandia"]}]}},"_links":{"self":[{"href":"https:\/\/www.cannabislandia.com\/blog\/wp-json\/wp\/v2\/pages\/4629"}],"collection":[{"href":"https:\/\/www.cannabislandia.com\/blog\/wp-json\/wp\/v2\/pages"}],"about":[{"href":"https:\/\/www.cannabislandia.com\/blog\/wp-json\/wp\/v2\/types\/page"}],"author":[{"embeddable":true,"href":"https:\/\/www.cannabislandia.com\/blog\/wp-json\/wp\/v2\/users\/4"}],"replies":[{"embeddable":true,"href":"https:\/\/www.cannabislandia.com\/blog\/wp-json\/wp\/v2\/comments?post=4629"}],"version-history":[{"count":5,"href":"https:\/\/www.cannabislandia.com\/blog\/wp-json\/wp\/v2\/pages\/4629\/revisions"}],"predecessor-version":[{"id":13598,"href":"https:\/\/www.cannabislandia.com\/blog\/wp-json\/wp\/v2\/pages\/4629\/revisions\/13598"}],"wp:featuredmedia":[{"embeddable":true,"href":"https:\/\/www.cannabislandia.com\/blog\/wp-json\/wp\/v2\/media\/4631"}],"wp:attachment":[{"href":"https:\/\/www.cannabislandia.com\/blog\/wp-json\/wp\/v2\/media?parent=4629"}],"curies":[{"name":"wp","href":"https:\/\/api.w.org\/{rel}","templated":true}]}}