{"id":4594,"date":"2016-07-15T12:33:36","date_gmt":"2016-07-15T10:33:36","guid":{"rendered":"https:\/\/www.cannabislandia.com\/blog\/?page_id=4594"},"modified":"2020-03-02T16:08:24","modified_gmt":"2020-03-02T15:08:24","slug":"top-crop","status":"publish","type":"page","link":"https:\/\/www.cannabislandia.com\/blog\/tablas-de-cultivo\/top-crop\/","title":{"rendered":"Todas las tablas de cultivo Top Crop para cultivar marihuana"},"content":{"rendered":"<h2>Tablas de cultivo TOP CROP<\/h2>\n<h2><a href=\"https:\/\/www.cannabislandia.com\/blog\/wp-content\/uploads\/2016\/07\/tabla-soil-1.jpg\" data-rel=\"lightbox-image-0\" data-rl_title=\"\" data-rl_caption=\"\" title=\"\"><img loading=\"lazy\" decoding=\"async\" loading=\"lazy\" class=\"alignnone size-large wp-image-13340\" src=\"https:\/\/www.cannabislandia.com\/blog\/wp-content\/uploads\/2016\/07\/tabla-soil-1-1024x722.jpg\" alt=\"\" width=\"1024\" height=\"722\" srcset=\"https:\/\/www.cannabislandia.com\/blog\/wp-content\/uploads\/2016\/07\/tabla-soil-1.jpg 1024w, https:\/\/www.cannabislandia.com\/blog\/wp-content\/uploads\/2016\/07\/tabla-soil-1-300x212.jpg 300w, https:\/\/www.cannabislandia.com\/blog\/wp-content\/uploads\/2016\/07\/tabla-soil-1-768x542.jpg 768w\" sizes=\"(max-width: 1024px) 100vw, 1024px\" \/><\/a> <a href=\"https:\/\/www.cannabislandia.com\/blog\/wp-content\/uploads\/2016\/07\/tabla-soil-2.jpg\" data-rel=\"lightbox-image-1\" data-rl_title=\"\" data-rl_caption=\"\" title=\"\"><img loading=\"lazy\" decoding=\"async\" loading=\"lazy\" class=\"alignnone size-large wp-image-13342\" src=\"https:\/\/www.cannabislandia.com\/blog\/wp-content\/uploads\/2016\/07\/tabla-soil-2-1024x722.jpg\" alt=\"\" width=\"1024\" height=\"722\" srcset=\"https:\/\/www.cannabislandia.com\/blog\/wp-content\/uploads\/2016\/07\/tabla-soil-2.jpg 1024w, https:\/\/www.cannabislandia.com\/blog\/wp-content\/uploads\/2016\/07\/tabla-soil-2-300x212.jpg 300w, https:\/\/www.cannabislandia.com\/blog\/wp-content\/uploads\/2016\/07\/tabla-soil-2-768x542.jpg 768w\" sizes=\"(max-width: 1024px) 100vw, 1024px\" \/><\/a> <a href=\"https:\/\/www.cannabislandia.com\/blog\/wp-content\/uploads\/2016\/07\/tabla-soil-3.jpg\" data-rel=\"lightbox-image-2\" data-rl_title=\"\" data-rl_caption=\"\" title=\"\"><img loading=\"lazy\" decoding=\"async\" loading=\"lazy\" class=\"alignnone size-large wp-image-13344\" src=\"https:\/\/www.cannabislandia.com\/blog\/wp-content\/uploads\/2016\/07\/tabla-soil-3-1024x722.jpg\" alt=\"\" width=\"1024\" height=\"722\" srcset=\"https:\/\/www.cannabislandia.com\/blog\/wp-content\/uploads\/2016\/07\/tabla-soil-3.jpg 1024w, https:\/\/www.cannabislandia.com\/blog\/wp-content\/uploads\/2016\/07\/tabla-soil-3-300x212.jpg 300w, https:\/\/www.cannabislandia.com\/blog\/wp-content\/uploads\/2016\/07\/tabla-soil-3-768x542.jpg 768w\" sizes=\"(max-width: 1024px) 100vw, 1024px\" \/><\/a><\/h2>\n<p><strong>Top Crop<\/strong> es un fabricante espa\u00f1ol de abonos para marihuana. Todos los nutrientes que necesitar\u00e1n tus plantas para un desarrollo r\u00e1pido y una floraci\u00f3n explosiva, los encontrar\u00e1s en las diferentes l\u00edneas que nos ofrecen. Por un lado la l\u00ednea Top se compone de fertilizantes base org\u00e1nicos como <strong>Top Veg<\/strong> y <strong>Top Bloom<\/strong>, aptos para cultivos en tierra. La l\u00ednea para sustratos de fibra de coco est\u00e1 compuesta por los abonos base en dos partes Top Coco A y Top Coco B. Y finalmente la nueva l\u00ednea mineral para cultivos en tierra compuesta por los fertilizantes base de r\u00e1pida asimilaci\u00f3n<strong> Soil A y Soil B<\/strong>.<\/p>\n<p>Estas tres l\u00edneas se completan con una serie de aditivos org\u00e1nicos o minerales que reforzar\u00e1n las fases de enraizado, crecimiento y engorde. Adem\u00e1s, Top Crop ofrece una serie de aditivos s\u00f3lidos como <strong>Micro Vita<\/strong>, <strong>Aminoperlas<\/strong> o <strong>Top Vulcan<\/strong> que mejorar\u00e1n la calidad de cualquier sustrato, llen\u00e1ndolo de microorganismos beneficiosos y\u00a0nutrientes org\u00e1nicos de la m\u00e1xima calidad. Las plantas m\u00e1s saludables y las mejores cosechas estar\u00e1n siempre aseguradas con Top Crop.<\/p>\n<p>&nbsp;<\/p>\n<p style=\"text-align: right;\"><em>Actualizado el 15\/07\/2016.<\/em><\/p>\n<hr \/>\n<p style=\"text-align: center;\"><a href=\"https:\/\/www.cannabislandia.com\/es\/top-crop_234\">Ir al cat\u00e1logo de productos de <strong>Top Crop<\/strong><\/a><\/p>\n<p style=\"text-align: center;\"><a href=\"https:\/\/www.cannabislandia.com\/blog\/tablas-de-cultivo\/\">Ir al men\u00fa de tablas de cultivo<\/a><\/p>\n","protected":false},"excerpt":{"rendered":"<p>Tablas de cultivo TOP CROP Top Crop es un fabricante espa\u00f1ol de abonos para marihuana. Todos los nutrientes que necesitar\u00e1n tus plantas para un desarrollo r\u00e1pido y una floraci\u00f3n explosiva, los encontrar\u00e1s en las diferentes l\u00edneas que nos ofrecen. Por&#46;&#46;&#46;<\/p>\n","protected":false},"author":4,"featured_media":4590,"parent":998,"menu_order":0,"comment_status":"closed","ping_status":"closed","template":"","meta":[],"yoast_head":"<!-- This site is optimized with the Yoast SEO Premium plugin v19.7 (Yoast SEO v19.14) - https:\/\/yoast.com\/wordpress\/plugins\/seo\/ -->\n<title>Tablas de cultivo Top Crop para el cultivo de marihuana<\/title>\n<meta name=\"description\" content=\"Con las tablas de cultivo de los abonos Top Crop conseguir\u00e1s los mejores rendimientos en tus cultivos de marihuana. Desc\u00e1rgalas ahora en Cannabislandia.\" \/>\n<meta name=\"robots\" content=\"index, follow, max-snippet:-1, max-image-preview:large, max-video-preview:-1\" \/>\n<link rel=\"canonical\" href=\"https:\/\/www.cannabislandia.com\/blog\/tablas-de-cultivo\/top-crop\/\" \/>\n<meta property=\"og:locale\" content=\"es_ES\" \/>\n<meta property=\"og:type\" content=\"article\" \/>\n<meta property=\"og:title\" content=\"Todas las tablas de cultivo Top Crop para cultivar marihuana\" \/>\n<meta property=\"og:description\" content=\"Con las tablas de cultivo de los abonos Top Crop conseguir\u00e1s los mejores rendimientos en tus cultivos de marihuana. Desc\u00e1rgalas ahora en Cannabislandia.\" \/>\n<meta property=\"og:url\" content=\"https:\/\/www.cannabislandia.com\/blog\/tablas-de-cultivo\/top-crop\/\" \/>\n<meta property=\"og:site_name\" content=\"Cannabislandia\" \/>\n<meta property=\"article:publisher\" content=\"https:\/\/www.facebook.com\/people\/Cannabislandia\/100064696326447\/\" \/>\n<meta property=\"article:modified_time\" content=\"2020-03-02T15:08:24+00:00\" \/>\n<meta property=\"og:image\" content=\"https:\/\/www.cannabislandia.com\/blog\/wp-content\/uploads\/2016\/07\/top-crop-portada.jpg\" \/>\n\t<meta property=\"og:image:width\" content=\"600\" \/>\n\t<meta property=\"og:image:height\" content=\"400\" \/>\n\t<meta property=\"og:image:type\" content=\"image\/jpeg\" \/>\n<meta name=\"twitter:card\" content=\"summary_large_image\" \/>\n<meta name=\"twitter:site\" content=\"@cannabislandia\" \/>\n<meta name=\"twitter:label1\" content=\"Tiempo de lectura\" \/>\n\t<meta name=\"twitter:data1\" content=\"1 minuto\" \/>\n<script type=\"application\/ld+json\" class=\"yoast-schema-graph\">{\"@context\":\"https:\/\/schema.org\",\"@graph\":[{\"@type\":\"WebPage\",\"@id\":\"https:\/\/www.cannabislandia.com\/blog\/tablas-de-cultivo\/top-crop\/\",\"url\":\"https:\/\/www.cannabislandia.com\/blog\/tablas-de-cultivo\/top-crop\/\",\"name\":\"Tablas de cultivo Top Crop para el cultivo de marihuana\",\"isPartOf\":{\"@id\":\"https:\/\/www.cannabislandia.com\/blog\/#website\"},\"datePublished\":\"2016-07-15T10:33:36+00:00\",\"dateModified\":\"2020-03-02T15:08:24+00:00\",\"description\":\"Con las tablas de cultivo de los abonos Top Crop conseguir\u00e1s los mejores rendimientos en tus cultivos de marihuana. Desc\u00e1rgalas ahora en Cannabislandia.\",\"breadcrumb\":{\"@id\":\"https:\/\/www.cannabislandia.com\/blog\/tablas-de-cultivo\/top-crop\/#breadcrumb\"},\"inLanguage\":\"es\",\"potentialAction\":[{\"@type\":\"ReadAction\",\"target\":[\"https:\/\/www.cannabislandia.com\/blog\/tablas-de-cultivo\/top-crop\/\"]}]},{\"@type\":\"BreadcrumbList\",\"@id\":\"https:\/\/www.cannabislandia.com\/blog\/tablas-de-cultivo\/top-crop\/#breadcrumb\",\"itemListElement\":[{\"@type\":\"ListItem\",\"position\":1,\"name\":\"Inicio\",\"item\":\"https:\/\/www.cannabislandia.com\/blog\/\"},{\"@type\":\"ListItem\",\"position\":2,\"name\":\"Tablas de cultivo y abonado\",\"item\":\"https:\/\/www.cannabislandia.com\/blog\/tablas-de-cultivo\/\"},{\"@type\":\"ListItem\",\"position\":3,\"name\":\"Todas las tablas de cultivo Top Crop para cultivar marihuana\"}]},{\"@type\":\"WebSite\",\"@id\":\"https:\/\/www.cannabislandia.com\/blog\/#website\",\"url\":\"https:\/\/www.cannabislandia.com\/blog\/\",\"name\":\"Cannabislandia\",\"description\":\"Blog cann\u00e1bico donde encontrar\u00e1s las \u00faltimas noticias, novedades, gu\u00edas, recetas, promociones, curiosidades y todo lo relacionado con la marihuana\",\"publisher\":{\"@id\":\"https:\/\/www.cannabislandia.com\/blog\/#organization\"},\"potentialAction\":[{\"@type\":\"SearchAction\",\"target\":{\"@type\":\"EntryPoint\",\"urlTemplate\":\"https:\/\/www.cannabislandia.com\/blog\/?s={search_term_string}\"},\"query-input\":\"required name=search_term_string\"}],\"inLanguage\":\"es\"},{\"@type\":\"Organization\",\"@id\":\"https:\/\/www.cannabislandia.com\/blog\/#organization\",\"name\":\"Cannabislandia\",\"url\":\"https:\/\/www.cannabislandia.com\/blog\/\",\"logo\":{\"@type\":\"ImageObject\",\"inLanguage\":\"es\",\"@id\":\"https:\/\/www.cannabislandia.com\/blog\/#\/schema\/logo\/image\/\",\"url\":\"https:\/\/www.cannabislandia.com\/blog\/wp-content\/uploads\/2015\/12\/logo.jpg\",\"contentUrl\":\"https:\/\/www.cannabislandia.com\/blog\/wp-content\/uploads\/2015\/12\/logo.jpg\",\"width\":145,\"height\":145,\"caption\":\"Cannabislandia\"},\"image\":{\"@id\":\"https:\/\/www.cannabislandia.com\/blog\/#\/schema\/logo\/image\/\"},\"sameAs\":[\"https:\/\/www.instagram.com\/cannabislandia_grow\/\",\"https:\/\/www.facebook.com\/people\/Cannabislandia\/100064696326447\/\",\"https:\/\/twitter.com\/cannabislandia\"]}]}<\/script>\n<!-- \/ Yoast SEO Premium plugin. -->","yoast_head_json":{"title":"Tablas de cultivo Top Crop para el cultivo de marihuana","description":"Con las tablas de cultivo de los abonos Top Crop conseguir\u00e1s los mejores rendimientos en tus cultivos de marihuana. Desc\u00e1rgalas ahora en Cannabislandia.","robots":{"index":"index","follow":"follow","max-snippet":"max-snippet:-1","max-image-preview":"max-image-preview:large","max-video-preview":"max-video-preview:-1"},"canonical":"https:\/\/www.cannabislandia.com\/blog\/tablas-de-cultivo\/top-crop\/","og_locale":"es_ES","og_type":"article","og_title":"Todas las tablas de cultivo Top Crop para cultivar marihuana","og_description":"Con las tablas de cultivo de los abonos Top Crop conseguir\u00e1s los mejores rendimientos en tus cultivos de marihuana. Desc\u00e1rgalas ahora en Cannabislandia.","og_url":"https:\/\/www.cannabislandia.com\/blog\/tablas-de-cultivo\/top-crop\/","og_site_name":"Cannabislandia","article_publisher":"https:\/\/www.facebook.com\/people\/Cannabislandia\/100064696326447\/","article_modified_time":"2020-03-02T15:08:24+00:00","og_image":[{"width":600,"height":400,"url":"https:\/\/www.cannabislandia.com\/blog\/wp-content\/uploads\/2016\/07\/top-crop-portada.jpg","type":"image\/jpeg"}],"twitter_card":"summary_large_image","twitter_site":"@cannabislandia","twitter_misc":{"Tiempo de lectura":"1 minuto"},"schema":{"@context":"https:\/\/schema.org","@graph":[{"@type":"WebPage","@id":"https:\/\/www.cannabislandia.com\/blog\/tablas-de-cultivo\/top-crop\/","url":"https:\/\/www.cannabislandia.com\/blog\/tablas-de-cultivo\/top-crop\/","name":"Tablas de cultivo Top Crop para el cultivo de marihuana","isPartOf":{"@id":"https:\/\/www.cannabislandia.com\/blog\/#website"},"datePublished":"2016-07-15T10:33:36+00:00","dateModified":"2020-03-02T15:08:24+00:00","description":"Con las tablas de cultivo de los abonos Top Crop conseguir\u00e1s los mejores rendimientos en tus cultivos de marihuana. Desc\u00e1rgalas ahora en Cannabislandia.","breadcrumb":{"@id":"https:\/\/www.cannabislandia.com\/blog\/tablas-de-cultivo\/top-crop\/#breadcrumb"},"inLanguage":"es","potentialAction":[{"@type":"ReadAction","target":["https:\/\/www.cannabislandia.com\/blog\/tablas-de-cultivo\/top-crop\/"]}]},{"@type":"BreadcrumbList","@id":"https:\/\/www.cannabislandia.com\/blog\/tablas-de-cultivo\/top-crop\/#breadcrumb","itemListElement":[{"@type":"ListItem","position":1,"name":"Inicio","item":"https:\/\/www.cannabislandia.com\/blog\/"},{"@type":"ListItem","position":2,"name":"Tablas de cultivo y abonado","item":"https:\/\/www.cannabislandia.com\/blog\/tablas-de-cultivo\/"},{"@type":"ListItem","position":3,"name":"Todas las tablas de cultivo Top Crop para cultivar marihuana"}]},{"@type":"WebSite","@id":"https:\/\/www.cannabislandia.com\/blog\/#website","url":"https:\/\/www.cannabislandia.com\/blog\/","name":"Cannabislandia","description":"Blog cann\u00e1bico donde encontrar\u00e1s las \u00faltimas noticias, novedades, gu\u00edas, recetas, promociones, curiosidades y todo lo relacionado con la marihuana","publisher":{"@id":"https:\/\/www.cannabislandia.com\/blog\/#organization"},"potentialAction":[{"@type":"SearchAction","target":{"@type":"EntryPoint","urlTemplate":"https:\/\/www.cannabislandia.com\/blog\/?s={search_term_string}"},"query-input":"required name=search_term_string"}],"inLanguage":"es"},{"@type":"Organization","@id":"https:\/\/www.cannabislandia.com\/blog\/#organization","name":"Cannabislandia","url":"https:\/\/www.cannabislandia.com\/blog\/","logo":{"@type":"ImageObject","inLanguage":"es","@id":"https:\/\/www.cannabislandia.com\/blog\/#\/schema\/logo\/image\/","url":"https:\/\/www.cannabislandia.com\/blog\/wp-content\/uploads\/2015\/12\/logo.jpg","contentUrl":"https:\/\/www.cannabislandia.com\/blog\/wp-content\/uploads\/2015\/12\/logo.jpg","width":145,"height":145,"caption":"Cannabislandia"},"image":{"@id":"https:\/\/www.cannabislandia.com\/blog\/#\/schema\/logo\/image\/"},"sameAs":["https:\/\/www.instagram.com\/cannabislandia_grow\/","https:\/\/www.facebook.com\/people\/Cannabislandia\/100064696326447\/","https:\/\/twitter.com\/cannabislandia"]}]}},"_links":{"self":[{"href":"https:\/\/www.cannabislandia.com\/blog\/wp-json\/wp\/v2\/pages\/4594"}],"collection":[{"href":"https:\/\/www.cannabislandia.com\/blog\/wp-json\/wp\/v2\/pages"}],"about":[{"href":"https:\/\/www.cannabislandia.com\/blog\/wp-json\/wp\/v2\/types\/page"}],"author":[{"embeddable":true,"href":"https:\/\/www.cannabislandia.com\/blog\/wp-json\/wp\/v2\/users\/4"}],"replies":[{"embeddable":true,"href":"https:\/\/www.cannabislandia.com\/blog\/wp-json\/wp\/v2\/comments?post=4594"}],"version-history":[{"count":8,"href":"https:\/\/www.cannabislandia.com\/blog\/wp-json\/wp\/v2\/pages\/4594\/revisions"}],"predecessor-version":[{"id":13348,"href":"https:\/\/www.cannabislandia.com\/blog\/wp-json\/wp\/v2\/pages\/4594\/revisions\/13348"}],"up":[{"embeddable":true,"href":"https:\/\/www.cannabislandia.com\/blog\/wp-json\/wp\/v2\/pages\/998"}],"wp:featuredmedia":[{"embeddable":true,"href":"https:\/\/www.cannabislandia.com\/blog\/wp-json\/wp\/v2\/media\/4590"}],"wp:attachment":[{"href":"https:\/\/www.cannabislandia.com\/blog\/wp-json\/wp\/v2\/media?parent=4594"}],"curies":[{"name":"wp","href":"https:\/\/api.w.org\/{rel}","templated":true}]}}