{"id":4368,"date":"2016-07-06T11:13:38","date_gmt":"2016-07-06T09:13:38","guid":{"rendered":"https:\/\/www.cannabislandia.com\/blog\/?page_id=4368"},"modified":"2019-06-13T10:42:25","modified_gmt":"2019-06-13T08:42:25","slug":"powder-feeding","status":"publish","type":"page","link":"https:\/\/www.cannabislandia.com\/blog\/tablas-de-cultivo\/powder-feeding\/","title":{"rendered":"Tablas de cultivo de Powder Feeding"},"content":{"rendered":"<h2>TABLAS DE CULTIVO DE POWDER FEEDING MINERAL<\/h2>\n<h3>B\u00c1SICA<\/h3>\n<h2><a href=\"https:\/\/www.cannabislandia.com\/blog\/wp-content\/uploads\/2016\/07\/tabla-de-cultivo-powder-feeding-mineral.jpg\" data-rel=\"lightbox-image-0\" data-rl_title=\"\" data-rl_caption=\"\" title=\"\"><img loading=\"lazy\" decoding=\"async\" loading=\"lazy\" class=\"alignnone size-large wp-image-12545\" src=\"https:\/\/www.cannabislandia.com\/blog\/wp-content\/uploads\/2016\/07\/tabla-de-cultivo-powder-feeding-mineral-715x1024.jpg\" alt=\"\" width=\"715\" height=\"1024\" srcset=\"https:\/\/www.cannabislandia.com\/blog\/wp-content\/uploads\/2016\/07\/tabla-de-cultivo-powder-feeding-mineral-715x1024.jpg 715w, https:\/\/www.cannabislandia.com\/blog\/wp-content\/uploads\/2016\/07\/tabla-de-cultivo-powder-feeding-mineral-210x300.jpg 210w, https:\/\/www.cannabislandia.com\/blog\/wp-content\/uploads\/2016\/07\/tabla-de-cultivo-powder-feeding-mineral-768x1099.jpg 768w, https:\/\/www.cannabislandia.com\/blog\/wp-content\/uploads\/2016\/07\/tabla-de-cultivo-powder-feeding-mineral.jpg 800w\" sizes=\"(max-width: 715px) 100vw, 715px\" \/><\/a><\/h2>\n<h3>CON PK BOOSTER<\/h3>\n<p><a href=\"https:\/\/www.cannabislandia.com\/blog\/wp-content\/uploads\/2016\/07\/tabla-de-cultivo-pk-booster-powder-feeding-mineral.jpg\" data-rel=\"lightbox-image-1\" data-rl_title=\"\" data-rl_caption=\"\" title=\"\"><img loading=\"lazy\" decoding=\"async\" loading=\"lazy\" class=\"alignnone size-large wp-image-12544\" src=\"https:\/\/www.cannabislandia.com\/blog\/wp-content\/uploads\/2016\/07\/tabla-de-cultivo-pk-booster-powder-feeding-mineral-715x1024.jpg\" alt=\"\" width=\"715\" height=\"1024\" srcset=\"https:\/\/www.cannabislandia.com\/blog\/wp-content\/uploads\/2016\/07\/tabla-de-cultivo-pk-booster-powder-feeding-mineral-715x1024.jpg 715w, https:\/\/www.cannabislandia.com\/blog\/wp-content\/uploads\/2016\/07\/tabla-de-cultivo-pk-booster-powder-feeding-mineral-210x300.jpg 210w, https:\/\/www.cannabislandia.com\/blog\/wp-content\/uploads\/2016\/07\/tabla-de-cultivo-pk-booster-powder-feeding-mineral-768x1099.jpg 768w, https:\/\/www.cannabislandia.com\/blog\/wp-content\/uploads\/2016\/07\/tabla-de-cultivo-pk-booster-powder-feeding-mineral.jpg 800w\" sizes=\"(max-width: 715px) 100vw, 715px\" \/><\/a><\/p>\n<h2>PROFESIONAL<\/h2>\n<p><a href=\"https:\/\/www.cannabislandia.com\/blog\/wp-content\/uploads\/2016\/07\/tabla-de-cultivo-pk-booster-powder-feeding-mineral-experto.jpg\" data-rel=\"lightbox-image-2\" data-rl_title=\"\" data-rl_caption=\"\" title=\"\"><img loading=\"lazy\" decoding=\"async\" loading=\"lazy\" class=\"alignnone size-large wp-image-12543\" src=\"https:\/\/www.cannabislandia.com\/blog\/wp-content\/uploads\/2016\/07\/tabla-de-cultivo-pk-booster-powder-feeding-mineral-experto-715x1024.jpg\" alt=\"\" width=\"715\" height=\"1024\" srcset=\"https:\/\/www.cannabislandia.com\/blog\/wp-content\/uploads\/2016\/07\/tabla-de-cultivo-pk-booster-powder-feeding-mineral-experto-715x1024.jpg 715w, https:\/\/www.cannabislandia.com\/blog\/wp-content\/uploads\/2016\/07\/tabla-de-cultivo-pk-booster-powder-feeding-mineral-experto-210x300.jpg 210w, https:\/\/www.cannabislandia.com\/blog\/wp-content\/uploads\/2016\/07\/tabla-de-cultivo-pk-booster-powder-feeding-mineral-experto-768x1099.jpg 768w, https:\/\/www.cannabislandia.com\/blog\/wp-content\/uploads\/2016\/07\/tabla-de-cultivo-pk-booster-powder-feeding-mineral-experto.jpg 800w\" sizes=\"(max-width: 715px) 100vw, 715px\" \/><\/a><\/p>\n<h2>TABLAS DE CULTIVO DE POWDER FEEDING BIO<\/h2>\n<p><a href=\"https:\/\/www.cannabislandia.com\/blog\/wp-content\/uploads\/2016\/07\/GHF_BioBrochure_WEB_2017_ES-3.jpg\" data-rel=\"lightbox-image-3\" data-rl_title=\"\" data-rl_caption=\"\" title=\"\"><img loading=\"lazy\" decoding=\"async\" loading=\"lazy\" class=\"alignnone size-large wp-image-12539\" src=\"https:\/\/www.cannabislandia.com\/blog\/wp-content\/uploads\/2016\/07\/GHF_BioBrochure_WEB_2017_ES-3-1024x727.jpg\" alt=\"\" width=\"1024\" height=\"727\" srcset=\"https:\/\/www.cannabislandia.com\/blog\/wp-content\/uploads\/2016\/07\/GHF_BioBrochure_WEB_2017_ES-3-1024x727.jpg 1024w, https:\/\/www.cannabislandia.com\/blog\/wp-content\/uploads\/2016\/07\/GHF_BioBrochure_WEB_2017_ES-3-300x213.jpg 300w, https:\/\/www.cannabislandia.com\/blog\/wp-content\/uploads\/2016\/07\/GHF_BioBrochure_WEB_2017_ES-3-768x545.jpg 768w, https:\/\/www.cannabislandia.com\/blog\/wp-content\/uploads\/2016\/07\/GHF_BioBrochure_WEB_2017_ES-3.jpg 1443w\" sizes=\"(max-width: 1024px) 100vw, 1024px\" \/><\/a><a href=\"https:\/\/www.cannabislandia.com\/blog\/wp-content\/uploads\/2016\/07\/GHF_BioBrochure_WEB_2017_ES-4.jpg\" data-rel=\"lightbox-image-4\" data-rl_title=\"\" data-rl_caption=\"\" title=\"\"><img loading=\"lazy\" decoding=\"async\" loading=\"lazy\" class=\"alignnone size-large wp-image-12540\" src=\"https:\/\/www.cannabislandia.com\/blog\/wp-content\/uploads\/2016\/07\/GHF_BioBrochure_WEB_2017_ES-4-1024x727.jpg\" alt=\"\" width=\"1024\" height=\"727\" srcset=\"https:\/\/www.cannabislandia.com\/blog\/wp-content\/uploads\/2016\/07\/GHF_BioBrochure_WEB_2017_ES-4-1024x727.jpg 1024w, https:\/\/www.cannabislandia.com\/blog\/wp-content\/uploads\/2016\/07\/GHF_BioBrochure_WEB_2017_ES-4-300x213.jpg 300w, https:\/\/www.cannabislandia.com\/blog\/wp-content\/uploads\/2016\/07\/GHF_BioBrochure_WEB_2017_ES-4-768x545.jpg 768w, https:\/\/www.cannabislandia.com\/blog\/wp-content\/uploads\/2016\/07\/GHF_BioBrochure_WEB_2017_ES-4.jpg 1443w\" sizes=\"(max-width: 1024px) 100vw, 1024px\" \/><\/a><a href=\"https:\/\/www.cannabislandia.com\/blog\/wp-content\/uploads\/2016\/07\/GHF_BioBrochure_WEB_2017_ES-6.jpg\" data-rel=\"lightbox-image-5\" data-rl_title=\"\" data-rl_caption=\"\" title=\"\"><img loading=\"lazy\" decoding=\"async\" loading=\"lazy\" class=\"alignnone size-large wp-image-12542\" src=\"https:\/\/www.cannabislandia.com\/blog\/wp-content\/uploads\/2016\/07\/GHF_BioBrochure_WEB_2017_ES-6-1024x727.jpg\" alt=\"\" width=\"1024\" height=\"727\" srcset=\"https:\/\/www.cannabislandia.com\/blog\/wp-content\/uploads\/2016\/07\/GHF_BioBrochure_WEB_2017_ES-6-1024x727.jpg 1024w, https:\/\/www.cannabislandia.com\/blog\/wp-content\/uploads\/2016\/07\/GHF_BioBrochure_WEB_2017_ES-6-300x213.jpg 300w, https:\/\/www.cannabislandia.com\/blog\/wp-content\/uploads\/2016\/07\/GHF_BioBrochure_WEB_2017_ES-6-768x545.jpg 768w, https:\/\/www.cannabislandia.com\/blog\/wp-content\/uploads\/2016\/07\/GHF_BioBrochure_WEB_2017_ES-6.jpg 1443w\" sizes=\"(max-width: 1024px) 100vw, 1024px\" \/><\/a><\/p>\n<p>Los fertilizantes Powder Feeding han sido desarrollados por Greenhouse, uno de los bancos de semillas m\u00e1s famosos de Holanda y de todo el mundo. Destacan por ser abonos s\u00f3lidos y que simplifican el cultivo. A diferencia de otros fabricantes, han optado por minimizar el n\u00famero de productos a usar. Adem\u00e1s nos ofrecen una l\u00ednea mineral y una l\u00ednea bio para que el cultivador escoja lo que m\u00e1s le convenga.<\/p>\n<h2>L\u00cdNEA MINERAL POWDER FEEDING<\/h2>\n<p>Se compone de cuatro \u00fanicos productos y tres variables diferentes. Como abono de crecimiento tenemos <a href=\"https:\/\/www.cannabislandia.com\/es\/powder-feeding\/grow-3503.html\"><strong>Grow<\/strong><\/a>. Cuenta con cantidades espec\u00edficas de NPK de 26-6-12 a base de sales minerales de gran calidad, adem\u00e1s de micronutrientes. Est\u00e1 libre de calcio, por lo que se recomienda combinar con <a href=\"https:\/\/www.cannabislandia.com\/es\/powder-feeding\/calcium-5274.html\"><strong>Powder Feeding Calcium<\/strong><\/a> cuando se parte de aguas blandas o muy blandas.<\/p>\n<p>Como abono de floraci\u00f3n nos encontramos con tres opciones diferentes seg\u00fan el per\u00edodo de floraci\u00f3n de la planta. <a href=\"https:\/\/www.cannabislandia.com\/es\/powder-feeding\/short-flowering-3501.html\"><strong>Short Flowering<\/strong><\/a> se usar\u00eda para variedades de floraci\u00f3n corta y autoflorecientes. <a href=\"https:\/\/www.cannabislandia.com\/es\/powder-feeding\/hybrids-3500.html\"><strong>Hybrids<\/strong> <\/a>se usar\u00eda para variedades de floraci\u00f3n media, sobre las 8-10 semanas. Y <a href=\"https:\/\/www.cannabislandia.com\/es\/powder-feeding\/long-flowering-3502.html\"><strong>Long Flowering<\/strong><\/a> para plantas de floraci\u00f3n larga como las sativas, que superan las 10 semanas.<\/p>\n<p><a href=\"https:\/\/www.cannabislandia.com\/es\/powder-feeding\/booster-pk-8892.html\"><strong>Booster PK<\/strong><\/a> por su parte es el potenciador de floraci\u00f3n de la l\u00ednea mineral de Powder Feeding. Tiene un PK de 30-27, adem\u00e1s de un 8% de magnesio que favorecer\u00e1 la asimilaci\u00f3n de estos dos nutrientes que har\u00e1n que los cogollos engorden y resinen m\u00e1s.<\/p>\n<h2>L\u00cdNEA BIO POWDER FEEDING<\/h2>\n<p>Esta l\u00ednea se compone de tres \u00fanicos productos, elaborados partiendo de materias org\u00e1nicas y minerales naturales. Adem\u00e1s contienen hongos y bacterias beneficiosas que mejorar\u00e1n la calidad del suelo. Se deben usar mezclados con el sustrato, sea en su preparaci\u00f3n para la siembra y trasplantes, o de cobertura mezclado con la capa superficial.<\/p>\n<p>Es com\u00fan que tras su uso, la capa superficial del sustrato presente un hongo blanquecino cubri\u00e9ndolo. No es preocupante, ya que el micelio de los hongos beneficiosos que mejora la vida microbiana del sustrato. No debemos quitarlo ya que unos d\u00edas desaparecer\u00e1 por s\u00ed mismo.<\/p>\n<p>Bio Grow y Bio Bloom son los abonos de crecimiento y floraci\u00f3n respectivamente. Generalmente <a href=\"https:\/\/www.cannabislandia.com\/es\/powder-feeding\/bio-grow-9084.html\"><strong>Bio Grow<\/strong><\/a> basta con usarlo s\u00f3lo en los trasplantes. <a href=\"https:\/\/www.cannabislandia.com\/es\/powder-feeding\/bio-bloom-9085.html\"><strong>Bio Bloom<\/strong><\/a> por su parte, dependiendo del per\u00edodo de floraci\u00f3n de la planta lo usaremos una \u00fanica vez, o dos para las variedades de floraci\u00f3n superior a las 10 semanas.<\/p>\n<p>Completa esta l\u00ednea <a href=\"https:\/\/www.cannabislandia.com\/es\/powder-feeding\/enhancer-9086.html\"><strong>Enharcer<\/strong><\/a>, un aditivo que contiene \u00e1cidos h\u00famicos, extractos de algas, trichodermas y Bacillus subtilis. Su funci\u00f3n es la de estimula el desarrollo de ra\u00edces y microorganismos, ayudar a reducir la acumulaci\u00f3n de sales en el sustrato, mejorar la asimilaci\u00f3n de nutrientes o incrementar la capacidad de retenci\u00f3n de agua en el suelo, entre otros.<\/p>\n<p>&nbsp;<\/p>\n<p style=\"text-align: right;\"><em>Actualizado el 13\/06\/2019.<\/em><\/p>\n<hr \/>\n<p style=\"text-align: center;\"><a href=\"https:\/\/www.cannabislandia.com\/es\/powder-feeding_259\">Ir al cat\u00e1logo de productos de <strong>Powder Feeding<\/strong><\/a><\/p>\n<p style=\"text-align: center;\"><a href=\"https:\/\/www.cannabislandia.com\/blog\/tablas-de-cultivo\/\">Ir al men\u00fa de tablas de cultivo<\/a><\/p>\n","protected":false},"excerpt":{"rendered":"<p>TABLAS DE CULTIVO DE POWDER FEEDING MINERAL B\u00c1SICA CON PK BOOSTER PROFESIONAL TABLAS DE CULTIVO DE POWDER FEEDING BIO Los fertilizantes Powder Feeding han sido desarrollados por Greenhouse, uno de los bancos de semillas m\u00e1s famosos de Holanda y de&#46;&#46;&#46;<\/p>\n","protected":false},"author":4,"featured_media":4366,"parent":998,"menu_order":0,"comment_status":"closed","ping_status":"closed","template":"","meta":[],"yoast_head":"<!-- This site is optimized with the Yoast SEO Premium plugin v19.7 (Yoast SEO v19.14) - https:\/\/yoast.com\/wordpress\/plugins\/seo\/ -->\n<title>Tablas de cultivo de Powder Feeding - Cannabislandia<\/title>\n<meta name=\"description\" content=\"Aqu\u00ed te puedes descargar las tablas de cultivo de los fertilizantes Powder Feeding para plantas de marihuana. \u00bfA qu\u00e9 esperas?\" \/>\n<meta name=\"robots\" content=\"index, follow, max-snippet:-1, max-image-preview:large, max-video-preview:-1\" \/>\n<link rel=\"canonical\" href=\"https:\/\/www.cannabislandia.com\/blog\/tablas-de-cultivo\/powder-feeding\/\" \/>\n<meta property=\"og:locale\" content=\"es_ES\" \/>\n<meta property=\"og:type\" content=\"article\" \/>\n<meta property=\"og:title\" content=\"Tablas de cultivo de Powder Feeding\" \/>\n<meta property=\"og:description\" content=\"Aqu\u00ed te puedes descargar las tablas de cultivo de los fertilizantes Powder Feeding para plantas de marihuana. \u00bfA qu\u00e9 esperas?\" \/>\n<meta property=\"og:url\" content=\"https:\/\/www.cannabislandia.com\/blog\/tablas-de-cultivo\/powder-feeding\/\" \/>\n<meta property=\"og:site_name\" content=\"Cannabislandia\" \/>\n<meta property=\"article:publisher\" content=\"https:\/\/www.facebook.com\/people\/Cannabislandia\/100064696326447\/\" \/>\n<meta property=\"article:modified_time\" content=\"2019-06-13T08:42:25+00:00\" \/>\n<meta property=\"og:image\" content=\"https:\/\/www.cannabislandia.com\/blog\/wp-content\/uploads\/2016\/07\/powder-feeding-portada.jpg\" \/>\n\t<meta property=\"og:image:width\" content=\"600\" \/>\n\t<meta property=\"og:image:height\" content=\"400\" \/>\n\t<meta property=\"og:image:type\" content=\"image\/jpeg\" \/>\n<meta name=\"twitter:card\" content=\"summary_large_image\" \/>\n<meta name=\"twitter:site\" content=\"@cannabislandia\" \/>\n<meta name=\"twitter:label1\" content=\"Tiempo de lectura\" \/>\n\t<meta name=\"twitter:data1\" content=\"3 minutos\" \/>\n<script type=\"application\/ld+json\" class=\"yoast-schema-graph\">{\"@context\":\"https:\/\/schema.org\",\"@graph\":[{\"@type\":\"WebPage\",\"@id\":\"https:\/\/www.cannabislandia.com\/blog\/tablas-de-cultivo\/powder-feeding\/\",\"url\":\"https:\/\/www.cannabislandia.com\/blog\/tablas-de-cultivo\/powder-feeding\/\",\"name\":\"Tablas de cultivo de Powder Feeding - Cannabislandia\",\"isPartOf\":{\"@id\":\"https:\/\/www.cannabislandia.com\/blog\/#website\"},\"datePublished\":\"2016-07-06T09:13:38+00:00\",\"dateModified\":\"2019-06-13T08:42:25+00:00\",\"description\":\"Aqu\u00ed te puedes descargar las tablas de cultivo de los fertilizantes Powder Feeding para plantas de marihuana. \u00bfA qu\u00e9 esperas?\",\"breadcrumb\":{\"@id\":\"https:\/\/www.cannabislandia.com\/blog\/tablas-de-cultivo\/powder-feeding\/#breadcrumb\"},\"inLanguage\":\"es\",\"potentialAction\":[{\"@type\":\"ReadAction\",\"target\":[\"https:\/\/www.cannabislandia.com\/blog\/tablas-de-cultivo\/powder-feeding\/\"]}]},{\"@type\":\"BreadcrumbList\",\"@id\":\"https:\/\/www.cannabislandia.com\/blog\/tablas-de-cultivo\/powder-feeding\/#breadcrumb\",\"itemListElement\":[{\"@type\":\"ListItem\",\"position\":1,\"name\":\"Inicio\",\"item\":\"https:\/\/www.cannabislandia.com\/blog\/\"},{\"@type\":\"ListItem\",\"position\":2,\"name\":\"Tablas de cultivo y abonado\",\"item\":\"https:\/\/www.cannabislandia.com\/blog\/tablas-de-cultivo\/\"},{\"@type\":\"ListItem\",\"position\":3,\"name\":\"Tablas de cultivo de Powder Feeding\"}]},{\"@type\":\"WebSite\",\"@id\":\"https:\/\/www.cannabislandia.com\/blog\/#website\",\"url\":\"https:\/\/www.cannabislandia.com\/blog\/\",\"name\":\"Cannabislandia\",\"description\":\"Blog cann\u00e1bico donde encontrar\u00e1s las \u00faltimas noticias, novedades, gu\u00edas, recetas, promociones, curiosidades y todo lo relacionado con la marihuana\",\"publisher\":{\"@id\":\"https:\/\/www.cannabislandia.com\/blog\/#organization\"},\"potentialAction\":[{\"@type\":\"SearchAction\",\"target\":{\"@type\":\"EntryPoint\",\"urlTemplate\":\"https:\/\/www.cannabislandia.com\/blog\/?s={search_term_string}\"},\"query-input\":\"required name=search_term_string\"}],\"inLanguage\":\"es\"},{\"@type\":\"Organization\",\"@id\":\"https:\/\/www.cannabislandia.com\/blog\/#organization\",\"name\":\"Cannabislandia\",\"url\":\"https:\/\/www.cannabislandia.com\/blog\/\",\"logo\":{\"@type\":\"ImageObject\",\"inLanguage\":\"es\",\"@id\":\"https:\/\/www.cannabislandia.com\/blog\/#\/schema\/logo\/image\/\",\"url\":\"https:\/\/www.cannabislandia.com\/blog\/wp-content\/uploads\/2015\/12\/logo.jpg\",\"contentUrl\":\"https:\/\/www.cannabislandia.com\/blog\/wp-content\/uploads\/2015\/12\/logo.jpg\",\"width\":145,\"height\":145,\"caption\":\"Cannabislandia\"},\"image\":{\"@id\":\"https:\/\/www.cannabislandia.com\/blog\/#\/schema\/logo\/image\/\"},\"sameAs\":[\"https:\/\/www.instagram.com\/cannabislandia_grow\/\",\"https:\/\/www.facebook.com\/people\/Cannabislandia\/100064696326447\/\",\"https:\/\/twitter.com\/cannabislandia\"]}]}<\/script>\n<!-- \/ Yoast SEO Premium plugin. -->","yoast_head_json":{"title":"Tablas de cultivo de Powder Feeding - Cannabislandia","description":"Aqu\u00ed te puedes descargar las tablas de cultivo de los fertilizantes Powder Feeding para plantas de marihuana. \u00bfA qu\u00e9 esperas?","robots":{"index":"index","follow":"follow","max-snippet":"max-snippet:-1","max-image-preview":"max-image-preview:large","max-video-preview":"max-video-preview:-1"},"canonical":"https:\/\/www.cannabislandia.com\/blog\/tablas-de-cultivo\/powder-feeding\/","og_locale":"es_ES","og_type":"article","og_title":"Tablas de cultivo de Powder Feeding","og_description":"Aqu\u00ed te puedes descargar las tablas de cultivo de los fertilizantes Powder Feeding para plantas de marihuana. \u00bfA qu\u00e9 esperas?","og_url":"https:\/\/www.cannabislandia.com\/blog\/tablas-de-cultivo\/powder-feeding\/","og_site_name":"Cannabislandia","article_publisher":"https:\/\/www.facebook.com\/people\/Cannabislandia\/100064696326447\/","article_modified_time":"2019-06-13T08:42:25+00:00","og_image":[{"width":600,"height":400,"url":"https:\/\/www.cannabislandia.com\/blog\/wp-content\/uploads\/2016\/07\/powder-feeding-portada.jpg","type":"image\/jpeg"}],"twitter_card":"summary_large_image","twitter_site":"@cannabislandia","twitter_misc":{"Tiempo de lectura":"3 minutos"},"schema":{"@context":"https:\/\/schema.org","@graph":[{"@type":"WebPage","@id":"https:\/\/www.cannabislandia.com\/blog\/tablas-de-cultivo\/powder-feeding\/","url":"https:\/\/www.cannabislandia.com\/blog\/tablas-de-cultivo\/powder-feeding\/","name":"Tablas de cultivo de Powder Feeding - Cannabislandia","isPartOf":{"@id":"https:\/\/www.cannabislandia.com\/blog\/#website"},"datePublished":"2016-07-06T09:13:38+00:00","dateModified":"2019-06-13T08:42:25+00:00","description":"Aqu\u00ed te puedes descargar las tablas de cultivo de los fertilizantes Powder Feeding para plantas de marihuana. \u00bfA qu\u00e9 esperas?","breadcrumb":{"@id":"https:\/\/www.cannabislandia.com\/blog\/tablas-de-cultivo\/powder-feeding\/#breadcrumb"},"inLanguage":"es","potentialAction":[{"@type":"ReadAction","target":["https:\/\/www.cannabislandia.com\/blog\/tablas-de-cultivo\/powder-feeding\/"]}]},{"@type":"BreadcrumbList","@id":"https:\/\/www.cannabislandia.com\/blog\/tablas-de-cultivo\/powder-feeding\/#breadcrumb","itemListElement":[{"@type":"ListItem","position":1,"name":"Inicio","item":"https:\/\/www.cannabislandia.com\/blog\/"},{"@type":"ListItem","position":2,"name":"Tablas de cultivo y abonado","item":"https:\/\/www.cannabislandia.com\/blog\/tablas-de-cultivo\/"},{"@type":"ListItem","position":3,"name":"Tablas de cultivo de Powder Feeding"}]},{"@type":"WebSite","@id":"https:\/\/www.cannabislandia.com\/blog\/#website","url":"https:\/\/www.cannabislandia.com\/blog\/","name":"Cannabislandia","description":"Blog cann\u00e1bico donde encontrar\u00e1s las \u00faltimas noticias, novedades, gu\u00edas, recetas, promociones, curiosidades y todo lo relacionado con la marihuana","publisher":{"@id":"https:\/\/www.cannabislandia.com\/blog\/#organization"},"potentialAction":[{"@type":"SearchAction","target":{"@type":"EntryPoint","urlTemplate":"https:\/\/www.cannabislandia.com\/blog\/?s={search_term_string}"},"query-input":"required name=search_term_string"}],"inLanguage":"es"},{"@type":"Organization","@id":"https:\/\/www.cannabislandia.com\/blog\/#organization","name":"Cannabislandia","url":"https:\/\/www.cannabislandia.com\/blog\/","logo":{"@type":"ImageObject","inLanguage":"es","@id":"https:\/\/www.cannabislandia.com\/blog\/#\/schema\/logo\/image\/","url":"https:\/\/www.cannabislandia.com\/blog\/wp-content\/uploads\/2015\/12\/logo.jpg","contentUrl":"https:\/\/www.cannabislandia.com\/blog\/wp-content\/uploads\/2015\/12\/logo.jpg","width":145,"height":145,"caption":"Cannabislandia"},"image":{"@id":"https:\/\/www.cannabislandia.com\/blog\/#\/schema\/logo\/image\/"},"sameAs":["https:\/\/www.instagram.com\/cannabislandia_grow\/","https:\/\/www.facebook.com\/people\/Cannabislandia\/100064696326447\/","https:\/\/twitter.com\/cannabislandia"]}]}},"_links":{"self":[{"href":"https:\/\/www.cannabislandia.com\/blog\/wp-json\/wp\/v2\/pages\/4368"}],"collection":[{"href":"https:\/\/www.cannabislandia.com\/blog\/wp-json\/wp\/v2\/pages"}],"about":[{"href":"https:\/\/www.cannabislandia.com\/blog\/wp-json\/wp\/v2\/types\/page"}],"author":[{"embeddable":true,"href":"https:\/\/www.cannabislandia.com\/blog\/wp-json\/wp\/v2\/users\/4"}],"replies":[{"embeddable":true,"href":"https:\/\/www.cannabislandia.com\/blog\/wp-json\/wp\/v2\/comments?post=4368"}],"version-history":[{"count":6,"href":"https:\/\/www.cannabislandia.com\/blog\/wp-json\/wp\/v2\/pages\/4368\/revisions"}],"predecessor-version":[{"id":12546,"href":"https:\/\/www.cannabislandia.com\/blog\/wp-json\/wp\/v2\/pages\/4368\/revisions\/12546"}],"up":[{"embeddable":true,"href":"https:\/\/www.cannabislandia.com\/blog\/wp-json\/wp\/v2\/pages\/998"}],"wp:featuredmedia":[{"embeddable":true,"href":"https:\/\/www.cannabislandia.com\/blog\/wp-json\/wp\/v2\/media\/4366"}],"wp:attachment":[{"href":"https:\/\/www.cannabislandia.com\/blog\/wp-json\/wp\/v2\/media?parent=4368"}],"curies":[{"name":"wp","href":"https:\/\/api.w.org\/{rel}","templated":true}]}}