{"id":4326,"date":"2016-07-05T11:11:36","date_gmt":"2016-07-05T09:11:36","guid":{"rendered":"https:\/\/www.cannabislandia.com\/blog\/?page_id=4326"},"modified":"2019-06-13T09:04:08","modified_gmt":"2019-06-13T07:04:08","slug":"miner","status":"publish","type":"page","link":"https:\/\/www.cannabislandia.com\/blog\/tablas-de-cultivo\/miner\/","title":{"rendered":"Tablas de cultivo de Miner"},"content":{"rendered":"<h2>Tablas de cultivo de Miner<\/h2>\n<p><a href=\"https:\/\/www.cannabislandia.com\/blog\/wp-content\/uploads\/2016\/07\/miner-tablas-de-cultivo.jpg\" data-rel=\"lightbox-image-0\" data-rl_title=\"\" data-rl_caption=\"\" title=\"\"><img loading=\"lazy\" decoding=\"async\" loading=\"lazy\" class=\"aligncenter wp-image-4327\" src=\"https:\/\/www.cannabislandia.com\/blog\/wp-content\/uploads\/2016\/07\/miner-tablas-de-cultivo-300x229.jpg\" alt=\"miner-tablas-de-cultivo\" width=\"800\" height=\"610\" srcset=\"https:\/\/www.cannabislandia.com\/blog\/wp-content\/uploads\/2016\/07\/miner-tablas-de-cultivo-300x229.jpg 300w, https:\/\/www.cannabislandia.com\/blog\/wp-content\/uploads\/2016\/07\/miner-tablas-de-cultivo-768x586.jpg 768w, https:\/\/www.cannabislandia.com\/blog\/wp-content\/uploads\/2016\/07\/miner-tablas-de-cultivo-1024x781.jpg 1024w, https:\/\/www.cannabislandia.com\/blog\/wp-content\/uploads\/2016\/07\/miner-tablas-de-cultivo.jpg 1343w\" sizes=\"(max-width: 800px) 100vw, 800px\" \/><\/a><\/p>\n<p><a href=\"https:\/\/www.cannabislandia.com\/es\/miner_279\"><strong>Miner<\/strong> <\/a>es un fabricante de fertilizantes y aditivos para el cultivo de marihuana fundado en el a\u00f1o 2012 en la Comunidad Valenciana, aunque siguiendo para su desarrollo la tradici\u00f3n holandesa. Si por algo se caracterizan los abonos Miner es por su calidad, precio y resultados.<\/p>\n<p>Para ello usan ingredientes minerales, los que garantizan una m\u00e1xima disponibilidad de todos los nutrientes en cada fase de la planta. \u00c9sto hace posible que las m\u00e1ximas producci\u00f3n sean muy de conseguir. Y todo con una facilidad de uso har\u00e1 del cultivo de marihuana sea casi un tr\u00e1mite.<\/p>\n<h2>NUTRIENTES BASE MINER<\/h2>\n<p>Los nutrientes base como su nombre indica, suponen los nutrientes que la planta necesita para el crecimiento y floraci\u00f3n. <a href=\"https:\/\/www.cannabislandia.com\/es\/miner\/grow-dynamite-5551.html\"><strong>Grow Dinamite<\/strong><\/a> es el abono de crecimiento. Contiene nitr\u00f3geno, f\u00f3sforo, potasio, magnesio, calcio, boro, zinc, cobalto, cobre, hierro y molibdeno en forma de complejos ligados, adem\u00e1s incluye vitaminas B1, B2, B3 y amino\u00e1cidos. Por su parte <a href=\"https:\/\/www.cannabislandia.com\/es\/miner\/bloom-blaster-5549.html\"><strong>Bloom Baster<\/strong><\/a> se emplea en floraci\u00f3n y a mayores incluye carbohidratos que favorece la formaci\u00f3n de cogollos.<\/p>\n<h2>POTENCIADORES MINER<\/h2>\n<p>En determinadas fases del cultivo, conviene reforzar la nutrici\u00f3n de la planta. <a href=\"https:\/\/www.cannabislandia.com\/es\/miner\/roots-5555.html\"><strong>Roots<\/strong> <\/a>est\u00e1 concebido para un desarrollo acelerado de las ra\u00edces en las primeras fases de cultivo y tras los trasplantes. <strong><a href=\"https:\/\/www.cannabislandia.com\/es\/miner\/vegemax-5559.html\">Vegemax <\/a><\/strong>favorece los procesos biol\u00f3gicos para un r\u00e1pido crecimiento, ya que estimula los procesos de divisi\u00f3n de la c\u00e9lula, mejora la actividad enzim\u00e1tica y aumenta el contenido de la clorofila promoviendo la fotos\u00edntesis. <a href=\"https:\/\/www.cannabislandia.com\/es\/miner\/pk-boost-5553.html\"><strong>PK Boost<\/strong><\/a> es un estimulador de floraci\u00f3n con f\u00f3sforo y potasio, los dos nutrientes que m\u00e1s demanda la planta para la formaci\u00f3n de los cogollos. Y <a href=\"https:\/\/www.cannabislandia.com\/es\/miner\/bloomax-5558.html\"><strong>Bloomax<\/strong> <\/a>contiene extractos vegetales, vitaminas y amino\u00e1cidos que ayudan a aumentar el tama\u00f1o de los cogollos.<\/p>\n<h2>OTROS ADITIVOS DE MINER<\/h2>\n<p>Para terminar, Miner ha desarrollado una serie de aditivos que en determinadas circunstancias ser\u00e1n de gran ayuda, como es el caso de los mononutrientes <a href=\"https:\/\/www.cannabislandia.com\/es\/miner\/calcio-5556.html\"><strong>Calcio<\/strong> <\/a>y <a href=\"https:\/\/www.cannabislandia.com\/es\/miner\/magnesio-5557.html\"><strong>Magnesio<\/strong><\/a>. Son especialmente \u00fatiles cuando se cultiva con aguas de riego blandas, donde estos dos nutrientes escasean y suelen ser muy comunes sus carencias.<\/p>\n<p>Las <strong>soluciones de lavado<\/strong> de Miner mejorar\u00e1n el sabor de la cosecha. Elimina eficazmente el exceso de sales t\u00edpico tras el uso continuado de abonos, sustituyendo al cl\u00e1sico lavado de ra\u00edces. Adem\u00e1s est\u00e1 disponible en varios sabores, que dar\u00e1n un toque diferente a los cogollos.<\/p>\n<p>Y finalmente los <strong>reguladores de pH<\/strong>, tanto de crecimiento, como de floraci\u00f3n. Un pH inadecuado\u00a0afecta negativamente a la asimilaci\u00f3n de nutrientes. Tanto que la planta puede llegar a no alimentarse. Regular el pH es IMPRESCINDIBLE.<\/p>\n<p>&nbsp;<\/p>\n<p style=\"text-align: right;\"><em>Actualizado el 05\/07\/2016.<\/em><\/p>\n<hr \/>\n<p style=\"text-align: center;\"><a href=\"https:\/\/www.cannabislandia.com\/es\/miner_279\">Ir al cat\u00e1logo de productos de <strong>Miner<\/strong><\/a><\/p>\n<p style=\"text-align: center;\"><a href=\"https:\/\/www.cannabislandia.com\/blog\/tablas-de-cultivo\/\">Ir al men\u00fa de tablas de cultivo<\/a><\/p>\n","protected":false},"excerpt":{"rendered":"<p>Tablas de cultivo de Miner Miner es un fabricante de fertilizantes y aditivos para el cultivo de marihuana fundado en el a\u00f1o 2012 en la Comunidad Valenciana, aunque siguiendo para su desarrollo la tradici\u00f3n holandesa. Si por algo se caracterizan&#46;&#46;&#46;<\/p>\n","protected":false},"author":4,"featured_media":4324,"parent":998,"menu_order":0,"comment_status":"closed","ping_status":"closed","template":"","meta":[],"yoast_head":"<!-- This site is optimized with the Yoast SEO Premium plugin v19.7 (Yoast SEO v19.14) - https:\/\/yoast.com\/wordpress\/plugins\/seo\/ -->\n<title>Tablas de cultivo Miner | Cultivo de marihuana | Descargar<\/title>\n<meta name=\"description\" content=\"En Cannabislandia te puedes descargar las tablas de cultivo Miner para el cultivo de marihuana. Te ayudar\u00e1n a conseguir mejores rendimiento. \u00bfA qu\u00e9 esperas?\" \/>\n<meta name=\"robots\" content=\"index, follow, max-snippet:-1, max-image-preview:large, max-video-preview:-1\" \/>\n<link rel=\"canonical\" href=\"https:\/\/www.cannabislandia.com\/blog\/tablas-de-cultivo\/miner\/\" \/>\n<meta property=\"og:locale\" content=\"es_ES\" \/>\n<meta property=\"og:type\" content=\"article\" \/>\n<meta property=\"og:title\" content=\"Tablas de cultivo de Miner\" \/>\n<meta property=\"og:description\" content=\"En Cannabislandia te puedes descargar las tablas de cultivo Miner para el cultivo de marihuana. Te ayudar\u00e1n a conseguir mejores rendimiento. \u00bfA qu\u00e9 esperas?\" \/>\n<meta property=\"og:url\" content=\"https:\/\/www.cannabislandia.com\/blog\/tablas-de-cultivo\/miner\/\" \/>\n<meta property=\"og:site_name\" content=\"Cannabislandia\" \/>\n<meta property=\"article:publisher\" content=\"https:\/\/www.facebook.com\/people\/Cannabislandia\/100064696326447\/\" \/>\n<meta property=\"article:modified_time\" content=\"2019-06-13T07:04:08+00:00\" \/>\n<meta property=\"og:image\" content=\"https:\/\/www.cannabislandia.com\/blog\/wp-content\/uploads\/2016\/07\/miner-portada.jpg\" \/>\n\t<meta property=\"og:image:width\" content=\"600\" \/>\n\t<meta property=\"og:image:height\" content=\"400\" \/>\n\t<meta property=\"og:image:type\" content=\"image\/jpeg\" \/>\n<meta name=\"twitter:card\" content=\"summary_large_image\" \/>\n<meta name=\"twitter:site\" content=\"@cannabislandia\" \/>\n<meta name=\"twitter:label1\" content=\"Tiempo de lectura\" \/>\n\t<meta name=\"twitter:data1\" content=\"2 minutos\" \/>\n<script type=\"application\/ld+json\" class=\"yoast-schema-graph\">{\"@context\":\"https:\/\/schema.org\",\"@graph\":[{\"@type\":\"WebPage\",\"@id\":\"https:\/\/www.cannabislandia.com\/blog\/tablas-de-cultivo\/miner\/\",\"url\":\"https:\/\/www.cannabislandia.com\/blog\/tablas-de-cultivo\/miner\/\",\"name\":\"Tablas de cultivo Miner | Cultivo de marihuana | Descargar\",\"isPartOf\":{\"@id\":\"https:\/\/www.cannabislandia.com\/blog\/#website\"},\"datePublished\":\"2016-07-05T09:11:36+00:00\",\"dateModified\":\"2019-06-13T07:04:08+00:00\",\"description\":\"En Cannabislandia te puedes descargar las tablas de cultivo Miner para el cultivo de marihuana. Te ayudar\u00e1n a conseguir mejores rendimiento. \u00bfA qu\u00e9 esperas?\",\"breadcrumb\":{\"@id\":\"https:\/\/www.cannabislandia.com\/blog\/tablas-de-cultivo\/miner\/#breadcrumb\"},\"inLanguage\":\"es\",\"potentialAction\":[{\"@type\":\"ReadAction\",\"target\":[\"https:\/\/www.cannabislandia.com\/blog\/tablas-de-cultivo\/miner\/\"]}]},{\"@type\":\"BreadcrumbList\",\"@id\":\"https:\/\/www.cannabislandia.com\/blog\/tablas-de-cultivo\/miner\/#breadcrumb\",\"itemListElement\":[{\"@type\":\"ListItem\",\"position\":1,\"name\":\"Inicio\",\"item\":\"https:\/\/www.cannabislandia.com\/blog\/\"},{\"@type\":\"ListItem\",\"position\":2,\"name\":\"Tablas de cultivo y abonado\",\"item\":\"https:\/\/www.cannabislandia.com\/blog\/tablas-de-cultivo\/\"},{\"@type\":\"ListItem\",\"position\":3,\"name\":\"Tablas de cultivo de Miner\"}]},{\"@type\":\"WebSite\",\"@id\":\"https:\/\/www.cannabislandia.com\/blog\/#website\",\"url\":\"https:\/\/www.cannabislandia.com\/blog\/\",\"name\":\"Cannabislandia\",\"description\":\"Blog cann\u00e1bico donde encontrar\u00e1s las \u00faltimas noticias, novedades, gu\u00edas, recetas, promociones, curiosidades y todo lo relacionado con la marihuana\",\"publisher\":{\"@id\":\"https:\/\/www.cannabislandia.com\/blog\/#organization\"},\"potentialAction\":[{\"@type\":\"SearchAction\",\"target\":{\"@type\":\"EntryPoint\",\"urlTemplate\":\"https:\/\/www.cannabislandia.com\/blog\/?s={search_term_string}\"},\"query-input\":\"required name=search_term_string\"}],\"inLanguage\":\"es\"},{\"@type\":\"Organization\",\"@id\":\"https:\/\/www.cannabislandia.com\/blog\/#organization\",\"name\":\"Cannabislandia\",\"url\":\"https:\/\/www.cannabislandia.com\/blog\/\",\"logo\":{\"@type\":\"ImageObject\",\"inLanguage\":\"es\",\"@id\":\"https:\/\/www.cannabislandia.com\/blog\/#\/schema\/logo\/image\/\",\"url\":\"https:\/\/www.cannabislandia.com\/blog\/wp-content\/uploads\/2015\/12\/logo.jpg\",\"contentUrl\":\"https:\/\/www.cannabislandia.com\/blog\/wp-content\/uploads\/2015\/12\/logo.jpg\",\"width\":145,\"height\":145,\"caption\":\"Cannabislandia\"},\"image\":{\"@id\":\"https:\/\/www.cannabislandia.com\/blog\/#\/schema\/logo\/image\/\"},\"sameAs\":[\"https:\/\/www.instagram.com\/cannabislandia_grow\/\",\"https:\/\/www.facebook.com\/people\/Cannabislandia\/100064696326447\/\",\"https:\/\/twitter.com\/cannabislandia\"]}]}<\/script>\n<!-- \/ Yoast SEO Premium plugin. -->","yoast_head_json":{"title":"Tablas de cultivo Miner | Cultivo de marihuana | Descargar","description":"En Cannabislandia te puedes descargar las tablas de cultivo Miner para el cultivo de marihuana. Te ayudar\u00e1n a conseguir mejores rendimiento. \u00bfA qu\u00e9 esperas?","robots":{"index":"index","follow":"follow","max-snippet":"max-snippet:-1","max-image-preview":"max-image-preview:large","max-video-preview":"max-video-preview:-1"},"canonical":"https:\/\/www.cannabislandia.com\/blog\/tablas-de-cultivo\/miner\/","og_locale":"es_ES","og_type":"article","og_title":"Tablas de cultivo de Miner","og_description":"En Cannabislandia te puedes descargar las tablas de cultivo Miner para el cultivo de marihuana. Te ayudar\u00e1n a conseguir mejores rendimiento. \u00bfA qu\u00e9 esperas?","og_url":"https:\/\/www.cannabislandia.com\/blog\/tablas-de-cultivo\/miner\/","og_site_name":"Cannabislandia","article_publisher":"https:\/\/www.facebook.com\/people\/Cannabislandia\/100064696326447\/","article_modified_time":"2019-06-13T07:04:08+00:00","og_image":[{"width":600,"height":400,"url":"https:\/\/www.cannabislandia.com\/blog\/wp-content\/uploads\/2016\/07\/miner-portada.jpg","type":"image\/jpeg"}],"twitter_card":"summary_large_image","twitter_site":"@cannabislandia","twitter_misc":{"Tiempo de lectura":"2 minutos"},"schema":{"@context":"https:\/\/schema.org","@graph":[{"@type":"WebPage","@id":"https:\/\/www.cannabislandia.com\/blog\/tablas-de-cultivo\/miner\/","url":"https:\/\/www.cannabislandia.com\/blog\/tablas-de-cultivo\/miner\/","name":"Tablas de cultivo Miner | Cultivo de marihuana | Descargar","isPartOf":{"@id":"https:\/\/www.cannabislandia.com\/blog\/#website"},"datePublished":"2016-07-05T09:11:36+00:00","dateModified":"2019-06-13T07:04:08+00:00","description":"En Cannabislandia te puedes descargar las tablas de cultivo Miner para el cultivo de marihuana. Te ayudar\u00e1n a conseguir mejores rendimiento. \u00bfA qu\u00e9 esperas?","breadcrumb":{"@id":"https:\/\/www.cannabislandia.com\/blog\/tablas-de-cultivo\/miner\/#breadcrumb"},"inLanguage":"es","potentialAction":[{"@type":"ReadAction","target":["https:\/\/www.cannabislandia.com\/blog\/tablas-de-cultivo\/miner\/"]}]},{"@type":"BreadcrumbList","@id":"https:\/\/www.cannabislandia.com\/blog\/tablas-de-cultivo\/miner\/#breadcrumb","itemListElement":[{"@type":"ListItem","position":1,"name":"Inicio","item":"https:\/\/www.cannabislandia.com\/blog\/"},{"@type":"ListItem","position":2,"name":"Tablas de cultivo y abonado","item":"https:\/\/www.cannabislandia.com\/blog\/tablas-de-cultivo\/"},{"@type":"ListItem","position":3,"name":"Tablas de cultivo de Miner"}]},{"@type":"WebSite","@id":"https:\/\/www.cannabislandia.com\/blog\/#website","url":"https:\/\/www.cannabislandia.com\/blog\/","name":"Cannabislandia","description":"Blog cann\u00e1bico donde encontrar\u00e1s las \u00faltimas noticias, novedades, gu\u00edas, recetas, promociones, curiosidades y todo lo relacionado con la marihuana","publisher":{"@id":"https:\/\/www.cannabislandia.com\/blog\/#organization"},"potentialAction":[{"@type":"SearchAction","target":{"@type":"EntryPoint","urlTemplate":"https:\/\/www.cannabislandia.com\/blog\/?s={search_term_string}"},"query-input":"required name=search_term_string"}],"inLanguage":"es"},{"@type":"Organization","@id":"https:\/\/www.cannabislandia.com\/blog\/#organization","name":"Cannabislandia","url":"https:\/\/www.cannabislandia.com\/blog\/","logo":{"@type":"ImageObject","inLanguage":"es","@id":"https:\/\/www.cannabislandia.com\/blog\/#\/schema\/logo\/image\/","url":"https:\/\/www.cannabislandia.com\/blog\/wp-content\/uploads\/2015\/12\/logo.jpg","contentUrl":"https:\/\/www.cannabislandia.com\/blog\/wp-content\/uploads\/2015\/12\/logo.jpg","width":145,"height":145,"caption":"Cannabislandia"},"image":{"@id":"https:\/\/www.cannabislandia.com\/blog\/#\/schema\/logo\/image\/"},"sameAs":["https:\/\/www.instagram.com\/cannabislandia_grow\/","https:\/\/www.facebook.com\/people\/Cannabislandia\/100064696326447\/","https:\/\/twitter.com\/cannabislandia"]}]}},"_links":{"self":[{"href":"https:\/\/www.cannabislandia.com\/blog\/wp-json\/wp\/v2\/pages\/4326"}],"collection":[{"href":"https:\/\/www.cannabislandia.com\/blog\/wp-json\/wp\/v2\/pages"}],"about":[{"href":"https:\/\/www.cannabislandia.com\/blog\/wp-json\/wp\/v2\/types\/page"}],"author":[{"embeddable":true,"href":"https:\/\/www.cannabislandia.com\/blog\/wp-json\/wp\/v2\/users\/4"}],"replies":[{"embeddable":true,"href":"https:\/\/www.cannabislandia.com\/blog\/wp-json\/wp\/v2\/comments?post=4326"}],"version-history":[{"count":6,"href":"https:\/\/www.cannabislandia.com\/blog\/wp-json\/wp\/v2\/pages\/4326\/revisions"}],"predecessor-version":[{"id":12537,"href":"https:\/\/www.cannabislandia.com\/blog\/wp-json\/wp\/v2\/pages\/4326\/revisions\/12537"}],"up":[{"embeddable":true,"href":"https:\/\/www.cannabislandia.com\/blog\/wp-json\/wp\/v2\/pages\/998"}],"wp:featuredmedia":[{"embeddable":true,"href":"https:\/\/www.cannabislandia.com\/blog\/wp-json\/wp\/v2\/media\/4324"}],"wp:attachment":[{"href":"https:\/\/www.cannabislandia.com\/blog\/wp-json\/wp\/v2\/media?parent=4326"}],"curies":[{"name":"wp","href":"https:\/\/api.w.org\/{rel}","templated":true}]}}