{"id":4048,"date":"2016-06-30T15:28:44","date_gmt":"2016-06-30T13:28:44","guid":{"rendered":"https:\/\/www.cannabislandia.com\/blog\/?page_id=4048"},"modified":"2019-03-25T11:44:31","modified_gmt":"2019-03-25T10:44:31","slug":"guanokalong","status":"publish","type":"page","link":"https:\/\/www.cannabislandia.com\/blog\/tablas-de-cultivo\/guanokalong\/","title":{"rendered":"Tablas de cultivo de Guanokalong"},"content":{"rendered":"<h2>Tablas de cultivo Guanokalong<\/h2>\n<p><a href=\"https:\/\/www.cannabislandia.com\/blog\/wp-content\/uploads\/2016\/06\/tablas-de-cultivo-guanokalong.png\" data-rel=\"lightbox-image-0\" data-rl_title=\"\" data-rl_caption=\"\" title=\"\"><img loading=\"lazy\" decoding=\"async\" loading=\"lazy\" class=\"alignnone size-large wp-image-12205\" src=\"https:\/\/www.cannabislandia.com\/blog\/wp-content\/uploads\/2016\/06\/tablas-de-cultivo-guanokalong-1024x728.png\" alt=\"\" width=\"1024\" height=\"728\" srcset=\"https:\/\/www.cannabislandia.com\/blog\/wp-content\/uploads\/2016\/06\/tablas-de-cultivo-guanokalong-1024x728.png 1024w, https:\/\/www.cannabislandia.com\/blog\/wp-content\/uploads\/2016\/06\/tablas-de-cultivo-guanokalong-300x213.png 300w, https:\/\/www.cannabislandia.com\/blog\/wp-content\/uploads\/2016\/06\/tablas-de-cultivo-guanokalong-768x546.png 768w, https:\/\/www.cannabislandia.com\/blog\/wp-content\/uploads\/2016\/06\/tablas-de-cultivo-guanokalong.png 1214w\" sizes=\"(max-width: 1024px) 100vw, 1024px\" \/><\/a><\/p>\n<p><a href=\"https:\/\/www.cannabislandia.com\/es\/guanokalong_88\"><strong>Guanokalong<\/strong> <\/a>es uno de los fabricantes de abonos org\u00e1nicos para el cultivo de marihuana m\u00e1s reconocidos. Fundado en Holanda en el a\u00f1o 2002, lleva ofreciendo fertilizantes elaborados con materias primas de primera calidad. Todo aquel cultivador que busque la alimentaci\u00f3n m\u00e1s natural para sus plantas, lo encontrar\u00e1 en Guanokalong. Desde guano de murci\u00e9lago en polvo o l\u00edquido, importado de cuevas de Indonesia, hasta harinas de pescado, humus de lombriz, semillas de algod\u00f3n, rocas volc\u00e1nicas o cenizas de palmera entre otros.<\/p>\n<p>Con las tablas de cultivo que te puedes descargar en Cannabislandia, te ser\u00e1 muy sencillo elaborar un plan de cultivo a tu gusto. Desde un programa de cultivo b\u00e1sico, al nivel experto. Siempre garantizando el gran sabor y aromas t\u00edpicos de este tipo de abonos org\u00e1nicos.<\/p>\n<h3>PROGRAMA DE CULTIVO B\u00c1SICO<\/h3>\n<p>Para el cultivador que busque la m\u00e1xima sencillez, simplemente con <strong>Guano Powder, Fish Powder y Palm Tree Ash<\/strong> se garantizar\u00e1 unas cosechas de campeonato. Son fertilizantes s\u00f3lidos ideales para usar en la mezcla del sustrato en el momento de la siembra o los trasplantes. Tambi\u00e9n se pueden a\u00f1adir en la superficie del sustrato y los riegos se encargar\u00e1n del resto.<\/p>\n<h3>PROGRAMA DE CULTIVO PROFESIONAL<\/h3>\n<p>Se compone de <strong>Kalong Grow y Kalong Bloom<\/strong> como abonos de crecimiento y floraci\u00f3n respectivamente. Se trata de guano de muerci\u00e9lago l\u00edquido, un formato que garantiza una disponibilidad inmediata de los nutrientes. El suplemento <strong>BatBoost<\/strong> se usa conjuntamente con ambos durante todo el cultivo.<\/p>\n<h3>PROGRAMA DE CULTIVO EXPERTO<\/h3>\n<p>Consta de los suplementos <strong>Sea Powder y Bat Boost<\/strong>, dos aditivos que combinan a la perfecci\u00f3n con el programa de cultivo b\u00e1sico. Sea Powder es s\u00f3lido, por lo que se puede mezclar en el sustrato. BatBoost es l\u00edquido y se a\u00f1ade en el agua de riego durante las fases de crecimiento y floraci\u00f3n.<\/p>\n<p>&nbsp;<\/p>\n<p style=\"text-align: right;\"><em>Actualizado el 25\/03\/19.<\/em><\/p>\n<hr \/>\n<p style=\"text-align: center;\"><a href=\"https:\/\/www.cannabislandia.com\/es\/guanokalong_88\">Ir al cat\u00e1logo de productos de <strong>Guanokalong<\/strong><\/a><\/p>\n<p style=\"text-align: center;\"><a href=\"https:\/\/www.cannabislandia.com\/blog\/tablas-de-cultivo\/\">Ir al \u00edndice\u00a0de\u00a0tablas de cultivo<\/a><\/p>\n","protected":false},"excerpt":{"rendered":"<p>Tablas de cultivo Guanokalong Guanokalong es uno de los fabricantes de abonos org\u00e1nicos para el cultivo de marihuana m\u00e1s reconocidos. Fundado en Holanda en el a\u00f1o 2002, lleva ofreciendo fertilizantes elaborados con materias primas de primera calidad. Todo aquel cultivador&#46;&#46;&#46;<\/p>\n","protected":false},"author":4,"featured_media":4058,"parent":998,"menu_order":0,"comment_status":"closed","ping_status":"closed","template":"","meta":[],"yoast_head":"<!-- This site is optimized with the Yoast SEO Premium plugin v19.7 (Yoast SEO v19.14) - https:\/\/yoast.com\/wordpress\/plugins\/seo\/ -->\n<title>Tablas de cultivo de Guanokalong | Descargar | Marihuana<\/title>\n<meta name=\"description\" content=\"Ahora en Cannabislandia te puedes descargar las tablas de cultivo de Guanokalong para plantas de marihuana en interior y exterior. \u00bfA qu\u00e9 est\u00e1s esperando?\" \/>\n<meta name=\"robots\" content=\"index, follow, max-snippet:-1, max-image-preview:large, max-video-preview:-1\" \/>\n<link rel=\"canonical\" href=\"https:\/\/www.cannabislandia.com\/blog\/tablas-de-cultivo\/guanokalong\/\" \/>\n<meta property=\"og:locale\" content=\"es_ES\" \/>\n<meta property=\"og:type\" content=\"article\" \/>\n<meta property=\"og:title\" content=\"Tablas de cultivo de Guanokalong\" \/>\n<meta property=\"og:description\" content=\"Ahora en Cannabislandia te puedes descargar las tablas de cultivo de Guanokalong para plantas de marihuana en interior y exterior. \u00bfA qu\u00e9 est\u00e1s esperando?\" \/>\n<meta property=\"og:url\" content=\"https:\/\/www.cannabislandia.com\/blog\/tablas-de-cultivo\/guanokalong\/\" \/>\n<meta property=\"og:site_name\" content=\"Cannabislandia\" \/>\n<meta property=\"article:publisher\" content=\"https:\/\/www.facebook.com\/people\/Cannabislandia\/100064696326447\/\" \/>\n<meta property=\"article:modified_time\" content=\"2019-03-25T10:44:31+00:00\" \/>\n<meta property=\"og:image\" content=\"https:\/\/www.cannabislandia.com\/blog\/wp-content\/uploads\/2016\/06\/guanokalong-portada.jpg\" \/>\n\t<meta property=\"og:image:width\" content=\"980\" \/>\n\t<meta property=\"og:image:height\" content=\"260\" \/>\n\t<meta property=\"og:image:type\" content=\"image\/jpeg\" \/>\n<meta name=\"twitter:card\" content=\"summary_large_image\" \/>\n<meta name=\"twitter:site\" content=\"@cannabislandia\" \/>\n<meta name=\"twitter:label1\" content=\"Tiempo de lectura\" \/>\n\t<meta name=\"twitter:data1\" content=\"2 minutos\" \/>\n<script type=\"application\/ld+json\" class=\"yoast-schema-graph\">{\"@context\":\"https:\/\/schema.org\",\"@graph\":[{\"@type\":\"WebPage\",\"@id\":\"https:\/\/www.cannabislandia.com\/blog\/tablas-de-cultivo\/guanokalong\/\",\"url\":\"https:\/\/www.cannabislandia.com\/blog\/tablas-de-cultivo\/guanokalong\/\",\"name\":\"Tablas de cultivo de Guanokalong | Descargar | Marihuana\",\"isPartOf\":{\"@id\":\"https:\/\/www.cannabislandia.com\/blog\/#website\"},\"datePublished\":\"2016-06-30T13:28:44+00:00\",\"dateModified\":\"2019-03-25T10:44:31+00:00\",\"description\":\"Ahora en Cannabislandia te puedes descargar las tablas de cultivo de Guanokalong para plantas de marihuana en interior y exterior. \u00bfA qu\u00e9 est\u00e1s esperando?\",\"breadcrumb\":{\"@id\":\"https:\/\/www.cannabislandia.com\/blog\/tablas-de-cultivo\/guanokalong\/#breadcrumb\"},\"inLanguage\":\"es\",\"potentialAction\":[{\"@type\":\"ReadAction\",\"target\":[\"https:\/\/www.cannabislandia.com\/blog\/tablas-de-cultivo\/guanokalong\/\"]}]},{\"@type\":\"BreadcrumbList\",\"@id\":\"https:\/\/www.cannabislandia.com\/blog\/tablas-de-cultivo\/guanokalong\/#breadcrumb\",\"itemListElement\":[{\"@type\":\"ListItem\",\"position\":1,\"name\":\"Inicio\",\"item\":\"https:\/\/www.cannabislandia.com\/blog\/\"},{\"@type\":\"ListItem\",\"position\":2,\"name\":\"Tablas de cultivo y abonado\",\"item\":\"https:\/\/www.cannabislandia.com\/blog\/tablas-de-cultivo\/\"},{\"@type\":\"ListItem\",\"position\":3,\"name\":\"Tablas de cultivo de Guanokalong\"}]},{\"@type\":\"WebSite\",\"@id\":\"https:\/\/www.cannabislandia.com\/blog\/#website\",\"url\":\"https:\/\/www.cannabislandia.com\/blog\/\",\"name\":\"Cannabislandia\",\"description\":\"Blog cann\u00e1bico donde encontrar\u00e1s las \u00faltimas noticias, novedades, gu\u00edas, recetas, promociones, curiosidades y todo lo relacionado con la marihuana\",\"publisher\":{\"@id\":\"https:\/\/www.cannabislandia.com\/blog\/#organization\"},\"potentialAction\":[{\"@type\":\"SearchAction\",\"target\":{\"@type\":\"EntryPoint\",\"urlTemplate\":\"https:\/\/www.cannabislandia.com\/blog\/?s={search_term_string}\"},\"query-input\":\"required name=search_term_string\"}],\"inLanguage\":\"es\"},{\"@type\":\"Organization\",\"@id\":\"https:\/\/www.cannabislandia.com\/blog\/#organization\",\"name\":\"Cannabislandia\",\"url\":\"https:\/\/www.cannabislandia.com\/blog\/\",\"logo\":{\"@type\":\"ImageObject\",\"inLanguage\":\"es\",\"@id\":\"https:\/\/www.cannabislandia.com\/blog\/#\/schema\/logo\/image\/\",\"url\":\"https:\/\/www.cannabislandia.com\/blog\/wp-content\/uploads\/2015\/12\/logo.jpg\",\"contentUrl\":\"https:\/\/www.cannabislandia.com\/blog\/wp-content\/uploads\/2015\/12\/logo.jpg\",\"width\":145,\"height\":145,\"caption\":\"Cannabislandia\"},\"image\":{\"@id\":\"https:\/\/www.cannabislandia.com\/blog\/#\/schema\/logo\/image\/\"},\"sameAs\":[\"https:\/\/www.instagram.com\/cannabislandia_grow\/\",\"https:\/\/www.facebook.com\/people\/Cannabislandia\/100064696326447\/\",\"https:\/\/twitter.com\/cannabislandia\"]}]}<\/script>\n<!-- \/ Yoast SEO Premium plugin. -->","yoast_head_json":{"title":"Tablas de cultivo de Guanokalong | Descargar | Marihuana","description":"Ahora en Cannabislandia te puedes descargar las tablas de cultivo de Guanokalong para plantas de marihuana en interior y exterior. \u00bfA qu\u00e9 est\u00e1s esperando?","robots":{"index":"index","follow":"follow","max-snippet":"max-snippet:-1","max-image-preview":"max-image-preview:large","max-video-preview":"max-video-preview:-1"},"canonical":"https:\/\/www.cannabislandia.com\/blog\/tablas-de-cultivo\/guanokalong\/","og_locale":"es_ES","og_type":"article","og_title":"Tablas de cultivo de Guanokalong","og_description":"Ahora en Cannabislandia te puedes descargar las tablas de cultivo de Guanokalong para plantas de marihuana en interior y exterior. \u00bfA qu\u00e9 est\u00e1s esperando?","og_url":"https:\/\/www.cannabislandia.com\/blog\/tablas-de-cultivo\/guanokalong\/","og_site_name":"Cannabislandia","article_publisher":"https:\/\/www.facebook.com\/people\/Cannabislandia\/100064696326447\/","article_modified_time":"2019-03-25T10:44:31+00:00","og_image":[{"width":980,"height":260,"url":"https:\/\/www.cannabislandia.com\/blog\/wp-content\/uploads\/2016\/06\/guanokalong-portada.jpg","type":"image\/jpeg"}],"twitter_card":"summary_large_image","twitter_site":"@cannabislandia","twitter_misc":{"Tiempo de lectura":"2 minutos"},"schema":{"@context":"https:\/\/schema.org","@graph":[{"@type":"WebPage","@id":"https:\/\/www.cannabislandia.com\/blog\/tablas-de-cultivo\/guanokalong\/","url":"https:\/\/www.cannabislandia.com\/blog\/tablas-de-cultivo\/guanokalong\/","name":"Tablas de cultivo de Guanokalong | Descargar | Marihuana","isPartOf":{"@id":"https:\/\/www.cannabislandia.com\/blog\/#website"},"datePublished":"2016-06-30T13:28:44+00:00","dateModified":"2019-03-25T10:44:31+00:00","description":"Ahora en Cannabislandia te puedes descargar las tablas de cultivo de Guanokalong para plantas de marihuana en interior y exterior. \u00bfA qu\u00e9 est\u00e1s esperando?","breadcrumb":{"@id":"https:\/\/www.cannabislandia.com\/blog\/tablas-de-cultivo\/guanokalong\/#breadcrumb"},"inLanguage":"es","potentialAction":[{"@type":"ReadAction","target":["https:\/\/www.cannabislandia.com\/blog\/tablas-de-cultivo\/guanokalong\/"]}]},{"@type":"BreadcrumbList","@id":"https:\/\/www.cannabislandia.com\/blog\/tablas-de-cultivo\/guanokalong\/#breadcrumb","itemListElement":[{"@type":"ListItem","position":1,"name":"Inicio","item":"https:\/\/www.cannabislandia.com\/blog\/"},{"@type":"ListItem","position":2,"name":"Tablas de cultivo y abonado","item":"https:\/\/www.cannabislandia.com\/blog\/tablas-de-cultivo\/"},{"@type":"ListItem","position":3,"name":"Tablas de cultivo de Guanokalong"}]},{"@type":"WebSite","@id":"https:\/\/www.cannabislandia.com\/blog\/#website","url":"https:\/\/www.cannabislandia.com\/blog\/","name":"Cannabislandia","description":"Blog cann\u00e1bico donde encontrar\u00e1s las \u00faltimas noticias, novedades, gu\u00edas, recetas, promociones, curiosidades y todo lo relacionado con la marihuana","publisher":{"@id":"https:\/\/www.cannabislandia.com\/blog\/#organization"},"potentialAction":[{"@type":"SearchAction","target":{"@type":"EntryPoint","urlTemplate":"https:\/\/www.cannabislandia.com\/blog\/?s={search_term_string}"},"query-input":"required name=search_term_string"}],"inLanguage":"es"},{"@type":"Organization","@id":"https:\/\/www.cannabislandia.com\/blog\/#organization","name":"Cannabislandia","url":"https:\/\/www.cannabislandia.com\/blog\/","logo":{"@type":"ImageObject","inLanguage":"es","@id":"https:\/\/www.cannabislandia.com\/blog\/#\/schema\/logo\/image\/","url":"https:\/\/www.cannabislandia.com\/blog\/wp-content\/uploads\/2015\/12\/logo.jpg","contentUrl":"https:\/\/www.cannabislandia.com\/blog\/wp-content\/uploads\/2015\/12\/logo.jpg","width":145,"height":145,"caption":"Cannabislandia"},"image":{"@id":"https:\/\/www.cannabislandia.com\/blog\/#\/schema\/logo\/image\/"},"sameAs":["https:\/\/www.instagram.com\/cannabislandia_grow\/","https:\/\/www.facebook.com\/people\/Cannabislandia\/100064696326447\/","https:\/\/twitter.com\/cannabislandia"]}]}},"_links":{"self":[{"href":"https:\/\/www.cannabislandia.com\/blog\/wp-json\/wp\/v2\/pages\/4048"}],"collection":[{"href":"https:\/\/www.cannabislandia.com\/blog\/wp-json\/wp\/v2\/pages"}],"about":[{"href":"https:\/\/www.cannabislandia.com\/blog\/wp-json\/wp\/v2\/types\/page"}],"author":[{"embeddable":true,"href":"https:\/\/www.cannabislandia.com\/blog\/wp-json\/wp\/v2\/users\/4"}],"replies":[{"embeddable":true,"href":"https:\/\/www.cannabislandia.com\/blog\/wp-json\/wp\/v2\/comments?post=4048"}],"version-history":[{"count":11,"href":"https:\/\/www.cannabislandia.com\/blog\/wp-json\/wp\/v2\/pages\/4048\/revisions"}],"predecessor-version":[{"id":12207,"href":"https:\/\/www.cannabislandia.com\/blog\/wp-json\/wp\/v2\/pages\/4048\/revisions\/12207"}],"up":[{"embeddable":true,"href":"https:\/\/www.cannabislandia.com\/blog\/wp-json\/wp\/v2\/pages\/998"}],"wp:featuredmedia":[{"embeddable":true,"href":"https:\/\/www.cannabislandia.com\/blog\/wp-json\/wp\/v2\/media\/4058"}],"wp:attachment":[{"href":"https:\/\/www.cannabislandia.com\/blog\/wp-json\/wp\/v2\/media?parent=4048"}],"curies":[{"name":"wp","href":"https:\/\/api.w.org\/{rel}","templated":true}]}}