{"id":3987,"date":"2016-06-28T16:33:31","date_gmt":"2016-06-28T14:33:31","guid":{"rendered":"https:\/\/www.cannabislandia.com\/blog\/?page_id=3987"},"modified":"2019-03-21T11:10:34","modified_gmt":"2019-03-21T10:10:34","slug":"green-hope","status":"publish","type":"page","link":"https:\/\/www.cannabislandia.com\/blog\/tablas-de-cultivo\/green-hope\/","title":{"rendered":"Tablas de cultivo Green Hope"},"content":{"rendered":"<h2>Tablas de cultivo de Green Hope<\/h2>\n<p><a href=\"https:\/\/www.cannabislandia.com\/blog\/wp-content\/uploads\/2016\/06\/green-hope-tablas-de-cultivo.png\" data-rel=\"lightbox-image-0\" data-rl_title=\"\" data-rl_caption=\"\" title=\"\"><img loading=\"lazy\" decoding=\"async\" loading=\"lazy\" class=\"aligncenter wp-image-3989\" src=\"https:\/\/www.cannabislandia.com\/blog\/wp-content\/uploads\/2016\/06\/green-hope-tablas-de-cultivo-300x190.png\" alt=\"green-hope-tablas-de-cultivo\" width=\"800\" height=\"508\" srcset=\"https:\/\/www.cannabislandia.com\/blog\/wp-content\/uploads\/2016\/06\/green-hope-tablas-de-cultivo-300x190.png 300w, https:\/\/www.cannabislandia.com\/blog\/wp-content\/uploads\/2016\/06\/green-hope-tablas-de-cultivo.png 640w\" sizes=\"(max-width: 800px) 100vw, 800px\" \/><\/a><\/p>\n<p><a href=\"https:\/\/www.cannabislandia.com\/es\/green-hope_126\"><strong>Green Hope<\/strong><\/a> es un fabricante de bioestimuladores espec\u00edficamente desarrollados para el cultivo de marihuana. Cuenta \u00fanicamente con cuatro productos, 100% biol\u00f3gicos y elaborados a base de extractos naturales y aceites vegetales. En conjunto y en combinaci\u00f3n con cualquier fertilizante habitual, optimizan la salud y producci\u00f3n de las plantas, adem\u00e1s de mejorar el sabor de la cosecha.<\/p>\n<p>Los bioestimuladores Greenhope son muy concentrados y las dosis muy bajas, por lo que realmente son productos que a la larga resultan muy econ\u00f3micos. Tan s\u00f3lo es necesario 0,1ml por litro de agua para conseguir unos resultados impresionantes. Se presentan en envases de 60 y 120ml, con pipeta medidora para aplicar las dosis f\u00e1cilmente. Su uso se ha demostrado que aumenta la capacidad de nutrici\u00f3n hasta un 25%, lo que se traduce en plantas con m\u00e1s desarrollo y l\u00f3gicamente m\u00e1s producci\u00f3n.<\/p>\n<p>En nuestro blog cann\u00e1bico de Cannabislandia te puedes descargar las tablas de cultivo de este fabricante. As\u00ed ser\u00e1 m\u00e1s f\u00e1cil aplicar las dosis correctas de estos geniales bioestimuladores y en las fases de cultivo necesarias. Como decimos, son compatibles con cualquier marca de fertilizantes del mercado.<\/p>\n<p><strong>Bio Protect<\/strong> act\u00faa estimulando el sistema defensivo de la planta. Su aplicaci\u00f3n es en spray foliar y gracias a sus compuestos, la planta aumenta la producci\u00f3n de alcaloides naturales repelentes. El resultado son plantas m\u00e1s sanas y con mayor crecimiento. Tambi\u00e9n mejora el aroma y sabor de los cogollos.<\/p>\n<p><strong>Rootmax<\/strong> favorece el crecimiento de las ra\u00edces, facilitando m\u00e1s nutrientes a la planta. Crea unas condiciones \u00f3ptimas para la vida bacteriana del suelo, lo que favorece la absorci\u00f3n de microelementos espec\u00edficos en diferentes fases del cultivo. Es especialmente \u00fatil en cultivos hidrop\u00f3nicos y previene problemas de hongos en las ra\u00edces.<\/p>\n<p><strong>Boostermax<\/strong> es un estimulador de crecimiento que acelera la divisi\u00f3n celular, potencia el crecimiento y aumenta la resistencia contra los ataques de plagas. Incrementa la absorci\u00f3n masiva de nutrientes y estimula los microorganismos en el \u00e1rea aer\u00f3bica, permitiendo el crecimiento masivo de hojas y flores.<\/p>\n<p><strong>Floramax<\/strong> aumenta la producci\u00f3n de hojas y cogollos, adem\u00e1s de mejorar su sabor. <strong>En combinaci\u00f3n con Delta 9 de Cannabiogen<\/strong> ofrece unos resultados sorprendentes como han podido comprobar muchos cultivadores. Es muy indicado en cultivos hidrop\u00f3nicos ya que metaboliza las sales acumuladas en los tejidos de la planta.<\/p>\n<p>&nbsp;<\/p>\n<p style=\"text-align: right;\"><em>Actualizado el 21\/3\/2019.<\/em><\/p>\n<hr \/>\n<p style=\"text-align: center;\"><a href=\"https:\/\/www.cannabislandia.com\/es\/green-hope_126\">Ir al cat\u00e1logo de productos de <strong>Green Hope<\/strong><\/a><\/p>\n<p style=\"text-align: center;\"><a href=\"https:\/\/www.cannabislandia.com\/blog\/tablas-de-cultivo\/\">Ir al men\u00fa de tablas de cultivo<\/a><\/p>\n","protected":false},"excerpt":{"rendered":"<p>Tablas de cultivo de Green Hope Green Hope es un fabricante de bioestimuladores espec\u00edficamente desarrollados para el cultivo de marihuana. Cuenta \u00fanicamente con cuatro productos, 100% biol\u00f3gicos y elaborados a base de extractos naturales y aceites vegetales. En conjunto y&#46;&#46;&#46;<\/p>\n","protected":false},"author":4,"featured_media":4790,"parent":998,"menu_order":0,"comment_status":"closed","ping_status":"closed","template":"","meta":[],"yoast_head":"<!-- This site is optimized with the Yoast SEO Premium plugin v19.7 (Yoast SEO v19.14) - https:\/\/yoast.com\/wordpress\/plugins\/seo\/ -->\n<title>Tablas de cultivo de Green Hope | Descargar | Cannabislandia<\/title>\n<meta name=\"description\" content=\"Ahora en Cannabislandia te puedes descargar las tablas de cultivo Green Hope para plantas de marihuana para conseguir enormes rendimientos. \u00bfA qu\u00e9 esperas?\" \/>\n<meta name=\"robots\" content=\"index, follow, max-snippet:-1, max-image-preview:large, max-video-preview:-1\" \/>\n<link rel=\"canonical\" href=\"https:\/\/www.cannabislandia.com\/blog\/tablas-de-cultivo\/green-hope\/\" \/>\n<meta property=\"og:locale\" content=\"es_ES\" \/>\n<meta property=\"og:type\" content=\"article\" \/>\n<meta property=\"og:title\" content=\"Tablas de cultivo Green Hope\" \/>\n<meta property=\"og:description\" content=\"Ahora en Cannabislandia te puedes descargar las tablas de cultivo Green Hope para plantas de marihuana para conseguir enormes rendimientos. \u00bfA qu\u00e9 esperas?\" \/>\n<meta property=\"og:url\" content=\"https:\/\/www.cannabislandia.com\/blog\/tablas-de-cultivo\/green-hope\/\" \/>\n<meta property=\"og:site_name\" content=\"Cannabislandia\" \/>\n<meta property=\"article:publisher\" content=\"https:\/\/www.facebook.com\/people\/Cannabislandia\/100064696326447\/\" \/>\n<meta property=\"article:modified_time\" content=\"2019-03-21T10:10:34+00:00\" \/>\n<meta property=\"og:image\" content=\"https:\/\/www.cannabislandia.com\/blog\/wp-content\/uploads\/2016\/06\/green-hope-portada.jpg\" \/>\n\t<meta property=\"og:image:width\" content=\"705\" \/>\n\t<meta property=\"og:image:height\" content=\"332\" \/>\n\t<meta property=\"og:image:type\" content=\"image\/jpeg\" \/>\n<meta name=\"twitter:card\" content=\"summary_large_image\" \/>\n<meta name=\"twitter:site\" content=\"@cannabislandia\" \/>\n<meta name=\"twitter:label1\" content=\"Tiempo de lectura\" \/>\n\t<meta name=\"twitter:data1\" content=\"2 minutos\" \/>\n<script type=\"application\/ld+json\" class=\"yoast-schema-graph\">{\"@context\":\"https:\/\/schema.org\",\"@graph\":[{\"@type\":\"WebPage\",\"@id\":\"https:\/\/www.cannabislandia.com\/blog\/tablas-de-cultivo\/green-hope\/\",\"url\":\"https:\/\/www.cannabislandia.com\/blog\/tablas-de-cultivo\/green-hope\/\",\"name\":\"Tablas de cultivo de Green Hope | Descargar | Cannabislandia\",\"isPartOf\":{\"@id\":\"https:\/\/www.cannabislandia.com\/blog\/#website\"},\"datePublished\":\"2016-06-28T14:33:31+00:00\",\"dateModified\":\"2019-03-21T10:10:34+00:00\",\"description\":\"Ahora en Cannabislandia te puedes descargar las tablas de cultivo Green Hope para plantas de marihuana para conseguir enormes rendimientos. \u00bfA qu\u00e9 esperas?\",\"breadcrumb\":{\"@id\":\"https:\/\/www.cannabislandia.com\/blog\/tablas-de-cultivo\/green-hope\/#breadcrumb\"},\"inLanguage\":\"es\",\"potentialAction\":[{\"@type\":\"ReadAction\",\"target\":[\"https:\/\/www.cannabislandia.com\/blog\/tablas-de-cultivo\/green-hope\/\"]}]},{\"@type\":\"BreadcrumbList\",\"@id\":\"https:\/\/www.cannabislandia.com\/blog\/tablas-de-cultivo\/green-hope\/#breadcrumb\",\"itemListElement\":[{\"@type\":\"ListItem\",\"position\":1,\"name\":\"Inicio\",\"item\":\"https:\/\/www.cannabislandia.com\/blog\/\"},{\"@type\":\"ListItem\",\"position\":2,\"name\":\"Tablas de cultivo y abonado\",\"item\":\"https:\/\/www.cannabislandia.com\/blog\/tablas-de-cultivo\/\"},{\"@type\":\"ListItem\",\"position\":3,\"name\":\"Tablas de cultivo Green Hope\"}]},{\"@type\":\"WebSite\",\"@id\":\"https:\/\/www.cannabislandia.com\/blog\/#website\",\"url\":\"https:\/\/www.cannabislandia.com\/blog\/\",\"name\":\"Cannabislandia\",\"description\":\"Blog cann\u00e1bico donde encontrar\u00e1s las \u00faltimas noticias, novedades, gu\u00edas, recetas, promociones, curiosidades y todo lo relacionado con la marihuana\",\"publisher\":{\"@id\":\"https:\/\/www.cannabislandia.com\/blog\/#organization\"},\"potentialAction\":[{\"@type\":\"SearchAction\",\"target\":{\"@type\":\"EntryPoint\",\"urlTemplate\":\"https:\/\/www.cannabislandia.com\/blog\/?s={search_term_string}\"},\"query-input\":\"required name=search_term_string\"}],\"inLanguage\":\"es\"},{\"@type\":\"Organization\",\"@id\":\"https:\/\/www.cannabislandia.com\/blog\/#organization\",\"name\":\"Cannabislandia\",\"url\":\"https:\/\/www.cannabislandia.com\/blog\/\",\"logo\":{\"@type\":\"ImageObject\",\"inLanguage\":\"es\",\"@id\":\"https:\/\/www.cannabislandia.com\/blog\/#\/schema\/logo\/image\/\",\"url\":\"https:\/\/www.cannabislandia.com\/blog\/wp-content\/uploads\/2015\/12\/logo.jpg\",\"contentUrl\":\"https:\/\/www.cannabislandia.com\/blog\/wp-content\/uploads\/2015\/12\/logo.jpg\",\"width\":145,\"height\":145,\"caption\":\"Cannabislandia\"},\"image\":{\"@id\":\"https:\/\/www.cannabislandia.com\/blog\/#\/schema\/logo\/image\/\"},\"sameAs\":[\"https:\/\/www.instagram.com\/cannabislandia_grow\/\",\"https:\/\/www.facebook.com\/people\/Cannabislandia\/100064696326447\/\",\"https:\/\/twitter.com\/cannabislandia\"]}]}<\/script>\n<!-- \/ Yoast SEO Premium plugin. -->","yoast_head_json":{"title":"Tablas de cultivo de Green Hope | Descargar | Cannabislandia","description":"Ahora en Cannabislandia te puedes descargar las tablas de cultivo Green Hope para plantas de marihuana para conseguir enormes rendimientos. \u00bfA qu\u00e9 esperas?","robots":{"index":"index","follow":"follow","max-snippet":"max-snippet:-1","max-image-preview":"max-image-preview:large","max-video-preview":"max-video-preview:-1"},"canonical":"https:\/\/www.cannabislandia.com\/blog\/tablas-de-cultivo\/green-hope\/","og_locale":"es_ES","og_type":"article","og_title":"Tablas de cultivo Green Hope","og_description":"Ahora en Cannabislandia te puedes descargar las tablas de cultivo Green Hope para plantas de marihuana para conseguir enormes rendimientos. \u00bfA qu\u00e9 esperas?","og_url":"https:\/\/www.cannabislandia.com\/blog\/tablas-de-cultivo\/green-hope\/","og_site_name":"Cannabislandia","article_publisher":"https:\/\/www.facebook.com\/people\/Cannabislandia\/100064696326447\/","article_modified_time":"2019-03-21T10:10:34+00:00","og_image":[{"width":705,"height":332,"url":"https:\/\/www.cannabislandia.com\/blog\/wp-content\/uploads\/2016\/06\/green-hope-portada.jpg","type":"image\/jpeg"}],"twitter_card":"summary_large_image","twitter_site":"@cannabislandia","twitter_misc":{"Tiempo de lectura":"2 minutos"},"schema":{"@context":"https:\/\/schema.org","@graph":[{"@type":"WebPage","@id":"https:\/\/www.cannabislandia.com\/blog\/tablas-de-cultivo\/green-hope\/","url":"https:\/\/www.cannabislandia.com\/blog\/tablas-de-cultivo\/green-hope\/","name":"Tablas de cultivo de Green Hope | Descargar | Cannabislandia","isPartOf":{"@id":"https:\/\/www.cannabislandia.com\/blog\/#website"},"datePublished":"2016-06-28T14:33:31+00:00","dateModified":"2019-03-21T10:10:34+00:00","description":"Ahora en Cannabislandia te puedes descargar las tablas de cultivo Green Hope para plantas de marihuana para conseguir enormes rendimientos. \u00bfA qu\u00e9 esperas?","breadcrumb":{"@id":"https:\/\/www.cannabislandia.com\/blog\/tablas-de-cultivo\/green-hope\/#breadcrumb"},"inLanguage":"es","potentialAction":[{"@type":"ReadAction","target":["https:\/\/www.cannabislandia.com\/blog\/tablas-de-cultivo\/green-hope\/"]}]},{"@type":"BreadcrumbList","@id":"https:\/\/www.cannabislandia.com\/blog\/tablas-de-cultivo\/green-hope\/#breadcrumb","itemListElement":[{"@type":"ListItem","position":1,"name":"Inicio","item":"https:\/\/www.cannabislandia.com\/blog\/"},{"@type":"ListItem","position":2,"name":"Tablas de cultivo y abonado","item":"https:\/\/www.cannabislandia.com\/blog\/tablas-de-cultivo\/"},{"@type":"ListItem","position":3,"name":"Tablas de cultivo Green Hope"}]},{"@type":"WebSite","@id":"https:\/\/www.cannabislandia.com\/blog\/#website","url":"https:\/\/www.cannabislandia.com\/blog\/","name":"Cannabislandia","description":"Blog cann\u00e1bico donde encontrar\u00e1s las \u00faltimas noticias, novedades, gu\u00edas, recetas, promociones, curiosidades y todo lo relacionado con la marihuana","publisher":{"@id":"https:\/\/www.cannabislandia.com\/blog\/#organization"},"potentialAction":[{"@type":"SearchAction","target":{"@type":"EntryPoint","urlTemplate":"https:\/\/www.cannabislandia.com\/blog\/?s={search_term_string}"},"query-input":"required name=search_term_string"}],"inLanguage":"es"},{"@type":"Organization","@id":"https:\/\/www.cannabislandia.com\/blog\/#organization","name":"Cannabislandia","url":"https:\/\/www.cannabislandia.com\/blog\/","logo":{"@type":"ImageObject","inLanguage":"es","@id":"https:\/\/www.cannabislandia.com\/blog\/#\/schema\/logo\/image\/","url":"https:\/\/www.cannabislandia.com\/blog\/wp-content\/uploads\/2015\/12\/logo.jpg","contentUrl":"https:\/\/www.cannabislandia.com\/blog\/wp-content\/uploads\/2015\/12\/logo.jpg","width":145,"height":145,"caption":"Cannabislandia"},"image":{"@id":"https:\/\/www.cannabislandia.com\/blog\/#\/schema\/logo\/image\/"},"sameAs":["https:\/\/www.instagram.com\/cannabislandia_grow\/","https:\/\/www.facebook.com\/people\/Cannabislandia\/100064696326447\/","https:\/\/twitter.com\/cannabislandia"]}]}},"_links":{"self":[{"href":"https:\/\/www.cannabislandia.com\/blog\/wp-json\/wp\/v2\/pages\/3987"}],"collection":[{"href":"https:\/\/www.cannabislandia.com\/blog\/wp-json\/wp\/v2\/pages"}],"about":[{"href":"https:\/\/www.cannabislandia.com\/blog\/wp-json\/wp\/v2\/types\/page"}],"author":[{"embeddable":true,"href":"https:\/\/www.cannabislandia.com\/blog\/wp-json\/wp\/v2\/users\/4"}],"replies":[{"embeddable":true,"href":"https:\/\/www.cannabislandia.com\/blog\/wp-json\/wp\/v2\/comments?post=3987"}],"version-history":[{"count":9,"href":"https:\/\/www.cannabislandia.com\/blog\/wp-json\/wp\/v2\/pages\/3987\/revisions"}],"predecessor-version":[{"id":12170,"href":"https:\/\/www.cannabislandia.com\/blog\/wp-json\/wp\/v2\/pages\/3987\/revisions\/12170"}],"up":[{"embeddable":true,"href":"https:\/\/www.cannabislandia.com\/blog\/wp-json\/wp\/v2\/pages\/998"}],"wp:featuredmedia":[{"embeddable":true,"href":"https:\/\/www.cannabislandia.com\/blog\/wp-json\/wp\/v2\/media\/4790"}],"wp:attachment":[{"href":"https:\/\/www.cannabislandia.com\/blog\/wp-json\/wp\/v2\/media?parent=3987"}],"curies":[{"name":"wp","href":"https:\/\/api.w.org\/{rel}","templated":true}]}}