{"id":312,"date":"2014-02-27T13:22:10","date_gmt":"2014-02-27T12:22:10","guid":{"rendered":"http:\/\/www.cannabislandia.com\/blog\/?page_id=312"},"modified":"2019-02-27T13:02:20","modified_gmt":"2019-02-27T12:02:20","slug":"preguntas-frecuentes-cultivo-marihuana","status":"publish","type":"page","link":"https:\/\/www.cannabislandia.com\/blog\/preguntas-frecuentes-cultivo-marihuana\/","title":{"rendered":"Preguntas Frecuentes"},"content":{"rendered":"<h2>Preguntas Frecuentes<\/h2>\n<p>Aqu\u00ed encontrar\u00e1s una recopilaci\u00f3n de enlaces sobre el cultivo de marihuana a modo de gu\u00eda. Te podr\u00e1 ser de gran ayuda a la hora de aprender a cultivar, mejorar tu t\u00e9cnica o encontrar la mejor soluci\u00f3n a cualquier problema que se presente.<\/p>\n<h3>SEMILLAS<\/h3>\n<ul>\n<li><a href=\"https:\/\/www.cannabislandia.com\/blog\/semillas-regulares-o-feminizadas\/\">Semillas regulares o feminizadas<\/a><\/li>\n<li><a href=\"https:\/\/www.cannabislandia.com\/blog\/germinar-semillas-de-marihuana\/\">Como germinar semillas<\/a><\/li>\n<li><a href=\"https:\/\/www.cannabislandia.com\/blog\/9-trucos-germinar-semillas-marihuana\/\">Trucos para germinar semillas<\/a><\/li>\n<li><a href=\"https:\/\/www.cannabislandia.com\/blog\/consejos-conservar-semillas-marihuana-anos\/\">Como conservar semillas<\/a><\/li>\n<\/ul>\n<h3>ESQUEJES<\/h3>\n<ul>\n<li><a href=\"https:\/\/www.cannabislandia.com\/blog\/como-hacer-esquejes-de-marihuana-paso-a-paso\/\">C\u00f3mo hacer esquejes de marihuana<\/a><\/li>\n<li><a href=\"https:\/\/www.cannabislandia.com\/blog\/cuidado-las-plantas-madre-marihuana\/\">Mantenimiento de una planta madre<\/a><\/li>\n<li><a href=\"https:\/\/www.cannabislandia.com\/blog\/como-hacer-la-seleccion-de-una-planta-madre\/\">Selecci\u00f3n de una planta madre<\/a><\/li>\n<li><a href=\"https:\/\/www.cannabislandia.com\/blog\/esquejes-o-semillas-marihuana\/\">Semillas o esquejes<\/a><\/li>\n<li><a href=\"https:\/\/www.cannabislandia.com\/blog\/6-trucos-no-fallara-ningun-esqueje\/\">6 trucos para hacer esquejes<\/a><\/li>\n<\/ul>\n<h3>CRECIMIENTO<\/h3>\n<ul>\n<li><a href=\"https:\/\/www.cannabislandia.com\/blog\/mejor-sustrato-cultivar-marihuana\/\">C\u00f3mo conseguir un buen sustrato<\/a><\/li>\n<li><a href=\"https:\/\/www.cannabislandia.com\/blog\/raices-sanas-plantas-mas-saludables\/\">C\u00f3mo conseguir ra\u00edces m\u00e1s sanas<\/a><\/li>\n<li><a href=\"https:\/\/www.cannabislandia.com\/blog\/trasplantar-plantas-marihuana\/\">C\u00f3mo realizar trasplantes correctamente<\/a><\/li>\n<\/ul>\n<h3>FLORACI\u00d3N<\/h3>\n<ul>\n<li><a href=\"https:\/\/www.cannabislandia.com\/blog\/el-sexo-de-las-plantas-de-marihuana\/\">El Sexo de las plantas de marihuana<\/a><\/li>\n<li><a href=\"https:\/\/www.cannabislandia.com\/blog\/plantas-marihuana-hermafroditas\/\">Marihuana hermafrodita<\/a><\/li>\n<li><a href=\"https:\/\/www.cannabislandia.com\/blog\/marihuana-en-floracion\/\">Plantas en floraci\u00f3n (primeras semanas, estimuladores)<\/a><\/li>\n<li><a href=\"https:\/\/www.cannabislandia.com\/blog\/engordar-los-cogollos\/\">Plantas en floraci\u00f3n (\u00faltimas semanas, potenciadores)<\/a><\/li>\n<li><a href=\"https:\/\/www.cannabislandia.com\/blog\/como-conseguir-cogollos-de-marihuana-grandes-y-resinosos\/\">C\u00f3mo conseguir cogollos grandes y resinosos<\/a><\/li>\n<\/ul>\n<h3>COSECHA<\/h3>\n<ul>\n<li><a href=\"https:\/\/www.cannabislandia.com\/blog\/cuando-cosechar-mi-planta-de-marihuana\/\">Cu\u00e1ndo y c\u00f3mo cosechar<\/a><\/li>\n<li><a href=\"https:\/\/www.cannabislandia.com\/blog\/cuando-cortar-marihuana\/\">Cosecha y secado<\/a><\/li>\n<li><a href=\"https:\/\/www.cannabislandia.com\/blog\/lavado-de-raices-antes-de-cosechar\/\">Lavado de ra\u00edces<\/a><\/li>\n<\/ul>\n<h3>SECADO Y CURADO<\/h3>\n<ul>\n<li><a href=\"https:\/\/www.cannabislandia.com\/blog\/como-secar-bien-tu-cosecha-de-marihuana\/\">Secado de la marihuana<\/a><\/li>\n<li><a href=\"https:\/\/www.cannabislandia.com\/blog\/el-secado-de-la-marihuana-segun-dj-short\/\">Secado de la marihuana por DJ Short<\/a><\/li>\n<li><a href=\"https:\/\/www.cannabislandia.com\/blog\/curado-de-marihuana\/\">Curado de la marihuana I<\/a><\/li>\n<li><a href=\"https:\/\/www.cannabislandia.com\/blog\/curado-la-marihuana\/\">Curado de la marihuana II<\/a><\/li>\n<\/ul>\n<h3>CULTIVO EN INTERIOR<\/h3>\n<ul>\n<li><a href=\"https:\/\/www.cannabislandia.com\/blog\/aeroponia-cultivar-marihuana\/\">Cultivo en aeropon\u00eda<\/a><\/li>\n<li><a href=\"https:\/\/www.cannabislandia.com\/blog\/fibra-de-coco-cultivo-marihuana\/\">Cultivo en fibra de coco<\/a><\/li>\n<li><a href=\"https:\/\/www.cannabislandia.com\/blog\/pequena-guia-cultivo-hidroponico-marihuana\/\">Cultivo en hidropon\u00eda<\/a><\/li>\n<li><a href=\"https:\/\/www.cannabislandia.com\/blog\/cultivar-marihuana-lana-de-roca\/\">Cultivo en lana de roca<\/a><\/li>\n<li><a href=\"https:\/\/www.cannabislandia.com\/blog\/cultivo-interior-de-marihuana-en-verano\/\">Cultivo interior en verano y con calor<\/a><\/li>\n<li><a href=\"https:\/\/www.cannabislandia.com\/blog\/como-plantear-tu-armario-de-cultivo\/\">C\u00f3mo plantear el armario de cultivo<\/a><\/li>\n<li><a href=\"https:\/\/www.cannabislandia.com\/blog\/fotoperiodo-reinhard-delp-cultivo-marihuana\/\">Fotoper\u00edodo Reinhard Delp<\/a><\/li>\n<li><a href=\"https:\/\/www.cannabislandia.com\/blog\/cultivar-marihuana-interior-guia-principiantes-parte-1\/\">Gu\u00eda para principiantes Parte 1<\/a><\/li>\n<li><a href=\"https:\/\/www.cannabislandia.com\/blog\/cultivar-marihuana-interior-guia-principiantes-parte-2\/\">Gu\u00eda para principiantes Parte 2<\/a><\/li>\n<li><a href=\"https:\/\/www.cannabislandia.com\/blog\/cuales-son-los-mejores-sistemas-de-iluminacion-para-cultivar-marihuana-en-interior\/\">Iluminaci\u00f3n para el cultivo en interior<\/a><\/li>\n<li><a href=\"https:\/\/www.cannabislandia.com\/blog\/20-errores-cultivar-marihuana-interior\/\">20 errores del cultivo interior<\/a><\/li>\n<\/ul>\n<h3>CULTIVO EN EXTERIOR<\/h3>\n<ul>\n<li><a href=\"https:\/\/www.cannabislandia.com\/blog\/temporada-cultivar-marihuana-exterior\/\">Cultivo de marihuana en exterior<\/a><\/li>\n<li><a href=\"https:\/\/www.cannabislandia.com\/blog\/cultivo-marihuana-guerrilla\/\">Cultivo de marihuana en guerrilla<\/a><\/li>\n<li><a href=\"https:\/\/www.cannabislandia.com\/blog\/como-cultivar-marihuana-de-exterior-en-invierno\/\">Cultivo en invierno en exterior<\/a><\/li>\n<li><a href=\"https:\/\/www.cannabislandia.com\/blog\/cultivo-invernal-de-marihuana\/\">Cultivo invernal<\/a><\/li>\n<li><a href=\"https:\/\/www.cannabislandia.com\/blog\/contaminacion-luminica-cultivo-marihuana\/\">Contaminaci\u00f3n lum\u00ednica<\/a><\/li>\n<li><a href=\"https:\/\/www.cannabislandia.com\/blog\/peligro-lluvia-en-floracion\/\">Lluvia en floraci\u00f3n<\/a><\/li>\n<li><a href=\"https:\/\/www.cannabislandia.com\/blog\/macetas-contenedores-cultivo-marihuana\/\">Tama\u00f1o de las macetas en exterior<\/a><\/li>\n<li><a href=\"https:\/\/www.cannabislandia.com\/blog\/5-trucos-conseguir-mejores-cosechas\/\">Trucos para conseguir mejores cosechas<\/a><\/li>\n<\/ul>\n<h3>EL AGUA Y EL RIEGO<\/h3>\n<ul>\n<li><a href=\"https:\/\/www.cannabislandia.com\/blog\/como-regar-correctamente-las-plantas-de-marihuana\/\">C\u00f3mo regar correctamente<\/a><\/li>\n<li><a href=\"https:\/\/www.cannabislandia.com\/blog\/el-riego-de-la-marihuana\/\">El agua de riego<\/a><\/li>\n<li><a href=\"https:\/\/www.cannabislandia.com\/blog\/la-ec-en-cultivos-de-cannabis\/\">La EC o electro-conductividad<\/a><\/li>\n<li><a href=\"https:\/\/www.cannabislandia.com\/blog\/importancia-ph-cultivos-marihuana\/\">El pH del agua<\/a><\/li>\n<li><a href=\"https:\/\/www.cannabislandia.com\/blog\/medidores-de-ph-y-ec\/\">Medidores de pH y EC<\/a><\/li>\n<li><a href=\"https:\/\/www.cannabislandia.com\/blog\/riego-automatico-en-cultivos-de-marihuana\/\">Riego autom\u00e1tico<\/a><\/li>\n<\/ul>\n<h3>T\u00c9CNICAS DE CULTIVO<\/h3>\n<ul>\n<li><a href=\"https:\/\/www.cannabislandia.com\/blog\/cultivo-main-lining-esquejes\/\">MAIN-LINING partiendo de esqueje<\/a><\/li>\n<li><a href=\"https:\/\/www.cannabislandia.com\/blog\/cultivo-main-lining-partiendo-desde-semilla\/\">MAIN-LINING partiendo de semilla<\/a><\/li>\n<li><a href=\"https:\/\/www.cannabislandia.com\/blog\/poda-fim\/\">Poda FIM<\/a><\/li>\n<li><a href=\"https:\/\/www.cannabislandia.com\/blog\/que-es-el-scrog-en-el-cultivo-de-marihuana\/\">SCROG<\/a><\/li>\n<li><a href=\"https:\/\/www.cannabislandia.com\/blog\/sog-o-sea-of-green-en-el-cultivo-de-marihuana\/\">SOG<\/a><\/li>\n<li><a href=\"https:\/\/www.cannabislandia.com\/blog\/supercropping\/\">Super Cropping<\/a><\/li>\n<li><a href=\"https:\/\/www.cannabislandia.com\/blog\/sog-scrog-cual-es-mejor\/\">SOG vs SCROG<\/a><\/li>\n<li><a href=\"https:\/\/www.cannabislandia.com\/blog\/trucos-podar-marihuana\/\">Tipos de podas<\/a><\/li>\n<\/ul>\n<h3>CARENCIAS Y EXCESOS DE NUTRIENTES<\/h3>\n<ul>\n<li><a href=\"https:\/\/www.cannabislandia.com\/blog\/reconocer-problemas-plantas-marihuana\/\">Gu\u00eda para reconocer problemas<\/a><\/li>\n<li><a href=\"https:\/\/www.cannabislandia.com\/blog\/nutrientes-marihuana-nitrogeno\/\">Nitr\u00f3geno<\/a><\/li>\n<li><a href=\"https:\/\/www.cannabislandia.com\/blog\/nutrientes-marihuana-fosforo\/\">F\u00f3sforo<\/a><\/li>\n<li><a href=\"https:\/\/www.cannabislandia.com\/blog\/nutrientes-marihuana-potasio\/\">Potasio<\/a><\/li>\n<li><a href=\"https:\/\/www.cannabislandia.com\/blog\/nutrientes-marihuana-magnesio\/\">Magnesio<\/a><\/li>\n<li><a href=\"https:\/\/www.cannabislandia.com\/blog\/nutrientes-marihuana-calcio\/\">Calcio<\/a><\/li>\n<li><a href=\"https:\/\/www.cannabislandia.com\/blog\/nutrientes-marihuana-azufre\/\">Azufre<\/a><\/li>\n<li><a href=\"https:\/\/www.cannabislandia.com\/blog\/micronutrientes-marihuana\/\">Micronutrientes<\/a><\/li>\n<\/ul>\n<h3>PLAGAS<\/h3>\n<ul>\n<li><a href=\"https:\/\/www.cannabislandia.com\/blog\/plagas-en-cultivos-de-marihuana\/\">Resumen de plagas<\/a><\/li>\n<li><a href=\"https:\/\/www.cannabislandia.com\/blog\/como-identificar-y-eliminar-la-plaga-de-arana-roja-en-el-cultivo-de-marihuana\/\">Ara\u00f1a Roja<\/a><\/li>\n<li><a href=\"https:\/\/www.cannabislandia.com\/blog\/como-prevenir-y-tratar-ataques-de-cochinilla-en-el-cultivo-de-marihuana\/\">Cochinilla<\/a><\/li>\n<li><a href=\"https:\/\/www.cannabislandia.com\/blog\/como-identificar-y-eliminar-la-plaga-de-minador-de-la-hoja-en-el-cultivo-de-cannabis\/\">Minador de la hoja<\/a><\/li>\n<li><a href=\"https:\/\/www.cannabislandia.com\/blog\/como-identificar-y-eliminar-la-plaga-de-mosca-blanca-de-tu-cultivo-de-marihuana\/\">Mosca Blanca\u00a0<\/a><\/li>\n<li><a href=\"https:\/\/www.cannabislandia.com\/blog\/como-identificar-y-eliminar-plagas-de-mosca-del-sustrato-en-el-cultivo-de-marihuana\/\">Mosca del sustrato<\/a><\/li>\n<li><a href=\"https:\/\/www.cannabislandia.com\/blog\/como-identificar-y-eliminar-plagas-de-orugas-en-el-cultivo-de-marihuana\/\">Orugas<\/a><\/li>\n<li><a href=\"https:\/\/www.cannabislandia.com\/blog\/como-identificar-y-eliminar-plagas-de-pulgon-en-el-cultivo-de-marihuana\/\">Pulg\u00f3n<\/a><\/li>\n<li><a href=\"https:\/\/www.cannabislandia.com\/blog\/como-identificar-y-eliminar-la-plaga-de-trips-de-tu-cultivo-de-marihuana\/\">Trips<\/a><\/li>\n<\/ul>\n<h3>HONGOS<\/h3>\n<ul>\n<li><a href=\"https:\/\/www.cannabislandia.com\/blog\/hongos-en-cultivos-de-marihuana\/\">Resumen de hongos<\/a><\/li>\n<li><a href=\"https:\/\/www.cannabislandia.com\/blog\/como-identificar-y-tratar-el-hongo-botrytis-en-tu-cultivo-de-marihuana\/\">Botrytis<\/a><\/li>\n<li><a href=\"https:\/\/www.cannabislandia.com\/blog\/como-identificar-y-tratar-el-hongo-fusarium-en-tu-cultivo-de-marihuana\/\">Fusarium<\/a><\/li>\n<li><a href=\"https:\/\/www.cannabislandia.com\/blog\/como-identificar-y-tratar-el-hongo-mildiu-en-el-cultivo-de-marihuana\/\">Mildiu<\/a><\/li>\n<li><a href=\"https:\/\/www.cannabislandia.com\/blog\/como-identificar-y-tratar-el-hongo-oidio-en-tu-cultivo-de-marihuana\/\">O\u00eddio<\/a><\/li>\n<li><a href=\"https:\/\/www.cannabislandia.com\/blog\/phytium-en-cultivos-de-marihuana\/\">Phytium<\/a><\/li>\n<\/ul>\n","protected":false},"excerpt":{"rendered":"<p>Preguntas Frecuentes Aqu\u00ed encontrar\u00e1s una recopilaci\u00f3n de enlaces sobre el cultivo de marihuana a modo de gu\u00eda. Te podr\u00e1 ser de gran ayuda a la hora de aprender a cultivar, mejorar tu t\u00e9cnica o encontrar la mejor soluci\u00f3n a cualquier&#46;&#46;&#46;<\/p>\n","protected":false},"author":2,"featured_media":7585,"parent":0,"menu_order":0,"comment_status":"open","ping_status":"open","template":"","meta":[],"yoast_head":"<!-- This site is optimized with the Yoast SEO Premium plugin v19.7 (Yoast SEO v19.14) - https:\/\/yoast.com\/wordpress\/plugins\/seo\/ -->\n<title>Preguntas frecuentes sobre el cultivo de marihuana<\/title>\n<meta name=\"description\" content=\"En Cannabislandia hemos recopilado una gran cantidad de informaci\u00f3n a modo de gu\u00eda de cultivo para que puedas consultar cuando quieras. \u00a1No te lo pierdas!\" \/>\n<meta name=\"robots\" content=\"index, follow, max-snippet:-1, max-image-preview:large, max-video-preview:-1\" \/>\n<link rel=\"canonical\" href=\"https:\/\/www.cannabislandia.com\/blog\/preguntas-frecuentes-cultivo-marihuana\/\" \/>\n<meta property=\"og:locale\" content=\"es_ES\" \/>\n<meta property=\"og:type\" content=\"article\" \/>\n<meta property=\"og:title\" content=\"Preguntas Frecuentes\" \/>\n<meta property=\"og:description\" content=\"En Cannabislandia hemos recopilado una gran cantidad de informaci\u00f3n a modo de gu\u00eda de cultivo para que puedas consultar cuando quieras. \u00a1No te lo pierdas!\" \/>\n<meta property=\"og:url\" content=\"https:\/\/www.cannabislandia.com\/blog\/preguntas-frecuentes-cultivo-marihuana\/\" \/>\n<meta property=\"og:site_name\" content=\"Cannabislandia\" \/>\n<meta property=\"article:publisher\" content=\"https:\/\/www.facebook.com\/people\/Cannabislandia\/100064696326447\/\" \/>\n<meta property=\"article:modified_time\" content=\"2019-02-27T12:02:20+00:00\" \/>\n<meta property=\"og:image\" content=\"https:\/\/www.cannabislandia.com\/blog\/wp-content\/uploads\/2014\/02\/preg-frec.jpg\" \/>\n\t<meta property=\"og:image:width\" content=\"720\" \/>\n\t<meta property=\"og:image:height\" content=\"340\" \/>\n\t<meta property=\"og:image:type\" content=\"image\/jpeg\" \/>\n<meta name=\"twitter:card\" content=\"summary_large_image\" \/>\n<meta name=\"twitter:site\" content=\"@cannabislandia\" \/>\n<meta name=\"twitter:label1\" content=\"Tiempo de lectura\" \/>\n\t<meta name=\"twitter:data1\" content=\"2 minutos\" \/>\n<script type=\"application\/ld+json\" class=\"yoast-schema-graph\">{\"@context\":\"https:\/\/schema.org\",\"@graph\":[{\"@type\":\"WebPage\",\"@id\":\"https:\/\/www.cannabislandia.com\/blog\/preguntas-frecuentes-cultivo-marihuana\/\",\"url\":\"https:\/\/www.cannabislandia.com\/blog\/preguntas-frecuentes-cultivo-marihuana\/\",\"name\":\"Preguntas frecuentes sobre el cultivo de marihuana\",\"isPartOf\":{\"@id\":\"https:\/\/www.cannabislandia.com\/blog\/#website\"},\"datePublished\":\"2014-02-27T12:22:10+00:00\",\"dateModified\":\"2019-02-27T12:02:20+00:00\",\"description\":\"En Cannabislandia hemos recopilado una gran cantidad de informaci\u00f3n a modo de gu\u00eda de cultivo para que puedas consultar cuando quieras. \u00a1No te lo pierdas!\",\"breadcrumb\":{\"@id\":\"https:\/\/www.cannabislandia.com\/blog\/preguntas-frecuentes-cultivo-marihuana\/#breadcrumb\"},\"inLanguage\":\"es\",\"potentialAction\":[{\"@type\":\"ReadAction\",\"target\":[\"https:\/\/www.cannabislandia.com\/blog\/preguntas-frecuentes-cultivo-marihuana\/\"]}]},{\"@type\":\"BreadcrumbList\",\"@id\":\"https:\/\/www.cannabislandia.com\/blog\/preguntas-frecuentes-cultivo-marihuana\/#breadcrumb\",\"itemListElement\":[{\"@type\":\"ListItem\",\"position\":1,\"name\":\"Inicio\",\"item\":\"https:\/\/www.cannabislandia.com\/blog\/\"},{\"@type\":\"ListItem\",\"position\":2,\"name\":\"Preguntas Frecuentes\"}]},{\"@type\":\"WebSite\",\"@id\":\"https:\/\/www.cannabislandia.com\/blog\/#website\",\"url\":\"https:\/\/www.cannabislandia.com\/blog\/\",\"name\":\"Cannabislandia\",\"description\":\"Blog cann\u00e1bico donde encontrar\u00e1s las \u00faltimas noticias, novedades, gu\u00edas, recetas, promociones, curiosidades y todo lo relacionado con la marihuana\",\"publisher\":{\"@id\":\"https:\/\/www.cannabislandia.com\/blog\/#organization\"},\"potentialAction\":[{\"@type\":\"SearchAction\",\"target\":{\"@type\":\"EntryPoint\",\"urlTemplate\":\"https:\/\/www.cannabislandia.com\/blog\/?s={search_term_string}\"},\"query-input\":\"required name=search_term_string\"}],\"inLanguage\":\"es\"},{\"@type\":\"Organization\",\"@id\":\"https:\/\/www.cannabislandia.com\/blog\/#organization\",\"name\":\"Cannabislandia\",\"url\":\"https:\/\/www.cannabislandia.com\/blog\/\",\"logo\":{\"@type\":\"ImageObject\",\"inLanguage\":\"es\",\"@id\":\"https:\/\/www.cannabislandia.com\/blog\/#\/schema\/logo\/image\/\",\"url\":\"https:\/\/www.cannabislandia.com\/blog\/wp-content\/uploads\/2015\/12\/logo.jpg\",\"contentUrl\":\"https:\/\/www.cannabislandia.com\/blog\/wp-content\/uploads\/2015\/12\/logo.jpg\",\"width\":145,\"height\":145,\"caption\":\"Cannabislandia\"},\"image\":{\"@id\":\"https:\/\/www.cannabislandia.com\/blog\/#\/schema\/logo\/image\/\"},\"sameAs\":[\"https:\/\/www.instagram.com\/cannabislandia_grow\/\",\"https:\/\/www.facebook.com\/people\/Cannabislandia\/100064696326447\/\",\"https:\/\/twitter.com\/cannabislandia\"]}]}<\/script>\n<!-- \/ Yoast SEO Premium plugin. -->","yoast_head_json":{"title":"Preguntas frecuentes sobre el cultivo de marihuana","description":"En Cannabislandia hemos recopilado una gran cantidad de informaci\u00f3n a modo de gu\u00eda de cultivo para que puedas consultar cuando quieras. \u00a1No te lo pierdas!","robots":{"index":"index","follow":"follow","max-snippet":"max-snippet:-1","max-image-preview":"max-image-preview:large","max-video-preview":"max-video-preview:-1"},"canonical":"https:\/\/www.cannabislandia.com\/blog\/preguntas-frecuentes-cultivo-marihuana\/","og_locale":"es_ES","og_type":"article","og_title":"Preguntas Frecuentes","og_description":"En Cannabislandia hemos recopilado una gran cantidad de informaci\u00f3n a modo de gu\u00eda de cultivo para que puedas consultar cuando quieras. \u00a1No te lo pierdas!","og_url":"https:\/\/www.cannabislandia.com\/blog\/preguntas-frecuentes-cultivo-marihuana\/","og_site_name":"Cannabislandia","article_publisher":"https:\/\/www.facebook.com\/people\/Cannabislandia\/100064696326447\/","article_modified_time":"2019-02-27T12:02:20+00:00","og_image":[{"width":720,"height":340,"url":"https:\/\/www.cannabislandia.com\/blog\/wp-content\/uploads\/2014\/02\/preg-frec.jpg","type":"image\/jpeg"}],"twitter_card":"summary_large_image","twitter_site":"@cannabislandia","twitter_misc":{"Tiempo de lectura":"2 minutos"},"schema":{"@context":"https:\/\/schema.org","@graph":[{"@type":"WebPage","@id":"https:\/\/www.cannabislandia.com\/blog\/preguntas-frecuentes-cultivo-marihuana\/","url":"https:\/\/www.cannabislandia.com\/blog\/preguntas-frecuentes-cultivo-marihuana\/","name":"Preguntas frecuentes sobre el cultivo de marihuana","isPartOf":{"@id":"https:\/\/www.cannabislandia.com\/blog\/#website"},"datePublished":"2014-02-27T12:22:10+00:00","dateModified":"2019-02-27T12:02:20+00:00","description":"En Cannabislandia hemos recopilado una gran cantidad de informaci\u00f3n a modo de gu\u00eda de cultivo para que puedas consultar cuando quieras. \u00a1No te lo pierdas!","breadcrumb":{"@id":"https:\/\/www.cannabislandia.com\/blog\/preguntas-frecuentes-cultivo-marihuana\/#breadcrumb"},"inLanguage":"es","potentialAction":[{"@type":"ReadAction","target":["https:\/\/www.cannabislandia.com\/blog\/preguntas-frecuentes-cultivo-marihuana\/"]}]},{"@type":"BreadcrumbList","@id":"https:\/\/www.cannabislandia.com\/blog\/preguntas-frecuentes-cultivo-marihuana\/#breadcrumb","itemListElement":[{"@type":"ListItem","position":1,"name":"Inicio","item":"https:\/\/www.cannabislandia.com\/blog\/"},{"@type":"ListItem","position":2,"name":"Preguntas Frecuentes"}]},{"@type":"WebSite","@id":"https:\/\/www.cannabislandia.com\/blog\/#website","url":"https:\/\/www.cannabislandia.com\/blog\/","name":"Cannabislandia","description":"Blog cann\u00e1bico donde encontrar\u00e1s las \u00faltimas noticias, novedades, gu\u00edas, recetas, promociones, curiosidades y todo lo relacionado con la marihuana","publisher":{"@id":"https:\/\/www.cannabislandia.com\/blog\/#organization"},"potentialAction":[{"@type":"SearchAction","target":{"@type":"EntryPoint","urlTemplate":"https:\/\/www.cannabislandia.com\/blog\/?s={search_term_string}"},"query-input":"required name=search_term_string"}],"inLanguage":"es"},{"@type":"Organization","@id":"https:\/\/www.cannabislandia.com\/blog\/#organization","name":"Cannabislandia","url":"https:\/\/www.cannabislandia.com\/blog\/","logo":{"@type":"ImageObject","inLanguage":"es","@id":"https:\/\/www.cannabislandia.com\/blog\/#\/schema\/logo\/image\/","url":"https:\/\/www.cannabislandia.com\/blog\/wp-content\/uploads\/2015\/12\/logo.jpg","contentUrl":"https:\/\/www.cannabislandia.com\/blog\/wp-content\/uploads\/2015\/12\/logo.jpg","width":145,"height":145,"caption":"Cannabislandia"},"image":{"@id":"https:\/\/www.cannabislandia.com\/blog\/#\/schema\/logo\/image\/"},"sameAs":["https:\/\/www.instagram.com\/cannabislandia_grow\/","https:\/\/www.facebook.com\/people\/Cannabislandia\/100064696326447\/","https:\/\/twitter.com\/cannabislandia"]}]}},"_links":{"self":[{"href":"https:\/\/www.cannabislandia.com\/blog\/wp-json\/wp\/v2\/pages\/312"}],"collection":[{"href":"https:\/\/www.cannabislandia.com\/blog\/wp-json\/wp\/v2\/pages"}],"about":[{"href":"https:\/\/www.cannabislandia.com\/blog\/wp-json\/wp\/v2\/types\/page"}],"author":[{"embeddable":true,"href":"https:\/\/www.cannabislandia.com\/blog\/wp-json\/wp\/v2\/users\/2"}],"replies":[{"embeddable":true,"href":"https:\/\/www.cannabislandia.com\/blog\/wp-json\/wp\/v2\/comments?post=312"}],"version-history":[{"count":15,"href":"https:\/\/www.cannabislandia.com\/blog\/wp-json\/wp\/v2\/pages\/312\/revisions"}],"predecessor-version":[{"id":10695,"href":"https:\/\/www.cannabislandia.com\/blog\/wp-json\/wp\/v2\/pages\/312\/revisions\/10695"}],"wp:featuredmedia":[{"embeddable":true,"href":"https:\/\/www.cannabislandia.com\/blog\/wp-json\/wp\/v2\/media\/7585"}],"wp:attachment":[{"href":"https:\/\/www.cannabislandia.com\/blog\/wp-json\/wp\/v2\/media?parent=312"}],"curies":[{"name":"wp","href":"https:\/\/api.w.org\/{rel}","templated":true}]}}