{"id":2702,"date":"2016-03-10T18:15:31","date_gmt":"2016-03-10T17:15:31","guid":{"rendered":"https:\/\/www.cannabislandia.com\/blog\/?page_id=2702"},"modified":"2021-04-07T11:08:31","modified_gmt":"2021-04-07T09:08:31","slug":"cyco","status":"publish","type":"page","link":"https:\/\/www.cannabislandia.com\/blog\/tablas-de-cultivo\/cyco\/","title":{"rendered":"Tablas de cultivo Cyco"},"content":{"rendered":"<h2>Cultivo de Cyco<\/h2>\n<h3><strong>B\u00c1SICO<\/strong><\/h3>\n<p><a href=\"https:\/\/www.cannabislandia.com\/blog\/wp-content\/uploads\/2016\/03\/tabla-de-cultivo-cyco-basic-metric.jpg\" data-rel=\"lightbox-image-0\" data-rl_title=\"\" data-rl_caption=\"\" title=\"\"><img loading=\"lazy\" decoding=\"async\" loading=\"lazy\" class=\"aligncenter wp-image-2703\" src=\"https:\/\/www.cannabislandia.com\/blog\/wp-content\/uploads\/2016\/03\/tabla-de-cultivo-cyco-basic-metric.jpg\" alt=\"tabla-de-cultivo-cyco-basic-metric\" width=\"800\" height=\"590\" srcset=\"https:\/\/www.cannabislandia.com\/blog\/wp-content\/uploads\/2016\/03\/tabla-de-cultivo-cyco-basic-metric.jpg 1389w, https:\/\/www.cannabislandia.com\/blog\/wp-content\/uploads\/2016\/03\/tabla-de-cultivo-cyco-basic-metric-300x221.jpg 300w, https:\/\/www.cannabislandia.com\/blog\/wp-content\/uploads\/2016\/03\/tabla-de-cultivo-cyco-basic-metric-768x566.jpg 768w, https:\/\/www.cannabislandia.com\/blog\/wp-content\/uploads\/2016\/03\/tabla-de-cultivo-cyco-basic-metric-1024x755.jpg 1024w\" sizes=\"(max-width: 800px) 100vw, 800px\" \/><\/a><\/p>\n<h3>AVANZADO<\/h3>\n<p><a href=\"https:\/\/www.cannabislandia.com\/blog\/wp-content\/uploads\/2016\/03\/tabla-de-cultivo-cyco-advanced-metric.jpg\" data-rel=\"lightbox-image-1\" data-rl_title=\"\" data-rl_caption=\"\" title=\"\"><img loading=\"lazy\" decoding=\"async\" loading=\"lazy\" class=\"aligncenter wp-image-2705\" src=\"https:\/\/www.cannabislandia.com\/blog\/wp-content\/uploads\/2016\/03\/tabla-de-cultivo-cyco-advanced-metric.jpg\" alt=\"tabla-de-cultivo-cyco-advanced-metric\" width=\"800\" height=\"589\" srcset=\"https:\/\/www.cannabislandia.com\/blog\/wp-content\/uploads\/2016\/03\/tabla-de-cultivo-cyco-advanced-metric.jpg 1391w, https:\/\/www.cannabislandia.com\/blog\/wp-content\/uploads\/2016\/03\/tabla-de-cultivo-cyco-advanced-metric-300x221.jpg 300w, https:\/\/www.cannabislandia.com\/blog\/wp-content\/uploads\/2016\/03\/tabla-de-cultivo-cyco-advanced-metric-768x566.jpg 768w, https:\/\/www.cannabislandia.com\/blog\/wp-content\/uploads\/2016\/03\/tabla-de-cultivo-cyco-advanced-metric-1024x754.jpg 1024w\" sizes=\"(max-width: 800px) 100vw, 800px\" \/><\/a><\/p>\n<h3>COMERCIAL<\/h3>\n<h4><a href=\"https:\/\/www.cannabislandia.com\/blog\/wp-content\/uploads\/2016\/03\/tabla-de-cultivo-cyco-commercial-metric.jpg\" data-rel=\"lightbox-image-2\" data-rl_title=\"\" data-rl_caption=\"\" title=\"\"><img loading=\"lazy\" decoding=\"async\" loading=\"lazy\" class=\"aligncenter wp-image-2707\" src=\"https:\/\/www.cannabislandia.com\/blog\/wp-content\/uploads\/2016\/03\/tabla-de-cultivo-cyco-commercial-metric.jpg\" alt=\"tabla-de-cultivo-cyco-commercial-metric\" width=\"800\" height=\"590\" srcset=\"https:\/\/www.cannabislandia.com\/blog\/wp-content\/uploads\/2016\/03\/tabla-de-cultivo-cyco-commercial-metric.jpg 1389w, https:\/\/www.cannabislandia.com\/blog\/wp-content\/uploads\/2016\/03\/tabla-de-cultivo-cyco-commercial-metric-300x221.jpg 300w, https:\/\/www.cannabislandia.com\/blog\/wp-content\/uploads\/2016\/03\/tabla-de-cultivo-cyco-commercial-metric-768x566.jpg 768w, https:\/\/www.cannabislandia.com\/blog\/wp-content\/uploads\/2016\/03\/tabla-de-cultivo-cyco-commercial-metric-1024x755.jpg 1024w\" sizes=\"(max-width: 800px) 100vw, 800px\" \/><\/a><\/h4>\n<h3>DWC<\/h3>\n<p><a href=\"https:\/\/www.cannabislandia.com\/blog\/wp-content\/uploads\/2016\/03\/Cyco-DWC.jpg\" data-rel=\"lightbox-image-3\" data-rl_title=\"\" data-rl_caption=\"\" title=\"\"><img loading=\"lazy\" decoding=\"async\" loading=\"lazy\" class=\"alignnone size-large wp-image-12107\" src=\"https:\/\/www.cannabislandia.com\/blog\/wp-content\/uploads\/2016\/03\/Cyco-DWC-1024x762.jpg\" alt=\"\" width=\"1024\" height=\"762\" srcset=\"https:\/\/www.cannabislandia.com\/blog\/wp-content\/uploads\/2016\/03\/Cyco-DWC-1024x762.jpg 1024w, https:\/\/www.cannabislandia.com\/blog\/wp-content\/uploads\/2016\/03\/Cyco-DWC-300x223.jpg 300w, https:\/\/www.cannabislandia.com\/blog\/wp-content\/uploads\/2016\/03\/Cyco-DWC-768x571.jpg 768w, https:\/\/www.cannabislandia.com\/blog\/wp-content\/uploads\/2016\/03\/Cyco-DWC.jpg 1377w\" sizes=\"(max-width: 1024px) 100vw, 1024px\" \/><\/a><\/p>\n<h3>TIERRA<\/h3>\n<h4><a href=\"https:\/\/www.cannabislandia.com\/blog\/wp-content\/uploads\/2016\/03\/tabla-de-cultivo-cyco-soil-metric.jpg\" data-rel=\"lightbox-image-4\" data-rl_title=\"\" data-rl_caption=\"\" title=\"\"><img loading=\"lazy\" decoding=\"async\" loading=\"lazy\" class=\"aligncenter wp-image-2709\" src=\"https:\/\/www.cannabislandia.com\/blog\/wp-content\/uploads\/2016\/03\/tabla-de-cultivo-cyco-soil-metric.jpg\" alt=\"tabla-de-cultivo-cyco-soil-metric\" width=\"800\" height=\"590\" srcset=\"https:\/\/www.cannabislandia.com\/blog\/wp-content\/uploads\/2016\/03\/tabla-de-cultivo-cyco-soil-metric.jpg 1389w, https:\/\/www.cannabislandia.com\/blog\/wp-content\/uploads\/2016\/03\/tabla-de-cultivo-cyco-soil-metric-300x221.jpg 300w, https:\/\/www.cannabislandia.com\/blog\/wp-content\/uploads\/2016\/03\/tabla-de-cultivo-cyco-soil-metric-768x566.jpg 768w, https:\/\/www.cannabislandia.com\/blog\/wp-content\/uploads\/2016\/03\/tabla-de-cultivo-cyco-soil-metric-1024x755.jpg 1024w\" sizes=\"(max-width: 800px) 100vw, 800px\" \/><\/a><\/h4>\n<p><a href=\"https:\/\/www.cannabislandia.com\/es\/cyco_256\"><strong>Cyco<\/strong><\/a>\u00a0es una empresa de fertilizantes para marihuana creada en Australia. Cuenta con un equipo formado por cient\u00edficos, qu\u00edmicos y fisi\u00f3logos que han sido capaces de desarrollar una l\u00ednea de abonos y aditivos empleando la \u00faltima tecnolog\u00eda. Sus productos est\u00e1n elaborados con ingredientes que cuentan con el<strong> sello de grado farmac\u00e9utico<\/strong>, siendo hasta la fecha la \u00fanica compa\u00f1\u00eda con esta distinci\u00f3n. El resultado siempre sin cosechas con el contenido m\u00e1s bajo de metales pesados. Cyco garantiza una pureza del 98,8% en todos sus productos.<\/p>\n<p>Los abonos y aditivos de Cyco Platinium Series son muy f\u00e1ciles de usar y sobre todo efectivos. Son compatibles con cualquier medio de cultivo, sea tierra, coco e hidrop\u00f3nicos de circuito cerrado o soluci\u00f3n perdida. Adem\u00e1s el propio cultivador puede decidir qu\u00e9 inversi\u00f3n hacer y qu\u00e9 resultados esperar. Las <strong>tablas de cultivo<\/strong> que encontrar\u00e1s en nuestro blog cann\u00e1bico de Cannabislandia te ayudar\u00e1n tanto a usar las dosis m\u00e1s apropiadas seg\u00fan cada fase de cultivo, como combinar nutrientes base y aditivos de la mejor manera posible. Desde un programa de cultivo b\u00e1sico, hasta el m\u00e1s completo para conseguir siempre unos rendimientos de primera calidad.<\/p>\n<p>Los nutrientes base destacan por ser <strong>abonos en Dos Partes<\/strong> o conocidos como A+B. Si han optado por esto, es por que ciertos nutrientes puedes reaccionar entre s\u00ed cuando se encuentran en un mismo envase, como es el caso del calcio y azufre que forman un precipitado. Al usar dos envases para cada fase, consiguen mantener estos nutrientes separados que tan s\u00f3lo se unir\u00e1n en el momento de preparar la soluci\u00f3n nutritiva. En Cannabislandia adem\u00e1s de poder comprar al mejor precio estos geniales abonos, te puedes descargar todas las tablas de cultivo de Cyco Platinium Series.<\/p>\n<p style=\"text-align: right;\"><em>Actualizado el 20\/03\/2019.<\/em><\/p>\n<hr \/>\n<p style=\"text-align: center;\">La web oficial ofrece la posibilidad de hacer el calculo a medida: <a href=\"https:\/\/cycoflower.com\/nutrientsCalc\/usa\/basic.html\">B\u00e1sico\u00a0<\/a>\/\u00a0<a href=\"https:\/\/cycoflower.com\/nutrientsCalc\/usa\/advanced.html\">Avanzado<\/a>\/\u00a0<a href=\"https:\/\/cycoflower.com\/nutrientsCalc\/usa\/dwc.html\">Pro\u00a0DWC<\/a><\/p>\n<hr \/>\n<p style=\"text-align: center;\"><a href=\"https:\/\/www.cannabislandia.com\/es\/cyco_256\">Ir al cat\u00e1logo de\u00a0productos de <strong>Cyco<\/strong><\/a><\/p>\n<p style=\"text-align: center;\"><a href=\"https:\/\/www.cannabislandia.com\/blog\/tablas-de-cultivo\/\">Ir al men\u00fa de tablas de cultivo<\/a><\/p>\n","protected":false},"excerpt":{"rendered":"<p>Cultivo de Cyco B\u00c1SICO AVANZADO COMERCIAL DWC TIERRA Cyco\u00a0es una empresa de fertilizantes para marihuana creada en Australia. Cuenta con un equipo formado por cient\u00edficos, qu\u00edmicos y fisi\u00f3logos que han sido capaces de desarrollar una l\u00ednea de abonos y aditivos&#46;&#46;&#46;<\/p>\n","protected":false},"author":4,"featured_media":4778,"parent":998,"menu_order":0,"comment_status":"closed","ping_status":"closed","template":"","meta":[],"yoast_head":"<!-- This site is optimized with the Yoast SEO Premium plugin v19.7 (Yoast SEO v19.14) - https:\/\/yoast.com\/wordpress\/plugins\/seo\/ -->\n<title>Tablas de cultivo de Cyco | Descargar | Cultivo de marihuana<\/title>\n<meta name=\"description\" content=\"En Cannabislandia te puedes descargar las tablas de cultivo de Cyco para el cultivo de marihuana en interior y exterior en diferentes medios. \u00a1Vis\u00edtanos!\" \/>\n<meta name=\"robots\" content=\"index, follow, max-snippet:-1, max-image-preview:large, max-video-preview:-1\" \/>\n<link rel=\"canonical\" href=\"https:\/\/www.cannabislandia.com\/blog\/tablas-de-cultivo\/cyco\/\" \/>\n<meta property=\"og:locale\" content=\"es_ES\" \/>\n<meta property=\"og:type\" content=\"article\" \/>\n<meta property=\"og:title\" content=\"Tablas de cultivo Cyco\" \/>\n<meta property=\"og:description\" content=\"En Cannabislandia te puedes descargar las tablas de cultivo de Cyco para el cultivo de marihuana en interior y exterior en diferentes medios. \u00a1Vis\u00edtanos!\" \/>\n<meta property=\"og:url\" content=\"https:\/\/www.cannabislandia.com\/blog\/tablas-de-cultivo\/cyco\/\" \/>\n<meta property=\"og:site_name\" content=\"Cannabislandia\" \/>\n<meta property=\"article:publisher\" content=\"https:\/\/www.facebook.com\/people\/Cannabislandia\/100064696326447\/\" \/>\n<meta property=\"article:modified_time\" content=\"2021-04-07T09:08:31+00:00\" \/>\n<meta property=\"og:image\" content=\"https:\/\/www.cannabislandia.com\/blog\/wp-content\/uploads\/2016\/06\/cyco-portada.jpg\" \/>\n\t<meta property=\"og:image:width\" content=\"705\" \/>\n\t<meta property=\"og:image:height\" content=\"332\" \/>\n\t<meta property=\"og:image:type\" content=\"image\/jpeg\" \/>\n<meta name=\"twitter:card\" content=\"summary_large_image\" \/>\n<meta name=\"twitter:site\" content=\"@cannabislandia\" \/>\n<meta name=\"twitter:label1\" content=\"Tiempo de lectura\" \/>\n\t<meta name=\"twitter:data1\" content=\"2 minutos\" \/>\n<script type=\"application\/ld+json\" class=\"yoast-schema-graph\">{\"@context\":\"https:\/\/schema.org\",\"@graph\":[{\"@type\":\"WebPage\",\"@id\":\"https:\/\/www.cannabislandia.com\/blog\/tablas-de-cultivo\/cyco\/\",\"url\":\"https:\/\/www.cannabislandia.com\/blog\/tablas-de-cultivo\/cyco\/\",\"name\":\"Tablas de cultivo de Cyco | Descargar | Cultivo de marihuana\",\"isPartOf\":{\"@id\":\"https:\/\/www.cannabislandia.com\/blog\/#website\"},\"datePublished\":\"2016-03-10T17:15:31+00:00\",\"dateModified\":\"2021-04-07T09:08:31+00:00\",\"description\":\"En Cannabislandia te puedes descargar las tablas de cultivo de Cyco para el cultivo de marihuana en interior y exterior en diferentes medios. \u00a1Vis\u00edtanos!\",\"breadcrumb\":{\"@id\":\"https:\/\/www.cannabislandia.com\/blog\/tablas-de-cultivo\/cyco\/#breadcrumb\"},\"inLanguage\":\"es\",\"potentialAction\":[{\"@type\":\"ReadAction\",\"target\":[\"https:\/\/www.cannabislandia.com\/blog\/tablas-de-cultivo\/cyco\/\"]}]},{\"@type\":\"BreadcrumbList\",\"@id\":\"https:\/\/www.cannabislandia.com\/blog\/tablas-de-cultivo\/cyco\/#breadcrumb\",\"itemListElement\":[{\"@type\":\"ListItem\",\"position\":1,\"name\":\"Inicio\",\"item\":\"https:\/\/www.cannabislandia.com\/blog\/\"},{\"@type\":\"ListItem\",\"position\":2,\"name\":\"Tablas de cultivo y abonado\",\"item\":\"https:\/\/www.cannabislandia.com\/blog\/tablas-de-cultivo\/\"},{\"@type\":\"ListItem\",\"position\":3,\"name\":\"Tablas de cultivo Cyco\"}]},{\"@type\":\"WebSite\",\"@id\":\"https:\/\/www.cannabislandia.com\/blog\/#website\",\"url\":\"https:\/\/www.cannabislandia.com\/blog\/\",\"name\":\"Cannabislandia\",\"description\":\"Blog cann\u00e1bico donde encontrar\u00e1s las \u00faltimas noticias, novedades, gu\u00edas, recetas, promociones, curiosidades y todo lo relacionado con la marihuana\",\"publisher\":{\"@id\":\"https:\/\/www.cannabislandia.com\/blog\/#organization\"},\"potentialAction\":[{\"@type\":\"SearchAction\",\"target\":{\"@type\":\"EntryPoint\",\"urlTemplate\":\"https:\/\/www.cannabislandia.com\/blog\/?s={search_term_string}\"},\"query-input\":\"required name=search_term_string\"}],\"inLanguage\":\"es\"},{\"@type\":\"Organization\",\"@id\":\"https:\/\/www.cannabislandia.com\/blog\/#organization\",\"name\":\"Cannabislandia\",\"url\":\"https:\/\/www.cannabislandia.com\/blog\/\",\"logo\":{\"@type\":\"ImageObject\",\"inLanguage\":\"es\",\"@id\":\"https:\/\/www.cannabislandia.com\/blog\/#\/schema\/logo\/image\/\",\"url\":\"https:\/\/www.cannabislandia.com\/blog\/wp-content\/uploads\/2015\/12\/logo.jpg\",\"contentUrl\":\"https:\/\/www.cannabislandia.com\/blog\/wp-content\/uploads\/2015\/12\/logo.jpg\",\"width\":145,\"height\":145,\"caption\":\"Cannabislandia\"},\"image\":{\"@id\":\"https:\/\/www.cannabislandia.com\/blog\/#\/schema\/logo\/image\/\"},\"sameAs\":[\"https:\/\/www.instagram.com\/cannabislandia_grow\/\",\"https:\/\/www.facebook.com\/people\/Cannabislandia\/100064696326447\/\",\"https:\/\/twitter.com\/cannabislandia\"]}]}<\/script>\n<!-- \/ Yoast SEO Premium plugin. -->","yoast_head_json":{"title":"Tablas de cultivo de Cyco | Descargar | Cultivo de marihuana","description":"En Cannabislandia te puedes descargar las tablas de cultivo de Cyco para el cultivo de marihuana en interior y exterior en diferentes medios. \u00a1Vis\u00edtanos!","robots":{"index":"index","follow":"follow","max-snippet":"max-snippet:-1","max-image-preview":"max-image-preview:large","max-video-preview":"max-video-preview:-1"},"canonical":"https:\/\/www.cannabislandia.com\/blog\/tablas-de-cultivo\/cyco\/","og_locale":"es_ES","og_type":"article","og_title":"Tablas de cultivo Cyco","og_description":"En Cannabislandia te puedes descargar las tablas de cultivo de Cyco para el cultivo de marihuana en interior y exterior en diferentes medios. \u00a1Vis\u00edtanos!","og_url":"https:\/\/www.cannabislandia.com\/blog\/tablas-de-cultivo\/cyco\/","og_site_name":"Cannabislandia","article_publisher":"https:\/\/www.facebook.com\/people\/Cannabislandia\/100064696326447\/","article_modified_time":"2021-04-07T09:08:31+00:00","og_image":[{"width":705,"height":332,"url":"https:\/\/www.cannabislandia.com\/blog\/wp-content\/uploads\/2016\/06\/cyco-portada.jpg","type":"image\/jpeg"}],"twitter_card":"summary_large_image","twitter_site":"@cannabislandia","twitter_misc":{"Tiempo de lectura":"2 minutos"},"schema":{"@context":"https:\/\/schema.org","@graph":[{"@type":"WebPage","@id":"https:\/\/www.cannabislandia.com\/blog\/tablas-de-cultivo\/cyco\/","url":"https:\/\/www.cannabislandia.com\/blog\/tablas-de-cultivo\/cyco\/","name":"Tablas de cultivo de Cyco | Descargar | Cultivo de marihuana","isPartOf":{"@id":"https:\/\/www.cannabislandia.com\/blog\/#website"},"datePublished":"2016-03-10T17:15:31+00:00","dateModified":"2021-04-07T09:08:31+00:00","description":"En Cannabislandia te puedes descargar las tablas de cultivo de Cyco para el cultivo de marihuana en interior y exterior en diferentes medios. \u00a1Vis\u00edtanos!","breadcrumb":{"@id":"https:\/\/www.cannabislandia.com\/blog\/tablas-de-cultivo\/cyco\/#breadcrumb"},"inLanguage":"es","potentialAction":[{"@type":"ReadAction","target":["https:\/\/www.cannabislandia.com\/blog\/tablas-de-cultivo\/cyco\/"]}]},{"@type":"BreadcrumbList","@id":"https:\/\/www.cannabislandia.com\/blog\/tablas-de-cultivo\/cyco\/#breadcrumb","itemListElement":[{"@type":"ListItem","position":1,"name":"Inicio","item":"https:\/\/www.cannabislandia.com\/blog\/"},{"@type":"ListItem","position":2,"name":"Tablas de cultivo y abonado","item":"https:\/\/www.cannabislandia.com\/blog\/tablas-de-cultivo\/"},{"@type":"ListItem","position":3,"name":"Tablas de cultivo Cyco"}]},{"@type":"WebSite","@id":"https:\/\/www.cannabislandia.com\/blog\/#website","url":"https:\/\/www.cannabislandia.com\/blog\/","name":"Cannabislandia","description":"Blog cann\u00e1bico donde encontrar\u00e1s las \u00faltimas noticias, novedades, gu\u00edas, recetas, promociones, curiosidades y todo lo relacionado con la marihuana","publisher":{"@id":"https:\/\/www.cannabislandia.com\/blog\/#organization"},"potentialAction":[{"@type":"SearchAction","target":{"@type":"EntryPoint","urlTemplate":"https:\/\/www.cannabislandia.com\/blog\/?s={search_term_string}"},"query-input":"required name=search_term_string"}],"inLanguage":"es"},{"@type":"Organization","@id":"https:\/\/www.cannabislandia.com\/blog\/#organization","name":"Cannabislandia","url":"https:\/\/www.cannabislandia.com\/blog\/","logo":{"@type":"ImageObject","inLanguage":"es","@id":"https:\/\/www.cannabislandia.com\/blog\/#\/schema\/logo\/image\/","url":"https:\/\/www.cannabislandia.com\/blog\/wp-content\/uploads\/2015\/12\/logo.jpg","contentUrl":"https:\/\/www.cannabislandia.com\/blog\/wp-content\/uploads\/2015\/12\/logo.jpg","width":145,"height":145,"caption":"Cannabislandia"},"image":{"@id":"https:\/\/www.cannabislandia.com\/blog\/#\/schema\/logo\/image\/"},"sameAs":["https:\/\/www.instagram.com\/cannabislandia_grow\/","https:\/\/www.facebook.com\/people\/Cannabislandia\/100064696326447\/","https:\/\/twitter.com\/cannabislandia"]}]}},"_links":{"self":[{"href":"https:\/\/www.cannabislandia.com\/blog\/wp-json\/wp\/v2\/pages\/2702"}],"collection":[{"href":"https:\/\/www.cannabislandia.com\/blog\/wp-json\/wp\/v2\/pages"}],"about":[{"href":"https:\/\/www.cannabislandia.com\/blog\/wp-json\/wp\/v2\/types\/page"}],"author":[{"embeddable":true,"href":"https:\/\/www.cannabislandia.com\/blog\/wp-json\/wp\/v2\/users\/4"}],"replies":[{"embeddable":true,"href":"https:\/\/www.cannabislandia.com\/blog\/wp-json\/wp\/v2\/comments?post=2702"}],"version-history":[{"count":19,"href":"https:\/\/www.cannabislandia.com\/blog\/wp-json\/wp\/v2\/pages\/2702\/revisions"}],"predecessor-version":[{"id":13592,"href":"https:\/\/www.cannabislandia.com\/blog\/wp-json\/wp\/v2\/pages\/2702\/revisions\/13592"}],"up":[{"embeddable":true,"href":"https:\/\/www.cannabislandia.com\/blog\/wp-json\/wp\/v2\/pages\/998"}],"wp:featuredmedia":[{"embeddable":true,"href":"https:\/\/www.cannabislandia.com\/blog\/wp-json\/wp\/v2\/media\/4778"}],"wp:attachment":[{"href":"https:\/\/www.cannabislandia.com\/blog\/wp-json\/wp\/v2\/media?parent=2702"}],"curies":[{"name":"wp","href":"https:\/\/api.w.org\/{rel}","templated":true}]}}