{"id":2699,"date":"2016-03-10T17:45:18","date_gmt":"2016-03-10T16:45:18","guid":{"rendered":"https:\/\/www.cannabislandia.com\/blog\/?page_id=2699"},"modified":"2019-03-21T11:09:55","modified_gmt":"2019-03-21T10:09:55","slug":"cannabiogen-2","status":"publish","type":"page","link":"https:\/\/www.cannabislandia.com\/blog\/tablas-de-cultivo\/cannabiogen-2\/","title":{"rendered":"Tablas de cultivo CannaBioGen"},"content":{"rendered":"<h2>Tablas de cultivo de CannaBioGen<\/h2>\n<p><img loading=\"lazy\" decoding=\"async\" loading=\"lazy\" class=\"aligncenter size-large wp-image-9564\" src=\"https:\/\/www.cannabislandia.com\/blog\/wp-content\/uploads\/2016\/03\/7efa738b4058266fa3cd74110e06a854-1024x730.jpg\" alt=\"\" width=\"1024\" height=\"730\" srcset=\"https:\/\/www.cannabislandia.com\/blog\/wp-content\/uploads\/2016\/03\/7efa738b4058266fa3cd74110e06a854.jpg 1024w, https:\/\/www.cannabislandia.com\/blog\/wp-content\/uploads\/2016\/03\/7efa738b4058266fa3cd74110e06a854-300x214.jpg 300w, https:\/\/www.cannabislandia.com\/blog\/wp-content\/uploads\/2016\/03\/7efa738b4058266fa3cd74110e06a854-768x548.jpg 768w\" sizes=\"(max-width: 1024px) 100vw, 1024px\" \/><\/p>\n<p>&nbsp;<\/p>\n<p><a href=\"https:\/\/www.cannabislandia.com\/es\/cannabiogen-seeds_14\"><strong>Cannabiogen<\/strong> <\/a>es uno de los bancos de semillas de marihuana m\u00e1s prestigiosos a nivel mundial, con la mente puesta en la preservaci\u00f3n gen\u00e9tica. En tiempo donde el mercado lo dominan los h\u00edbridos, el poder seguir teniendo acceso a variedades tan poco comunes como las landraces siempre es de agradecer. En su cat\u00e1logo nos podemos encontrar variedades \u00edndicas y sativas procedentes de los pa\u00edses m\u00e1s ex\u00f3ticos del planeta, muchas de ellas la base de los h\u00edbridos actuales.<\/p>\n<p>Pero Cannabiogen tambi\u00e9n destaca por sus <strong><a href=\"https:\/\/www.cannabislandia.com\/es\/cannabiogen-fertilizantes_273\">nutrientes para el cultivo de marihuana<\/a><\/strong>. Desde hace a\u00f1os <strong>Delta Nueve<\/strong> es considerado como uno de los mejores estimuladores\/potenciadores de floraci\u00f3n. A\u00f1os m\u00e1s tarde la familia aument\u00f3 con <strong>Delta Ocho y Delta Diez<\/strong>, dos abonos de crecimiento y floraci\u00f3n. Para terminar, la \u00faltima incorporaci\u00f3n ha sido <strong>Delta Uno<\/strong>, un estimulador de ra\u00edces para las primeras fases del cultivo y los trasplantes. R\u00e1pidamente y vistos los antecedentes de Delta 9, son muchos los cultivadores de todo el mundo que conf\u00edan en la familia Delta para alimentar sus plantas.<\/p>\n<p>La l\u00ednea de abonos Cannabiogen es muy sencilla de usar al constar <strong>tan s\u00f3lo de 4 productos<\/strong>. Todos y cada uno de ellos est\u00e1 concebido para ofrecerle a las plantas los macronutrientes, nutrientes secundarios y micronutrientes necesarios, adem\u00e1s de vitaminas, amino\u00e1cidos y un sin fin de compuestos. En conjunto, las plantas crecer\u00e1n r\u00e1pidamente, con un sistema radicular muy desarrollado y con unas floraciones realmente espectaculares.<\/p>\n<p>En nuestro blog de marihuana y cannabis de Cannabislandia ponemos a tu disposici\u00f3n las tablas de cultivo de los fertilizantes y aditivos de Cannabiogen. Podr\u00e1s descarg\u00e1rtela o consultar siempre que lo desees. Sin duda te ayudar\u00e1 a combinar Delta 8, Delta\u00a09 y Delta 10 de la mejor manera posible y con las dosis m\u00e1s apropiadas. Te garantizamos que los mejores rendimientos siempre estar\u00e1n asegurados.<\/p>\n<p style=\"text-align: right;\"><em>Actualizado el 15\/3\/19<\/em><\/p>\n<hr \/>\n<p style=\"text-align: center;\"><a href=\" https:\/\/www.cannabislandia.com\/es\/cannabiogen-fertilizantes_273\">Ir al cat\u00e1logo de\u00a0productos de <strong>CannaBioGen<\/strong><\/a><\/p>\n<p style=\"text-align: center;\"><a href=\"https:\/\/www.cannabislandia.com\/blog\/tablas-de-cultivo\/\">Ir al men\u00fa de tablas de cultivo<\/a><\/p>\n","protected":false},"excerpt":{"rendered":"<p>Tablas de cultivo de CannaBioGen &nbsp; Cannabiogen es uno de los bancos de semillas de marihuana m\u00e1s prestigiosos a nivel mundial, con la mente puesta en la preservaci\u00f3n gen\u00e9tica. En tiempo donde el mercado lo dominan los h\u00edbridos, el poder&#46;&#46;&#46;<\/p>\n","protected":false},"author":4,"featured_media":4143,"parent":998,"menu_order":0,"comment_status":"closed","ping_status":"closed","template":"","meta":[],"yoast_head":"<!-- This site is optimized with the Yoast SEO Premium plugin v19.7 (Yoast SEO v19.14) - https:\/\/yoast.com\/wordpress\/plugins\/seo\/ -->\n<title>Tablas de cultivo de CannaBioGen | Fertilizantes | Descargar<\/title>\n<meta name=\"description\" content=\"En Cannabislandia te puedes descargar las tablas de cultivo de Cannabibiogen para usar sus fertilizantes en cultivos de marihuana \u00a1No esperes m\u00e1s y entra!\" \/>\n<meta name=\"robots\" content=\"index, follow, max-snippet:-1, max-image-preview:large, max-video-preview:-1\" \/>\n<link rel=\"canonical\" href=\"https:\/\/www.cannabislandia.com\/blog\/tablas-de-cultivo\/cannabiogen-2\/\" \/>\n<meta property=\"og:locale\" content=\"es_ES\" \/>\n<meta property=\"og:type\" content=\"article\" \/>\n<meta property=\"og:title\" content=\"Tablas de cultivo CannaBioGen\" \/>\n<meta property=\"og:description\" content=\"En Cannabislandia te puedes descargar las tablas de cultivo de Cannabibiogen para usar sus fertilizantes en cultivos de marihuana \u00a1No esperes m\u00e1s y entra!\" \/>\n<meta property=\"og:url\" content=\"https:\/\/www.cannabislandia.com\/blog\/tablas-de-cultivo\/cannabiogen-2\/\" \/>\n<meta property=\"og:site_name\" content=\"Cannabislandia\" \/>\n<meta property=\"article:publisher\" content=\"https:\/\/www.facebook.com\/people\/Cannabislandia\/100064696326447\/\" \/>\n<meta property=\"article:modified_time\" content=\"2019-03-21T10:09:55+00:00\" \/>\n<meta property=\"og:image\" content=\"https:\/\/www.cannabislandia.com\/blog\/wp-content\/uploads\/2016\/03\/Cannabiogen_portada.jpg\" \/>\n\t<meta property=\"og:image:width\" content=\"600\" \/>\n\t<meta property=\"og:image:height\" content=\"400\" \/>\n\t<meta property=\"og:image:type\" content=\"image\/jpeg\" \/>\n<meta name=\"twitter:card\" content=\"summary_large_image\" \/>\n<meta name=\"twitter:site\" content=\"@cannabislandia\" \/>\n<meta name=\"twitter:label1\" content=\"Tiempo de lectura\" \/>\n\t<meta name=\"twitter:data1\" content=\"2 minutos\" \/>\n<script type=\"application\/ld+json\" class=\"yoast-schema-graph\">{\"@context\":\"https:\/\/schema.org\",\"@graph\":[{\"@type\":\"WebPage\",\"@id\":\"https:\/\/www.cannabislandia.com\/blog\/tablas-de-cultivo\/cannabiogen-2\/\",\"url\":\"https:\/\/www.cannabislandia.com\/blog\/tablas-de-cultivo\/cannabiogen-2\/\",\"name\":\"Tablas de cultivo de CannaBioGen | Fertilizantes | Descargar\",\"isPartOf\":{\"@id\":\"https:\/\/www.cannabislandia.com\/blog\/#website\"},\"datePublished\":\"2016-03-10T16:45:18+00:00\",\"dateModified\":\"2019-03-21T10:09:55+00:00\",\"description\":\"En Cannabislandia te puedes descargar las tablas de cultivo de Cannabibiogen para usar sus fertilizantes en cultivos de marihuana \u00a1No esperes m\u00e1s y entra!\",\"breadcrumb\":{\"@id\":\"https:\/\/www.cannabislandia.com\/blog\/tablas-de-cultivo\/cannabiogen-2\/#breadcrumb\"},\"inLanguage\":\"es\",\"potentialAction\":[{\"@type\":\"ReadAction\",\"target\":[\"https:\/\/www.cannabislandia.com\/blog\/tablas-de-cultivo\/cannabiogen-2\/\"]}]},{\"@type\":\"BreadcrumbList\",\"@id\":\"https:\/\/www.cannabislandia.com\/blog\/tablas-de-cultivo\/cannabiogen-2\/#breadcrumb\",\"itemListElement\":[{\"@type\":\"ListItem\",\"position\":1,\"name\":\"Inicio\",\"item\":\"https:\/\/www.cannabislandia.com\/blog\/\"},{\"@type\":\"ListItem\",\"position\":2,\"name\":\"Tablas de cultivo y abonado\",\"item\":\"https:\/\/www.cannabislandia.com\/blog\/tablas-de-cultivo\/\"},{\"@type\":\"ListItem\",\"position\":3,\"name\":\"Tablas de cultivo CannaBioGen\"}]},{\"@type\":\"WebSite\",\"@id\":\"https:\/\/www.cannabislandia.com\/blog\/#website\",\"url\":\"https:\/\/www.cannabislandia.com\/blog\/\",\"name\":\"Cannabislandia\",\"description\":\"Blog cann\u00e1bico donde encontrar\u00e1s las \u00faltimas noticias, novedades, gu\u00edas, recetas, promociones, curiosidades y todo lo relacionado con la marihuana\",\"publisher\":{\"@id\":\"https:\/\/www.cannabislandia.com\/blog\/#organization\"},\"potentialAction\":[{\"@type\":\"SearchAction\",\"target\":{\"@type\":\"EntryPoint\",\"urlTemplate\":\"https:\/\/www.cannabislandia.com\/blog\/?s={search_term_string}\"},\"query-input\":\"required name=search_term_string\"}],\"inLanguage\":\"es\"},{\"@type\":\"Organization\",\"@id\":\"https:\/\/www.cannabislandia.com\/blog\/#organization\",\"name\":\"Cannabislandia\",\"url\":\"https:\/\/www.cannabislandia.com\/blog\/\",\"logo\":{\"@type\":\"ImageObject\",\"inLanguage\":\"es\",\"@id\":\"https:\/\/www.cannabislandia.com\/blog\/#\/schema\/logo\/image\/\",\"url\":\"https:\/\/www.cannabislandia.com\/blog\/wp-content\/uploads\/2015\/12\/logo.jpg\",\"contentUrl\":\"https:\/\/www.cannabislandia.com\/blog\/wp-content\/uploads\/2015\/12\/logo.jpg\",\"width\":145,\"height\":145,\"caption\":\"Cannabislandia\"},\"image\":{\"@id\":\"https:\/\/www.cannabislandia.com\/blog\/#\/schema\/logo\/image\/\"},\"sameAs\":[\"https:\/\/www.instagram.com\/cannabislandia_grow\/\",\"https:\/\/www.facebook.com\/people\/Cannabislandia\/100064696326447\/\",\"https:\/\/twitter.com\/cannabislandia\"]}]}<\/script>\n<!-- \/ Yoast SEO Premium plugin. -->","yoast_head_json":{"title":"Tablas de cultivo de CannaBioGen | Fertilizantes | Descargar","description":"En Cannabislandia te puedes descargar las tablas de cultivo de Cannabibiogen para usar sus fertilizantes en cultivos de marihuana \u00a1No esperes m\u00e1s y entra!","robots":{"index":"index","follow":"follow","max-snippet":"max-snippet:-1","max-image-preview":"max-image-preview:large","max-video-preview":"max-video-preview:-1"},"canonical":"https:\/\/www.cannabislandia.com\/blog\/tablas-de-cultivo\/cannabiogen-2\/","og_locale":"es_ES","og_type":"article","og_title":"Tablas de cultivo CannaBioGen","og_description":"En Cannabislandia te puedes descargar las tablas de cultivo de Cannabibiogen para usar sus fertilizantes en cultivos de marihuana \u00a1No esperes m\u00e1s y entra!","og_url":"https:\/\/www.cannabislandia.com\/blog\/tablas-de-cultivo\/cannabiogen-2\/","og_site_name":"Cannabislandia","article_publisher":"https:\/\/www.facebook.com\/people\/Cannabislandia\/100064696326447\/","article_modified_time":"2019-03-21T10:09:55+00:00","og_image":[{"width":600,"height":400,"url":"https:\/\/www.cannabislandia.com\/blog\/wp-content\/uploads\/2016\/03\/Cannabiogen_portada.jpg","type":"image\/jpeg"}],"twitter_card":"summary_large_image","twitter_site":"@cannabislandia","twitter_misc":{"Tiempo de lectura":"2 minutos"},"schema":{"@context":"https:\/\/schema.org","@graph":[{"@type":"WebPage","@id":"https:\/\/www.cannabislandia.com\/blog\/tablas-de-cultivo\/cannabiogen-2\/","url":"https:\/\/www.cannabislandia.com\/blog\/tablas-de-cultivo\/cannabiogen-2\/","name":"Tablas de cultivo de CannaBioGen | Fertilizantes | Descargar","isPartOf":{"@id":"https:\/\/www.cannabislandia.com\/blog\/#website"},"datePublished":"2016-03-10T16:45:18+00:00","dateModified":"2019-03-21T10:09:55+00:00","description":"En Cannabislandia te puedes descargar las tablas de cultivo de Cannabibiogen para usar sus fertilizantes en cultivos de marihuana \u00a1No esperes m\u00e1s y entra!","breadcrumb":{"@id":"https:\/\/www.cannabislandia.com\/blog\/tablas-de-cultivo\/cannabiogen-2\/#breadcrumb"},"inLanguage":"es","potentialAction":[{"@type":"ReadAction","target":["https:\/\/www.cannabislandia.com\/blog\/tablas-de-cultivo\/cannabiogen-2\/"]}]},{"@type":"BreadcrumbList","@id":"https:\/\/www.cannabislandia.com\/blog\/tablas-de-cultivo\/cannabiogen-2\/#breadcrumb","itemListElement":[{"@type":"ListItem","position":1,"name":"Inicio","item":"https:\/\/www.cannabislandia.com\/blog\/"},{"@type":"ListItem","position":2,"name":"Tablas de cultivo y abonado","item":"https:\/\/www.cannabislandia.com\/blog\/tablas-de-cultivo\/"},{"@type":"ListItem","position":3,"name":"Tablas de cultivo CannaBioGen"}]},{"@type":"WebSite","@id":"https:\/\/www.cannabislandia.com\/blog\/#website","url":"https:\/\/www.cannabislandia.com\/blog\/","name":"Cannabislandia","description":"Blog cann\u00e1bico donde encontrar\u00e1s las \u00faltimas noticias, novedades, gu\u00edas, recetas, promociones, curiosidades y todo lo relacionado con la marihuana","publisher":{"@id":"https:\/\/www.cannabislandia.com\/blog\/#organization"},"potentialAction":[{"@type":"SearchAction","target":{"@type":"EntryPoint","urlTemplate":"https:\/\/www.cannabislandia.com\/blog\/?s={search_term_string}"},"query-input":"required name=search_term_string"}],"inLanguage":"es"},{"@type":"Organization","@id":"https:\/\/www.cannabislandia.com\/blog\/#organization","name":"Cannabislandia","url":"https:\/\/www.cannabislandia.com\/blog\/","logo":{"@type":"ImageObject","inLanguage":"es","@id":"https:\/\/www.cannabislandia.com\/blog\/#\/schema\/logo\/image\/","url":"https:\/\/www.cannabislandia.com\/blog\/wp-content\/uploads\/2015\/12\/logo.jpg","contentUrl":"https:\/\/www.cannabislandia.com\/blog\/wp-content\/uploads\/2015\/12\/logo.jpg","width":145,"height":145,"caption":"Cannabislandia"},"image":{"@id":"https:\/\/www.cannabislandia.com\/blog\/#\/schema\/logo\/image\/"},"sameAs":["https:\/\/www.instagram.com\/cannabislandia_grow\/","https:\/\/www.facebook.com\/people\/Cannabislandia\/100064696326447\/","https:\/\/twitter.com\/cannabislandia"]}]}},"_links":{"self":[{"href":"https:\/\/www.cannabislandia.com\/blog\/wp-json\/wp\/v2\/pages\/2699"}],"collection":[{"href":"https:\/\/www.cannabislandia.com\/blog\/wp-json\/wp\/v2\/pages"}],"about":[{"href":"https:\/\/www.cannabislandia.com\/blog\/wp-json\/wp\/v2\/types\/page"}],"author":[{"embeddable":true,"href":"https:\/\/www.cannabislandia.com\/blog\/wp-json\/wp\/v2\/users\/4"}],"replies":[{"embeddable":true,"href":"https:\/\/www.cannabislandia.com\/blog\/wp-json\/wp\/v2\/comments?post=2699"}],"version-history":[{"count":13,"href":"https:\/\/www.cannabislandia.com\/blog\/wp-json\/wp\/v2\/pages\/2699\/revisions"}],"predecessor-version":[{"id":12166,"href":"https:\/\/www.cannabislandia.com\/blog\/wp-json\/wp\/v2\/pages\/2699\/revisions\/12166"}],"up":[{"embeddable":true,"href":"https:\/\/www.cannabislandia.com\/blog\/wp-json\/wp\/v2\/pages\/998"}],"wp:featuredmedia":[{"embeddable":true,"href":"https:\/\/www.cannabislandia.com\/blog\/wp-json\/wp\/v2\/media\/4143"}],"wp:attachment":[{"href":"https:\/\/www.cannabislandia.com\/blog\/wp-json\/wp\/v2\/media?parent=2699"}],"curies":[{"name":"wp","href":"https:\/\/api.w.org\/{rel}","templated":true}]}}