{"id":1541,"date":"2015-12-16T11:36:50","date_gmt":"2015-12-16T10:36:50","guid":{"rendered":"https:\/\/www.cannabislandia.com\/blog\/?page_id=1541"},"modified":"2020-03-03T09:52:59","modified_gmt":"2020-03-03T08:52:59","slug":"prot-eco","status":"publish","type":"page","link":"https:\/\/www.cannabislandia.com\/blog\/tablas-de-cultivo\/prot-eco\/","title":{"rendered":"Tablas de cultivo Prot-Eco para el cultivo de marihuana"},"content":{"rendered":"<h2>Tablas de cultivo de Prot-Eco<\/h2>\n<h3><a href=\"https:\/\/www.cannabislandia.com\/blog\/wp-content\/uploads\/2015\/12\/prot-eco-plagas.jpg\" data-rel=\"lightbox-image-0\" data-rl_title=\"\" data-rl_caption=\"\" title=\"\"><img loading=\"lazy\" decoding=\"async\" loading=\"lazy\" class=\"alignnone size-large wp-image-13350\" src=\"https:\/\/www.cannabislandia.com\/blog\/wp-content\/uploads\/2015\/12\/prot-eco-plagas-724x1024.jpg\" alt=\"\" width=\"724\" height=\"1024\" srcset=\"https:\/\/www.cannabislandia.com\/blog\/wp-content\/uploads\/2015\/12\/prot-eco-plagas.jpg 724w, https:\/\/www.cannabislandia.com\/blog\/wp-content\/uploads\/2015\/12\/prot-eco-plagas-212x300.jpg 212w\" sizes=\"(max-width: 724px) 100vw, 724px\" \/><\/a><\/h3>\n<p>Prot-Eco es un fabricante que nos ofrece una l\u00ednea de productos profesionales para el cultivo a peque\u00f1a escala. Son insecticidas, fungicidas, fertilizantes y aditivos biol\u00f3gicos especialmente indicados para tratar todo tipo de plagas, hongos y enfermedades o carencias. La mayor\u00eda de ellos puedes combinarse para una mayor eficacia y no supone ning\u00fan tipo de agresi\u00f3n para las plantas y los residuos son cero.<\/p>\n<div class=\"col-lg-3\">\n<aside id=\"text-2\" class=\"widget widget_text\">\n<div class=\"textwidget\">\n<p>El cultivo de marihuana tanto en interior como en exterior, siempre estar\u00e1 amenazado por plagas y hongos. Entre las plagas m\u00e1s comunes destacan la ara\u00f1a roja, mosca blanca, trips, pulgones, orugas o minador de la hoja. Y entre los hongos, los siempre temidos o\u00eddio, fusarium y botrytis. La mejor arma para combatirlos siempre ser\u00e1 la prevenci\u00f3n. Pero en ocasiones este primera l\u00ednea de defensa falla y no quedar\u00e1 m\u00e1s remedio que recurrir a productos fitosanitarios.<\/p>\n<p>En este sentido, los productos ecol\u00f3gicos siempre son la mejor opci\u00f3n. En muchos casos los cultivos se encuentran en el interior del domicilio o jardines a los que nuestras mascotas tienen acceso. Y lo que no es menos importante, tienen un plazo de seguridad relativamente corto, lo que en caso de aplicarlos en floraci\u00f3n avanzada, no supondr\u00e1n ning\u00fan tipo de problema para nuestra salud.<\/p>\n<\/div>\n<\/aside>\n<\/div>\n<hr \/>\n<p style=\"text-align: center;\"><a href=\"https:\/\/www.cannabislandia.com\/blog\/tablas-de-cultivo\/prot-eco\/\">Ir al cat\u00e1logo de productos de <strong>Prot-Eco<\/strong><\/a><\/p>\n<p style=\"text-align: center;\"><a href=\"https:\/\/www.cannabislandia.com\/blog\/tablas-de-cultivo\/\">Ir al men\u00fa de tablas de cultivo<\/a><\/p>\n","protected":false},"excerpt":{"rendered":"<p>Tablas de cultivo de Prot-Eco Prot-Eco es un fabricante que nos ofrece una l\u00ednea de productos profesionales para el cultivo a peque\u00f1a escala. Son insecticidas, fungicidas, fertilizantes y aditivos biol\u00f3gicos especialmente indicados para tratar todo tipo de plagas, hongos y&#46;&#46;&#46;<\/p>\n","protected":false},"author":4,"featured_media":4393,"parent":998,"menu_order":0,"comment_status":"closed","ping_status":"closed","template":"","meta":[],"yoast_head":"<!-- This site is optimized with the Yoast SEO Premium plugin v19.7 (Yoast SEO v19.14) - https:\/\/yoast.com\/wordpress\/plugins\/seo\/ -->\n<title>Tablas Prot-Eco para la aplicaci\u00f3n de todos sus productos<\/title>\n<meta name=\"description\" content=\"En Cannabislandia te puedes descargar las tablas de cultivo de Prot-Eco para la aplicaci\u00f3n de los insecticidas, fungicidas y abonos de este fabricante\" \/>\n<meta name=\"robots\" content=\"index, follow, max-snippet:-1, max-image-preview:large, max-video-preview:-1\" \/>\n<link rel=\"canonical\" href=\"https:\/\/www.cannabislandia.com\/blog\/tablas-de-cultivo\/prot-eco\/\" \/>\n<meta property=\"og:locale\" content=\"es_ES\" \/>\n<meta property=\"og:type\" content=\"article\" \/>\n<meta property=\"og:title\" content=\"Tablas de cultivo Prot-Eco para el cultivo de marihuana\" \/>\n<meta property=\"og:description\" content=\"En Cannabislandia te puedes descargar las tablas de cultivo de Prot-Eco para la aplicaci\u00f3n de los insecticidas, fungicidas y abonos de este fabricante\" \/>\n<meta property=\"og:url\" content=\"https:\/\/www.cannabislandia.com\/blog\/tablas-de-cultivo\/prot-eco\/\" \/>\n<meta property=\"og:site_name\" content=\"Cannabislandia\" \/>\n<meta property=\"article:publisher\" content=\"https:\/\/www.facebook.com\/people\/Cannabislandia\/100064696326447\/\" \/>\n<meta property=\"article:modified_time\" content=\"2020-03-03T08:52:59+00:00\" \/>\n<meta property=\"og:image\" content=\"https:\/\/www.cannabislandia.com\/blog\/wp-content\/uploads\/2016\/07\/prot-eco-portada.jpg\" \/>\n\t<meta property=\"og:image:width\" content=\"600\" \/>\n\t<meta property=\"og:image:height\" content=\"400\" \/>\n\t<meta property=\"og:image:type\" content=\"image\/jpeg\" \/>\n<meta name=\"twitter:card\" content=\"summary_large_image\" \/>\n<meta name=\"twitter:site\" content=\"@cannabislandia\" \/>\n<meta name=\"twitter:label1\" content=\"Tiempo de lectura\" \/>\n\t<meta name=\"twitter:data1\" content=\"1 minuto\" \/>\n<script type=\"application\/ld+json\" class=\"yoast-schema-graph\">{\"@context\":\"https:\/\/schema.org\",\"@graph\":[{\"@type\":\"WebPage\",\"@id\":\"https:\/\/www.cannabislandia.com\/blog\/tablas-de-cultivo\/prot-eco\/\",\"url\":\"https:\/\/www.cannabislandia.com\/blog\/tablas-de-cultivo\/prot-eco\/\",\"name\":\"Tablas Prot-Eco para la aplicaci\u00f3n de todos sus productos\",\"isPartOf\":{\"@id\":\"https:\/\/www.cannabislandia.com\/blog\/#website\"},\"datePublished\":\"2015-12-16T10:36:50+00:00\",\"dateModified\":\"2020-03-03T08:52:59+00:00\",\"description\":\"En Cannabislandia te puedes descargar las tablas de cultivo de Prot-Eco para la aplicaci\u00f3n de los insecticidas, fungicidas y abonos de este fabricante\",\"breadcrumb\":{\"@id\":\"https:\/\/www.cannabislandia.com\/blog\/tablas-de-cultivo\/prot-eco\/#breadcrumb\"},\"inLanguage\":\"es\",\"potentialAction\":[{\"@type\":\"ReadAction\",\"target\":[\"https:\/\/www.cannabislandia.com\/blog\/tablas-de-cultivo\/prot-eco\/\"]}]},{\"@type\":\"BreadcrumbList\",\"@id\":\"https:\/\/www.cannabislandia.com\/blog\/tablas-de-cultivo\/prot-eco\/#breadcrumb\",\"itemListElement\":[{\"@type\":\"ListItem\",\"position\":1,\"name\":\"Inicio\",\"item\":\"https:\/\/www.cannabislandia.com\/blog\/\"},{\"@type\":\"ListItem\",\"position\":2,\"name\":\"Tablas de cultivo y abonado\",\"item\":\"https:\/\/www.cannabislandia.com\/blog\/tablas-de-cultivo\/\"},{\"@type\":\"ListItem\",\"position\":3,\"name\":\"Tablas de cultivo Prot-Eco para el cultivo de marihuana\"}]},{\"@type\":\"WebSite\",\"@id\":\"https:\/\/www.cannabislandia.com\/blog\/#website\",\"url\":\"https:\/\/www.cannabislandia.com\/blog\/\",\"name\":\"Cannabislandia\",\"description\":\"Blog cann\u00e1bico donde encontrar\u00e1s las \u00faltimas noticias, novedades, gu\u00edas, recetas, promociones, curiosidades y todo lo relacionado con la marihuana\",\"publisher\":{\"@id\":\"https:\/\/www.cannabislandia.com\/blog\/#organization\"},\"potentialAction\":[{\"@type\":\"SearchAction\",\"target\":{\"@type\":\"EntryPoint\",\"urlTemplate\":\"https:\/\/www.cannabislandia.com\/blog\/?s={search_term_string}\"},\"query-input\":\"required name=search_term_string\"}],\"inLanguage\":\"es\"},{\"@type\":\"Organization\",\"@id\":\"https:\/\/www.cannabislandia.com\/blog\/#organization\",\"name\":\"Cannabislandia\",\"url\":\"https:\/\/www.cannabislandia.com\/blog\/\",\"logo\":{\"@type\":\"ImageObject\",\"inLanguage\":\"es\",\"@id\":\"https:\/\/www.cannabislandia.com\/blog\/#\/schema\/logo\/image\/\",\"url\":\"https:\/\/www.cannabislandia.com\/blog\/wp-content\/uploads\/2015\/12\/logo.jpg\",\"contentUrl\":\"https:\/\/www.cannabislandia.com\/blog\/wp-content\/uploads\/2015\/12\/logo.jpg\",\"width\":145,\"height\":145,\"caption\":\"Cannabislandia\"},\"image\":{\"@id\":\"https:\/\/www.cannabislandia.com\/blog\/#\/schema\/logo\/image\/\"},\"sameAs\":[\"https:\/\/www.instagram.com\/cannabislandia_grow\/\",\"https:\/\/www.facebook.com\/people\/Cannabislandia\/100064696326447\/\",\"https:\/\/twitter.com\/cannabislandia\"]}]}<\/script>\n<!-- \/ Yoast SEO Premium plugin. -->","yoast_head_json":{"title":"Tablas Prot-Eco para la aplicaci\u00f3n de todos sus productos","description":"En Cannabislandia te puedes descargar las tablas de cultivo de Prot-Eco para la aplicaci\u00f3n de los insecticidas, fungicidas y abonos de este fabricante","robots":{"index":"index","follow":"follow","max-snippet":"max-snippet:-1","max-image-preview":"max-image-preview:large","max-video-preview":"max-video-preview:-1"},"canonical":"https:\/\/www.cannabislandia.com\/blog\/tablas-de-cultivo\/prot-eco\/","og_locale":"es_ES","og_type":"article","og_title":"Tablas de cultivo Prot-Eco para el cultivo de marihuana","og_description":"En Cannabislandia te puedes descargar las tablas de cultivo de Prot-Eco para la aplicaci\u00f3n de los insecticidas, fungicidas y abonos de este fabricante","og_url":"https:\/\/www.cannabislandia.com\/blog\/tablas-de-cultivo\/prot-eco\/","og_site_name":"Cannabislandia","article_publisher":"https:\/\/www.facebook.com\/people\/Cannabislandia\/100064696326447\/","article_modified_time":"2020-03-03T08:52:59+00:00","og_image":[{"width":600,"height":400,"url":"https:\/\/www.cannabislandia.com\/blog\/wp-content\/uploads\/2016\/07\/prot-eco-portada.jpg","type":"image\/jpeg"}],"twitter_card":"summary_large_image","twitter_site":"@cannabislandia","twitter_misc":{"Tiempo de lectura":"1 minuto"},"schema":{"@context":"https:\/\/schema.org","@graph":[{"@type":"WebPage","@id":"https:\/\/www.cannabislandia.com\/blog\/tablas-de-cultivo\/prot-eco\/","url":"https:\/\/www.cannabislandia.com\/blog\/tablas-de-cultivo\/prot-eco\/","name":"Tablas Prot-Eco para la aplicaci\u00f3n de todos sus productos","isPartOf":{"@id":"https:\/\/www.cannabislandia.com\/blog\/#website"},"datePublished":"2015-12-16T10:36:50+00:00","dateModified":"2020-03-03T08:52:59+00:00","description":"En Cannabislandia te puedes descargar las tablas de cultivo de Prot-Eco para la aplicaci\u00f3n de los insecticidas, fungicidas y abonos de este fabricante","breadcrumb":{"@id":"https:\/\/www.cannabislandia.com\/blog\/tablas-de-cultivo\/prot-eco\/#breadcrumb"},"inLanguage":"es","potentialAction":[{"@type":"ReadAction","target":["https:\/\/www.cannabislandia.com\/blog\/tablas-de-cultivo\/prot-eco\/"]}]},{"@type":"BreadcrumbList","@id":"https:\/\/www.cannabislandia.com\/blog\/tablas-de-cultivo\/prot-eco\/#breadcrumb","itemListElement":[{"@type":"ListItem","position":1,"name":"Inicio","item":"https:\/\/www.cannabislandia.com\/blog\/"},{"@type":"ListItem","position":2,"name":"Tablas de cultivo y abonado","item":"https:\/\/www.cannabislandia.com\/blog\/tablas-de-cultivo\/"},{"@type":"ListItem","position":3,"name":"Tablas de cultivo Prot-Eco para el cultivo de marihuana"}]},{"@type":"WebSite","@id":"https:\/\/www.cannabislandia.com\/blog\/#website","url":"https:\/\/www.cannabislandia.com\/blog\/","name":"Cannabislandia","description":"Blog cann\u00e1bico donde encontrar\u00e1s las \u00faltimas noticias, novedades, gu\u00edas, recetas, promociones, curiosidades y todo lo relacionado con la marihuana","publisher":{"@id":"https:\/\/www.cannabislandia.com\/blog\/#organization"},"potentialAction":[{"@type":"SearchAction","target":{"@type":"EntryPoint","urlTemplate":"https:\/\/www.cannabislandia.com\/blog\/?s={search_term_string}"},"query-input":"required name=search_term_string"}],"inLanguage":"es"},{"@type":"Organization","@id":"https:\/\/www.cannabislandia.com\/blog\/#organization","name":"Cannabislandia","url":"https:\/\/www.cannabislandia.com\/blog\/","logo":{"@type":"ImageObject","inLanguage":"es","@id":"https:\/\/www.cannabislandia.com\/blog\/#\/schema\/logo\/image\/","url":"https:\/\/www.cannabislandia.com\/blog\/wp-content\/uploads\/2015\/12\/logo.jpg","contentUrl":"https:\/\/www.cannabislandia.com\/blog\/wp-content\/uploads\/2015\/12\/logo.jpg","width":145,"height":145,"caption":"Cannabislandia"},"image":{"@id":"https:\/\/www.cannabislandia.com\/blog\/#\/schema\/logo\/image\/"},"sameAs":["https:\/\/www.instagram.com\/cannabislandia_grow\/","https:\/\/www.facebook.com\/people\/Cannabislandia\/100064696326447\/","https:\/\/twitter.com\/cannabislandia"]}]}},"_links":{"self":[{"href":"https:\/\/www.cannabislandia.com\/blog\/wp-json\/wp\/v2\/pages\/1541"}],"collection":[{"href":"https:\/\/www.cannabislandia.com\/blog\/wp-json\/wp\/v2\/pages"}],"about":[{"href":"https:\/\/www.cannabislandia.com\/blog\/wp-json\/wp\/v2\/types\/page"}],"author":[{"embeddable":true,"href":"https:\/\/www.cannabislandia.com\/blog\/wp-json\/wp\/v2\/users\/4"}],"replies":[{"embeddable":true,"href":"https:\/\/www.cannabislandia.com\/blog\/wp-json\/wp\/v2\/comments?post=1541"}],"version-history":[{"count":9,"href":"https:\/\/www.cannabislandia.com\/blog\/wp-json\/wp\/v2\/pages\/1541\/revisions"}],"predecessor-version":[{"id":13352,"href":"https:\/\/www.cannabislandia.com\/blog\/wp-json\/wp\/v2\/pages\/1541\/revisions\/13352"}],"up":[{"embeddable":true,"href":"https:\/\/www.cannabislandia.com\/blog\/wp-json\/wp\/v2\/pages\/998"}],"wp:featuredmedia":[{"embeddable":true,"href":"https:\/\/www.cannabislandia.com\/blog\/wp-json\/wp\/v2\/media\/4393"}],"wp:attachment":[{"href":"https:\/\/www.cannabislandia.com\/blog\/wp-json\/wp\/v2\/media?parent=1541"}],"curies":[{"name":"wp","href":"https:\/\/api.w.org\/{rel}","templated":true}]}}