{"id":1511,"date":"2015-12-11T09:21:46","date_gmt":"2015-12-11T08:21:46","guid":{"rendered":"https:\/\/www.cannabislandia.com\/blog\/?page_id=1511"},"modified":"2019-03-21T11:10:02","modified_gmt":"2019-03-21T10:10:02","slug":"cannaboom","status":"publish","type":"page","link":"https:\/\/www.cannabislandia.com\/blog\/tablas-de-cultivo\/cannaboom\/","title":{"rendered":"Tablas de cultivo Cannaboom"},"content":{"rendered":"<h2>Tablas de cultivo de Cannaboom<\/h2>\n<h3>L\u00ednea L\u00edquida<\/h3>\n<p><a href=\"https:\/\/www.cannabislandia.com\/blog\/wp-content\/uploads\/2015\/12\/Cannaboom-tabla-de-cultivo-l\u00edquida.jpg\" data-rel=\"lightbox-image-0\" data-rl_title=\"\" data-rl_caption=\"\" title=\"\"><img loading=\"lazy\" decoding=\"async\" loading=\"lazy\" class=\"alignnone size-large wp-image-12102\" src=\"https:\/\/www.cannabislandia.com\/blog\/wp-content\/uploads\/2015\/12\/Cannaboom-tabla-de-cultivo-l\u00edquida-1024x705.jpg\" alt=\"\" width=\"1024\" height=\"705\" srcset=\"https:\/\/www.cannabislandia.com\/blog\/wp-content\/uploads\/2015\/12\/Cannaboom-tabla-de-cultivo-l\u00edquida.jpg 1024w, https:\/\/www.cannabislandia.com\/blog\/wp-content\/uploads\/2015\/12\/Cannaboom-tabla-de-cultivo-l\u00edquida-300x207.jpg 300w, https:\/\/www.cannabislandia.com\/blog\/wp-content\/uploads\/2015\/12\/Cannaboom-tabla-de-cultivo-l\u00edquida-768x529.jpg 768w\" sizes=\"(max-width: 1024px) 100vw, 1024px\" \/><\/a><\/p>\n<h3>L\u00ednea Fullcrem<\/h3>\n<p><a href=\"https:\/\/www.cannabislandia.com\/blog\/wp-content\/uploads\/2015\/12\/Cannaboom-tabla-de-cultivo-fullcrem.jpg\" data-rel=\"lightbox-image-1\" data-rl_title=\"\" data-rl_caption=\"\" title=\"\"><img loading=\"lazy\" decoding=\"async\" loading=\"lazy\" class=\"alignnone size-large wp-image-12099\" src=\"https:\/\/www.cannabislandia.com\/blog\/wp-content\/uploads\/2015\/12\/Cannaboom-tabla-de-cultivo-fullcrem-1024x756.jpg\" alt=\"\" width=\"1024\" height=\"756\" srcset=\"https:\/\/www.cannabislandia.com\/blog\/wp-content\/uploads\/2015\/12\/Cannaboom-tabla-de-cultivo-fullcrem.jpg 1024w, https:\/\/www.cannabislandia.com\/blog\/wp-content\/uploads\/2015\/12\/Cannaboom-tabla-de-cultivo-fullcrem-300x221.jpg 300w, https:\/\/www.cannabislandia.com\/blog\/wp-content\/uploads\/2015\/12\/Cannaboom-tabla-de-cultivo-fullcrem-768x567.jpg 768w\" sizes=\"(max-width: 1024px) 100vw, 1024px\" \/><\/a><\/p>\n<h3>L\u00ednea S\u00f3lida<\/h3>\n<p><a href=\"https:\/\/www.cannabislandia.com\/blog\/wp-content\/uploads\/2015\/12\/Cannaboom-tabla-de-cultivo-s\u00f3lida.jpg\" data-rel=\"lightbox-image-2\" data-rl_title=\"\" data-rl_caption=\"\" title=\"\"><img loading=\"lazy\" decoding=\"async\" loading=\"lazy\" class=\"alignnone size-large wp-image-12104\" src=\"https:\/\/www.cannabislandia.com\/blog\/wp-content\/uploads\/2015\/12\/Cannaboom-tabla-de-cultivo-s\u00f3lida-1024x723.jpg\" alt=\"\" width=\"1024\" height=\"723\" srcset=\"https:\/\/www.cannabislandia.com\/blog\/wp-content\/uploads\/2015\/12\/Cannaboom-tabla-de-cultivo-s\u00f3lida.jpg 1024w, https:\/\/www.cannabislandia.com\/blog\/wp-content\/uploads\/2015\/12\/Cannaboom-tabla-de-cultivo-s\u00f3lida-300x212.jpg 300w, https:\/\/www.cannabislandia.com\/blog\/wp-content\/uploads\/2015\/12\/Cannaboom-tabla-de-cultivo-s\u00f3lida-768x542.jpg 768w\" sizes=\"(max-width: 1024px) 100vw, 1024px\" \/><\/a><\/p>\n<p><a href=\"https:\/\/www.cannabislandia.com\/es\/cannaboom_180\"><strong>Cannaboom<\/strong> <\/a>es un fabricante de abonos y aditivos para el cultivo de marihuana. Esta empresa constituida en el a\u00f1o 2005 en Espa\u00f1a, cuenta con m\u00e1s de 20 a\u00f1os de experiencia en la fabricaci\u00f3n, investigaci\u00f3n y comercializaci\u00f3n de productos para el cultivo y jardiner\u00eda. En continua evoluci\u00f3n, no dejan de ofrecernos nutrientes \u00fanicos que d\u00eda a d\u00eda usan m\u00e1s y m\u00e1s cultivadores. Los resultados hablan por s\u00ed mismos.<\/p>\n<p>Entre los ingredientes que componen sus abonos, estimuladores y potenciadores se encuentran extractos de algas, sangre de toro, cart\u00edlago de tibur\u00f3n, melazas, banano o bamb\u00fa. Adem\u00e1s cuenta con una serie de organismos beneficiosos para mejorar la calidad del sustrato, geles para el enraizado de esquejes, o \u00fatiles neutralizadores de olores para cultivos en interior o habitaciones de fumadores.<\/p>\n<p>En cuanto a los programas de cultivo, Cannaboom nos ofrece diferentes alternativas. La <strong>L\u00ednea L\u00edquida<\/strong> se compone de abonos y aditivos l\u00edquidos. La <strong>L\u00ednea Fullcrem<\/strong> consta de pr\u00e1cticamente los mismos nutrientes en una novedosa f\u00f3rmula en gel, m\u00e1s concentrados. Y finalmente la <strong>L\u00ednea S\u00f3lida<\/strong> est\u00e1 formada como su nombre indica, por abonos, estimuladores y potenciadores en formato s\u00f3lido.<\/p>\n<p>Cada cultivador podr\u00e1 seleccionar cada una de ellas en funci\u00f3n de las expectativas y tambi\u00e9n facilidad de uso. Para que te sea m\u00e1s sencillo saber combinar nutrientes base + aditivos de la manera m\u00e1s apropiada, en Cannabislandia y en nuestro blog cann\u00e1bico te puedes descargar o consultar siempre que quieras las tablas de cultivo de este fabricante. Sabr\u00e1s en qu\u00e9 momento usar cada producto y en qu\u00e9 dosis.<\/p>\n<p>Adem\u00e1s en nuestra web encontrar\u00e1s todo el cat\u00e1logo de Cannaboom a un precio incre\u00edble. Vis\u00edtanos ya, en Cannabislandia siempre contamos con los mejores productos para el cultivo de marihuana. Nuestro grupo de profesionales te ayudar\u00e1 siempre que lo necesites.<\/p>\n<p style=\"text-align: right;\"><em>Actualizado el 15\/3\/2019.<\/em><\/p>\n<hr \/>\n<p style=\"text-align: center;\"><a href=\"https:\/\/www.cannabislandia.com\/es\/cannaboom_180\">Ir al cat\u00e1logo de\u00a0productos de\u00a0<strong>Cannaboom<\/strong><\/a><\/p>\n<p style=\"text-align: center;\"><a href=\"https:\/\/www.cannabislandia.com\/blog\/tablas-de-cultivo\/\">Ir al men\u00fa de tablas de cultivo<\/a><\/p>\n","protected":false},"excerpt":{"rendered":"<p>Tablas de cultivo de Cannaboom L\u00ednea L\u00edquida L\u00ednea Fullcrem L\u00ednea S\u00f3lida Cannaboom es un fabricante de abonos y aditivos para el cultivo de marihuana. Esta empresa constituida en el a\u00f1o 2005 en Espa\u00f1a, cuenta con m\u00e1s de 20 a\u00f1os de&#46;&#46;&#46;<\/p>\n","protected":false},"author":4,"featured_media":4145,"parent":998,"menu_order":0,"comment_status":"closed","ping_status":"closed","template":"","meta":[],"yoast_head":"<!-- This site is optimized with the Yoast SEO Premium plugin v19.7 (Yoast SEO v19.14) - https:\/\/yoast.com\/wordpress\/plugins\/seo\/ -->\n<title>Tablas de cultivo de Cannaboom | Descargar | Cannabislandia<\/title>\n<meta name=\"description\" content=\"Ahora en Cannabislandia te puedes descargar las tablas de cultivo de Cannaboom para plantas de marihuana. \u00a1No esperes m\u00e1s y entra en nuestro blog cann\u00e1bico!\" \/>\n<meta name=\"robots\" content=\"index, follow, max-snippet:-1, max-image-preview:large, max-video-preview:-1\" \/>\n<link rel=\"canonical\" href=\"https:\/\/www.cannabislandia.com\/blog\/tablas-de-cultivo\/cannaboom\/\" \/>\n<meta property=\"og:locale\" content=\"es_ES\" \/>\n<meta property=\"og:type\" content=\"article\" \/>\n<meta property=\"og:title\" content=\"Tablas de cultivo Cannaboom\" \/>\n<meta property=\"og:description\" content=\"Ahora en Cannabislandia te puedes descargar las tablas de cultivo de Cannaboom para plantas de marihuana. \u00a1No esperes m\u00e1s y entra en nuestro blog cann\u00e1bico!\" \/>\n<meta property=\"og:url\" content=\"https:\/\/www.cannabislandia.com\/blog\/tablas-de-cultivo\/cannaboom\/\" \/>\n<meta property=\"og:site_name\" content=\"Cannabislandia\" \/>\n<meta property=\"article:publisher\" content=\"https:\/\/www.facebook.com\/people\/Cannabislandia\/100064696326447\/\" \/>\n<meta property=\"article:modified_time\" content=\"2019-03-21T10:10:02+00:00\" \/>\n<meta property=\"og:image\" content=\"https:\/\/www.cannabislandia.com\/blog\/wp-content\/uploads\/2015\/12\/cannaboom-portada.jpg\" \/>\n\t<meta property=\"og:image:width\" content=\"940\" \/>\n\t<meta property=\"og:image:height\" content=\"414\" \/>\n\t<meta property=\"og:image:type\" content=\"image\/jpeg\" \/>\n<meta name=\"twitter:card\" content=\"summary_large_image\" \/>\n<meta name=\"twitter:site\" content=\"@cannabislandia\" \/>\n<meta name=\"twitter:label1\" content=\"Tiempo de lectura\" \/>\n\t<meta name=\"twitter:data1\" content=\"2 minutos\" \/>\n<script type=\"application\/ld+json\" class=\"yoast-schema-graph\">{\"@context\":\"https:\/\/schema.org\",\"@graph\":[{\"@type\":\"WebPage\",\"@id\":\"https:\/\/www.cannabislandia.com\/blog\/tablas-de-cultivo\/cannaboom\/\",\"url\":\"https:\/\/www.cannabislandia.com\/blog\/tablas-de-cultivo\/cannaboom\/\",\"name\":\"Tablas de cultivo de Cannaboom | Descargar | Cannabislandia\",\"isPartOf\":{\"@id\":\"https:\/\/www.cannabislandia.com\/blog\/#website\"},\"datePublished\":\"2015-12-11T08:21:46+00:00\",\"dateModified\":\"2019-03-21T10:10:02+00:00\",\"description\":\"Ahora en Cannabislandia te puedes descargar las tablas de cultivo de Cannaboom para plantas de marihuana. \u00a1No esperes m\u00e1s y entra en nuestro blog cann\u00e1bico!\",\"breadcrumb\":{\"@id\":\"https:\/\/www.cannabislandia.com\/blog\/tablas-de-cultivo\/cannaboom\/#breadcrumb\"},\"inLanguage\":\"es\",\"potentialAction\":[{\"@type\":\"ReadAction\",\"target\":[\"https:\/\/www.cannabislandia.com\/blog\/tablas-de-cultivo\/cannaboom\/\"]}]},{\"@type\":\"BreadcrumbList\",\"@id\":\"https:\/\/www.cannabislandia.com\/blog\/tablas-de-cultivo\/cannaboom\/#breadcrumb\",\"itemListElement\":[{\"@type\":\"ListItem\",\"position\":1,\"name\":\"Inicio\",\"item\":\"https:\/\/www.cannabislandia.com\/blog\/\"},{\"@type\":\"ListItem\",\"position\":2,\"name\":\"Tablas de cultivo y abonado\",\"item\":\"https:\/\/www.cannabislandia.com\/blog\/tablas-de-cultivo\/\"},{\"@type\":\"ListItem\",\"position\":3,\"name\":\"Tablas de cultivo Cannaboom\"}]},{\"@type\":\"WebSite\",\"@id\":\"https:\/\/www.cannabislandia.com\/blog\/#website\",\"url\":\"https:\/\/www.cannabislandia.com\/blog\/\",\"name\":\"Cannabislandia\",\"description\":\"Blog cann\u00e1bico donde encontrar\u00e1s las \u00faltimas noticias, novedades, gu\u00edas, recetas, promociones, curiosidades y todo lo relacionado con la marihuana\",\"publisher\":{\"@id\":\"https:\/\/www.cannabislandia.com\/blog\/#organization\"},\"potentialAction\":[{\"@type\":\"SearchAction\",\"target\":{\"@type\":\"EntryPoint\",\"urlTemplate\":\"https:\/\/www.cannabislandia.com\/blog\/?s={search_term_string}\"},\"query-input\":\"required name=search_term_string\"}],\"inLanguage\":\"es\"},{\"@type\":\"Organization\",\"@id\":\"https:\/\/www.cannabislandia.com\/blog\/#organization\",\"name\":\"Cannabislandia\",\"url\":\"https:\/\/www.cannabislandia.com\/blog\/\",\"logo\":{\"@type\":\"ImageObject\",\"inLanguage\":\"es\",\"@id\":\"https:\/\/www.cannabislandia.com\/blog\/#\/schema\/logo\/image\/\",\"url\":\"https:\/\/www.cannabislandia.com\/blog\/wp-content\/uploads\/2015\/12\/logo.jpg\",\"contentUrl\":\"https:\/\/www.cannabislandia.com\/blog\/wp-content\/uploads\/2015\/12\/logo.jpg\",\"width\":145,\"height\":145,\"caption\":\"Cannabislandia\"},\"image\":{\"@id\":\"https:\/\/www.cannabislandia.com\/blog\/#\/schema\/logo\/image\/\"},\"sameAs\":[\"https:\/\/www.instagram.com\/cannabislandia_grow\/\",\"https:\/\/www.facebook.com\/people\/Cannabislandia\/100064696326447\/\",\"https:\/\/twitter.com\/cannabislandia\"]}]}<\/script>\n<!-- \/ Yoast SEO Premium plugin. -->","yoast_head_json":{"title":"Tablas de cultivo de Cannaboom | Descargar | Cannabislandia","description":"Ahora en Cannabislandia te puedes descargar las tablas de cultivo de Cannaboom para plantas de marihuana. \u00a1No esperes m\u00e1s y entra en nuestro blog cann\u00e1bico!","robots":{"index":"index","follow":"follow","max-snippet":"max-snippet:-1","max-image-preview":"max-image-preview:large","max-video-preview":"max-video-preview:-1"},"canonical":"https:\/\/www.cannabislandia.com\/blog\/tablas-de-cultivo\/cannaboom\/","og_locale":"es_ES","og_type":"article","og_title":"Tablas de cultivo Cannaboom","og_description":"Ahora en Cannabislandia te puedes descargar las tablas de cultivo de Cannaboom para plantas de marihuana. \u00a1No esperes m\u00e1s y entra en nuestro blog cann\u00e1bico!","og_url":"https:\/\/www.cannabislandia.com\/blog\/tablas-de-cultivo\/cannaboom\/","og_site_name":"Cannabislandia","article_publisher":"https:\/\/www.facebook.com\/people\/Cannabislandia\/100064696326447\/","article_modified_time":"2019-03-21T10:10:02+00:00","og_image":[{"width":940,"height":414,"url":"https:\/\/www.cannabislandia.com\/blog\/wp-content\/uploads\/2015\/12\/cannaboom-portada.jpg","type":"image\/jpeg"}],"twitter_card":"summary_large_image","twitter_site":"@cannabislandia","twitter_misc":{"Tiempo de lectura":"2 minutos"},"schema":{"@context":"https:\/\/schema.org","@graph":[{"@type":"WebPage","@id":"https:\/\/www.cannabislandia.com\/blog\/tablas-de-cultivo\/cannaboom\/","url":"https:\/\/www.cannabislandia.com\/blog\/tablas-de-cultivo\/cannaboom\/","name":"Tablas de cultivo de Cannaboom | Descargar | Cannabislandia","isPartOf":{"@id":"https:\/\/www.cannabislandia.com\/blog\/#website"},"datePublished":"2015-12-11T08:21:46+00:00","dateModified":"2019-03-21T10:10:02+00:00","description":"Ahora en Cannabislandia te puedes descargar las tablas de cultivo de Cannaboom para plantas de marihuana. \u00a1No esperes m\u00e1s y entra en nuestro blog cann\u00e1bico!","breadcrumb":{"@id":"https:\/\/www.cannabislandia.com\/blog\/tablas-de-cultivo\/cannaboom\/#breadcrumb"},"inLanguage":"es","potentialAction":[{"@type":"ReadAction","target":["https:\/\/www.cannabislandia.com\/blog\/tablas-de-cultivo\/cannaboom\/"]}]},{"@type":"BreadcrumbList","@id":"https:\/\/www.cannabislandia.com\/blog\/tablas-de-cultivo\/cannaboom\/#breadcrumb","itemListElement":[{"@type":"ListItem","position":1,"name":"Inicio","item":"https:\/\/www.cannabislandia.com\/blog\/"},{"@type":"ListItem","position":2,"name":"Tablas de cultivo y abonado","item":"https:\/\/www.cannabislandia.com\/blog\/tablas-de-cultivo\/"},{"@type":"ListItem","position":3,"name":"Tablas de cultivo Cannaboom"}]},{"@type":"WebSite","@id":"https:\/\/www.cannabislandia.com\/blog\/#website","url":"https:\/\/www.cannabislandia.com\/blog\/","name":"Cannabislandia","description":"Blog cann\u00e1bico donde encontrar\u00e1s las \u00faltimas noticias, novedades, gu\u00edas, recetas, promociones, curiosidades y todo lo relacionado con la marihuana","publisher":{"@id":"https:\/\/www.cannabislandia.com\/blog\/#organization"},"potentialAction":[{"@type":"SearchAction","target":{"@type":"EntryPoint","urlTemplate":"https:\/\/www.cannabislandia.com\/blog\/?s={search_term_string}"},"query-input":"required name=search_term_string"}],"inLanguage":"es"},{"@type":"Organization","@id":"https:\/\/www.cannabislandia.com\/blog\/#organization","name":"Cannabislandia","url":"https:\/\/www.cannabislandia.com\/blog\/","logo":{"@type":"ImageObject","inLanguage":"es","@id":"https:\/\/www.cannabislandia.com\/blog\/#\/schema\/logo\/image\/","url":"https:\/\/www.cannabislandia.com\/blog\/wp-content\/uploads\/2015\/12\/logo.jpg","contentUrl":"https:\/\/www.cannabislandia.com\/blog\/wp-content\/uploads\/2015\/12\/logo.jpg","width":145,"height":145,"caption":"Cannabislandia"},"image":{"@id":"https:\/\/www.cannabislandia.com\/blog\/#\/schema\/logo\/image\/"},"sameAs":["https:\/\/www.instagram.com\/cannabislandia_grow\/","https:\/\/www.facebook.com\/people\/Cannabislandia\/100064696326447\/","https:\/\/twitter.com\/cannabislandia"]}]}},"_links":{"self":[{"href":"https:\/\/www.cannabislandia.com\/blog\/wp-json\/wp\/v2\/pages\/1511"}],"collection":[{"href":"https:\/\/www.cannabislandia.com\/blog\/wp-json\/wp\/v2\/pages"}],"about":[{"href":"https:\/\/www.cannabislandia.com\/blog\/wp-json\/wp\/v2\/types\/page"}],"author":[{"embeddable":true,"href":"https:\/\/www.cannabislandia.com\/blog\/wp-json\/wp\/v2\/users\/4"}],"replies":[{"embeddable":true,"href":"https:\/\/www.cannabislandia.com\/blog\/wp-json\/wp\/v2\/comments?post=1511"}],"version-history":[{"count":11,"href":"https:\/\/www.cannabislandia.com\/blog\/wp-json\/wp\/v2\/pages\/1511\/revisions"}],"predecessor-version":[{"id":12167,"href":"https:\/\/www.cannabislandia.com\/blog\/wp-json\/wp\/v2\/pages\/1511\/revisions\/12167"}],"up":[{"embeddable":true,"href":"https:\/\/www.cannabislandia.com\/blog\/wp-json\/wp\/v2\/pages\/998"}],"wp:featuredmedia":[{"embeddable":true,"href":"https:\/\/www.cannabislandia.com\/blog\/wp-json\/wp\/v2\/media\/4145"}],"wp:attachment":[{"href":"https:\/\/www.cannabislandia.com\/blog\/wp-json\/wp\/v2\/media?parent=1511"}],"curies":[{"name":"wp","href":"https:\/\/api.w.org\/{rel}","templated":true}]}}