{"id":1461,"date":"2015-12-10T15:41:34","date_gmt":"2015-12-10T14:41:34","guid":{"rendered":"https:\/\/www.cannabislandia.com\/blog\/?page_id=1461"},"modified":"2019-03-26T10:58:03","modified_gmt":"2019-03-26T09:58:03","slug":"hy-pro","status":"publish","type":"page","link":"https:\/\/www.cannabislandia.com\/blog\/tablas-de-cultivo\/hy-pro\/","title":{"rendered":"Tablas de cultivo de Hy-Pro"},"content":{"rendered":"<h2>TABLAS DE CULTIVO DE HY-PRO<\/h2>\n<h3>TIERRA<\/h3>\n<p><a href=\"https:\/\/www.cannabislandia.com\/blog\/wp-content\/uploads\/2015\/12\/Hy-Pro-Terra-3.jpg\" data-rel=\"lightbox-image-0\" data-rl_title=\"\" data-rl_caption=\"\" title=\"\"><img loading=\"lazy\" decoding=\"async\" loading=\"lazy\" class=\"alignnone size-large wp-image-12220\" src=\"https:\/\/www.cannabislandia.com\/blog\/wp-content\/uploads\/2015\/12\/Hy-Pro-Terra-3-1024x722.jpg\" alt=\"\" width=\"1024\" height=\"722\" srcset=\"https:\/\/www.cannabislandia.com\/blog\/wp-content\/uploads\/2015\/12\/Hy-Pro-Terra-3-1024x722.jpg 1024w, https:\/\/www.cannabislandia.com\/blog\/wp-content\/uploads\/2015\/12\/Hy-Pro-Terra-3-300x211.jpg 300w, https:\/\/www.cannabislandia.com\/blog\/wp-content\/uploads\/2015\/12\/Hy-Pro-Terra-3-768x541.jpg 768w, https:\/\/www.cannabislandia.com\/blog\/wp-content\/uploads\/2015\/12\/Hy-Pro-Terra-3.jpg 1453w\" sizes=\"(max-width: 1024px) 100vw, 1024px\" \/><\/a><\/p>\n<h3>HIDROP\u00d3NICO<\/h3>\n<p><a href=\"https:\/\/www.cannabislandia.com\/blog\/wp-content\/uploads\/2015\/12\/Hy-Pro-hydro-3.jpg\" data-rel=\"lightbox-image-1\" data-rl_title=\"\" data-rl_caption=\"\" title=\"\"><img loading=\"lazy\" decoding=\"async\" loading=\"lazy\" class=\"alignnone size-large wp-image-12222\" src=\"https:\/\/www.cannabislandia.com\/blog\/wp-content\/uploads\/2015\/12\/Hy-Pro-hydro-3-1024x722.jpg\" alt=\"\" width=\"1024\" height=\"722\" srcset=\"https:\/\/www.cannabislandia.com\/blog\/wp-content\/uploads\/2015\/12\/Hy-Pro-hydro-3-1024x722.jpg 1024w, https:\/\/www.cannabislandia.com\/blog\/wp-content\/uploads\/2015\/12\/Hy-Pro-hydro-3-300x211.jpg 300w, https:\/\/www.cannabislandia.com\/blog\/wp-content\/uploads\/2015\/12\/Hy-Pro-hydro-3-768x541.jpg 768w, https:\/\/www.cannabislandia.com\/blog\/wp-content\/uploads\/2015\/12\/Hy-Pro-hydro-3.jpg 1453w\" sizes=\"(max-width: 1024px) 100vw, 1024px\" \/><\/a><\/p>\n<h3>COCO<\/h3>\n<p><a href=\"https:\/\/www.cannabislandia.com\/blog\/wp-content\/uploads\/2015\/12\/Hy-Pro-coco-3.jpg\" data-rel=\"lightbox-image-2\" data-rl_title=\"\" data-rl_caption=\"\" title=\"\"><img loading=\"lazy\" decoding=\"async\" loading=\"lazy\" class=\"alignnone size-large wp-image-12223\" src=\"https:\/\/www.cannabislandia.com\/blog\/wp-content\/uploads\/2015\/12\/Hy-Pro-coco-3-1024x722.jpg\" alt=\"\" width=\"1024\" height=\"722\" srcset=\"https:\/\/www.cannabislandia.com\/blog\/wp-content\/uploads\/2015\/12\/Hy-Pro-coco-3-1024x722.jpg 1024w, https:\/\/www.cannabislandia.com\/blog\/wp-content\/uploads\/2015\/12\/Hy-Pro-coco-3-300x211.jpg 300w, https:\/\/www.cannabislandia.com\/blog\/wp-content\/uploads\/2015\/12\/Hy-Pro-coco-3-768x541.jpg 768w, https:\/\/www.cannabislandia.com\/blog\/wp-content\/uploads\/2015\/12\/Hy-Pro-coco-3.jpg 1453w\" sizes=\"(max-width: 1024px) 100vw, 1024px\" \/><\/a><\/p>\n<p><a href=\"https:\/\/www.cannabislandia.com\/es\/hy-pro_91\"><strong>HY-PRO<\/strong><\/a> es un fabricante de abonos fundado en Holanda en 1990. Desde sus inicios hasta hoy, ha ganado multitud de premios por sus buenos resultados en el cultivo de cannabis. Hasta hace unos a\u00f1os, eran tambi\u00e9n conocidos por el banco de semillas asociado a la marca y famosos por ser los creadores de la Amnesia, uno de los mejores h\u00edbridos Haze de todos los tiempos y una de las variedades m\u00e1s premiadas de la historia.<\/p>\n<p>Si por algo destacan los fertilizantes y aditivos de Hy-Pro es por su facilidad de uso. Sea para cultivos en tierra, coco o medios hidrop\u00f3nicos, todo se simplifica al m\u00e1ximo y tan s\u00f3lo son necesarios un abono base, un estimulador de ra\u00edces, un potenciador de crecimiento y potenciador de floraci\u00f3n. Con estos 4 productos y regulando el pH como con cualquier otra l\u00ednea de abonos, los mejores rendimientos siempre estar\u00e1n garantizados.<\/p>\n<h3>NUTRIENTES BASE HY-PRO<\/h3>\n<p>Para cultivos en tierra, <strong>Terra<\/strong> ser\u00eda el abono en una parte tanto para crecimiento y floraci\u00f3n. En coco e hidropon\u00eda, <strong>Coco A&amp;B e Hydro A&amp;B<\/strong> son nutrientes en dos partes que garantizan las necesidades b\u00e1sicas de las plantas.<\/p>\n<h3>ADITIVOS HY-PRO<\/h3>\n<p><strong>Rootstimulator<\/strong> es un potenciador de ra\u00edces indicado para las primeras fases del cultivo. Tambi\u00e9n es recomendado para despu\u00e9s de los trasplantes, lo que reduce el estr\u00e9s y garantiza una masa radicular muy desarrollada.<\/p>\n<p><strong>Spray Mix<\/strong> ayuda a las plantas a aumentar la resistencia contra las posibles influencias externas negativas. Adem\u00e1s ayuda a desarrollar nuevas hojas. Se usa en pulverizaciones foliares durante la fase de crecimiento.<\/p>\n<p><strong>Epic Boost<\/strong> es una mezcla de minerales y oligoelementos quelados, completamente solubles en agua y que no deja residuos. Se emplea como potenciador de floraci\u00f3n en cultivos hidrop\u00f3nicos con Hydro A&amp;B.<\/p>\n<p><strong>Epic Bloom<\/strong> es una mezcla equilibrada de minerales y oligoelementos a base de quelatos, especialmente desarrollado para la fase de floraci\u00f3n en combinaci\u00f3n con Terra.<\/p>\n<p><strong>Epic Blast<\/strong> act\u00faa como potenciador de floraci\u00f3n junto a Coco A&amp;B en cultivos en fibra de coco. Tambi\u00e9n estimula la producci\u00f3n de prote\u00ednas, fitohormonas y vitaminas, acelera la fotos\u00edntesis y aumenta la producci\u00f3n de az\u00facar.<\/p>\n<p style=\"text-align: right;\"><em>Actualizado el 27\/07\/2016.<\/em><\/p>\n<hr \/>\n<p style=\"text-align: center;\"><a href=\"https:\/\/www.cannabislandia.com\/es\/hy-pro_91\">Ir al cat\u00e1logo de productos de <strong>Hy-Pro<\/strong><\/a><\/p>\n<p style=\"text-align: center;\"><a href=\"https:\/\/www.cannabislandia.com\/blog\/tablas-de-cultivo\/\">Ir al men\u00fa de tablas de cultivo<\/a><\/p>\n","protected":false},"excerpt":{"rendered":"<p>TABLAS DE CULTIVO DE HY-PRO TIERRA HIDROP\u00d3NICO COCO HY-PRO es un fabricante de abonos fundado en Holanda en 1990. Desde sus inicios hasta hoy, ha ganado multitud de premios por sus buenos resultados en el cultivo de cannabis. Hasta hace&#46;&#46;&#46;<\/p>\n","protected":false},"author":4,"featured_media":4250,"parent":998,"menu_order":0,"comment_status":"closed","ping_status":"closed","template":"","meta":[],"yoast_head":"<!-- This site is optimized with the Yoast SEO Premium plugin v19.7 (Yoast SEO v19.14) - https:\/\/yoast.com\/wordpress\/plugins\/seo\/ -->\n<title>Tablas de cultivo de Hy-Pro | Descargar | Cannabislandia<\/title>\n<meta name=\"description\" content=\"En Cannabislandia te puedes descargar las tablas de cultivo de Hy-Pro para plantas de marihuana en tierra, coco e hidrop\u00f3nico. \u00bfA qu\u00e9 est\u00e1s esperando?\" \/>\n<meta name=\"robots\" content=\"index, follow, max-snippet:-1, max-image-preview:large, max-video-preview:-1\" \/>\n<link rel=\"canonical\" href=\"https:\/\/www.cannabislandia.com\/blog\/tablas-de-cultivo\/hy-pro\/\" \/>\n<meta property=\"og:locale\" content=\"es_ES\" \/>\n<meta property=\"og:type\" content=\"article\" \/>\n<meta property=\"og:title\" content=\"Tablas de cultivo de Hy-Pro\" \/>\n<meta property=\"og:description\" content=\"En Cannabislandia te puedes descargar las tablas de cultivo de Hy-Pro para plantas de marihuana en tierra, coco e hidrop\u00f3nico. \u00bfA qu\u00e9 est\u00e1s esperando?\" \/>\n<meta property=\"og:url\" content=\"https:\/\/www.cannabislandia.com\/blog\/tablas-de-cultivo\/hy-pro\/\" \/>\n<meta property=\"og:site_name\" content=\"Cannabislandia\" \/>\n<meta property=\"article:publisher\" content=\"https:\/\/www.facebook.com\/people\/Cannabislandia\/100064696326447\/\" \/>\n<meta property=\"article:modified_time\" content=\"2019-03-26T09:58:03+00:00\" \/>\n<meta property=\"og:image\" content=\"https:\/\/www.cannabislandia.com\/blog\/wp-content\/uploads\/2015\/12\/hy-pro-portada.jpg\" \/>\n\t<meta property=\"og:image:width\" content=\"600\" \/>\n\t<meta property=\"og:image:height\" content=\"400\" \/>\n\t<meta property=\"og:image:type\" content=\"image\/jpeg\" \/>\n<meta name=\"twitter:card\" content=\"summary_large_image\" \/>\n<meta name=\"twitter:site\" content=\"@cannabislandia\" \/>\n<meta name=\"twitter:label1\" content=\"Tiempo de lectura\" \/>\n\t<meta name=\"twitter:data1\" content=\"2 minutos\" \/>\n<script type=\"application\/ld+json\" class=\"yoast-schema-graph\">{\"@context\":\"https:\/\/schema.org\",\"@graph\":[{\"@type\":\"WebPage\",\"@id\":\"https:\/\/www.cannabislandia.com\/blog\/tablas-de-cultivo\/hy-pro\/\",\"url\":\"https:\/\/www.cannabislandia.com\/blog\/tablas-de-cultivo\/hy-pro\/\",\"name\":\"Tablas de cultivo de Hy-Pro | Descargar | Cannabislandia\",\"isPartOf\":{\"@id\":\"https:\/\/www.cannabislandia.com\/blog\/#website\"},\"datePublished\":\"2015-12-10T14:41:34+00:00\",\"dateModified\":\"2019-03-26T09:58:03+00:00\",\"description\":\"En Cannabislandia te puedes descargar las tablas de cultivo de Hy-Pro para plantas de marihuana en tierra, coco e hidrop\u00f3nico. \u00bfA qu\u00e9 est\u00e1s esperando?\",\"breadcrumb\":{\"@id\":\"https:\/\/www.cannabislandia.com\/blog\/tablas-de-cultivo\/hy-pro\/#breadcrumb\"},\"inLanguage\":\"es\",\"potentialAction\":[{\"@type\":\"ReadAction\",\"target\":[\"https:\/\/www.cannabislandia.com\/blog\/tablas-de-cultivo\/hy-pro\/\"]}]},{\"@type\":\"BreadcrumbList\",\"@id\":\"https:\/\/www.cannabislandia.com\/blog\/tablas-de-cultivo\/hy-pro\/#breadcrumb\",\"itemListElement\":[{\"@type\":\"ListItem\",\"position\":1,\"name\":\"Inicio\",\"item\":\"https:\/\/www.cannabislandia.com\/blog\/\"},{\"@type\":\"ListItem\",\"position\":2,\"name\":\"Tablas de cultivo y abonado\",\"item\":\"https:\/\/www.cannabislandia.com\/blog\/tablas-de-cultivo\/\"},{\"@type\":\"ListItem\",\"position\":3,\"name\":\"Tablas de cultivo de Hy-Pro\"}]},{\"@type\":\"WebSite\",\"@id\":\"https:\/\/www.cannabislandia.com\/blog\/#website\",\"url\":\"https:\/\/www.cannabislandia.com\/blog\/\",\"name\":\"Cannabislandia\",\"description\":\"Blog cann\u00e1bico donde encontrar\u00e1s las \u00faltimas noticias, novedades, gu\u00edas, recetas, promociones, curiosidades y todo lo relacionado con la marihuana\",\"publisher\":{\"@id\":\"https:\/\/www.cannabislandia.com\/blog\/#organization\"},\"potentialAction\":[{\"@type\":\"SearchAction\",\"target\":{\"@type\":\"EntryPoint\",\"urlTemplate\":\"https:\/\/www.cannabislandia.com\/blog\/?s={search_term_string}\"},\"query-input\":\"required name=search_term_string\"}],\"inLanguage\":\"es\"},{\"@type\":\"Organization\",\"@id\":\"https:\/\/www.cannabislandia.com\/blog\/#organization\",\"name\":\"Cannabislandia\",\"url\":\"https:\/\/www.cannabislandia.com\/blog\/\",\"logo\":{\"@type\":\"ImageObject\",\"inLanguage\":\"es\",\"@id\":\"https:\/\/www.cannabislandia.com\/blog\/#\/schema\/logo\/image\/\",\"url\":\"https:\/\/www.cannabislandia.com\/blog\/wp-content\/uploads\/2015\/12\/logo.jpg\",\"contentUrl\":\"https:\/\/www.cannabislandia.com\/blog\/wp-content\/uploads\/2015\/12\/logo.jpg\",\"width\":145,\"height\":145,\"caption\":\"Cannabislandia\"},\"image\":{\"@id\":\"https:\/\/www.cannabislandia.com\/blog\/#\/schema\/logo\/image\/\"},\"sameAs\":[\"https:\/\/www.instagram.com\/cannabislandia_grow\/\",\"https:\/\/www.facebook.com\/people\/Cannabislandia\/100064696326447\/\",\"https:\/\/twitter.com\/cannabislandia\"]}]}<\/script>\n<!-- \/ Yoast SEO Premium plugin. -->","yoast_head_json":{"title":"Tablas de cultivo de Hy-Pro | Descargar | Cannabislandia","description":"En Cannabislandia te puedes descargar las tablas de cultivo de Hy-Pro para plantas de marihuana en tierra, coco e hidrop\u00f3nico. \u00bfA qu\u00e9 est\u00e1s esperando?","robots":{"index":"index","follow":"follow","max-snippet":"max-snippet:-1","max-image-preview":"max-image-preview:large","max-video-preview":"max-video-preview:-1"},"canonical":"https:\/\/www.cannabislandia.com\/blog\/tablas-de-cultivo\/hy-pro\/","og_locale":"es_ES","og_type":"article","og_title":"Tablas de cultivo de Hy-Pro","og_description":"En Cannabislandia te puedes descargar las tablas de cultivo de Hy-Pro para plantas de marihuana en tierra, coco e hidrop\u00f3nico. \u00bfA qu\u00e9 est\u00e1s esperando?","og_url":"https:\/\/www.cannabislandia.com\/blog\/tablas-de-cultivo\/hy-pro\/","og_site_name":"Cannabislandia","article_publisher":"https:\/\/www.facebook.com\/people\/Cannabislandia\/100064696326447\/","article_modified_time":"2019-03-26T09:58:03+00:00","og_image":[{"width":600,"height":400,"url":"https:\/\/www.cannabislandia.com\/blog\/wp-content\/uploads\/2015\/12\/hy-pro-portada.jpg","type":"image\/jpeg"}],"twitter_card":"summary_large_image","twitter_site":"@cannabislandia","twitter_misc":{"Tiempo de lectura":"2 minutos"},"schema":{"@context":"https:\/\/schema.org","@graph":[{"@type":"WebPage","@id":"https:\/\/www.cannabislandia.com\/blog\/tablas-de-cultivo\/hy-pro\/","url":"https:\/\/www.cannabislandia.com\/blog\/tablas-de-cultivo\/hy-pro\/","name":"Tablas de cultivo de Hy-Pro | Descargar | Cannabislandia","isPartOf":{"@id":"https:\/\/www.cannabislandia.com\/blog\/#website"},"datePublished":"2015-12-10T14:41:34+00:00","dateModified":"2019-03-26T09:58:03+00:00","description":"En Cannabislandia te puedes descargar las tablas de cultivo de Hy-Pro para plantas de marihuana en tierra, coco e hidrop\u00f3nico. \u00bfA qu\u00e9 est\u00e1s esperando?","breadcrumb":{"@id":"https:\/\/www.cannabislandia.com\/blog\/tablas-de-cultivo\/hy-pro\/#breadcrumb"},"inLanguage":"es","potentialAction":[{"@type":"ReadAction","target":["https:\/\/www.cannabislandia.com\/blog\/tablas-de-cultivo\/hy-pro\/"]}]},{"@type":"BreadcrumbList","@id":"https:\/\/www.cannabislandia.com\/blog\/tablas-de-cultivo\/hy-pro\/#breadcrumb","itemListElement":[{"@type":"ListItem","position":1,"name":"Inicio","item":"https:\/\/www.cannabislandia.com\/blog\/"},{"@type":"ListItem","position":2,"name":"Tablas de cultivo y abonado","item":"https:\/\/www.cannabislandia.com\/blog\/tablas-de-cultivo\/"},{"@type":"ListItem","position":3,"name":"Tablas de cultivo de Hy-Pro"}]},{"@type":"WebSite","@id":"https:\/\/www.cannabislandia.com\/blog\/#website","url":"https:\/\/www.cannabislandia.com\/blog\/","name":"Cannabislandia","description":"Blog cann\u00e1bico donde encontrar\u00e1s las \u00faltimas noticias, novedades, gu\u00edas, recetas, promociones, curiosidades y todo lo relacionado con la marihuana","publisher":{"@id":"https:\/\/www.cannabislandia.com\/blog\/#organization"},"potentialAction":[{"@type":"SearchAction","target":{"@type":"EntryPoint","urlTemplate":"https:\/\/www.cannabislandia.com\/blog\/?s={search_term_string}"},"query-input":"required name=search_term_string"}],"inLanguage":"es"},{"@type":"Organization","@id":"https:\/\/www.cannabislandia.com\/blog\/#organization","name":"Cannabislandia","url":"https:\/\/www.cannabislandia.com\/blog\/","logo":{"@type":"ImageObject","inLanguage":"es","@id":"https:\/\/www.cannabislandia.com\/blog\/#\/schema\/logo\/image\/","url":"https:\/\/www.cannabislandia.com\/blog\/wp-content\/uploads\/2015\/12\/logo.jpg","contentUrl":"https:\/\/www.cannabislandia.com\/blog\/wp-content\/uploads\/2015\/12\/logo.jpg","width":145,"height":145,"caption":"Cannabislandia"},"image":{"@id":"https:\/\/www.cannabislandia.com\/blog\/#\/schema\/logo\/image\/"},"sameAs":["https:\/\/www.instagram.com\/cannabislandia_grow\/","https:\/\/www.facebook.com\/people\/Cannabislandia\/100064696326447\/","https:\/\/twitter.com\/cannabislandia"]}]}},"_links":{"self":[{"href":"https:\/\/www.cannabislandia.com\/blog\/wp-json\/wp\/v2\/pages\/1461"}],"collection":[{"href":"https:\/\/www.cannabislandia.com\/blog\/wp-json\/wp\/v2\/pages"}],"about":[{"href":"https:\/\/www.cannabislandia.com\/blog\/wp-json\/wp\/v2\/types\/page"}],"author":[{"embeddable":true,"href":"https:\/\/www.cannabislandia.com\/blog\/wp-json\/wp\/v2\/users\/4"}],"replies":[{"embeddable":true,"href":"https:\/\/www.cannabislandia.com\/blog\/wp-json\/wp\/v2\/comments?post=1461"}],"version-history":[{"count":13,"href":"https:\/\/www.cannabislandia.com\/blog\/wp-json\/wp\/v2\/pages\/1461\/revisions"}],"predecessor-version":[{"id":12224,"href":"https:\/\/www.cannabislandia.com\/blog\/wp-json\/wp\/v2\/pages\/1461\/revisions\/12224"}],"up":[{"embeddable":true,"href":"https:\/\/www.cannabislandia.com\/blog\/wp-json\/wp\/v2\/pages\/998"}],"wp:featuredmedia":[{"embeddable":true,"href":"https:\/\/www.cannabislandia.com\/blog\/wp-json\/wp\/v2\/media\/4250"}],"wp:attachment":[{"href":"https:\/\/www.cannabislandia.com\/blog\/wp-json\/wp\/v2\/media?parent=1461"}],"curies":[{"name":"wp","href":"https:\/\/api.w.org\/{rel}","templated":true}]}}