{"id":12547,"date":"2019-06-13T11:29:38","date_gmt":"2019-06-13T09:29:38","guid":{"rendered":"https:\/\/www.cannabislandia.com\/blog\/?page_id=12547"},"modified":"2019-06-17T13:07:39","modified_gmt":"2019-06-17T11:07:39","slug":"tablas-cultivo-pro-xl","status":"publish","type":"page","link":"https:\/\/www.cannabislandia.com\/blog\/tablas-de-cultivo\/tablas-cultivo-pro-xl\/","title":{"rendered":"Tablas de cultivo Pro-XL"},"content":{"rendered":"<h2>TABLAS DE CULTIVO PRO-XL<\/h2>\n<h3>CON SUSTRATO FERTILIZADO<\/h3>\n<p><a href=\"https:\/\/www.cannabislandia.com\/blog\/wp-content\/uploads\/2019\/06\/Tabla-de-cultivo-Pro-XL-con-sustrato-abonado.jpg\" data-rel=\"lightbox-image-0\" data-rl_title=\"\" data-rl_caption=\"\" title=\"\"><img loading=\"lazy\" decoding=\"async\" loading=\"lazy\" class=\"alignnone size-large wp-image-12549\" src=\"https:\/\/www.cannabislandia.com\/blog\/wp-content\/uploads\/2019\/06\/Tabla-de-cultivo-Pro-XL-con-sustrato-abonado-1024x599.jpg\" alt=\"\" width=\"1024\" height=\"599\" srcset=\"https:\/\/www.cannabislandia.com\/blog\/wp-content\/uploads\/2019\/06\/Tabla-de-cultivo-Pro-XL-con-sustrato-abonado-1024x599.jpg 1024w, https:\/\/www.cannabislandia.com\/blog\/wp-content\/uploads\/2019\/06\/Tabla-de-cultivo-Pro-XL-con-sustrato-abonado-300x175.jpg 300w, https:\/\/www.cannabislandia.com\/blog\/wp-content\/uploads\/2019\/06\/Tabla-de-cultivo-Pro-XL-con-sustrato-abonado-768x449.jpg 768w, https:\/\/www.cannabislandia.com\/blog\/wp-content\/uploads\/2019\/06\/Tabla-de-cultivo-Pro-XL-con-sustrato-abonado.jpg 1262w\" sizes=\"(max-width: 1024px) 100vw, 1024px\" \/><\/a><\/p>\n<h3>CON SUSTRATO SIN FERTILIZAR<\/h3>\n<p><a href=\"https:\/\/www.cannabislandia.com\/blog\/wp-content\/uploads\/2019\/06\/Tabla-de-cultivo-Pro-XL-sin-sustrato-abonado.jpg\" data-rel=\"lightbox-image-1\" data-rl_title=\"\" data-rl_caption=\"\" title=\"\"><img loading=\"lazy\" decoding=\"async\" loading=\"lazy\" class=\"alignnone size-large wp-image-12551\" src=\"https:\/\/www.cannabislandia.com\/blog\/wp-content\/uploads\/2019\/06\/Tabla-de-cultivo-Pro-XL-sin-sustrato-abonado-1024x569.jpg\" alt=\"\" width=\"1024\" height=\"569\" srcset=\"https:\/\/www.cannabislandia.com\/blog\/wp-content\/uploads\/2019\/06\/Tabla-de-cultivo-Pro-XL-sin-sustrato-abonado-1024x569.jpg 1024w, https:\/\/www.cannabislandia.com\/blog\/wp-content\/uploads\/2019\/06\/Tabla-de-cultivo-Pro-XL-sin-sustrato-abonado-300x167.jpg 300w, https:\/\/www.cannabislandia.com\/blog\/wp-content\/uploads\/2019\/06\/Tabla-de-cultivo-Pro-XL-sin-sustrato-abonado-768x426.jpg 768w, https:\/\/www.cannabislandia.com\/blog\/wp-content\/uploads\/2019\/06\/Tabla-de-cultivo-Pro-XL-sin-sustrato-abonado.jpg 1268w\" sizes=\"(max-width: 1024px) 100vw, 1024px\" \/><\/a><\/p>\n<h3>AUTOFLORECIENTES<\/h3>\n<p><a href=\"https:\/\/www.cannabislandia.com\/blog\/wp-content\/uploads\/2019\/06\/Tabla-de-cultivo-Pro-XL-autoflorecientes.jpg\" data-rel=\"lightbox-image-2\" data-rl_title=\"\" data-rl_caption=\"\" title=\"\"><img loading=\"lazy\" decoding=\"async\" loading=\"lazy\" class=\"alignnone size-large wp-image-12548\" src=\"https:\/\/www.cannabislandia.com\/blog\/wp-content\/uploads\/2019\/06\/Tabla-de-cultivo-Pro-XL-autoflorecientes-1024x537.jpg\" alt=\"\" width=\"1024\" height=\"537\" srcset=\"https:\/\/www.cannabislandia.com\/blog\/wp-content\/uploads\/2019\/06\/Tabla-de-cultivo-Pro-XL-autoflorecientes-1024x537.jpg 1024w, https:\/\/www.cannabislandia.com\/blog\/wp-content\/uploads\/2019\/06\/Tabla-de-cultivo-Pro-XL-autoflorecientes-300x157.jpg 300w, https:\/\/www.cannabislandia.com\/blog\/wp-content\/uploads\/2019\/06\/Tabla-de-cultivo-Pro-XL-autoflorecientes-768x403.jpg 768w, https:\/\/www.cannabislandia.com\/blog\/wp-content\/uploads\/2019\/06\/Tabla-de-cultivo-Pro-XL-autoflorecientes.jpg 1342w\" sizes=\"(max-width: 1024px) 100vw, 1024px\" \/><\/a><\/p>\n<p><a href=\"https:\/\/www.cannabislandia.com\/es\/pro-xl_241\"><strong>PRO-XL<\/strong><\/a> es un fabricante de fertilizantes para el cultivo de marihuana establecido en Holanda. Y siguiendo la tradici\u00f3n holandesa nos presenta una l\u00ednea de abonos en dos partes, que junto a una serie de suplementos o aditivos, ayudar\u00e1 al cultivador a conseguir unos resultados de primera.<\/p>\n<p>Los abonos y aditivos PRO-XL est\u00e1n elaborados con nutrientes minerales de gran calidad y f\u00e1cilmente asimilables por parte de las plantas. En conjunto, aportan todos los macronutrientes y micronutrientes necesarios para un perfecto crecimiento y una floraci\u00f3n explosiva.<\/p>\n<h2>NUTRIENTES BASE PRO-XL<\/h2>\n<p>Los fertilizantes en dos partes suelen ser m\u00e1s efectivos principalmente por un motivo. Ciertos nutrientes cuando de unen, crean reacciones entre s\u00ed, como es el caso del calcio y el azufre que forman precipitados en el fondo del envase. Al incluirlos en diferentes envases, la mezcla de ambos garantiza que \u00e9sto no suceda.<\/p>\n<p><a href=\"https:\/\/www.cannabislandia.com\/es\/pro-xl\/grow-a-b-4961.html\"><strong>Grow A&amp;B<\/strong><\/a> y <a href=\"https:\/\/www.cannabislandia.com\/es\/pro-xl\/bloom-a-b-4959.html\"><strong>Bloom A&amp;B<\/strong><\/a> son los nutrientes base para crecimiento y floraci\u00f3n respectivamente. Son concentrados, por lo que finalmente rinden m\u00e1s que los abonos base de otros fabricantes. Los nutrientes quelatados, garantizan una r\u00e1pida y sencilla asimilaci\u00f3n por parte de las plantas.<\/p>\n<h2>ADITIVOS PRO-XL<\/h2>\n<p>Para completar un programa de cultivo, PRO-XL nos ofrece una serie de aditivos o suplementos que potenciar\u00e1n la nutrici\u00f3n b\u00e1sica en momentos clave.<\/p>\n<p><a href=\"https:\/\/www.cannabislandia.com\/es\/pro-xl\/pro-start-4964.html\"><strong>Pro Start<\/strong><\/a> es un potenciador radicular que estimula del desarrollo de las ra\u00edces en las primeras fases del cultivo. Tambi\u00e9n es interesante emplearlo tras un trasplante. El complejo enzim\u00e1tico <a href=\"https:\/\/www.cannabislandia.com\/es\/pro-xl\/pro-enzymen-5391.html\"><strong>Pro Enzymen<\/strong><\/a> mantendr\u00e1 por otro lado las ra\u00edces en perfecto estado, ya que ir\u00e1 transformando sus deshechos en nutrientes asimilables.<\/p>\n<p><a href=\"https:\/\/www.cannabislandia.com\/es\/pro-xl\/quick-boost-5328.html\"><strong>Quick Boost<\/strong><\/a> y <a href=\"https:\/\/www.cannabislandia.com\/es\/pro-xl\/flora-exploder-4963.html\"><strong>Flora Exploder<\/strong><\/a> son un estimulador y potenciador de floraci\u00f3n respectivamente. El primero garantiza una mayor asimilaci\u00f3n de f\u00f3sforo y potasio. El segundo en su formulaci\u00f3n incluye nanoplata, lo que proteger\u00e1 adem\u00e1s la planta en un momento tan determinante.<\/p>\n<p><a href=\"https:\/\/www.cannabislandia.com\/es\/pro-xl\/bloom-xxl-pro-xl-9143.html\"><strong>Bloom XXL<\/strong><\/a> por su parte es un cl\u00e1sico PK, con un 15% de f\u00f3sforo y un 16% de potasio. Son los dos nutrientes que la planta m\u00e1s demanda para el engorde de los cogollos. Tambi\u00e9n incluye hierro y oligoelementos para una mejor asimilaci\u00f3n de estos dos macronutrientes<\/p>\n<h2>OTROS ADITIVOS PRO-XL<\/h2>\n<p><a href=\"https:\/\/www.cannabislandia.com\/es\/pro-xl\/foliar-feed-30ml-9150.html\"><strong>Foliar Feed<\/strong><\/a> es un aditivo que recupera plantas enfermas, estresadas o con un sistema radicular d\u00e9bil. Adem\u00e1s ayuda a los esquejes a desarrollar un sistema radicular muy r\u00e1pido.<\/p>\n<p><a href=\"https:\/\/www.cannabislandia.com\/es\/pro-xl\/stop-grow-5330.html\"><strong>Stop Grow<\/strong><\/a> por su parte es un producto \u00fanico y muy interesante para cultivadores de interior. Su f\u00f3rmula hace que las plantas frenen su crecimiento y las induce a florecer.<\/p>\n<p>PRO XL tambi\u00e9n ofrece una serie de productos especialmente indicados para su uso con aguas blandas. \u00c9stos son <a href=\"https:\/\/www.cannabislandia.com\/es\/pro-xl\/ec-regulator-9149.html\"><strong>EC Regulator<\/strong><\/a> y los mononutrientes <a href=\"https:\/\/www.cannabislandia.com\/es\/pro-xl\/hierro-5322.html\"><strong>Hierro<\/strong><\/a> y <a href=\"https:\/\/www.cannabislandia.com\/es\/pro-xl\/magnesio-5323.html\"><strong>Magnesio<\/strong><\/a>.<\/p>\n","protected":false},"excerpt":{"rendered":"<p>TABLAS DE CULTIVO PRO-XL CON SUSTRATO FERTILIZADO CON SUSTRATO SIN FERTILIZAR AUTOFLORECIENTES PRO-XL es un fabricante de fertilizantes para el cultivo de marihuana establecido en Holanda. Y siguiendo la tradici\u00f3n holandesa nos presenta una l\u00ednea de abonos en dos partes,&#46;&#46;&#46;<\/p>\n","protected":false},"author":5,"featured_media":4827,"parent":998,"menu_order":0,"comment_status":"closed","ping_status":"closed","template":"","meta":[],"yoast_head":"<!-- This site is optimized with the Yoast SEO Premium plugin v19.7 (Yoast SEO v19.14) - https:\/\/yoast.com\/wordpress\/plugins\/seo\/ -->\n<title>Tablas de cultivo Pro-XL | Cultivo de marihuana | Descargar<\/title>\n<meta name=\"description\" content=\"En nuestro Grow Shop te puedes descargar las tablas de cultivo Pro-XL para el uso de estos abonos en tu cultivo de marihuana. Tus cosechas ser\u00e1n mejores\" \/>\n<meta name=\"robots\" content=\"index, follow, max-snippet:-1, max-image-preview:large, max-video-preview:-1\" \/>\n<link rel=\"canonical\" href=\"https:\/\/www.cannabislandia.com\/blog\/tablas-de-cultivo\/tablas-cultivo-pro-xl\/\" \/>\n<meta property=\"og:locale\" content=\"es_ES\" \/>\n<meta property=\"og:type\" content=\"article\" \/>\n<meta property=\"og:title\" content=\"Tablas de cultivo Pro-XL\" \/>\n<meta property=\"og:description\" content=\"En nuestro Grow Shop te puedes descargar las tablas de cultivo Pro-XL para el uso de estos abonos en tu cultivo de marihuana. Tus cosechas ser\u00e1n mejores\" \/>\n<meta property=\"og:url\" content=\"https:\/\/www.cannabislandia.com\/blog\/tablas-de-cultivo\/tablas-cultivo-pro-xl\/\" \/>\n<meta property=\"og:site_name\" content=\"Cannabislandia\" \/>\n<meta property=\"article:publisher\" content=\"https:\/\/www.facebook.com\/people\/Cannabislandia\/100064696326447\/\" \/>\n<meta property=\"article:modified_time\" content=\"2019-06-17T11:07:39+00:00\" \/>\n<meta property=\"og:image\" content=\"https:\/\/www.cannabislandia.com\/blog\/wp-content\/uploads\/2016\/07\/pro-xl-portada.jpg\" \/>\n\t<meta property=\"og:image:width\" content=\"705\" \/>\n\t<meta property=\"og:image:height\" content=\"332\" \/>\n\t<meta property=\"og:image:type\" content=\"image\/jpeg\" \/>\n<meta name=\"twitter:card\" content=\"summary_large_image\" \/>\n<meta name=\"twitter:site\" content=\"@cannabislandia\" \/>\n<meta name=\"twitter:label1\" content=\"Tiempo de lectura\" \/>\n\t<meta name=\"twitter:data1\" content=\"2 minutos\" \/>\n<script type=\"application\/ld+json\" class=\"yoast-schema-graph\">{\"@context\":\"https:\/\/schema.org\",\"@graph\":[{\"@type\":\"WebPage\",\"@id\":\"https:\/\/www.cannabislandia.com\/blog\/tablas-de-cultivo\/tablas-cultivo-pro-xl\/\",\"url\":\"https:\/\/www.cannabislandia.com\/blog\/tablas-de-cultivo\/tablas-cultivo-pro-xl\/\",\"name\":\"Tablas de cultivo Pro-XL | Cultivo de marihuana | Descargar\",\"isPartOf\":{\"@id\":\"https:\/\/www.cannabislandia.com\/blog\/#website\"},\"datePublished\":\"2019-06-13T09:29:38+00:00\",\"dateModified\":\"2019-06-17T11:07:39+00:00\",\"description\":\"En nuestro Grow Shop te puedes descargar las tablas de cultivo Pro-XL para el uso de estos abonos en tu cultivo de marihuana. Tus cosechas ser\u00e1n mejores\",\"breadcrumb\":{\"@id\":\"https:\/\/www.cannabislandia.com\/blog\/tablas-de-cultivo\/tablas-cultivo-pro-xl\/#breadcrumb\"},\"inLanguage\":\"es\",\"potentialAction\":[{\"@type\":\"ReadAction\",\"target\":[\"https:\/\/www.cannabislandia.com\/blog\/tablas-de-cultivo\/tablas-cultivo-pro-xl\/\"]}]},{\"@type\":\"BreadcrumbList\",\"@id\":\"https:\/\/www.cannabislandia.com\/blog\/tablas-de-cultivo\/tablas-cultivo-pro-xl\/#breadcrumb\",\"itemListElement\":[{\"@type\":\"ListItem\",\"position\":1,\"name\":\"Inicio\",\"item\":\"https:\/\/www.cannabislandia.com\/blog\/\"},{\"@type\":\"ListItem\",\"position\":2,\"name\":\"Tablas de cultivo y abonado\",\"item\":\"https:\/\/www.cannabislandia.com\/blog\/tablas-de-cultivo\/\"},{\"@type\":\"ListItem\",\"position\":3,\"name\":\"Tablas de cultivo Pro-XL\"}]},{\"@type\":\"WebSite\",\"@id\":\"https:\/\/www.cannabislandia.com\/blog\/#website\",\"url\":\"https:\/\/www.cannabislandia.com\/blog\/\",\"name\":\"Cannabislandia\",\"description\":\"Blog cann\u00e1bico donde encontrar\u00e1s las \u00faltimas noticias, novedades, gu\u00edas, recetas, promociones, curiosidades y todo lo relacionado con la marihuana\",\"publisher\":{\"@id\":\"https:\/\/www.cannabislandia.com\/blog\/#organization\"},\"potentialAction\":[{\"@type\":\"SearchAction\",\"target\":{\"@type\":\"EntryPoint\",\"urlTemplate\":\"https:\/\/www.cannabislandia.com\/blog\/?s={search_term_string}\"},\"query-input\":\"required name=search_term_string\"}],\"inLanguage\":\"es\"},{\"@type\":\"Organization\",\"@id\":\"https:\/\/www.cannabislandia.com\/blog\/#organization\",\"name\":\"Cannabislandia\",\"url\":\"https:\/\/www.cannabislandia.com\/blog\/\",\"logo\":{\"@type\":\"ImageObject\",\"inLanguage\":\"es\",\"@id\":\"https:\/\/www.cannabislandia.com\/blog\/#\/schema\/logo\/image\/\",\"url\":\"https:\/\/www.cannabislandia.com\/blog\/wp-content\/uploads\/2015\/12\/logo.jpg\",\"contentUrl\":\"https:\/\/www.cannabislandia.com\/blog\/wp-content\/uploads\/2015\/12\/logo.jpg\",\"width\":145,\"height\":145,\"caption\":\"Cannabislandia\"},\"image\":{\"@id\":\"https:\/\/www.cannabislandia.com\/blog\/#\/schema\/logo\/image\/\"},\"sameAs\":[\"https:\/\/www.instagram.com\/cannabislandia_grow\/\",\"https:\/\/www.facebook.com\/people\/Cannabislandia\/100064696326447\/\",\"https:\/\/twitter.com\/cannabislandia\"]}]}<\/script>\n<!-- \/ Yoast SEO Premium plugin. -->","yoast_head_json":{"title":"Tablas de cultivo Pro-XL | Cultivo de marihuana | Descargar","description":"En nuestro Grow Shop te puedes descargar las tablas de cultivo Pro-XL para el uso de estos abonos en tu cultivo de marihuana. Tus cosechas ser\u00e1n mejores","robots":{"index":"index","follow":"follow","max-snippet":"max-snippet:-1","max-image-preview":"max-image-preview:large","max-video-preview":"max-video-preview:-1"},"canonical":"https:\/\/www.cannabislandia.com\/blog\/tablas-de-cultivo\/tablas-cultivo-pro-xl\/","og_locale":"es_ES","og_type":"article","og_title":"Tablas de cultivo Pro-XL","og_description":"En nuestro Grow Shop te puedes descargar las tablas de cultivo Pro-XL para el uso de estos abonos en tu cultivo de marihuana. Tus cosechas ser\u00e1n mejores","og_url":"https:\/\/www.cannabislandia.com\/blog\/tablas-de-cultivo\/tablas-cultivo-pro-xl\/","og_site_name":"Cannabislandia","article_publisher":"https:\/\/www.facebook.com\/people\/Cannabislandia\/100064696326447\/","article_modified_time":"2019-06-17T11:07:39+00:00","og_image":[{"width":705,"height":332,"url":"https:\/\/www.cannabislandia.com\/blog\/wp-content\/uploads\/2016\/07\/pro-xl-portada.jpg","type":"image\/jpeg"}],"twitter_card":"summary_large_image","twitter_site":"@cannabislandia","twitter_misc":{"Tiempo de lectura":"2 minutos"},"schema":{"@context":"https:\/\/schema.org","@graph":[{"@type":"WebPage","@id":"https:\/\/www.cannabislandia.com\/blog\/tablas-de-cultivo\/tablas-cultivo-pro-xl\/","url":"https:\/\/www.cannabislandia.com\/blog\/tablas-de-cultivo\/tablas-cultivo-pro-xl\/","name":"Tablas de cultivo Pro-XL | Cultivo de marihuana | Descargar","isPartOf":{"@id":"https:\/\/www.cannabislandia.com\/blog\/#website"},"datePublished":"2019-06-13T09:29:38+00:00","dateModified":"2019-06-17T11:07:39+00:00","description":"En nuestro Grow Shop te puedes descargar las tablas de cultivo Pro-XL para el uso de estos abonos en tu cultivo de marihuana. Tus cosechas ser\u00e1n mejores","breadcrumb":{"@id":"https:\/\/www.cannabislandia.com\/blog\/tablas-de-cultivo\/tablas-cultivo-pro-xl\/#breadcrumb"},"inLanguage":"es","potentialAction":[{"@type":"ReadAction","target":["https:\/\/www.cannabislandia.com\/blog\/tablas-de-cultivo\/tablas-cultivo-pro-xl\/"]}]},{"@type":"BreadcrumbList","@id":"https:\/\/www.cannabislandia.com\/blog\/tablas-de-cultivo\/tablas-cultivo-pro-xl\/#breadcrumb","itemListElement":[{"@type":"ListItem","position":1,"name":"Inicio","item":"https:\/\/www.cannabislandia.com\/blog\/"},{"@type":"ListItem","position":2,"name":"Tablas de cultivo y abonado","item":"https:\/\/www.cannabislandia.com\/blog\/tablas-de-cultivo\/"},{"@type":"ListItem","position":3,"name":"Tablas de cultivo Pro-XL"}]},{"@type":"WebSite","@id":"https:\/\/www.cannabislandia.com\/blog\/#website","url":"https:\/\/www.cannabislandia.com\/blog\/","name":"Cannabislandia","description":"Blog cann\u00e1bico donde encontrar\u00e1s las \u00faltimas noticias, novedades, gu\u00edas, recetas, promociones, curiosidades y todo lo relacionado con la marihuana","publisher":{"@id":"https:\/\/www.cannabislandia.com\/blog\/#organization"},"potentialAction":[{"@type":"SearchAction","target":{"@type":"EntryPoint","urlTemplate":"https:\/\/www.cannabislandia.com\/blog\/?s={search_term_string}"},"query-input":"required name=search_term_string"}],"inLanguage":"es"},{"@type":"Organization","@id":"https:\/\/www.cannabislandia.com\/blog\/#organization","name":"Cannabislandia","url":"https:\/\/www.cannabislandia.com\/blog\/","logo":{"@type":"ImageObject","inLanguage":"es","@id":"https:\/\/www.cannabislandia.com\/blog\/#\/schema\/logo\/image\/","url":"https:\/\/www.cannabislandia.com\/blog\/wp-content\/uploads\/2015\/12\/logo.jpg","contentUrl":"https:\/\/www.cannabislandia.com\/blog\/wp-content\/uploads\/2015\/12\/logo.jpg","width":145,"height":145,"caption":"Cannabislandia"},"image":{"@id":"https:\/\/www.cannabislandia.com\/blog\/#\/schema\/logo\/image\/"},"sameAs":["https:\/\/www.instagram.com\/cannabislandia_grow\/","https:\/\/www.facebook.com\/people\/Cannabislandia\/100064696326447\/","https:\/\/twitter.com\/cannabislandia"]}]}},"_links":{"self":[{"href":"https:\/\/www.cannabislandia.com\/blog\/wp-json\/wp\/v2\/pages\/12547"}],"collection":[{"href":"https:\/\/www.cannabislandia.com\/blog\/wp-json\/wp\/v2\/pages"}],"about":[{"href":"https:\/\/www.cannabislandia.com\/blog\/wp-json\/wp\/v2\/types\/page"}],"author":[{"embeddable":true,"href":"https:\/\/www.cannabislandia.com\/blog\/wp-json\/wp\/v2\/users\/5"}],"replies":[{"embeddable":true,"href":"https:\/\/www.cannabislandia.com\/blog\/wp-json\/wp\/v2\/comments?post=12547"}],"version-history":[{"count":3,"href":"https:\/\/www.cannabislandia.com\/blog\/wp-json\/wp\/v2\/pages\/12547\/revisions"}],"predecessor-version":[{"id":12562,"href":"https:\/\/www.cannabislandia.com\/blog\/wp-json\/wp\/v2\/pages\/12547\/revisions\/12562"}],"up":[{"embeddable":true,"href":"https:\/\/www.cannabislandia.com\/blog\/wp-json\/wp\/v2\/pages\/998"}],"wp:featuredmedia":[{"embeddable":true,"href":"https:\/\/www.cannabislandia.com\/blog\/wp-json\/wp\/v2\/media\/4827"}],"wp:attachment":[{"href":"https:\/\/www.cannabislandia.com\/blog\/wp-json\/wp\/v2\/media?parent=12547"}],"curies":[{"name":"wp","href":"https:\/\/api.w.org\/{rel}","templated":true}]}}