{"id":12171,"date":"2019-03-21T12:28:51","date_gmt":"2019-03-21T11:28:51","guid":{"rendered":"https:\/\/www.cannabislandia.com\/blog\/?page_id=12171"},"modified":"2019-03-21T12:31:13","modified_gmt":"2019-03-21T11:31:13","slug":"tablas-cultivo-green-pai-pai","status":"publish","type":"page","link":"https:\/\/www.cannabislandia.com\/blog\/tablas-de-cultivo\/tablas-cultivo-green-pai-pai\/","title":{"rendered":"Tablas de cultivo Green Pai Pai"},"content":{"rendered":"<h2>GREEN PAI PAI<\/h2>\n<h3>INTERIOR<\/h3>\n<p><a href=\"https:\/\/www.cannabislandia.com\/blog\/wp-content\/uploads\/2019\/03\/tabla-de-cultivo-green-pai-pai-exterior-interior.png\" data-rel=\"lightbox-image-0\" data-rl_title=\"\" data-rl_caption=\"\" title=\"\"><img loading=\"lazy\" decoding=\"async\" loading=\"lazy\" class=\"alignnone size-large wp-image-12173\" src=\"https:\/\/www.cannabislandia.com\/blog\/wp-content\/uploads\/2019\/03\/tabla-de-cultivo-green-pai-pai-exterior-interior-1024x228.png\" alt=\"\" width=\"1024\" height=\"228\" srcset=\"https:\/\/www.cannabislandia.com\/blog\/wp-content\/uploads\/2019\/03\/tabla-de-cultivo-green-pai-pai-exterior-interior-1024x228.png 1024w, https:\/\/www.cannabislandia.com\/blog\/wp-content\/uploads\/2019\/03\/tabla-de-cultivo-green-pai-pai-exterior-interior-300x67.png 300w, https:\/\/www.cannabislandia.com\/blog\/wp-content\/uploads\/2019\/03\/tabla-de-cultivo-green-pai-pai-exterior-interior-768x171.png 768w, https:\/\/www.cannabislandia.com\/blog\/wp-content\/uploads\/2019\/03\/tabla-de-cultivo-green-pai-pai-exterior-interior.png 1027w\" sizes=\"(max-width: 1024px) 100vw, 1024px\" \/><\/a><\/p>\n<h3>EXTERIOR<\/h3>\n<p><a href=\"https:\/\/www.cannabislandia.com\/blog\/wp-content\/uploads\/2019\/03\/tabla-de-cultivo-green-pai-pai-exterior.png\" data-rel=\"lightbox-image-1\" data-rl_title=\"\" data-rl_caption=\"\" title=\"\"><img loading=\"lazy\" decoding=\"async\" loading=\"lazy\" class=\"alignnone size-full wp-image-12172\" src=\"https:\/\/www.cannabislandia.com\/blog\/wp-content\/uploads\/2019\/03\/tabla-de-cultivo-green-pai-pai-exterior.png\" alt=\"\" width=\"1005\" height=\"229\" srcset=\"https:\/\/www.cannabislandia.com\/blog\/wp-content\/uploads\/2019\/03\/tabla-de-cultivo-green-pai-pai-exterior.png 1005w, https:\/\/www.cannabislandia.com\/blog\/wp-content\/uploads\/2019\/03\/tabla-de-cultivo-green-pai-pai-exterior-300x68.png 300w, https:\/\/www.cannabislandia.com\/blog\/wp-content\/uploads\/2019\/03\/tabla-de-cultivo-green-pai-pai-exterior-768x175.png 768w\" sizes=\"(max-width: 1005px) 100vw, 1005px\" \/><\/a><\/p>\n<p><a href=\"https:\/\/www.cannabislandia.com\/es\/green-pai-pai_202\"><strong>Green Pai Pai<\/strong><\/a> es una empresa de fertilizantes y suplementos para el cultivo de marihuana. Fundada en Espa\u00f1a, est\u00e1 formada por expertos cultivadores con a\u00f1os de experiencia en el sector. La finalidad es la de suministrar productos de alto rendimiento para todo tipo de cultivadores, tanto aficionados como profesionales. Adem\u00e1s cuentan con una excelente relaci\u00f3n calidad\/precio.<\/p>\n<p>Green Pai Pai nos ofrece una l\u00ednea de abonos y fertilizantes tan simple como eficaz. Adem\u00e1s con las <strong>tablas de cultivo<\/strong> para interior y exterior que te puedes descargar en Cannabislandia, la aplicaci\u00f3n de las dosis seg\u00fan la fase de cultivo ser\u00e1 mucho m\u00e1s sencilla. Tambi\u00e9n ser\u00e1 m\u00e1s f\u00e1cil combinar nutrientes base y aditivos de la mejor manera posible<\/p>\n<h3>NUTRIENTES BASE GREEN PAI PAI<\/h3>\n<p>Crecimiento y Floraci\u00f3n son los abonos de Green Pai Pai que cumplen las necesidades b\u00e1sicas de las plantas. Se trata de fertilizantes biominerales de alto rendimientos.<\/p>\n<p><strong>Crecimiento<\/strong> ofrece un optimo desarrollo desde las primeras fases de cultivo hasta el inicio de la floraci\u00f3n, garantizando plantas verdes, sanas y frondosas. Contiene altos niveles de nitr\u00f3geno, f\u00f3sforo y potasio, adem\u00e1s de magnesio, calcio, boro, cobre, hierro, manganeso, molibdeno, cinc, amino\u00e1cidos, citoquininas, giberelinas, auxinas, polisac\u00e1ridos y \u00e1cidos org\u00e1nicos.<\/p>\n<p><strong>Floraci\u00f3n<\/strong> por su parte cuenta con altos niveles de f\u00f3sforo y potasio, los dos nutrientes esenciales para la fructificaci\u00f3n y engorde de los cogollos. Tambi\u00e9n contiene nutrientes secundarios y micronutrientes tales como magnesio, calcio, boro, cobre, hierro, manganeso, molibdeno y cinc, adem\u00e1s de amino\u00e1cidos, citoquininas, giberelinas, auxinas, polisac\u00e1ridos y \u00e1cidos org\u00e1nicos.<\/p>\n<h3>ADITIVOS GREEN PAI PAI<\/h3>\n<p><strong>Cloner<\/strong> es un gel especialmente indicado para el enraizado de esquejes. Est\u00e1 elaborado a partir de algas, fitohormonas naturales, amino\u00e1cidos, microelementos, vitaminas y polisac\u00e1ridos. Asegura unos resultados espectaculares, con una formaci\u00f3n de ra\u00edces r\u00e1pida y abundante.<\/p>\n<p><strong>Complejo Radicular<\/strong> es un bioestimulante que incrementa el sistema radicular de las plantas. Es ideal tanto para plantas j\u00f3venes, esquejes y plantas madre. Est\u00e1 eleborado con algas marinas, amino\u00e1cidos,polisac\u00e1ridos,hierro, manganeso, cinc, vitaminas y bioestimulantes vegetales.<\/p>\n<p><strong>+ Resina<\/strong> garantiza unos cogollos m\u00e1s resinosos y con mejor sabor. Favorece la formaci\u00f3n de cannabinoides, y adelanta la maduraci\u00f3n. Entre sus compuestos nos encontramos \u00e1cidos ur\u00f3nicos, polisac\u00e1ridos, \u00f3xido de calcio, \u00f3xido de magnesio, boro, cobalto, cinc y molibdeno.<\/p>\n<p><strong>PK 50-30<\/strong> cuenta con altos niveles de f\u00f3sforo y potasio. Se trata de un potenciador de floraci\u00f3n indicado para producir un aumento espectacular tanto en la cantidad como en la calidad de los cogollos. Tambi\u00e9n incluye amino\u00e1cidos, vitaminas, hierro, manganeso, cinc, cobre, boro, molibdeno y magnesio.<\/p>\n","protected":false},"excerpt":{"rendered":"<p>GREEN PAI PAI INTERIOR EXTERIOR Green Pai Pai es una empresa de fertilizantes y suplementos para el cultivo de marihuana. Fundada en Espa\u00f1a, est\u00e1 formada por expertos cultivadores con a\u00f1os de experiencia en el sector. La finalidad es la de&#46;&#46;&#46;<\/p>\n","protected":false},"author":5,"featured_media":12178,"parent":998,"menu_order":0,"comment_status":"closed","ping_status":"closed","template":"","meta":[],"yoast_head":"<!-- This site is optimized with the Yoast SEO Premium plugin v19.7 (Yoast SEO v19.14) - https:\/\/yoast.com\/wordpress\/plugins\/seo\/ -->\n<title>Tablas de cultivo Green Pai Pai | Descargar | Cannabislandia<\/title>\n<meta name=\"description\" content=\"En nuestro blog cann\u00e1bico de Cannabislandia ahora te puedes descargar las tablas de cultivo Green Pai Pai para plantas de marihuana. \u00bfA qu\u00e9 est\u00e1s esperando?\" \/>\n<meta name=\"robots\" content=\"index, follow, max-snippet:-1, max-image-preview:large, max-video-preview:-1\" \/>\n<link rel=\"canonical\" href=\"https:\/\/www.cannabislandia.com\/blog\/tablas-de-cultivo\/tablas-cultivo-green-pai-pai\/\" \/>\n<meta property=\"og:locale\" content=\"es_ES\" \/>\n<meta property=\"og:type\" content=\"article\" \/>\n<meta property=\"og:title\" content=\"Tablas de cultivo Green Pai Pai\" \/>\n<meta property=\"og:description\" content=\"En nuestro blog cann\u00e1bico de Cannabislandia ahora te puedes descargar las tablas de cultivo Green Pai Pai para plantas de marihuana. \u00bfA qu\u00e9 est\u00e1s esperando?\" \/>\n<meta property=\"og:url\" content=\"https:\/\/www.cannabislandia.com\/blog\/tablas-de-cultivo\/tablas-cultivo-green-pai-pai\/\" \/>\n<meta property=\"og:site_name\" content=\"Cannabislandia\" \/>\n<meta property=\"article:publisher\" content=\"https:\/\/www.facebook.com\/people\/Cannabislandia\/100064696326447\/\" \/>\n<meta property=\"article:modified_time\" content=\"2019-03-21T11:31:13+00:00\" \/>\n<meta property=\"og:image\" content=\"https:\/\/www.cannabislandia.com\/blog\/wp-content\/uploads\/2019\/03\/green-pai-pai-portada.jpg\" \/>\n\t<meta property=\"og:image:width\" content=\"4082\" \/>\n\t<meta property=\"og:image:height\" content=\"1024\" \/>\n\t<meta property=\"og:image:type\" content=\"image\/jpeg\" \/>\n<meta name=\"twitter:card\" content=\"summary_large_image\" \/>\n<meta name=\"twitter:site\" content=\"@cannabislandia\" \/>\n<meta name=\"twitter:label1\" content=\"Tiempo de lectura\" \/>\n\t<meta name=\"twitter:data1\" content=\"2 minutos\" \/>\n<script type=\"application\/ld+json\" class=\"yoast-schema-graph\">{\"@context\":\"https:\/\/schema.org\",\"@graph\":[{\"@type\":\"WebPage\",\"@id\":\"https:\/\/www.cannabislandia.com\/blog\/tablas-de-cultivo\/tablas-cultivo-green-pai-pai\/\",\"url\":\"https:\/\/www.cannabislandia.com\/blog\/tablas-de-cultivo\/tablas-cultivo-green-pai-pai\/\",\"name\":\"Tablas de cultivo Green Pai Pai | Descargar | Cannabislandia\",\"isPartOf\":{\"@id\":\"https:\/\/www.cannabislandia.com\/blog\/#website\"},\"datePublished\":\"2019-03-21T11:28:51+00:00\",\"dateModified\":\"2019-03-21T11:31:13+00:00\",\"description\":\"En nuestro blog cann\u00e1bico de Cannabislandia ahora te puedes descargar las tablas de cultivo Green Pai Pai para plantas de marihuana. \u00bfA qu\u00e9 est\u00e1s esperando?\",\"breadcrumb\":{\"@id\":\"https:\/\/www.cannabislandia.com\/blog\/tablas-de-cultivo\/tablas-cultivo-green-pai-pai\/#breadcrumb\"},\"inLanguage\":\"es\",\"potentialAction\":[{\"@type\":\"ReadAction\",\"target\":[\"https:\/\/www.cannabislandia.com\/blog\/tablas-de-cultivo\/tablas-cultivo-green-pai-pai\/\"]}]},{\"@type\":\"BreadcrumbList\",\"@id\":\"https:\/\/www.cannabislandia.com\/blog\/tablas-de-cultivo\/tablas-cultivo-green-pai-pai\/#breadcrumb\",\"itemListElement\":[{\"@type\":\"ListItem\",\"position\":1,\"name\":\"Inicio\",\"item\":\"https:\/\/www.cannabislandia.com\/blog\/\"},{\"@type\":\"ListItem\",\"position\":2,\"name\":\"Tablas de cultivo y abonado\",\"item\":\"https:\/\/www.cannabislandia.com\/blog\/tablas-de-cultivo\/\"},{\"@type\":\"ListItem\",\"position\":3,\"name\":\"Tablas de cultivo Green Pai Pai\"}]},{\"@type\":\"WebSite\",\"@id\":\"https:\/\/www.cannabislandia.com\/blog\/#website\",\"url\":\"https:\/\/www.cannabislandia.com\/blog\/\",\"name\":\"Cannabislandia\",\"description\":\"Blog cann\u00e1bico donde encontrar\u00e1s las \u00faltimas noticias, novedades, gu\u00edas, recetas, promociones, curiosidades y todo lo relacionado con la marihuana\",\"publisher\":{\"@id\":\"https:\/\/www.cannabislandia.com\/blog\/#organization\"},\"potentialAction\":[{\"@type\":\"SearchAction\",\"target\":{\"@type\":\"EntryPoint\",\"urlTemplate\":\"https:\/\/www.cannabislandia.com\/blog\/?s={search_term_string}\"},\"query-input\":\"required name=search_term_string\"}],\"inLanguage\":\"es\"},{\"@type\":\"Organization\",\"@id\":\"https:\/\/www.cannabislandia.com\/blog\/#organization\",\"name\":\"Cannabislandia\",\"url\":\"https:\/\/www.cannabislandia.com\/blog\/\",\"logo\":{\"@type\":\"ImageObject\",\"inLanguage\":\"es\",\"@id\":\"https:\/\/www.cannabislandia.com\/blog\/#\/schema\/logo\/image\/\",\"url\":\"https:\/\/www.cannabislandia.com\/blog\/wp-content\/uploads\/2015\/12\/logo.jpg\",\"contentUrl\":\"https:\/\/www.cannabislandia.com\/blog\/wp-content\/uploads\/2015\/12\/logo.jpg\",\"width\":145,\"height\":145,\"caption\":\"Cannabislandia\"},\"image\":{\"@id\":\"https:\/\/www.cannabislandia.com\/blog\/#\/schema\/logo\/image\/\"},\"sameAs\":[\"https:\/\/www.instagram.com\/cannabislandia_grow\/\",\"https:\/\/www.facebook.com\/people\/Cannabislandia\/100064696326447\/\",\"https:\/\/twitter.com\/cannabislandia\"]}]}<\/script>\n<!-- \/ Yoast SEO Premium plugin. -->","yoast_head_json":{"title":"Tablas de cultivo Green Pai Pai | Descargar | Cannabislandia","description":"En nuestro blog cann\u00e1bico de Cannabislandia ahora te puedes descargar las tablas de cultivo Green Pai Pai para plantas de marihuana. \u00bfA qu\u00e9 est\u00e1s esperando?","robots":{"index":"index","follow":"follow","max-snippet":"max-snippet:-1","max-image-preview":"max-image-preview:large","max-video-preview":"max-video-preview:-1"},"canonical":"https:\/\/www.cannabislandia.com\/blog\/tablas-de-cultivo\/tablas-cultivo-green-pai-pai\/","og_locale":"es_ES","og_type":"article","og_title":"Tablas de cultivo Green Pai Pai","og_description":"En nuestro blog cann\u00e1bico de Cannabislandia ahora te puedes descargar las tablas de cultivo Green Pai Pai para plantas de marihuana. \u00bfA qu\u00e9 est\u00e1s esperando?","og_url":"https:\/\/www.cannabislandia.com\/blog\/tablas-de-cultivo\/tablas-cultivo-green-pai-pai\/","og_site_name":"Cannabislandia","article_publisher":"https:\/\/www.facebook.com\/people\/Cannabislandia\/100064696326447\/","article_modified_time":"2019-03-21T11:31:13+00:00","og_image":[{"width":4082,"height":1024,"url":"https:\/\/www.cannabislandia.com\/blog\/wp-content\/uploads\/2019\/03\/green-pai-pai-portada.jpg","type":"image\/jpeg"}],"twitter_card":"summary_large_image","twitter_site":"@cannabislandia","twitter_misc":{"Tiempo de lectura":"2 minutos"},"schema":{"@context":"https:\/\/schema.org","@graph":[{"@type":"WebPage","@id":"https:\/\/www.cannabislandia.com\/blog\/tablas-de-cultivo\/tablas-cultivo-green-pai-pai\/","url":"https:\/\/www.cannabislandia.com\/blog\/tablas-de-cultivo\/tablas-cultivo-green-pai-pai\/","name":"Tablas de cultivo Green Pai Pai | Descargar | Cannabislandia","isPartOf":{"@id":"https:\/\/www.cannabislandia.com\/blog\/#website"},"datePublished":"2019-03-21T11:28:51+00:00","dateModified":"2019-03-21T11:31:13+00:00","description":"En nuestro blog cann\u00e1bico de Cannabislandia ahora te puedes descargar las tablas de cultivo Green Pai Pai para plantas de marihuana. \u00bfA qu\u00e9 est\u00e1s esperando?","breadcrumb":{"@id":"https:\/\/www.cannabislandia.com\/blog\/tablas-de-cultivo\/tablas-cultivo-green-pai-pai\/#breadcrumb"},"inLanguage":"es","potentialAction":[{"@type":"ReadAction","target":["https:\/\/www.cannabislandia.com\/blog\/tablas-de-cultivo\/tablas-cultivo-green-pai-pai\/"]}]},{"@type":"BreadcrumbList","@id":"https:\/\/www.cannabislandia.com\/blog\/tablas-de-cultivo\/tablas-cultivo-green-pai-pai\/#breadcrumb","itemListElement":[{"@type":"ListItem","position":1,"name":"Inicio","item":"https:\/\/www.cannabislandia.com\/blog\/"},{"@type":"ListItem","position":2,"name":"Tablas de cultivo y abonado","item":"https:\/\/www.cannabislandia.com\/blog\/tablas-de-cultivo\/"},{"@type":"ListItem","position":3,"name":"Tablas de cultivo Green Pai Pai"}]},{"@type":"WebSite","@id":"https:\/\/www.cannabislandia.com\/blog\/#website","url":"https:\/\/www.cannabislandia.com\/blog\/","name":"Cannabislandia","description":"Blog cann\u00e1bico donde encontrar\u00e1s las \u00faltimas noticias, novedades, gu\u00edas, recetas, promociones, curiosidades y todo lo relacionado con la marihuana","publisher":{"@id":"https:\/\/www.cannabislandia.com\/blog\/#organization"},"potentialAction":[{"@type":"SearchAction","target":{"@type":"EntryPoint","urlTemplate":"https:\/\/www.cannabislandia.com\/blog\/?s={search_term_string}"},"query-input":"required name=search_term_string"}],"inLanguage":"es"},{"@type":"Organization","@id":"https:\/\/www.cannabislandia.com\/blog\/#organization","name":"Cannabislandia","url":"https:\/\/www.cannabislandia.com\/blog\/","logo":{"@type":"ImageObject","inLanguage":"es","@id":"https:\/\/www.cannabislandia.com\/blog\/#\/schema\/logo\/image\/","url":"https:\/\/www.cannabislandia.com\/blog\/wp-content\/uploads\/2015\/12\/logo.jpg","contentUrl":"https:\/\/www.cannabislandia.com\/blog\/wp-content\/uploads\/2015\/12\/logo.jpg","width":145,"height":145,"caption":"Cannabislandia"},"image":{"@id":"https:\/\/www.cannabislandia.com\/blog\/#\/schema\/logo\/image\/"},"sameAs":["https:\/\/www.instagram.com\/cannabislandia_grow\/","https:\/\/www.facebook.com\/people\/Cannabislandia\/100064696326447\/","https:\/\/twitter.com\/cannabislandia"]}]}},"_links":{"self":[{"href":"https:\/\/www.cannabislandia.com\/blog\/wp-json\/wp\/v2\/pages\/12171"}],"collection":[{"href":"https:\/\/www.cannabislandia.com\/blog\/wp-json\/wp\/v2\/pages"}],"about":[{"href":"https:\/\/www.cannabislandia.com\/blog\/wp-json\/wp\/v2\/types\/page"}],"author":[{"embeddable":true,"href":"https:\/\/www.cannabislandia.com\/blog\/wp-json\/wp\/v2\/users\/5"}],"replies":[{"embeddable":true,"href":"https:\/\/www.cannabislandia.com\/blog\/wp-json\/wp\/v2\/comments?post=12171"}],"version-history":[{"count":3,"href":"https:\/\/www.cannabislandia.com\/blog\/wp-json\/wp\/v2\/pages\/12171\/revisions"}],"predecessor-version":[{"id":12176,"href":"https:\/\/www.cannabislandia.com\/blog\/wp-json\/wp\/v2\/pages\/12171\/revisions\/12176"}],"up":[{"embeddable":true,"href":"https:\/\/www.cannabislandia.com\/blog\/wp-json\/wp\/v2\/pages\/998"}],"wp:featuredmedia":[{"embeddable":true,"href":"https:\/\/www.cannabislandia.com\/blog\/wp-json\/wp\/v2\/media\/12178"}],"wp:attachment":[{"href":"https:\/\/www.cannabislandia.com\/blog\/wp-json\/wp\/v2\/media?parent=12171"}],"curies":[{"name":"wp","href":"https:\/\/api.w.org\/{rel}","templated":true}]}}