{"id":1212,"date":"2015-12-04T16:57:10","date_gmt":"2015-12-04T15:57:10","guid":{"rendered":"https:\/\/www.cannabislandia.com\/blog\/?page_id=1212"},"modified":"2019-06-12T15:07:28","modified_gmt":"2019-06-12T13:07:28","slug":"plagron","status":"publish","type":"page","link":"https:\/\/www.cannabislandia.com\/blog\/tablas-de-cultivo\/plagron\/","title":{"rendered":"Tablas de cultivo de Plagron"},"content":{"rendered":"<h2>Elige la que m\u00e1s se ajuste a tu cultivo<\/h2>\n<h3>100% NATURAL<\/h3>\n<p><img loading=\"lazy\" decoding=\"async\" loading=\"lazy\" class=\"aligncenter wp-image-10445\" src=\"https:\/\/www.cannabislandia.com\/blog\/wp-content\/uploads\/2015\/12\/100-NATURAL-_PLAGRON-GROW-SCHEDULE_ES-1024x799.jpg\" alt=\"\" width=\"500\" height=\"390\" srcset=\"https:\/\/www.cannabislandia.com\/blog\/wp-content\/uploads\/2015\/12\/100-NATURAL-_PLAGRON-GROW-SCHEDULE_ES-1024x799.jpg 1024w, https:\/\/www.cannabislandia.com\/blog\/wp-content\/uploads\/2015\/12\/100-NATURAL-_PLAGRON-GROW-SCHEDULE_ES-300x234.jpg 300w, https:\/\/www.cannabislandia.com\/blog\/wp-content\/uploads\/2015\/12\/100-NATURAL-_PLAGRON-GROW-SCHEDULE_ES-768x599.jpg 768w, https:\/\/www.cannabislandia.com\/blog\/wp-content\/uploads\/2015\/12\/100-NATURAL-_PLAGRON-GROW-SCHEDULE_ES.jpg 1313w\" sizes=\"(max-width: 500px) 100vw, 500px\" \/><\/p>\n<h3>100% TERRA<\/h3>\n<p><img loading=\"lazy\" decoding=\"async\" loading=\"lazy\" class=\"aligncenter wp-image-10446\" src=\"https:\/\/www.cannabislandia.com\/blog\/wp-content\/uploads\/2015\/12\/100-TERRA-_PLAGRON-GROW-SCHEDULE_ES-1-1024x799.jpg\" alt=\"\" width=\"500\" height=\"390\" srcset=\"https:\/\/www.cannabislandia.com\/blog\/wp-content\/uploads\/2015\/12\/100-TERRA-_PLAGRON-GROW-SCHEDULE_ES-1-1024x799.jpg 1024w, https:\/\/www.cannabislandia.com\/blog\/wp-content\/uploads\/2015\/12\/100-TERRA-_PLAGRON-GROW-SCHEDULE_ES-1-300x234.jpg 300w, https:\/\/www.cannabislandia.com\/blog\/wp-content\/uploads\/2015\/12\/100-TERRA-_PLAGRON-GROW-SCHEDULE_ES-1-768x599.jpg 768w, https:\/\/www.cannabislandia.com\/blog\/wp-content\/uploads\/2015\/12\/100-TERRA-_PLAGRON-GROW-SCHEDULE_ES-1.jpg 1312w\" sizes=\"(max-width: 500px) 100vw, 500px\" \/><\/p>\n<h3>100%\u00a0COCO<\/h3>\n<p><img loading=\"lazy\" decoding=\"async\" loading=\"lazy\" class=\"aligncenter wp-image-10447\" src=\"https:\/\/www.cannabislandia.com\/blog\/wp-content\/uploads\/2015\/12\/100-COCO-_PLAGRON-GROW-SCHEDULE_ES-1024x799.jpg\" alt=\"\" width=\"500\" height=\"390\" srcset=\"https:\/\/www.cannabislandia.com\/blog\/wp-content\/uploads\/2015\/12\/100-COCO-_PLAGRON-GROW-SCHEDULE_ES-1024x799.jpg 1024w, https:\/\/www.cannabislandia.com\/blog\/wp-content\/uploads\/2015\/12\/100-COCO-_PLAGRON-GROW-SCHEDULE_ES-300x234.jpg 300w, https:\/\/www.cannabislandia.com\/blog\/wp-content\/uploads\/2015\/12\/100-COCO-_PLAGRON-GROW-SCHEDULE_ES-768x599.jpg 768w, https:\/\/www.cannabislandia.com\/blog\/wp-content\/uploads\/2015\/12\/100-COCO-_PLAGRON-GROW-SCHEDULE_ES.jpg 1313w\" sizes=\"(max-width: 500px) 100vw, 500px\" \/><\/p>\n<p>&nbsp;<\/p>\n<h3>100%\u00a0HYDRO<\/h3>\n<p><img loading=\"lazy\" decoding=\"async\" loading=\"lazy\" class=\"aligncenter wp-image-10448\" src=\"https:\/\/www.cannabislandia.com\/blog\/wp-content\/uploads\/2015\/12\/100-HYDRO-_PLAGRON-GROW-SCHEDULE_ES-1024x799.jpg\" alt=\"\" width=\"500\" height=\"390\" srcset=\"https:\/\/www.cannabislandia.com\/blog\/wp-content\/uploads\/2015\/12\/100-HYDRO-_PLAGRON-GROW-SCHEDULE_ES-1024x799.jpg 1024w, https:\/\/www.cannabislandia.com\/blog\/wp-content\/uploads\/2015\/12\/100-HYDRO-_PLAGRON-GROW-SCHEDULE_ES-300x234.jpg 300w, https:\/\/www.cannabislandia.com\/blog\/wp-content\/uploads\/2015\/12\/100-HYDRO-_PLAGRON-GROW-SCHEDULE_ES-768x599.jpg 768w, https:\/\/www.cannabislandia.com\/blog\/wp-content\/uploads\/2015\/12\/100-HYDRO-_PLAGRON-GROW-SCHEDULE_ES.jpg 1313w\" sizes=\"(max-width: 500px) 100vw, 500px\" \/><\/p>\n<p><a href=\"https:\/\/www.cannabislandia.com\/es\/plagron_96\"><strong>Plagron <\/strong><\/a>es uno de los fabricantes de abonos para cultivos de marihuana m\u00e1s prestigioso. Esta empresa fundada en Holanda hace m\u00e1s de 20 a\u00f1os destaca por sus l\u00edneas para todo tipo de sustratos. La facilidad de uso y los mejores rendimientos siempre ir\u00e1n de la mano con los fertilizantes y aditivos Plagron.<\/p>\n<h2>UNA L\u00cdNEA PLAGRON PARA CADA CULTIVO<\/h2>\n<ul>\n<li><strong>Etiqueta verde:<\/strong> se compone de abonos 100% biol\u00f3gicos para el cultivador que busque los cultivos m\u00e1s sabrosos.<\/li>\n<li><strong>Etiqueta roja:<\/strong> \u00e9stos son los abonos desarrollados para cultivar en tierra.<\/li>\n<li><strong>Etiqueta naranja:<\/strong> son los nutrientes para cultivar marihuana en fibra de coco.<\/li>\n<li><strong>Etiqueta azul:<\/strong> se componen por los abonos para sistemas hidrop\u00f3nicos.<\/li>\n<li><strong>Etiqueta morada:<\/strong> principalmente son potenciadores de ra\u00edz, crecimiento y floraci\u00f3n, enzymas, protectores, reguladores de pH, etc. Son compatibles con cualquiera de las etiquetas anteriores.<\/li>\n<\/ul>\n<h2>SUSTRATOS PLAGRON<\/h2>\n<p>Plagron adem\u00e1s nos ofrece <a href=\"https:\/\/www.cannabislandia.com\/es\/plagron-sustratos_538\"><strong>sustratos<\/strong> <\/a>de la mejor calidad. Al igual que con los abonos, una etiqueta de cada color identifica la l\u00ednea a la que pertenece.<\/p>\n<ul>\n<li>Con <strong>etiqueta verde<\/strong> tenemos una serie de sustratos 100% org\u00e1nicos como Allmix, Batmix, Promix y Royal Mix, cada uno con nutrientes espec\u00edficos y apropiados para cada fase.<\/li>\n<li>Con la <strong>etiqueta roja<\/strong>, Grow Mix y Light Mix garantizan el mejor soporte para cultivos en tierra. Contienen en mayor o menor cantidad nutrientes minerales para un desarrollo espectacular.<\/li>\n<li>La <strong>etiqueta naranja<\/strong> lo forma la l\u00ednea de sustratos de fibra de coco. Tenemos fibra de coco en saco lista para usar, ladrillos deshidratados que ocupan muy poco espacio, y slabs de coco muy c\u00f3modas para el cultivo en bandejas.<\/li>\n<li>Finalmente la <strong>etiqueta azul<\/strong> es la l\u00ednea de sustratos hidrop\u00f3nicos de arcilla expandida, mientras que la <strong>etiqueta morada<\/strong> se compone de un sustrato espec\u00edfico para la germinaci\u00f3n de semillas y enraizado de esquejes.<\/li>\n<\/ul>\n<p>Con las tablas de cultivo de Plagron para cada una de las l\u00edneas, te ser\u00e1 muy sencillo calcular las dosis de nutrientes y combinarlos entre s\u00ed para conseguir los mejores rendimientos posibles.<\/p>\n<p>&nbsp;<\/p>\n<p style=\"text-align: right;\"><em>Actualizado el 27\/07\/2016.<\/em><\/p>\n<hr \/>\n<p style=\"text-align: center;\"><a href=\"https:\/\/www.cannabislandia.com\/es\/plagron_96\">Ir al cat\u00e1logo de productos de <strong>Plagr\u00f3n<\/strong><\/a><\/p>\n<p style=\"text-align: center;\"><a href=\"https:\/\/www.cannabislandia.com\/blog\/tablas-de-cultivo\/\">Ir al men\u00fa de tablas de cultivo<\/a><\/p>\n","protected":false},"excerpt":{"rendered":"<p>Elige la que m\u00e1s se ajuste a tu cultivo 100% NATURAL 100% TERRA 100%\u00a0COCO &nbsp; 100%\u00a0HYDRO Plagron es uno de los fabricantes de abonos para cultivos de marihuana m\u00e1s prestigioso. Esta empresa fundada en Holanda hace m\u00e1s de 20 a\u00f1os&#46;&#46;&#46;<\/p>\n","protected":false},"author":4,"featured_media":4352,"parent":998,"menu_order":0,"comment_status":"closed","ping_status":"closed","template":"","meta":[],"yoast_head":"<!-- This site is optimized with the Yoast SEO Premium plugin v19.7 (Yoast SEO v19.14) - https:\/\/yoast.com\/wordpress\/plugins\/seo\/ -->\n<title>Tablas de cultivo Plagron | Descargar | Cultivo de marihuana<\/title>\n<meta name=\"description\" content=\"En Cannabislandia te puedes descargar las tablas de cultivo Plagron para el cultivo de marihuana en tierra, coco e hidrop\u00f3nico. \u00bfA qu\u00e9 est\u00e1s esperando?\" \/>\n<meta name=\"robots\" content=\"index, follow, max-snippet:-1, max-image-preview:large, max-video-preview:-1\" \/>\n<link rel=\"canonical\" href=\"https:\/\/www.cannabislandia.com\/blog\/tablas-de-cultivo\/plagron\/\" \/>\n<meta property=\"og:locale\" content=\"es_ES\" \/>\n<meta property=\"og:type\" content=\"article\" \/>\n<meta property=\"og:title\" content=\"Tablas de cultivo de Plagron\" \/>\n<meta property=\"og:description\" content=\"En Cannabislandia te puedes descargar las tablas de cultivo Plagron para el cultivo de marihuana en tierra, coco e hidrop\u00f3nico. \u00bfA qu\u00e9 est\u00e1s esperando?\" \/>\n<meta property=\"og:url\" content=\"https:\/\/www.cannabislandia.com\/blog\/tablas-de-cultivo\/plagron\/\" \/>\n<meta property=\"og:site_name\" content=\"Cannabislandia\" \/>\n<meta property=\"article:publisher\" content=\"https:\/\/www.facebook.com\/people\/Cannabislandia\/100064696326447\/\" \/>\n<meta property=\"article:modified_time\" content=\"2019-06-12T13:07:28+00:00\" \/>\n<meta property=\"og:image\" content=\"https:\/\/www.cannabislandia.com\/blog\/wp-content\/uploads\/2015\/12\/plagron-portada.jpg\" \/>\n\t<meta property=\"og:image:width\" content=\"600\" \/>\n\t<meta property=\"og:image:height\" content=\"400\" \/>\n\t<meta property=\"og:image:type\" content=\"image\/jpeg\" \/>\n<meta name=\"twitter:card\" content=\"summary_large_image\" \/>\n<meta name=\"twitter:site\" content=\"@cannabislandia\" \/>\n<meta name=\"twitter:label1\" content=\"Tiempo de lectura\" \/>\n\t<meta name=\"twitter:data1\" content=\"2 minutos\" \/>\n<script type=\"application\/ld+json\" class=\"yoast-schema-graph\">{\"@context\":\"https:\/\/schema.org\",\"@graph\":[{\"@type\":\"WebPage\",\"@id\":\"https:\/\/www.cannabislandia.com\/blog\/tablas-de-cultivo\/plagron\/\",\"url\":\"https:\/\/www.cannabislandia.com\/blog\/tablas-de-cultivo\/plagron\/\",\"name\":\"Tablas de cultivo Plagron | Descargar | Cultivo de marihuana\",\"isPartOf\":{\"@id\":\"https:\/\/www.cannabislandia.com\/blog\/#website\"},\"datePublished\":\"2015-12-04T15:57:10+00:00\",\"dateModified\":\"2019-06-12T13:07:28+00:00\",\"description\":\"En Cannabislandia te puedes descargar las tablas de cultivo Plagron para el cultivo de marihuana en tierra, coco e hidrop\u00f3nico. \u00bfA qu\u00e9 est\u00e1s esperando?\",\"breadcrumb\":{\"@id\":\"https:\/\/www.cannabislandia.com\/blog\/tablas-de-cultivo\/plagron\/#breadcrumb\"},\"inLanguage\":\"es\",\"potentialAction\":[{\"@type\":\"ReadAction\",\"target\":[\"https:\/\/www.cannabislandia.com\/blog\/tablas-de-cultivo\/plagron\/\"]}]},{\"@type\":\"BreadcrumbList\",\"@id\":\"https:\/\/www.cannabislandia.com\/blog\/tablas-de-cultivo\/plagron\/#breadcrumb\",\"itemListElement\":[{\"@type\":\"ListItem\",\"position\":1,\"name\":\"Inicio\",\"item\":\"https:\/\/www.cannabislandia.com\/blog\/\"},{\"@type\":\"ListItem\",\"position\":2,\"name\":\"Tablas de cultivo y abonado\",\"item\":\"https:\/\/www.cannabislandia.com\/blog\/tablas-de-cultivo\/\"},{\"@type\":\"ListItem\",\"position\":3,\"name\":\"Tablas de cultivo de Plagron\"}]},{\"@type\":\"WebSite\",\"@id\":\"https:\/\/www.cannabislandia.com\/blog\/#website\",\"url\":\"https:\/\/www.cannabislandia.com\/blog\/\",\"name\":\"Cannabislandia\",\"description\":\"Blog cann\u00e1bico donde encontrar\u00e1s las \u00faltimas noticias, novedades, gu\u00edas, recetas, promociones, curiosidades y todo lo relacionado con la marihuana\",\"publisher\":{\"@id\":\"https:\/\/www.cannabislandia.com\/blog\/#organization\"},\"potentialAction\":[{\"@type\":\"SearchAction\",\"target\":{\"@type\":\"EntryPoint\",\"urlTemplate\":\"https:\/\/www.cannabislandia.com\/blog\/?s={search_term_string}\"},\"query-input\":\"required name=search_term_string\"}],\"inLanguage\":\"es\"},{\"@type\":\"Organization\",\"@id\":\"https:\/\/www.cannabislandia.com\/blog\/#organization\",\"name\":\"Cannabislandia\",\"url\":\"https:\/\/www.cannabislandia.com\/blog\/\",\"logo\":{\"@type\":\"ImageObject\",\"inLanguage\":\"es\",\"@id\":\"https:\/\/www.cannabislandia.com\/blog\/#\/schema\/logo\/image\/\",\"url\":\"https:\/\/www.cannabislandia.com\/blog\/wp-content\/uploads\/2015\/12\/logo.jpg\",\"contentUrl\":\"https:\/\/www.cannabislandia.com\/blog\/wp-content\/uploads\/2015\/12\/logo.jpg\",\"width\":145,\"height\":145,\"caption\":\"Cannabislandia\"},\"image\":{\"@id\":\"https:\/\/www.cannabislandia.com\/blog\/#\/schema\/logo\/image\/\"},\"sameAs\":[\"https:\/\/www.instagram.com\/cannabislandia_grow\/\",\"https:\/\/www.facebook.com\/people\/Cannabislandia\/100064696326447\/\",\"https:\/\/twitter.com\/cannabislandia\"]}]}<\/script>\n<!-- \/ Yoast SEO Premium plugin. -->","yoast_head_json":{"title":"Tablas de cultivo Plagron | Descargar | Cultivo de marihuana","description":"En Cannabislandia te puedes descargar las tablas de cultivo Plagron para el cultivo de marihuana en tierra, coco e hidrop\u00f3nico. \u00bfA qu\u00e9 est\u00e1s esperando?","robots":{"index":"index","follow":"follow","max-snippet":"max-snippet:-1","max-image-preview":"max-image-preview:large","max-video-preview":"max-video-preview:-1"},"canonical":"https:\/\/www.cannabislandia.com\/blog\/tablas-de-cultivo\/plagron\/","og_locale":"es_ES","og_type":"article","og_title":"Tablas de cultivo de Plagron","og_description":"En Cannabislandia te puedes descargar las tablas de cultivo Plagron para el cultivo de marihuana en tierra, coco e hidrop\u00f3nico. \u00bfA qu\u00e9 est\u00e1s esperando?","og_url":"https:\/\/www.cannabislandia.com\/blog\/tablas-de-cultivo\/plagron\/","og_site_name":"Cannabislandia","article_publisher":"https:\/\/www.facebook.com\/people\/Cannabislandia\/100064696326447\/","article_modified_time":"2019-06-12T13:07:28+00:00","og_image":[{"width":600,"height":400,"url":"https:\/\/www.cannabislandia.com\/blog\/wp-content\/uploads\/2015\/12\/plagron-portada.jpg","type":"image\/jpeg"}],"twitter_card":"summary_large_image","twitter_site":"@cannabislandia","twitter_misc":{"Tiempo de lectura":"2 minutos"},"schema":{"@context":"https:\/\/schema.org","@graph":[{"@type":"WebPage","@id":"https:\/\/www.cannabislandia.com\/blog\/tablas-de-cultivo\/plagron\/","url":"https:\/\/www.cannabislandia.com\/blog\/tablas-de-cultivo\/plagron\/","name":"Tablas de cultivo Plagron | Descargar | Cultivo de marihuana","isPartOf":{"@id":"https:\/\/www.cannabislandia.com\/blog\/#website"},"datePublished":"2015-12-04T15:57:10+00:00","dateModified":"2019-06-12T13:07:28+00:00","description":"En Cannabislandia te puedes descargar las tablas de cultivo Plagron para el cultivo de marihuana en tierra, coco e hidrop\u00f3nico. \u00bfA qu\u00e9 est\u00e1s esperando?","breadcrumb":{"@id":"https:\/\/www.cannabislandia.com\/blog\/tablas-de-cultivo\/plagron\/#breadcrumb"},"inLanguage":"es","potentialAction":[{"@type":"ReadAction","target":["https:\/\/www.cannabislandia.com\/blog\/tablas-de-cultivo\/plagron\/"]}]},{"@type":"BreadcrumbList","@id":"https:\/\/www.cannabislandia.com\/blog\/tablas-de-cultivo\/plagron\/#breadcrumb","itemListElement":[{"@type":"ListItem","position":1,"name":"Inicio","item":"https:\/\/www.cannabislandia.com\/blog\/"},{"@type":"ListItem","position":2,"name":"Tablas de cultivo y abonado","item":"https:\/\/www.cannabislandia.com\/blog\/tablas-de-cultivo\/"},{"@type":"ListItem","position":3,"name":"Tablas de cultivo de Plagron"}]},{"@type":"WebSite","@id":"https:\/\/www.cannabislandia.com\/blog\/#website","url":"https:\/\/www.cannabislandia.com\/blog\/","name":"Cannabislandia","description":"Blog cann\u00e1bico donde encontrar\u00e1s las \u00faltimas noticias, novedades, gu\u00edas, recetas, promociones, curiosidades y todo lo relacionado con la marihuana","publisher":{"@id":"https:\/\/www.cannabislandia.com\/blog\/#organization"},"potentialAction":[{"@type":"SearchAction","target":{"@type":"EntryPoint","urlTemplate":"https:\/\/www.cannabislandia.com\/blog\/?s={search_term_string}"},"query-input":"required name=search_term_string"}],"inLanguage":"es"},{"@type":"Organization","@id":"https:\/\/www.cannabislandia.com\/blog\/#organization","name":"Cannabislandia","url":"https:\/\/www.cannabislandia.com\/blog\/","logo":{"@type":"ImageObject","inLanguage":"es","@id":"https:\/\/www.cannabislandia.com\/blog\/#\/schema\/logo\/image\/","url":"https:\/\/www.cannabislandia.com\/blog\/wp-content\/uploads\/2015\/12\/logo.jpg","contentUrl":"https:\/\/www.cannabislandia.com\/blog\/wp-content\/uploads\/2015\/12\/logo.jpg","width":145,"height":145,"caption":"Cannabislandia"},"image":{"@id":"https:\/\/www.cannabislandia.com\/blog\/#\/schema\/logo\/image\/"},"sameAs":["https:\/\/www.instagram.com\/cannabislandia_grow\/","https:\/\/www.facebook.com\/people\/Cannabislandia\/100064696326447\/","https:\/\/twitter.com\/cannabislandia"]}]}},"_links":{"self":[{"href":"https:\/\/www.cannabislandia.com\/blog\/wp-json\/wp\/v2\/pages\/1212"}],"collection":[{"href":"https:\/\/www.cannabislandia.com\/blog\/wp-json\/wp\/v2\/pages"}],"about":[{"href":"https:\/\/www.cannabislandia.com\/blog\/wp-json\/wp\/v2\/types\/page"}],"author":[{"embeddable":true,"href":"https:\/\/www.cannabislandia.com\/blog\/wp-json\/wp\/v2\/users\/4"}],"replies":[{"embeddable":true,"href":"https:\/\/www.cannabislandia.com\/blog\/wp-json\/wp\/v2\/comments?post=1212"}],"version-history":[{"count":9,"href":"https:\/\/www.cannabislandia.com\/blog\/wp-json\/wp\/v2\/pages\/1212\/revisions"}],"predecessor-version":[{"id":12534,"href":"https:\/\/www.cannabislandia.com\/blog\/wp-json\/wp\/v2\/pages\/1212\/revisions\/12534"}],"up":[{"embeddable":true,"href":"https:\/\/www.cannabislandia.com\/blog\/wp-json\/wp\/v2\/pages\/998"}],"wp:featuredmedia":[{"embeddable":true,"href":"https:\/\/www.cannabislandia.com\/blog\/wp-json\/wp\/v2\/media\/4352"}],"wp:attachment":[{"href":"https:\/\/www.cannabislandia.com\/blog\/wp-json\/wp\/v2\/media?parent=1212"}],"curies":[{"name":"wp","href":"https:\/\/api.w.org\/{rel}","templated":true}]}}