{"id":1114,"date":"2015-11-13T09:40:04","date_gmt":"2015-11-13T08:40:04","guid":{"rendered":"https:\/\/www.cannabislandia.com\/blog\/?page_id=1114"},"modified":"2019-03-22T10:42:54","modified_gmt":"2019-03-22T09:42:54","slug":"grotek","status":"publish","type":"page","link":"https:\/\/www.cannabislandia.com\/blog\/tablas-de-cultivo\/grotek\/","title":{"rendered":"Tablas de cultivo de Grotek"},"content":{"rendered":"<h2>GROTEK TIERRA<\/h2>\n<h3>CRECIMIENTO<\/h3>\n<p><a href=\"https:\/\/www.cannabislandia.com\/blog\/wp-content\/uploads\/2015\/11\/tabla-de-cultivo-grotek-tierra-grow-1.jpg\" data-rel=\"lightbox-image-0\" data-rl_title=\"\" data-rl_caption=\"\" title=\"\"><img loading=\"lazy\" decoding=\"async\" loading=\"lazy\" class=\"alignnone size-large wp-image-12183\" src=\"https:\/\/www.cannabislandia.com\/blog\/wp-content\/uploads\/2015\/11\/tabla-de-cultivo-grotek-tierra-grow-1-1024x801.jpg\" alt=\"\" width=\"1024\" height=\"801\" srcset=\"https:\/\/www.cannabislandia.com\/blog\/wp-content\/uploads\/2015\/11\/tabla-de-cultivo-grotek-tierra-grow-1-1024x801.jpg 1024w, https:\/\/www.cannabislandia.com\/blog\/wp-content\/uploads\/2015\/11\/tabla-de-cultivo-grotek-tierra-grow-1-300x235.jpg 300w, https:\/\/www.cannabislandia.com\/blog\/wp-content\/uploads\/2015\/11\/tabla-de-cultivo-grotek-tierra-grow-1-768x601.jpg 768w, https:\/\/www.cannabislandia.com\/blog\/wp-content\/uploads\/2015\/11\/tabla-de-cultivo-grotek-tierra-grow-1.jpg 1308w\" sizes=\"(max-width: 1024px) 100vw, 1024px\" \/><\/a><\/p>\n<h3>FLORACI\u00d3N<\/h3>\n<p><a href=\"https:\/\/www.cannabislandia.com\/blog\/wp-content\/uploads\/2015\/11\/tabla-de-cultivo-grotek-tierra-bloom-1.jpg\" data-rel=\"lightbox-image-1\" data-rl_title=\"\" data-rl_caption=\"\" title=\"\"><img loading=\"lazy\" decoding=\"async\" loading=\"lazy\" class=\"alignnone size-large wp-image-12184\" src=\"https:\/\/www.cannabislandia.com\/blog\/wp-content\/uploads\/2015\/11\/tabla-de-cultivo-grotek-tierra-bloom-1-1024x801.jpg\" alt=\"\" width=\"1024\" height=\"801\" srcset=\"https:\/\/www.cannabislandia.com\/blog\/wp-content\/uploads\/2015\/11\/tabla-de-cultivo-grotek-tierra-bloom-1-1024x801.jpg 1024w, https:\/\/www.cannabislandia.com\/blog\/wp-content\/uploads\/2015\/11\/tabla-de-cultivo-grotek-tierra-bloom-1-300x235.jpg 300w, https:\/\/www.cannabislandia.com\/blog\/wp-content\/uploads\/2015\/11\/tabla-de-cultivo-grotek-tierra-bloom-1-768x601.jpg 768w, https:\/\/www.cannabislandia.com\/blog\/wp-content\/uploads\/2015\/11\/tabla-de-cultivo-grotek-tierra-bloom-1.jpg 1308w\" sizes=\"(max-width: 1024px) 100vw, 1024px\" \/><\/a><\/p>\n<h3>FLORACI\u00d3N ALTO RENDIMIENTO<\/h3>\n<p><a href=\"https:\/\/www.cannabislandia.com\/blog\/wp-content\/uploads\/2015\/11\/tabla-de-cultivo-grotek-tierra-bloom-alto-rendimiento-1.jpg\" data-rel=\"lightbox-image-2\" data-rl_title=\"\" data-rl_caption=\"\" title=\"\"><img loading=\"lazy\" decoding=\"async\" loading=\"lazy\" class=\"alignnone size-large wp-image-12186\" src=\"https:\/\/www.cannabislandia.com\/blog\/wp-content\/uploads\/2015\/11\/tabla-de-cultivo-grotek-tierra-bloom-alto-rendimiento-1-1024x801.jpg\" alt=\"\" width=\"1024\" height=\"801\" srcset=\"https:\/\/www.cannabislandia.com\/blog\/wp-content\/uploads\/2015\/11\/tabla-de-cultivo-grotek-tierra-bloom-alto-rendimiento-1-1024x801.jpg 1024w, https:\/\/www.cannabislandia.com\/blog\/wp-content\/uploads\/2015\/11\/tabla-de-cultivo-grotek-tierra-bloom-alto-rendimiento-1-300x235.jpg 300w, https:\/\/www.cannabislandia.com\/blog\/wp-content\/uploads\/2015\/11\/tabla-de-cultivo-grotek-tierra-bloom-alto-rendimiento-1-768x601.jpg 768w, https:\/\/www.cannabislandia.com\/blog\/wp-content\/uploads\/2015\/11\/tabla-de-cultivo-grotek-tierra-bloom-alto-rendimiento-1.jpg 1308w\" sizes=\"(max-width: 1024px) 100vw, 1024px\" \/><\/a><\/p>\n<h2>GROTEK HIDROP\u00d3NICO<\/h2>\n<h3>CRECIMIENTO<\/h3>\n<p><a href=\"https:\/\/www.cannabislandia.com\/blog\/wp-content\/uploads\/2015\/11\/tabla-de-cultivo-grotek-hidro-grow-1.jpg\" data-rel=\"lightbox-image-3\" data-rl_title=\"\" data-rl_caption=\"\" title=\"\"><img loading=\"lazy\" decoding=\"async\" loading=\"lazy\" class=\"alignnone size-large wp-image-12185\" src=\"https:\/\/www.cannabislandia.com\/blog\/wp-content\/uploads\/2015\/11\/tabla-de-cultivo-grotek-hidro-grow-1-1024x801.jpg\" alt=\"\" width=\"1024\" height=\"801\" srcset=\"https:\/\/www.cannabislandia.com\/blog\/wp-content\/uploads\/2015\/11\/tabla-de-cultivo-grotek-hidro-grow-1-1024x801.jpg 1024w, https:\/\/www.cannabislandia.com\/blog\/wp-content\/uploads\/2015\/11\/tabla-de-cultivo-grotek-hidro-grow-1-300x235.jpg 300w, https:\/\/www.cannabislandia.com\/blog\/wp-content\/uploads\/2015\/11\/tabla-de-cultivo-grotek-hidro-grow-1-768x601.jpg 768w, https:\/\/www.cannabislandia.com\/blog\/wp-content\/uploads\/2015\/11\/tabla-de-cultivo-grotek-hidro-grow-1.jpg 1308w\" sizes=\"(max-width: 1024px) 100vw, 1024px\" \/><\/a><\/p>\n<h3>FLORACI\u00d3N<\/h3>\n<p><a href=\"https:\/\/www.cannabislandia.com\/blog\/wp-content\/uploads\/2015\/11\/tabla-de-cultivo-grotek-hidro-bloom-1.jpg\" data-rel=\"lightbox-image-4\" data-rl_title=\"\" data-rl_caption=\"\" title=\"\"><img loading=\"lazy\" decoding=\"async\" loading=\"lazy\" class=\"alignnone size-large wp-image-12187\" src=\"https:\/\/www.cannabislandia.com\/blog\/wp-content\/uploads\/2015\/11\/tabla-de-cultivo-grotek-hidro-bloom-1-1024x801.jpg\" alt=\"\" width=\"1024\" height=\"801\" srcset=\"https:\/\/www.cannabislandia.com\/blog\/wp-content\/uploads\/2015\/11\/tabla-de-cultivo-grotek-hidro-bloom-1-1024x801.jpg 1024w, https:\/\/www.cannabislandia.com\/blog\/wp-content\/uploads\/2015\/11\/tabla-de-cultivo-grotek-hidro-bloom-1-300x235.jpg 300w, https:\/\/www.cannabislandia.com\/blog\/wp-content\/uploads\/2015\/11\/tabla-de-cultivo-grotek-hidro-bloom-1-768x601.jpg 768w, https:\/\/www.cannabislandia.com\/blog\/wp-content\/uploads\/2015\/11\/tabla-de-cultivo-grotek-hidro-bloom-1.jpg 1308w\" sizes=\"(max-width: 1024px) 100vw, 1024px\" \/><\/a><\/p>\n<p><a href=\"https:\/\/www.cannabislandia.com\/es\/grotek_86\"><strong>Grotek<\/strong><\/a> es una empresa fundada en Canad\u00e1 perteneciente a Greenstart Plant Products. Situada en tierras de gran fertilidad que rodean la Columbia Brit\u00e1nica, el r\u00edo Fraser y Canad\u00e1, un sitio ideal para realizar sus investigaciones. Son ya m\u00e1s de 20 a\u00f1os los que lleva ofreciendo al cultivador de marihuana abonos y aditivos de la m\u00e1xima calidad.<\/p>\n<p>Grotek ha sido tambi\u00e9n uno de los pioneros al combinar en sus productos extractos org\u00e1nicos y compuestos minerales, lo que da a los cultivadores la oportunidad de mejorar la calidad de la cosecha. Y siempre con la m\u00e1xima sencillez de uso. Y si prefieres cultivar con nutrientes 100% org\u00e1nicos y veganos, la nueva l\u00ednea <a href=\"https:\/\/www.cannabislandia.com\/es\/grotek-green-line_524\"><strong>Grotek Green Line<\/strong><\/a> es justo lo que necesitas.<\/p>\n<p>Para ayudarte a que tus cultivos de marihuana sean siempre un \u00e9xito, en nuestro blog cann\u00e1bico te puedes descargar o consultar las tablas de cultivo de Grotek. Con ellas ser\u00e1 muy f\u00e1cil a\u00f1adir las dosis correctas de nutrientes base y aditivos en cada fase del cultivo.<\/p>\n<h3>TABLAS DE CULTIVO EN TIERRA<\/h3>\n<p>Grotek nos ofrece dos programas de cultivo a la hora de cultivar marihuana en tierra, uno normal y otro de alto rendimiento. En ambos casos, los abonos y aditivos que se emplean son los mismos, tan s\u00f3lo cambian las dosis en la fase de floraci\u00f3n.<\/p>\n<p>En crecimiento <strong>Solo-Tek Grow<\/strong> es el fertilizante base. Los aditivos <strong>Kick Star, Black Pearl, Vitamax Pro, Monster Grow Pro y Bud Fuel Pro<\/strong> ayudar\u00e1n a conseguir unas ra\u00edces muy desarrolladas, un sustrato rico en organismos beneficiosos, y unas plantas sanas y con un verde espectacular.<\/p>\n<p>En floraci\u00f3n <strong>Solo-Tek Bloom<\/strong> es el nutriente base. Como aditivos <strong>Vitamax Pro, Bud Fuel, Blossom Blaster Pro, Heavy Bud Pro y Monster Bud<\/strong>. El programa de alto rendimiento est\u00e1 especialmente dise\u00f1ado para cultivadores expertos que quieran llevan la nutrici\u00f3n al l\u00edmite.<\/p>\n<h3>TABLAS DE CULTIVO EN HIDROP\u00d3NICO<\/h3>\n<p>A la hora de cultivar en sistemas hidrop\u00f3nicos, la sencillez de Grotek es id\u00e9ntica que en cultivos en tierra. Se emplean pr\u00e1cticamente los mismos nutrientes base, estimuladores y potenciadores. En la fase de crecimiento se usan <strong>Solo-Tek Grow, Kick Star, Vitamax Pro y Monster Grow Pro<\/strong>. En la fase de floraci\u00f3n se usan <strong>Solo-Tek Bloom, Vitamax Pro,Blossom Blaster Pro y Monster Bud<\/strong>, adem\u00e1s de <strong>Heavy Bud Pro<\/strong> como potenciador de floraci\u00f3n opcional.<\/p>\n<p style=\"text-align: right;\"><em>Actualizado el 22\/03\/2019.<\/em><\/p>\n<hr \/>\n<p style=\"text-align: center;\"><a href=\"https:\/\/www.cannabislandia.com\/es\/grotek_86\">Ir al cat\u00e1logo de\u00a0productos de <strong>Grotek<\/strong><\/a><\/p>\n<p style=\"text-align: center;\"><a href=\"https:\/\/www.cannabislandia.com\/blog\/tablas-de-cultivo\/\">Ir al men\u00fa de tablas de cultivo<\/a><\/p>\n","protected":false},"excerpt":{"rendered":"<p>GROTEK TIERRA CRECIMIENTO FLORACI\u00d3N FLORACI\u00d3N ALTO RENDIMIENTO GROTEK HIDROP\u00d3NICO CRECIMIENTO FLORACI\u00d3N Grotek es una empresa fundada en Canad\u00e1 perteneciente a Greenstart Plant Products. Situada en tierras de gran fertilidad que rodean la Columbia Brit\u00e1nica, el r\u00edo Fraser y Canad\u00e1, un&#46;&#46;&#46;<\/p>\n","protected":false},"author":4,"featured_media":3926,"parent":998,"menu_order":0,"comment_status":"closed","ping_status":"closed","template":"","meta":[],"yoast_head":"<!-- This site is optimized with the Yoast SEO Premium plugin v19.7 (Yoast SEO v19.14) - https:\/\/yoast.com\/wordpress\/plugins\/seo\/ -->\n<title>Tablas de cultivo de Grotek | Descargar | Cannabislandia<\/title>\n<meta name=\"description\" content=\"ahora en Cannabislandia te puedes descargar todas las tablas de cultivo de Grotek para usar sus abonos en cultivos de marihuana. \u00bfA qu\u00e9 est\u00e1s esperando?\" \/>\n<meta name=\"robots\" content=\"index, follow, max-snippet:-1, max-image-preview:large, max-video-preview:-1\" \/>\n<link rel=\"canonical\" href=\"https:\/\/www.cannabislandia.com\/blog\/tablas-de-cultivo\/grotek\/\" \/>\n<meta property=\"og:locale\" content=\"es_ES\" \/>\n<meta property=\"og:type\" content=\"article\" \/>\n<meta property=\"og:title\" content=\"Tablas de cultivo de Grotek\" \/>\n<meta property=\"og:description\" content=\"ahora en Cannabislandia te puedes descargar todas las tablas de cultivo de Grotek para usar sus abonos en cultivos de marihuana. \u00bfA qu\u00e9 est\u00e1s esperando?\" \/>\n<meta property=\"og:url\" content=\"https:\/\/www.cannabislandia.com\/blog\/tablas-de-cultivo\/grotek\/\" \/>\n<meta property=\"og:site_name\" content=\"Cannabislandia\" \/>\n<meta property=\"article:publisher\" content=\"https:\/\/www.facebook.com\/people\/Cannabislandia\/100064696326447\/\" \/>\n<meta property=\"article:modified_time\" content=\"2019-03-22T09:42:54+00:00\" \/>\n<meta property=\"og:image\" content=\"https:\/\/www.cannabislandia.com\/blog\/wp-content\/uploads\/2016\/06\/Grotek_LOGO.jpg\" \/>\n\t<meta property=\"og:image:width\" content=\"1024\" \/>\n\t<meta property=\"og:image:height\" content=\"1024\" \/>\n\t<meta property=\"og:image:type\" content=\"image\/jpeg\" \/>\n<meta name=\"twitter:card\" content=\"summary_large_image\" \/>\n<meta name=\"twitter:site\" content=\"@cannabislandia\" \/>\n<meta name=\"twitter:label1\" content=\"Tiempo de lectura\" \/>\n\t<meta name=\"twitter:data1\" content=\"2 minutos\" \/>\n<script type=\"application\/ld+json\" class=\"yoast-schema-graph\">{\"@context\":\"https:\/\/schema.org\",\"@graph\":[{\"@type\":\"WebPage\",\"@id\":\"https:\/\/www.cannabislandia.com\/blog\/tablas-de-cultivo\/grotek\/\",\"url\":\"https:\/\/www.cannabislandia.com\/blog\/tablas-de-cultivo\/grotek\/\",\"name\":\"Tablas de cultivo de Grotek | Descargar | Cannabislandia\",\"isPartOf\":{\"@id\":\"https:\/\/www.cannabislandia.com\/blog\/#website\"},\"datePublished\":\"2015-11-13T08:40:04+00:00\",\"dateModified\":\"2019-03-22T09:42:54+00:00\",\"description\":\"ahora en Cannabislandia te puedes descargar todas las tablas de cultivo de Grotek para usar sus abonos en cultivos de marihuana. \u00bfA qu\u00e9 est\u00e1s esperando?\",\"breadcrumb\":{\"@id\":\"https:\/\/www.cannabislandia.com\/blog\/tablas-de-cultivo\/grotek\/#breadcrumb\"},\"inLanguage\":\"es\",\"potentialAction\":[{\"@type\":\"ReadAction\",\"target\":[\"https:\/\/www.cannabislandia.com\/blog\/tablas-de-cultivo\/grotek\/\"]}]},{\"@type\":\"BreadcrumbList\",\"@id\":\"https:\/\/www.cannabislandia.com\/blog\/tablas-de-cultivo\/grotek\/#breadcrumb\",\"itemListElement\":[{\"@type\":\"ListItem\",\"position\":1,\"name\":\"Inicio\",\"item\":\"https:\/\/www.cannabislandia.com\/blog\/\"},{\"@type\":\"ListItem\",\"position\":2,\"name\":\"Tablas de cultivo y abonado\",\"item\":\"https:\/\/www.cannabislandia.com\/blog\/tablas-de-cultivo\/\"},{\"@type\":\"ListItem\",\"position\":3,\"name\":\"Tablas de cultivo de Grotek\"}]},{\"@type\":\"WebSite\",\"@id\":\"https:\/\/www.cannabislandia.com\/blog\/#website\",\"url\":\"https:\/\/www.cannabislandia.com\/blog\/\",\"name\":\"Cannabislandia\",\"description\":\"Blog cann\u00e1bico donde encontrar\u00e1s las \u00faltimas noticias, novedades, gu\u00edas, recetas, promociones, curiosidades y todo lo relacionado con la marihuana\",\"publisher\":{\"@id\":\"https:\/\/www.cannabislandia.com\/blog\/#organization\"},\"potentialAction\":[{\"@type\":\"SearchAction\",\"target\":{\"@type\":\"EntryPoint\",\"urlTemplate\":\"https:\/\/www.cannabislandia.com\/blog\/?s={search_term_string}\"},\"query-input\":\"required name=search_term_string\"}],\"inLanguage\":\"es\"},{\"@type\":\"Organization\",\"@id\":\"https:\/\/www.cannabislandia.com\/blog\/#organization\",\"name\":\"Cannabislandia\",\"url\":\"https:\/\/www.cannabislandia.com\/blog\/\",\"logo\":{\"@type\":\"ImageObject\",\"inLanguage\":\"es\",\"@id\":\"https:\/\/www.cannabislandia.com\/blog\/#\/schema\/logo\/image\/\",\"url\":\"https:\/\/www.cannabislandia.com\/blog\/wp-content\/uploads\/2015\/12\/logo.jpg\",\"contentUrl\":\"https:\/\/www.cannabislandia.com\/blog\/wp-content\/uploads\/2015\/12\/logo.jpg\",\"width\":145,\"height\":145,\"caption\":\"Cannabislandia\"},\"image\":{\"@id\":\"https:\/\/www.cannabislandia.com\/blog\/#\/schema\/logo\/image\/\"},\"sameAs\":[\"https:\/\/www.instagram.com\/cannabislandia_grow\/\",\"https:\/\/www.facebook.com\/people\/Cannabislandia\/100064696326447\/\",\"https:\/\/twitter.com\/cannabislandia\"]}]}<\/script>\n<!-- \/ Yoast SEO Premium plugin. -->","yoast_head_json":{"title":"Tablas de cultivo de Grotek | Descargar | Cannabislandia","description":"ahora en Cannabislandia te puedes descargar todas las tablas de cultivo de Grotek para usar sus abonos en cultivos de marihuana. \u00bfA qu\u00e9 est\u00e1s esperando?","robots":{"index":"index","follow":"follow","max-snippet":"max-snippet:-1","max-image-preview":"max-image-preview:large","max-video-preview":"max-video-preview:-1"},"canonical":"https:\/\/www.cannabislandia.com\/blog\/tablas-de-cultivo\/grotek\/","og_locale":"es_ES","og_type":"article","og_title":"Tablas de cultivo de Grotek","og_description":"ahora en Cannabislandia te puedes descargar todas las tablas de cultivo de Grotek para usar sus abonos en cultivos de marihuana. \u00bfA qu\u00e9 est\u00e1s esperando?","og_url":"https:\/\/www.cannabislandia.com\/blog\/tablas-de-cultivo\/grotek\/","og_site_name":"Cannabislandia","article_publisher":"https:\/\/www.facebook.com\/people\/Cannabislandia\/100064696326447\/","article_modified_time":"2019-03-22T09:42:54+00:00","og_image":[{"width":1024,"height":1024,"url":"https:\/\/www.cannabislandia.com\/blog\/wp-content\/uploads\/2016\/06\/Grotek_LOGO.jpg","type":"image\/jpeg"}],"twitter_card":"summary_large_image","twitter_site":"@cannabislandia","twitter_misc":{"Tiempo de lectura":"2 minutos"},"schema":{"@context":"https:\/\/schema.org","@graph":[{"@type":"WebPage","@id":"https:\/\/www.cannabislandia.com\/blog\/tablas-de-cultivo\/grotek\/","url":"https:\/\/www.cannabislandia.com\/blog\/tablas-de-cultivo\/grotek\/","name":"Tablas de cultivo de Grotek | Descargar | Cannabislandia","isPartOf":{"@id":"https:\/\/www.cannabislandia.com\/blog\/#website"},"datePublished":"2015-11-13T08:40:04+00:00","dateModified":"2019-03-22T09:42:54+00:00","description":"ahora en Cannabislandia te puedes descargar todas las tablas de cultivo de Grotek para usar sus abonos en cultivos de marihuana. \u00bfA qu\u00e9 est\u00e1s esperando?","breadcrumb":{"@id":"https:\/\/www.cannabislandia.com\/blog\/tablas-de-cultivo\/grotek\/#breadcrumb"},"inLanguage":"es","potentialAction":[{"@type":"ReadAction","target":["https:\/\/www.cannabislandia.com\/blog\/tablas-de-cultivo\/grotek\/"]}]},{"@type":"BreadcrumbList","@id":"https:\/\/www.cannabislandia.com\/blog\/tablas-de-cultivo\/grotek\/#breadcrumb","itemListElement":[{"@type":"ListItem","position":1,"name":"Inicio","item":"https:\/\/www.cannabislandia.com\/blog\/"},{"@type":"ListItem","position":2,"name":"Tablas de cultivo y abonado","item":"https:\/\/www.cannabislandia.com\/blog\/tablas-de-cultivo\/"},{"@type":"ListItem","position":3,"name":"Tablas de cultivo de Grotek"}]},{"@type":"WebSite","@id":"https:\/\/www.cannabislandia.com\/blog\/#website","url":"https:\/\/www.cannabislandia.com\/blog\/","name":"Cannabislandia","description":"Blog cann\u00e1bico donde encontrar\u00e1s las \u00faltimas noticias, novedades, gu\u00edas, recetas, promociones, curiosidades y todo lo relacionado con la marihuana","publisher":{"@id":"https:\/\/www.cannabislandia.com\/blog\/#organization"},"potentialAction":[{"@type":"SearchAction","target":{"@type":"EntryPoint","urlTemplate":"https:\/\/www.cannabislandia.com\/blog\/?s={search_term_string}"},"query-input":"required name=search_term_string"}],"inLanguage":"es"},{"@type":"Organization","@id":"https:\/\/www.cannabislandia.com\/blog\/#organization","name":"Cannabislandia","url":"https:\/\/www.cannabislandia.com\/blog\/","logo":{"@type":"ImageObject","inLanguage":"es","@id":"https:\/\/www.cannabislandia.com\/blog\/#\/schema\/logo\/image\/","url":"https:\/\/www.cannabislandia.com\/blog\/wp-content\/uploads\/2015\/12\/logo.jpg","contentUrl":"https:\/\/www.cannabislandia.com\/blog\/wp-content\/uploads\/2015\/12\/logo.jpg","width":145,"height":145,"caption":"Cannabislandia"},"image":{"@id":"https:\/\/www.cannabislandia.com\/blog\/#\/schema\/logo\/image\/"},"sameAs":["https:\/\/www.instagram.com\/cannabislandia_grow\/","https:\/\/www.facebook.com\/people\/Cannabislandia\/100064696326447\/","https:\/\/twitter.com\/cannabislandia"]}]}},"_links":{"self":[{"href":"https:\/\/www.cannabislandia.com\/blog\/wp-json\/wp\/v2\/pages\/1114"}],"collection":[{"href":"https:\/\/www.cannabislandia.com\/blog\/wp-json\/wp\/v2\/pages"}],"about":[{"href":"https:\/\/www.cannabislandia.com\/blog\/wp-json\/wp\/v2\/types\/page"}],"author":[{"embeddable":true,"href":"https:\/\/www.cannabislandia.com\/blog\/wp-json\/wp\/v2\/users\/4"}],"replies":[{"embeddable":true,"href":"https:\/\/www.cannabislandia.com\/blog\/wp-json\/wp\/v2\/comments?post=1114"}],"version-history":[{"count":30,"href":"https:\/\/www.cannabislandia.com\/blog\/wp-json\/wp\/v2\/pages\/1114\/revisions"}],"predecessor-version":[{"id":12190,"href":"https:\/\/www.cannabislandia.com\/blog\/wp-json\/wp\/v2\/pages\/1114\/revisions\/12190"}],"up":[{"embeddable":true,"href":"https:\/\/www.cannabislandia.com\/blog\/wp-json\/wp\/v2\/pages\/998"}],"wp:featuredmedia":[{"embeddable":true,"href":"https:\/\/www.cannabislandia.com\/blog\/wp-json\/wp\/v2\/media\/3926"}],"wp:attachment":[{"href":"https:\/\/www.cannabislandia.com\/blog\/wp-json\/wp\/v2\/media?parent=1114"}],"curies":[{"name":"wp","href":"https:\/\/api.w.org\/{rel}","templated":true}]}}