{"id":1065,"date":"2015-11-02T09:42:36","date_gmt":"2015-11-02T08:42:36","guid":{"rendered":"https:\/\/www.cannabislandia.com\/blog\/?page_id=1065"},"modified":"2020-06-19T09:44:39","modified_gmt":"2020-06-19T07:44:39","slug":"trabe","status":"publish","type":"page","link":"https:\/\/www.cannabislandia.com\/blog\/tablas-de-cultivo\/trabe\/","title":{"rendered":"Tablas de cultivo TRABE"},"content":{"rendered":"<h2 class=\"tituloProductos\">Tabla Plan de Abonos TRABE<\/h2>\n<p><a href=\"https:\/\/www.cannabislandia.com\/blog\/wp-content\/uploads\/2015\/11\/Tabla-plan-de-abonos.jpg\" data-rel=\"lightbox-image-0\" data-rl_title=\"\" data-rl_caption=\"\" title=\"\"><img loading=\"lazy\" decoding=\"async\" loading=\"lazy\" class=\"alignnone size-large wp-image-12768\" src=\"https:\/\/www.cannabislandia.com\/blog\/wp-content\/uploads\/2015\/11\/Tabla-plan-de-abonos-722x1024.jpg\" alt=\"\" width=\"722\" height=\"1024\" srcset=\"https:\/\/www.cannabislandia.com\/blog\/wp-content\/uploads\/2015\/11\/Tabla-plan-de-abonos-722x1024.jpg 722w, https:\/\/www.cannabislandia.com\/blog\/wp-content\/uploads\/2015\/11\/Tabla-plan-de-abonos-212x300.jpg 212w, https:\/\/www.cannabislandia.com\/blog\/wp-content\/uploads\/2015\/11\/Tabla-plan-de-abonos-768x1089.jpg 768w, https:\/\/www.cannabislandia.com\/blog\/wp-content\/uploads\/2015\/11\/Tabla-plan-de-abonos.jpg 846w\" sizes=\"(max-width: 722px) 100vw, 722px\" \/><\/a><\/p>\n<h2>Tabla Control de Plagas<\/h2>\n<p><a href=\"https:\/\/www.cannabislandia.com\/blog\/wp-content\/uploads\/2015\/11\/Tabla-control-de-plagas.jpg\" data-rel=\"lightbox-image-1\" data-rl_title=\"\" data-rl_caption=\"\" title=\"\"><img loading=\"lazy\" decoding=\"async\" loading=\"lazy\" class=\"alignnone size-large wp-image-12769\" src=\"https:\/\/www.cannabislandia.com\/blog\/wp-content\/uploads\/2015\/11\/Tabla-control-de-plagas-722x1024.jpg\" alt=\"\" width=\"722\" height=\"1024\" srcset=\"https:\/\/www.cannabislandia.com\/blog\/wp-content\/uploads\/2015\/11\/Tabla-control-de-plagas-722x1024.jpg 722w, https:\/\/www.cannabislandia.com\/blog\/wp-content\/uploads\/2015\/11\/Tabla-control-de-plagas-212x300.jpg 212w, https:\/\/www.cannabislandia.com\/blog\/wp-content\/uploads\/2015\/11\/Tabla-control-de-plagas-768x1089.jpg 768w, https:\/\/www.cannabislandia.com\/blog\/wp-content\/uploads\/2015\/11\/Tabla-control-de-plagas.jpg 846w\" sizes=\"(max-width: 722px) 100vw, 722px\" \/><\/a><\/p>\n<p><a href=\"https:\/\/www.cannabislandia.com\/es\/trabe_100\"><strong>TRABE<\/strong> <\/a>es un fabricante de abonos y aditivos ecol\u00f3gicos para el cultivo de marihuana pioneros en este campo. Fundada en 1996 en Espa\u00f1a, desde el principio ha intentado siempre ofrecer productos sin riesgos para el medio ambiente y los consumidores. La experiencia acumulada en cultivos de todo tipo dentro del campo de la agricultura ecol\u00f3gica ha permitido desarrollar una l\u00ednea de productos certificados muy espec\u00edfica para el cultivo de marihuana.<\/p>\n<p>Sus productos est\u00e1n elaborados a partir de algas, \u00e1cidos h\u00famicos y f\u00falvicos, guano de murci\u00e9lago, humus de lombriz y otros elementos siempre org\u00e1nicos. Abonos de crecimiento o floraci\u00f3n, potenciadores y estimuladores que aportar\u00e1n dosis extras de nutrientes en momentos clave, reguladores del pH y hasta organismos beneficiosos que mejorar\u00e1n la calidad del sustrato. El resultado siempre ser\u00e1n unas plantas saludables y unas floraciones explosivas, con unos cogollos de gran calidad y especialmente en su sabor.<\/p>\n<p>Adem\u00e1s cuenta con una l\u00ednea de fitosanitarios con los que de una manera 100% natural se pueden combatir desde plagas de ara\u00f1a roja, gusanos o\u00a0mosca blanca, hasta hongos como\u00a0el o\u00eddio, botrytis o mildiu. \u00c9stos\u00a0est\u00e1n elaborados con extractos de\u00a0cola de caballo, ajo, piretrinas naturales o neem. Por un lado est\u00e1 su eficacia, y por otro el bajo per\u00edodo de seguridad que presentan, especialmente a tener en cuenta en caso de aplicaciones en floraci\u00f3n avanzada.<\/p>\n<p>En Cannabislandia adem\u00e1s de contar con todos los productos del cat\u00e1logo de TRABE, ponemos a tu disposici\u00f3n estas tablas de abonado y plagas. Con ellas es muy sencillo saber qu\u00e9 dosis de cada uno usar en cada momento, y la mejor manera de combinarlos para obtener los mejores resultados posibles. Aunque como siempre, las dosis siempre son orientativas ya que las necesidades de las plantas\u00a0de marihuana llegan a ser diferentes dependiendo de la variedad.<\/p>\n<hr \/>\n<p style=\"text-align: center;\"><a href=\"https:\/\/www.cannabislandia.com\/es\/trabe_100\">Ir al cat\u00e1logo de productos de <strong>Trabe<\/strong><\/a><\/p>\n<p style=\"text-align: center;\"><a href=\"https:\/\/www.cannabislandia.com\/blog\/tablas-de-cultivo\/\">Ir al men\u00fa de tablas de cultivo<\/a><\/p>\n","protected":false},"excerpt":{"rendered":"<p>Tabla Plan de Abonos TRABE Tabla Control de Plagas TRABE es un fabricante de abonos y aditivos ecol\u00f3gicos para el cultivo de marihuana pioneros en este campo. Fundada en 1996 en Espa\u00f1a, desde el principio ha intentado siempre ofrecer productos&#46;&#46;&#46;<\/p>\n","protected":false},"author":4,"featured_media":4612,"parent":998,"menu_order":0,"comment_status":"closed","ping_status":"closed","template":"","meta":[],"yoast_head":"<!-- This site is optimized with the Yoast SEO Premium plugin v19.7 (Yoast SEO v19.14) - https:\/\/yoast.com\/wordpress\/plugins\/seo\/ -->\n<title>Tablas de cultivo y plagas de TRABE para cultivar marihuana<\/title>\n<meta name=\"description\" content=\"En esta p\u00e1gina te puedes descargar las tablas de cultivo de los abonos Trabe para plantas de marihuana en interior o exterior. \u00bfA qu\u00e9 est\u00e1s esperando?\" \/>\n<meta name=\"robots\" content=\"index, follow, max-snippet:-1, max-image-preview:large, max-video-preview:-1\" \/>\n<link rel=\"canonical\" href=\"https:\/\/www.cannabislandia.com\/blog\/tablas-de-cultivo\/trabe\/\" \/>\n<meta property=\"og:locale\" content=\"es_ES\" \/>\n<meta property=\"og:type\" content=\"article\" \/>\n<meta property=\"og:title\" content=\"Tablas de cultivo TRABE\" \/>\n<meta property=\"og:description\" content=\"En esta p\u00e1gina te puedes descargar las tablas de cultivo de los abonos Trabe para plantas de marihuana en interior o exterior. \u00bfA qu\u00e9 est\u00e1s esperando?\" \/>\n<meta property=\"og:url\" content=\"https:\/\/www.cannabislandia.com\/blog\/tablas-de-cultivo\/trabe\/\" \/>\n<meta property=\"og:site_name\" content=\"Cannabislandia\" \/>\n<meta property=\"article:publisher\" content=\"https:\/\/www.facebook.com\/people\/Cannabislandia\/100064696326447\/\" \/>\n<meta property=\"article:modified_time\" content=\"2020-06-19T07:44:39+00:00\" \/>\n<meta property=\"og:image\" content=\"https:\/\/www.cannabislandia.com\/blog\/wp-content\/uploads\/2015\/11\/trabe-portada.jpg\" \/>\n\t<meta property=\"og:image:width\" content=\"600\" \/>\n\t<meta property=\"og:image:height\" content=\"400\" \/>\n\t<meta property=\"og:image:type\" content=\"image\/jpeg\" \/>\n<meta name=\"twitter:card\" content=\"summary_large_image\" \/>\n<meta name=\"twitter:site\" content=\"@cannabislandia\" \/>\n<meta name=\"twitter:label1\" content=\"Tiempo de lectura\" \/>\n\t<meta name=\"twitter:data1\" content=\"2 minutos\" \/>\n<script type=\"application\/ld+json\" class=\"yoast-schema-graph\">{\"@context\":\"https:\/\/schema.org\",\"@graph\":[{\"@type\":\"WebPage\",\"@id\":\"https:\/\/www.cannabislandia.com\/blog\/tablas-de-cultivo\/trabe\/\",\"url\":\"https:\/\/www.cannabislandia.com\/blog\/tablas-de-cultivo\/trabe\/\",\"name\":\"Tablas de cultivo y plagas de TRABE para cultivar marihuana\",\"isPartOf\":{\"@id\":\"https:\/\/www.cannabislandia.com\/blog\/#website\"},\"datePublished\":\"2015-11-02T08:42:36+00:00\",\"dateModified\":\"2020-06-19T07:44:39+00:00\",\"description\":\"En esta p\u00e1gina te puedes descargar las tablas de cultivo de los abonos Trabe para plantas de marihuana en interior o exterior. \u00bfA qu\u00e9 est\u00e1s esperando?\",\"breadcrumb\":{\"@id\":\"https:\/\/www.cannabislandia.com\/blog\/tablas-de-cultivo\/trabe\/#breadcrumb\"},\"inLanguage\":\"es\",\"potentialAction\":[{\"@type\":\"ReadAction\",\"target\":[\"https:\/\/www.cannabislandia.com\/blog\/tablas-de-cultivo\/trabe\/\"]}]},{\"@type\":\"BreadcrumbList\",\"@id\":\"https:\/\/www.cannabislandia.com\/blog\/tablas-de-cultivo\/trabe\/#breadcrumb\",\"itemListElement\":[{\"@type\":\"ListItem\",\"position\":1,\"name\":\"Inicio\",\"item\":\"https:\/\/www.cannabislandia.com\/blog\/\"},{\"@type\":\"ListItem\",\"position\":2,\"name\":\"Tablas de cultivo y abonado\",\"item\":\"https:\/\/www.cannabislandia.com\/blog\/tablas-de-cultivo\/\"},{\"@type\":\"ListItem\",\"position\":3,\"name\":\"Tablas de cultivo TRABE\"}]},{\"@type\":\"WebSite\",\"@id\":\"https:\/\/www.cannabislandia.com\/blog\/#website\",\"url\":\"https:\/\/www.cannabislandia.com\/blog\/\",\"name\":\"Cannabislandia\",\"description\":\"Blog cann\u00e1bico donde encontrar\u00e1s las \u00faltimas noticias, novedades, gu\u00edas, recetas, promociones, curiosidades y todo lo relacionado con la marihuana\",\"publisher\":{\"@id\":\"https:\/\/www.cannabislandia.com\/blog\/#organization\"},\"potentialAction\":[{\"@type\":\"SearchAction\",\"target\":{\"@type\":\"EntryPoint\",\"urlTemplate\":\"https:\/\/www.cannabislandia.com\/blog\/?s={search_term_string}\"},\"query-input\":\"required name=search_term_string\"}],\"inLanguage\":\"es\"},{\"@type\":\"Organization\",\"@id\":\"https:\/\/www.cannabislandia.com\/blog\/#organization\",\"name\":\"Cannabislandia\",\"url\":\"https:\/\/www.cannabislandia.com\/blog\/\",\"logo\":{\"@type\":\"ImageObject\",\"inLanguage\":\"es\",\"@id\":\"https:\/\/www.cannabislandia.com\/blog\/#\/schema\/logo\/image\/\",\"url\":\"https:\/\/www.cannabislandia.com\/blog\/wp-content\/uploads\/2015\/12\/logo.jpg\",\"contentUrl\":\"https:\/\/www.cannabislandia.com\/blog\/wp-content\/uploads\/2015\/12\/logo.jpg\",\"width\":145,\"height\":145,\"caption\":\"Cannabislandia\"},\"image\":{\"@id\":\"https:\/\/www.cannabislandia.com\/blog\/#\/schema\/logo\/image\/\"},\"sameAs\":[\"https:\/\/www.instagram.com\/cannabislandia_grow\/\",\"https:\/\/www.facebook.com\/people\/Cannabislandia\/100064696326447\/\",\"https:\/\/twitter.com\/cannabislandia\"]}]}<\/script>\n<!-- \/ Yoast SEO Premium plugin. -->","yoast_head_json":{"title":"Tablas de cultivo y plagas de TRABE para cultivar marihuana","description":"En esta p\u00e1gina te puedes descargar las tablas de cultivo de los abonos Trabe para plantas de marihuana en interior o exterior. \u00bfA qu\u00e9 est\u00e1s esperando?","robots":{"index":"index","follow":"follow","max-snippet":"max-snippet:-1","max-image-preview":"max-image-preview:large","max-video-preview":"max-video-preview:-1"},"canonical":"https:\/\/www.cannabislandia.com\/blog\/tablas-de-cultivo\/trabe\/","og_locale":"es_ES","og_type":"article","og_title":"Tablas de cultivo TRABE","og_description":"En esta p\u00e1gina te puedes descargar las tablas de cultivo de los abonos Trabe para plantas de marihuana en interior o exterior. \u00bfA qu\u00e9 est\u00e1s esperando?","og_url":"https:\/\/www.cannabislandia.com\/blog\/tablas-de-cultivo\/trabe\/","og_site_name":"Cannabislandia","article_publisher":"https:\/\/www.facebook.com\/people\/Cannabislandia\/100064696326447\/","article_modified_time":"2020-06-19T07:44:39+00:00","og_image":[{"width":600,"height":400,"url":"https:\/\/www.cannabislandia.com\/blog\/wp-content\/uploads\/2015\/11\/trabe-portada.jpg","type":"image\/jpeg"}],"twitter_card":"summary_large_image","twitter_site":"@cannabislandia","twitter_misc":{"Tiempo de lectura":"2 minutos"},"schema":{"@context":"https:\/\/schema.org","@graph":[{"@type":"WebPage","@id":"https:\/\/www.cannabislandia.com\/blog\/tablas-de-cultivo\/trabe\/","url":"https:\/\/www.cannabislandia.com\/blog\/tablas-de-cultivo\/trabe\/","name":"Tablas de cultivo y plagas de TRABE para cultivar marihuana","isPartOf":{"@id":"https:\/\/www.cannabislandia.com\/blog\/#website"},"datePublished":"2015-11-02T08:42:36+00:00","dateModified":"2020-06-19T07:44:39+00:00","description":"En esta p\u00e1gina te puedes descargar las tablas de cultivo de los abonos Trabe para plantas de marihuana en interior o exterior. \u00bfA qu\u00e9 est\u00e1s esperando?","breadcrumb":{"@id":"https:\/\/www.cannabislandia.com\/blog\/tablas-de-cultivo\/trabe\/#breadcrumb"},"inLanguage":"es","potentialAction":[{"@type":"ReadAction","target":["https:\/\/www.cannabislandia.com\/blog\/tablas-de-cultivo\/trabe\/"]}]},{"@type":"BreadcrumbList","@id":"https:\/\/www.cannabislandia.com\/blog\/tablas-de-cultivo\/trabe\/#breadcrumb","itemListElement":[{"@type":"ListItem","position":1,"name":"Inicio","item":"https:\/\/www.cannabislandia.com\/blog\/"},{"@type":"ListItem","position":2,"name":"Tablas de cultivo y abonado","item":"https:\/\/www.cannabislandia.com\/blog\/tablas-de-cultivo\/"},{"@type":"ListItem","position":3,"name":"Tablas de cultivo TRABE"}]},{"@type":"WebSite","@id":"https:\/\/www.cannabislandia.com\/blog\/#website","url":"https:\/\/www.cannabislandia.com\/blog\/","name":"Cannabislandia","description":"Blog cann\u00e1bico donde encontrar\u00e1s las \u00faltimas noticias, novedades, gu\u00edas, recetas, promociones, curiosidades y todo lo relacionado con la marihuana","publisher":{"@id":"https:\/\/www.cannabislandia.com\/blog\/#organization"},"potentialAction":[{"@type":"SearchAction","target":{"@type":"EntryPoint","urlTemplate":"https:\/\/www.cannabislandia.com\/blog\/?s={search_term_string}"},"query-input":"required name=search_term_string"}],"inLanguage":"es"},{"@type":"Organization","@id":"https:\/\/www.cannabislandia.com\/blog\/#organization","name":"Cannabislandia","url":"https:\/\/www.cannabislandia.com\/blog\/","logo":{"@type":"ImageObject","inLanguage":"es","@id":"https:\/\/www.cannabislandia.com\/blog\/#\/schema\/logo\/image\/","url":"https:\/\/www.cannabislandia.com\/blog\/wp-content\/uploads\/2015\/12\/logo.jpg","contentUrl":"https:\/\/www.cannabislandia.com\/blog\/wp-content\/uploads\/2015\/12\/logo.jpg","width":145,"height":145,"caption":"Cannabislandia"},"image":{"@id":"https:\/\/www.cannabislandia.com\/blog\/#\/schema\/logo\/image\/"},"sameAs":["https:\/\/www.instagram.com\/cannabislandia_grow\/","https:\/\/www.facebook.com\/people\/Cannabislandia\/100064696326447\/","https:\/\/twitter.com\/cannabislandia"]}]}},"_links":{"self":[{"href":"https:\/\/www.cannabislandia.com\/blog\/wp-json\/wp\/v2\/pages\/1065"}],"collection":[{"href":"https:\/\/www.cannabislandia.com\/blog\/wp-json\/wp\/v2\/pages"}],"about":[{"href":"https:\/\/www.cannabislandia.com\/blog\/wp-json\/wp\/v2\/types\/page"}],"author":[{"embeddable":true,"href":"https:\/\/www.cannabislandia.com\/blog\/wp-json\/wp\/v2\/users\/4"}],"replies":[{"embeddable":true,"href":"https:\/\/www.cannabislandia.com\/blog\/wp-json\/wp\/v2\/comments?post=1065"}],"version-history":[{"count":11,"href":"https:\/\/www.cannabislandia.com\/blog\/wp-json\/wp\/v2\/pages\/1065\/revisions"}],"predecessor-version":[{"id":12767,"href":"https:\/\/www.cannabislandia.com\/blog\/wp-json\/wp\/v2\/pages\/1065\/revisions\/12767"}],"up":[{"embeddable":true,"href":"https:\/\/www.cannabislandia.com\/blog\/wp-json\/wp\/v2\/pages\/998"}],"wp:featuredmedia":[{"embeddable":true,"href":"https:\/\/www.cannabislandia.com\/blog\/wp-json\/wp\/v2\/media\/4612"}],"wp:attachment":[{"href":"https:\/\/www.cannabislandia.com\/blog\/wp-json\/wp\/v2\/media?parent=1065"}],"curies":[{"name":"wp","href":"https:\/\/api.w.org\/{rel}","templated":true}]}}