{"id":1057,"date":"2015-10-30T12:24:12","date_gmt":"2015-10-30T11:24:12","guid":{"rendered":"https:\/\/www.cannabislandia.com\/blog\/?page_id=1057"},"modified":"2019-03-25T10:24:22","modified_gmt":"2019-03-25T09:24:22","slug":"growth-technology","status":"publish","type":"page","link":"https:\/\/www.cannabislandia.com\/blog\/tablas-de-cultivo\/growth-technology\/","title":{"rendered":"Tablas de cultivo de Growth Technology"},"content":{"rendered":"<h2>IONIC<\/h2>\n<h3>TIERRA<\/h3>\n<p><a href=\"https:\/\/www.cannabislandia.com\/blog\/wp-content\/uploads\/2016\/06\/growth-technology-tablas-de-cultivo-ionic-soil.jpg\" data-rel=\"lightbox-image-0\" data-rl_title=\"\" data-rl_caption=\"\" title=\"\"><img loading=\"lazy\" decoding=\"async\" loading=\"lazy\" class=\"aligncenter wp-image-4032\" src=\"https:\/\/www.cannabislandia.com\/blog\/wp-content\/uploads\/2016\/06\/growth-technology-tablas-de-cultivo-ionic-soil-211x300.jpg\" alt=\"growth-technology-tablas-de-cultivo-ionic-soil\" width=\"600\" height=\"852\" srcset=\"https:\/\/www.cannabislandia.com\/blog\/wp-content\/uploads\/2016\/06\/growth-technology-tablas-de-cultivo-ionic-soil-211x300.jpg 211w, https:\/\/www.cannabislandia.com\/blog\/wp-content\/uploads\/2016\/06\/growth-technology-tablas-de-cultivo-ionic-soil-768x1091.jpg 768w, https:\/\/www.cannabislandia.com\/blog\/wp-content\/uploads\/2016\/06\/growth-technology-tablas-de-cultivo-ionic-soil-721x1024.jpg 721w, https:\/\/www.cannabislandia.com\/blog\/wp-content\/uploads\/2016\/06\/growth-technology-tablas-de-cultivo-ionic-soil.jpg 1024w\" sizes=\"(max-width: 600px) 100vw, 600px\" \/><\/a><\/p>\n<h3>COCO<\/h3>\n<p><a href=\"https:\/\/www.cannabislandia.com\/blog\/wp-content\/uploads\/2016\/06\/growth-technology-tablas-de-cultivo-ionic-coco.jpg\" data-rel=\"lightbox-image-1\" data-rl_title=\"\" data-rl_caption=\"\" title=\"\"><img loading=\"lazy\" decoding=\"async\" loading=\"lazy\" class=\"aligncenter wp-image-4033\" src=\"https:\/\/www.cannabislandia.com\/blog\/wp-content\/uploads\/2016\/06\/growth-technology-tablas-de-cultivo-ionic-coco-211x300.jpg\" alt=\"growth-technology-tablas-de-cultivo-ionic-coco\" width=\"600\" height=\"852\" srcset=\"https:\/\/www.cannabislandia.com\/blog\/wp-content\/uploads\/2016\/06\/growth-technology-tablas-de-cultivo-ionic-coco-211x300.jpg 211w, https:\/\/www.cannabislandia.com\/blog\/wp-content\/uploads\/2016\/06\/growth-technology-tablas-de-cultivo-ionic-coco-768x1091.jpg 768w, https:\/\/www.cannabislandia.com\/blog\/wp-content\/uploads\/2016\/06\/growth-technology-tablas-de-cultivo-ionic-coco-721x1024.jpg 721w, https:\/\/www.cannabislandia.com\/blog\/wp-content\/uploads\/2016\/06\/growth-technology-tablas-de-cultivo-ionic-coco.jpg 1024w\" sizes=\"(max-width: 600px) 100vw, 600px\" \/><\/a><\/p>\n<h3>HYDRO<\/h3>\n<p><a href=\"https:\/\/www.cannabislandia.com\/blog\/wp-content\/uploads\/2016\/06\/growth-technology-tablas-de-cultivo-ionic-hydro.jpg\" data-rel=\"lightbox-image-2\" data-rl_title=\"\" data-rl_caption=\"\" title=\"\"><img loading=\"lazy\" decoding=\"async\" loading=\"lazy\" class=\"aligncenter wp-image-4035\" src=\"https:\/\/www.cannabislandia.com\/blog\/wp-content\/uploads\/2016\/06\/growth-technology-tablas-de-cultivo-ionic-hydro-211x300.jpg\" alt=\"growth-technology-tablas-de-cultivo-ionic-hydro\" width=\"600\" height=\"852\" srcset=\"https:\/\/www.cannabislandia.com\/blog\/wp-content\/uploads\/2016\/06\/growth-technology-tablas-de-cultivo-ionic-hydro-211x300.jpg 211w, https:\/\/www.cannabislandia.com\/blog\/wp-content\/uploads\/2016\/06\/growth-technology-tablas-de-cultivo-ionic-hydro-768x1091.jpg 768w, https:\/\/www.cannabislandia.com\/blog\/wp-content\/uploads\/2016\/06\/growth-technology-tablas-de-cultivo-ionic-hydro-721x1024.jpg 721w, https:\/\/www.cannabislandia.com\/blog\/wp-content\/uploads\/2016\/06\/growth-technology-tablas-de-cultivo-ionic-hydro.jpg 1024w\" sizes=\"(max-width: 600px) 100vw, 600px\" \/><\/a><\/p>\n<hr \/>\n<h2>GREEN HAZE (pt. 2)<\/h2>\n<p><a href=\"https:\/\/www.cannabislandia.com\/blog\/wp-content\/uploads\/2016\/06\/growth-technology-tablas-de-cultivo-green-haze-hydro-parte-dos.jpg\" data-rel=\"lightbox-image-3\" data-rl_title=\"\" data-rl_caption=\"\" title=\"\"><img loading=\"lazy\" decoding=\"async\" loading=\"lazy\" class=\"aligncenter wp-image-4038\" src=\"https:\/\/www.cannabislandia.com\/blog\/wp-content\/uploads\/2016\/06\/growth-technology-tablas-de-cultivo-green-haze-hydro-parte-dos-211x300.jpg\" alt=\"growth-technology-tablas-de-cultivo-green-haze-hydro-parte-dos\" width=\"600\" height=\"852\" srcset=\"https:\/\/www.cannabislandia.com\/blog\/wp-content\/uploads\/2016\/06\/growth-technology-tablas-de-cultivo-green-haze-hydro-parte-dos-211x300.jpg 211w, https:\/\/www.cannabislandia.com\/blog\/wp-content\/uploads\/2016\/06\/growth-technology-tablas-de-cultivo-green-haze-hydro-parte-dos-768x1091.jpg 768w, https:\/\/www.cannabislandia.com\/blog\/wp-content\/uploads\/2016\/06\/growth-technology-tablas-de-cultivo-green-haze-hydro-parte-dos-721x1024.jpg 721w, https:\/\/www.cannabislandia.com\/blog\/wp-content\/uploads\/2016\/06\/growth-technology-tablas-de-cultivo-green-haze-hydro-parte-dos.jpg 1024w\" sizes=\"(max-width: 600px) 100vw, 600px\" \/><\/a><\/p>\n<p>&nbsp;<\/p>\n<p><a href=\"https:\/\/www.cannabislandia.com\/es\/growth-technology_87\"><strong>Growth Technology<\/strong><\/a> es una empresa con sedes en Australia y Reino Unido. Desde mediados de los a\u00f1os 80, llevan ofreciendo al cultivador de marihuana abonos y suplementos de primera calidad. Cuentan con un gran equipo de investigadores y laboratorios propios en los que han conseguido desarrollar algunos de los fertilizantes m\u00e1s avanzados del mercado tanto para cultivos en tierra, como en coco e hidrop\u00f3nico. Aunque su producto estrella y m\u00e1s famoso no se trata de un fertilizante, sino del famoso gel enraizante <a href=\"https:\/\/www.cannabislandia.com\/2296-home_default\/clonex.jpg\" data-rel=\"lightbox-image-4\" data-rl_title=\"\" data-rl_caption=\"\" title=\"\"><strong>Clonex<\/strong><\/a>.<\/p>\n<p>Growth Technology elabora nutrientes partiendo de ingredientes de la m\u00e1s alta pureza, como extractos de algas, \u00e1cidos h\u00famicos y \u00e1cidos f\u00falvicos, as\u00ed como compuestos minerales. El resultado es una alimentaci\u00f3n completa a la vez que se promueve el desarrollo de microvida en el sustrato. Adem\u00e1s son muy sencillos de usar y sus programas de cultivo sea en tierra, fibra de coco o medios hidrop\u00f3nicos son siempre garant\u00eda de \u00e9xito. En Cannabislandia te puedes descargar las tablas de cultivo de este fabricante de fertilizantes con los que te ser\u00e1 m\u00e1s sencillo cultivar combinando sus productos a las dosis ideales.<\/p>\n<h3>PROGRAMA DE CULTIVO B\u00c1SICO<\/h3>\n<p>\u00c9ste es un programa de cultivo muy sencillo, ideal para cultivadores que busquen asegurarse buenas cosechas con la m\u00ednima inversi\u00f3n. Consta de un abono de crecimiento y otro de floraci\u00f3n espec\u00edfico para cada sustrato (<strong>Ionic Soil, Ionic Terra e Ionic Hydro<\/strong>). El potenciador de floraci\u00f3n <strong>Ionic PK Boost<\/strong> es compatible con cualquier sustrato y asegura las dosis de f\u00f3sforo y potasio que las plantas demandan para la formaci\u00f3n de cogollos.<\/p>\n<h3>PROGRAMA DE CULTIVO AVANZADO<\/h3>\n<p>Partiendo de un programa de cultivo b\u00e1sico, con los estimuladores y potenciadores <strong>Green Fuse, Nitrozyme y Super Drive<\/strong> se mejorar\u00e1n incre\u00edblemente los rendimientos. Son aditivos que en determinadas fases del cultivo garantizan un extra de nutrientes, vitaminas, amino\u00e1cidos y\/o otros elementos que mejoran el crecimiento, potencian la floraci\u00f3n y mejoran tanto el sabor como la presencia de los cogollos.<\/p>\n<p style=\"text-align: right;\"><em>Actualizado el 25\/3\/2019.<\/em><\/p>\n<hr \/>\n<p style=\"text-align: center;\"><a href=\"https:\/\/www.cannabislandia.com\/es\/growth-technology_87\">Ir al cat\u00e1logo de productos de <strong>Growth Technology<\/strong><\/a><\/p>\n<p style=\"text-align: center;\"><a href=\"https:\/\/www.cannabislandia.com\/blog\/tablas-de-cultivo\/\">Ir al men\u00fa de tablas de cultivo<\/a><\/p>\n","protected":false},"excerpt":{"rendered":"<p>IONIC TIERRA COCO HYDRO GREEN HAZE (pt. 2) &nbsp; Growth Technology es una empresa con sedes en Australia y Reino Unido. Desde mediados de los a\u00f1os 80, llevan ofreciendo al cultivador de marihuana abonos y suplementos de primera calidad. Cuentan&#46;&#46;&#46;<\/p>\n","protected":false},"author":4,"featured_media":4211,"parent":998,"menu_order":0,"comment_status":"closed","ping_status":"closed","template":"","meta":[],"yoast_head":"<!-- This site is optimized with the Yoast SEO Premium plugin v19.7 (Yoast SEO v19.14) - https:\/\/yoast.com\/wordpress\/plugins\/seo\/ -->\n<title>Tablas de cultivo de Growth Technology | Cannabislandia<\/title>\n<meta name=\"description\" content=\"No esperes m\u00e1s y desc\u00e1rgate ahora en Cannabislandia las tablas de cultivo de Growth Technology para plantas de marihuana y obt\u00e9n los mejores rendimientos\" \/>\n<meta name=\"robots\" content=\"index, follow, max-snippet:-1, max-image-preview:large, max-video-preview:-1\" \/>\n<link rel=\"canonical\" href=\"https:\/\/www.cannabislandia.com\/blog\/tablas-de-cultivo\/growth-technology\/\" \/>\n<meta property=\"og:locale\" content=\"es_ES\" \/>\n<meta property=\"og:type\" content=\"article\" \/>\n<meta property=\"og:title\" content=\"Tablas de cultivo de Growth Technology\" \/>\n<meta property=\"og:description\" content=\"No esperes m\u00e1s y desc\u00e1rgate ahora en Cannabislandia las tablas de cultivo de Growth Technology para plantas de marihuana y obt\u00e9n los mejores rendimientos\" \/>\n<meta property=\"og:url\" content=\"https:\/\/www.cannabislandia.com\/blog\/tablas-de-cultivo\/growth-technology\/\" \/>\n<meta property=\"og:site_name\" content=\"Cannabislandia\" \/>\n<meta property=\"article:publisher\" content=\"https:\/\/www.facebook.com\/people\/Cannabislandia\/100064696326447\/\" \/>\n<meta property=\"article:modified_time\" content=\"2019-03-25T09:24:22+00:00\" \/>\n<meta property=\"og:image\" content=\"https:\/\/www.cannabislandia.com\/blog\/wp-content\/uploads\/2015\/10\/growth-technology-portada.jpg\" \/>\n\t<meta property=\"og:image:width\" content=\"600\" \/>\n\t<meta property=\"og:image:height\" content=\"400\" \/>\n\t<meta property=\"og:image:type\" content=\"image\/jpeg\" \/>\n<meta name=\"twitter:card\" content=\"summary_large_image\" \/>\n<meta name=\"twitter:site\" content=\"@cannabislandia\" \/>\n<meta name=\"twitter:label1\" content=\"Tiempo de lectura\" \/>\n\t<meta name=\"twitter:data1\" content=\"2 minutos\" \/>\n<script type=\"application\/ld+json\" class=\"yoast-schema-graph\">{\"@context\":\"https:\/\/schema.org\",\"@graph\":[{\"@type\":\"WebPage\",\"@id\":\"https:\/\/www.cannabislandia.com\/blog\/tablas-de-cultivo\/growth-technology\/\",\"url\":\"https:\/\/www.cannabislandia.com\/blog\/tablas-de-cultivo\/growth-technology\/\",\"name\":\"Tablas de cultivo de Growth Technology | Cannabislandia\",\"isPartOf\":{\"@id\":\"https:\/\/www.cannabislandia.com\/blog\/#website\"},\"datePublished\":\"2015-10-30T11:24:12+00:00\",\"dateModified\":\"2019-03-25T09:24:22+00:00\",\"description\":\"No esperes m\u00e1s y desc\u00e1rgate ahora en Cannabislandia las tablas de cultivo de Growth Technology para plantas de marihuana y obt\u00e9n los mejores rendimientos\",\"breadcrumb\":{\"@id\":\"https:\/\/www.cannabislandia.com\/blog\/tablas-de-cultivo\/growth-technology\/#breadcrumb\"},\"inLanguage\":\"es\",\"potentialAction\":[{\"@type\":\"ReadAction\",\"target\":[\"https:\/\/www.cannabislandia.com\/blog\/tablas-de-cultivo\/growth-technology\/\"]}]},{\"@type\":\"BreadcrumbList\",\"@id\":\"https:\/\/www.cannabislandia.com\/blog\/tablas-de-cultivo\/growth-technology\/#breadcrumb\",\"itemListElement\":[{\"@type\":\"ListItem\",\"position\":1,\"name\":\"Inicio\",\"item\":\"https:\/\/www.cannabislandia.com\/blog\/\"},{\"@type\":\"ListItem\",\"position\":2,\"name\":\"Tablas de cultivo y abonado\",\"item\":\"https:\/\/www.cannabislandia.com\/blog\/tablas-de-cultivo\/\"},{\"@type\":\"ListItem\",\"position\":3,\"name\":\"Tablas de cultivo de Growth Technology\"}]},{\"@type\":\"WebSite\",\"@id\":\"https:\/\/www.cannabislandia.com\/blog\/#website\",\"url\":\"https:\/\/www.cannabislandia.com\/blog\/\",\"name\":\"Cannabislandia\",\"description\":\"Blog cann\u00e1bico donde encontrar\u00e1s las \u00faltimas noticias, novedades, gu\u00edas, recetas, promociones, curiosidades y todo lo relacionado con la marihuana\",\"publisher\":{\"@id\":\"https:\/\/www.cannabislandia.com\/blog\/#organization\"},\"potentialAction\":[{\"@type\":\"SearchAction\",\"target\":{\"@type\":\"EntryPoint\",\"urlTemplate\":\"https:\/\/www.cannabislandia.com\/blog\/?s={search_term_string}\"},\"query-input\":\"required name=search_term_string\"}],\"inLanguage\":\"es\"},{\"@type\":\"Organization\",\"@id\":\"https:\/\/www.cannabislandia.com\/blog\/#organization\",\"name\":\"Cannabislandia\",\"url\":\"https:\/\/www.cannabislandia.com\/blog\/\",\"logo\":{\"@type\":\"ImageObject\",\"inLanguage\":\"es\",\"@id\":\"https:\/\/www.cannabislandia.com\/blog\/#\/schema\/logo\/image\/\",\"url\":\"https:\/\/www.cannabislandia.com\/blog\/wp-content\/uploads\/2015\/12\/logo.jpg\",\"contentUrl\":\"https:\/\/www.cannabislandia.com\/blog\/wp-content\/uploads\/2015\/12\/logo.jpg\",\"width\":145,\"height\":145,\"caption\":\"Cannabislandia\"},\"image\":{\"@id\":\"https:\/\/www.cannabislandia.com\/blog\/#\/schema\/logo\/image\/\"},\"sameAs\":[\"https:\/\/www.instagram.com\/cannabislandia_grow\/\",\"https:\/\/www.facebook.com\/people\/Cannabislandia\/100064696326447\/\",\"https:\/\/twitter.com\/cannabislandia\"]}]}<\/script>\n<!-- \/ Yoast SEO Premium plugin. -->","yoast_head_json":{"title":"Tablas de cultivo de Growth Technology | Cannabislandia","description":"No esperes m\u00e1s y desc\u00e1rgate ahora en Cannabislandia las tablas de cultivo de Growth Technology para plantas de marihuana y obt\u00e9n los mejores rendimientos","robots":{"index":"index","follow":"follow","max-snippet":"max-snippet:-1","max-image-preview":"max-image-preview:large","max-video-preview":"max-video-preview:-1"},"canonical":"https:\/\/www.cannabislandia.com\/blog\/tablas-de-cultivo\/growth-technology\/","og_locale":"es_ES","og_type":"article","og_title":"Tablas de cultivo de Growth Technology","og_description":"No esperes m\u00e1s y desc\u00e1rgate ahora en Cannabislandia las tablas de cultivo de Growth Technology para plantas de marihuana y obt\u00e9n los mejores rendimientos","og_url":"https:\/\/www.cannabislandia.com\/blog\/tablas-de-cultivo\/growth-technology\/","og_site_name":"Cannabislandia","article_publisher":"https:\/\/www.facebook.com\/people\/Cannabislandia\/100064696326447\/","article_modified_time":"2019-03-25T09:24:22+00:00","og_image":[{"width":600,"height":400,"url":"https:\/\/www.cannabislandia.com\/blog\/wp-content\/uploads\/2015\/10\/growth-technology-portada.jpg","type":"image\/jpeg"}],"twitter_card":"summary_large_image","twitter_site":"@cannabislandia","twitter_misc":{"Tiempo de lectura":"2 minutos"},"schema":{"@context":"https:\/\/schema.org","@graph":[{"@type":"WebPage","@id":"https:\/\/www.cannabislandia.com\/blog\/tablas-de-cultivo\/growth-technology\/","url":"https:\/\/www.cannabislandia.com\/blog\/tablas-de-cultivo\/growth-technology\/","name":"Tablas de cultivo de Growth Technology | Cannabislandia","isPartOf":{"@id":"https:\/\/www.cannabislandia.com\/blog\/#website"},"datePublished":"2015-10-30T11:24:12+00:00","dateModified":"2019-03-25T09:24:22+00:00","description":"No esperes m\u00e1s y desc\u00e1rgate ahora en Cannabislandia las tablas de cultivo de Growth Technology para plantas de marihuana y obt\u00e9n los mejores rendimientos","breadcrumb":{"@id":"https:\/\/www.cannabislandia.com\/blog\/tablas-de-cultivo\/growth-technology\/#breadcrumb"},"inLanguage":"es","potentialAction":[{"@type":"ReadAction","target":["https:\/\/www.cannabislandia.com\/blog\/tablas-de-cultivo\/growth-technology\/"]}]},{"@type":"BreadcrumbList","@id":"https:\/\/www.cannabislandia.com\/blog\/tablas-de-cultivo\/growth-technology\/#breadcrumb","itemListElement":[{"@type":"ListItem","position":1,"name":"Inicio","item":"https:\/\/www.cannabislandia.com\/blog\/"},{"@type":"ListItem","position":2,"name":"Tablas de cultivo y abonado","item":"https:\/\/www.cannabislandia.com\/blog\/tablas-de-cultivo\/"},{"@type":"ListItem","position":3,"name":"Tablas de cultivo de Growth Technology"}]},{"@type":"WebSite","@id":"https:\/\/www.cannabislandia.com\/blog\/#website","url":"https:\/\/www.cannabislandia.com\/blog\/","name":"Cannabislandia","description":"Blog cann\u00e1bico donde encontrar\u00e1s las \u00faltimas noticias, novedades, gu\u00edas, recetas, promociones, curiosidades y todo lo relacionado con la marihuana","publisher":{"@id":"https:\/\/www.cannabislandia.com\/blog\/#organization"},"potentialAction":[{"@type":"SearchAction","target":{"@type":"EntryPoint","urlTemplate":"https:\/\/www.cannabislandia.com\/blog\/?s={search_term_string}"},"query-input":"required name=search_term_string"}],"inLanguage":"es"},{"@type":"Organization","@id":"https:\/\/www.cannabislandia.com\/blog\/#organization","name":"Cannabislandia","url":"https:\/\/www.cannabislandia.com\/blog\/","logo":{"@type":"ImageObject","inLanguage":"es","@id":"https:\/\/www.cannabislandia.com\/blog\/#\/schema\/logo\/image\/","url":"https:\/\/www.cannabislandia.com\/blog\/wp-content\/uploads\/2015\/12\/logo.jpg","contentUrl":"https:\/\/www.cannabislandia.com\/blog\/wp-content\/uploads\/2015\/12\/logo.jpg","width":145,"height":145,"caption":"Cannabislandia"},"image":{"@id":"https:\/\/www.cannabislandia.com\/blog\/#\/schema\/logo\/image\/"},"sameAs":["https:\/\/www.instagram.com\/cannabislandia_grow\/","https:\/\/www.facebook.com\/people\/Cannabislandia\/100064696326447\/","https:\/\/twitter.com\/cannabislandia"]}]}},"_links":{"self":[{"href":"https:\/\/www.cannabislandia.com\/blog\/wp-json\/wp\/v2\/pages\/1057"}],"collection":[{"href":"https:\/\/www.cannabislandia.com\/blog\/wp-json\/wp\/v2\/pages"}],"about":[{"href":"https:\/\/www.cannabislandia.com\/blog\/wp-json\/wp\/v2\/types\/page"}],"author":[{"embeddable":true,"href":"https:\/\/www.cannabislandia.com\/blog\/wp-json\/wp\/v2\/users\/4"}],"replies":[{"embeddable":true,"href":"https:\/\/www.cannabislandia.com\/blog\/wp-json\/wp\/v2\/comments?post=1057"}],"version-history":[{"count":14,"href":"https:\/\/www.cannabislandia.com\/blog\/wp-json\/wp\/v2\/pages\/1057\/revisions"}],"predecessor-version":[{"id":12204,"href":"https:\/\/www.cannabislandia.com\/blog\/wp-json\/wp\/v2\/pages\/1057\/revisions\/12204"}],"up":[{"embeddable":true,"href":"https:\/\/www.cannabislandia.com\/blog\/wp-json\/wp\/v2\/pages\/998"}],"wp:featuredmedia":[{"embeddable":true,"href":"https:\/\/www.cannabislandia.com\/blog\/wp-json\/wp\/v2\/media\/4211"}],"wp:attachment":[{"href":"https:\/\/www.cannabislandia.com\/blog\/wp-json\/wp\/v2\/media?parent=1057"}],"curies":[{"name":"wp","href":"https:\/\/api.w.org\/{rel}","templated":true}]}}