{"id":1055,"date":"2015-10-29T12:07:34","date_gmt":"2015-10-29T11:07:34","guid":{"rendered":"https:\/\/www.cannabislandia.com\/blog\/?page_id=1055"},"modified":"2019-03-21T11:08:45","modified_gmt":"2019-03-21T10:08:45","slug":"ata-nrg","status":"publish","type":"page","link":"https:\/\/www.cannabislandia.com\/blog\/tablas-de-cultivo\/ata-nrg\/","title":{"rendered":"Tablas de cultivo ATA NRG"},"content":{"rendered":"<h2>CRECIMIENTO<\/h2>\n<h3>EXTERIOR<\/h3>\n<ul>\n<li><a href=\"https:\/\/www.cannabislandia.com\/es\/ata-organics\/ata-nrg-organics-box-8140.html\">ATA ORGANICS<\/a><\/li>\n<\/ul>\n<p><img loading=\"lazy\" decoding=\"async\" loading=\"lazy\" class=\"aligncenter wp-image-10523 size-large\" src=\"https:\/\/www.cannabislandia.com\/blog\/wp-content\/uploads\/2015\/10\/ATA-NRG_outdoor-2-1024x724.jpg\" alt=\"\" width=\"1024\" height=\"724\" srcset=\"https:\/\/www.cannabislandia.com\/blog\/wp-content\/uploads\/2015\/10\/ATA-NRG_outdoor-2-1024x724.jpg 1024w, https:\/\/www.cannabislandia.com\/blog\/wp-content\/uploads\/2015\/10\/ATA-NRG_outdoor-2-300x212.jpg 300w, https:\/\/www.cannabislandia.com\/blog\/wp-content\/uploads\/2015\/10\/ATA-NRG_outdoor-2-768x543.jpg 768w, https:\/\/www.cannabislandia.com\/blog\/wp-content\/uploads\/2015\/10\/ATA-NRG_outdoor-2.jpg 1448w\" sizes=\"(max-width: 1024px) 100vw, 1024px\" \/><\/p>\n<ul>\n<li><a href=\"https:\/\/www.cannabislandia.com\/es\/ata-organics\/ata-nrg-organics-box-8140.html\">ATA ORGANICS<\/a> + <a href=\"https:\/\/www.cannabislandia.com\/es\/ata\/bloombastic-932.html\">BLOOMBASTIC<\/a><\/li>\n<\/ul>\n<p><img loading=\"lazy\" decoding=\"async\" loading=\"lazy\" class=\"aligncenter wp-image-10525\" src=\"https:\/\/www.cannabislandia.com\/blog\/wp-content\/uploads\/2015\/10\/ATA-NRG-Bloombastic-outdoor-1024x724.jpg\" alt=\"\" width=\"1000\" height=\"707\" srcset=\"https:\/\/www.cannabislandia.com\/blog\/wp-content\/uploads\/2015\/10\/ATA-NRG-Bloombastic-outdoor-1024x724.jpg 1024w, https:\/\/www.cannabislandia.com\/blog\/wp-content\/uploads\/2015\/10\/ATA-NRG-Bloombastic-outdoor-300x212.jpg 300w, https:\/\/www.cannabislandia.com\/blog\/wp-content\/uploads\/2015\/10\/ATA-NRG-Bloombastic-outdoor-768x543.jpg 768w, https:\/\/www.cannabislandia.com\/blog\/wp-content\/uploads\/2015\/10\/ATA-NRG-Bloombastic-outdoor.jpg 1448w\" sizes=\"(max-width: 1000px) 100vw, 1000px\" \/><\/p>\n<ul>\n<li><a href=\"https:\/\/www.cannabislandia.com\/es\/ata-organics\/ata-nrg-organics-box-8140.html\">ATA ORGANICS<\/a> + <a href=\"https:\/\/www.cannabislandia.com\/es\/ata-organics\/bio-bloombastic-4404.html\">BI-BLOOMBASTIC<\/a><\/li>\n<\/ul>\n<p><a href=\"https:\/\/www.cannabislandia.com\/blog\/wp-content\/uploads\/2015\/10\/ATA-NRG-bi-Bloombastic-outdoor.jpg\" data-rel=\"lightbox-image-0\" data-rl_title=\"\" data-rl_caption=\"\" title=\"\"><img loading=\"lazy\" decoding=\"async\" loading=\"lazy\" class=\"alignnone size-large wp-image-12047\" src=\"https:\/\/www.cannabislandia.com\/blog\/wp-content\/uploads\/2015\/10\/ATA-NRG-bi-Bloombastic-outdoor-1024x724.jpg\" alt=\"\" width=\"1024\" height=\"724\" srcset=\"https:\/\/www.cannabislandia.com\/blog\/wp-content\/uploads\/2015\/10\/ATA-NRG-bi-Bloombastic-outdoor-1024x724.jpg 1024w, https:\/\/www.cannabislandia.com\/blog\/wp-content\/uploads\/2015\/10\/ATA-NRG-bi-Bloombastic-outdoor-300x212.jpg 300w, https:\/\/www.cannabislandia.com\/blog\/wp-content\/uploads\/2015\/10\/ATA-NRG-bi-Bloombastic-outdoor-768x543.jpg 768w, https:\/\/www.cannabislandia.com\/blog\/wp-content\/uploads\/2015\/10\/ATA-NRG-bi-Bloombastic-outdoor.jpg 1448w\" sizes=\"(max-width: 1024px) 100vw, 1024px\" \/><\/a><\/p>\n<p>&nbsp;<\/p>\n<h3>INTERIOR<\/h3>\n<ul>\n<li><a href=\"https:\/\/www.cannabislandia.com\/es\/ata-organics\/ata-nrg-organics-box-8140.html\">ATA ORGANICS<\/a><\/li>\n<\/ul>\n<p><img loading=\"lazy\" decoding=\"async\" loading=\"lazy\" class=\"aligncenter wp-image-10524 size-large\" src=\"https:\/\/www.cannabislandia.com\/blog\/wp-content\/uploads\/2015\/10\/ATA-NRG_indoor-2-1024x724.jpg\" alt=\"\" width=\"1024\" height=\"724\" srcset=\"https:\/\/www.cannabislandia.com\/blog\/wp-content\/uploads\/2015\/10\/ATA-NRG_indoor-2-1024x724.jpg 1024w, https:\/\/www.cannabislandia.com\/blog\/wp-content\/uploads\/2015\/10\/ATA-NRG_indoor-2-300x212.jpg 300w, https:\/\/www.cannabislandia.com\/blog\/wp-content\/uploads\/2015\/10\/ATA-NRG_indoor-2-768x543.jpg 768w, https:\/\/www.cannabislandia.com\/blog\/wp-content\/uploads\/2015\/10\/ATA-NRG_indoor-2.jpg 1448w\" sizes=\"(max-width: 1024px) 100vw, 1024px\" \/><\/p>\n<ul>\n<li><a href=\"https:\/\/www.cannabislandia.com\/es\/ata-organics\/ata-nrg-organics-box-8140.html\">ATA ORGANICS<\/a> + <a href=\"https:\/\/www.cannabislandia.com\/es\/ata\/bloombastic-932.html\">BLOOMBASTIC<\/a><\/li>\n<\/ul>\n<p><img loading=\"lazy\" decoding=\"async\" loading=\"lazy\" class=\"aligncenter wp-image-10527 size-large\" src=\"https:\/\/www.cannabislandia.com\/blog\/wp-content\/uploads\/2015\/10\/ATA-NRG-Bloombastic-indoor-2-1024x724.jpg\" alt=\"\" width=\"1024\" height=\"724\" srcset=\"https:\/\/www.cannabislandia.com\/blog\/wp-content\/uploads\/2015\/10\/ATA-NRG-Bloombastic-indoor-2-1024x724.jpg 1024w, https:\/\/www.cannabislandia.com\/blog\/wp-content\/uploads\/2015\/10\/ATA-NRG-Bloombastic-indoor-2-300x212.jpg 300w, https:\/\/www.cannabislandia.com\/blog\/wp-content\/uploads\/2015\/10\/ATA-NRG-Bloombastic-indoor-2-768x543.jpg 768w, https:\/\/www.cannabislandia.com\/blog\/wp-content\/uploads\/2015\/10\/ATA-NRG-Bloombastic-indoor-2.jpg 1448w\" sizes=\"(max-width: 1024px) 100vw, 1024px\" \/><\/p>\n<ul>\n<li><a href=\"https:\/\/www.cannabislandia.com\/es\/ata-organics\/ata-nrg-organics-box-8140.html\">ATA ORGANICS<\/a> + <a href=\"https:\/\/www.cannabislandia.com\/es\/ata-organics\/bio-bloombastic-4404.html\">BI-BLOOMBASTIC<\/a><\/li>\n<\/ul>\n<p><img loading=\"lazy\" decoding=\"async\" loading=\"lazy\" class=\"aligncenter wp-image-10528 size-large\" src=\"https:\/\/www.cannabislandia.com\/blog\/wp-content\/uploads\/2015\/10\/ATA-NRG-Bi-Bloombastic-indoor-2-1024x724.jpg\" alt=\"\" width=\"1024\" height=\"724\" srcset=\"https:\/\/www.cannabislandia.com\/blog\/wp-content\/uploads\/2015\/10\/ATA-NRG-Bi-Bloombastic-indoor-2-1024x724.jpg 1024w, https:\/\/www.cannabislandia.com\/blog\/wp-content\/uploads\/2015\/10\/ATA-NRG-Bi-Bloombastic-indoor-2-300x212.jpg 300w, https:\/\/www.cannabislandia.com\/blog\/wp-content\/uploads\/2015\/10\/ATA-NRG-Bi-Bloombastic-indoor-2-768x543.jpg 768w, https:\/\/www.cannabislandia.com\/blog\/wp-content\/uploads\/2015\/10\/ATA-NRG-Bi-Bloombastic-indoor-2.jpg 1448w\" sizes=\"(max-width: 1024px) 100vw, 1024px\" \/><\/p>\n<p><strong>ATAMI<\/strong> es un fabricante de abonos, aditivos y sustratos que desde su fundaci\u00f3n den 1997, no ha dejado de ser compa\u00f1ero fiel de much\u00edsimos cultivadores de marihuana en todo el mundo. Si por algo se caracteriza ATAMI es por su continua evoluci\u00f3n de sus nutrientes, logrando desarrollar varias l\u00edneas de productos que cumplir\u00e1n las expectativas de cualquier cultivador, sea el m\u00e1s veterano o principiante.<\/p>\n<ul>\n<li><a href=\"https:\/\/www.cannabislandia.com\/es\/ata_75\"><strong>ATA<\/strong> <\/a>es la l\u00ednea de productos pensada para el cultivador que busca un cultivo sencillo y con una inmejorable relaci\u00f3n calidad\/precio. Sea para el cultivo en tierra, en coco o hidrop\u00f3nico, garantizan un crecimiento r\u00e1pido y una floraci\u00f3n excelente. Los productos m\u00e1s famosos de esta l\u00ednea son Bloombastic y Rootbastic.<\/li>\n<li><a href=\"https:\/\/www.cannabislandia.com\/es\/ata-organics_282\"><strong>ATA NRG<\/strong><\/a> es la l\u00ednea de abonos y aditivos org\u00e1nicos de ATA, ideal para el cultivador que ante todo busque el m\u00e1ximo sabor de sus cosechas. Se compone de productos a base de compuestos org\u00e1nicos como algas comunes y algas marinas. Su producto estrella es el estimulador ecol\u00f3gico Bi-Bloombastic<\/li>\n<li><a href=\"https:\/\/www.cannabislandia.com\/es\/bcuzz_281\"><strong>B\u2019Cuzz<\/strong><\/a> es la l\u00ednea experta de ATA, para el cultivador que busque los m\u00e1ximos rendimientos. Son compatibles con cultivos en tierra, coco e hidropon\u00eda. Son famosos los potenciadores de esta l\u00ednea, que muestran unos resultados realmente escandalosos, tanto en tama\u00f1o de los cogollos, como en su sabor y potencia.<\/li>\n<\/ul>\n<p>ATA NRG, antes llamada ATA Organic es una l\u00ednea muy sencilla de usar tanto en cultivos de interior como de exterior. Existen 3 opciones posibles, \u00fanicamente variando el potenciador de floraci\u00f3n. Los abonos y aditivos comunes para cualquier programa de cultivo son Root-C, Growth-C, Flower-C y Alga-C.<\/p>\n<p>Como potenciador de floraci\u00f3n se puede emplear Bloom-C + Flower, Bloombastic o Bi-bloombastic, siempre acompa\u00f1ando a los abonos y aditivos Root-C, Growth-C, Flower-C y Alga-C. En nuestro blog de marihuana y cannabis te puedes descargar las tablas de cultivo de ATA NRG con el que optimizar cualquier cultivo, sabiendo c\u00f3mo combinarlos y en qu\u00e9 dosis. Los cogollos m\u00e1s resinosos y con el mejor sabor est\u00e1n garantizados.<\/p>\n<p style=\"text-align: right;\"><em>Actualizado el 13\/3\/2019.<\/em><\/p>\n<hr \/>\n<p style=\"text-align: center;\"><a href=\"https:\/\/www.cannabislandia.com\/es\/buscar?controller=search\">Ir al cat\u00e1logo de\u00a0productos de <strong>ATA NRG<\/strong><\/a><\/p>\n<p style=\"text-align: center;\"><a href=\"https:\/\/www.cannabislandia.com\/blog\/tablas-de-cultivo\/\">Ir al men\u00fa de tablas de cultivo<\/a><\/p>\n","protected":false},"excerpt":{"rendered":"<p>CRECIMIENTO EXTERIOR ATA ORGANICS ATA ORGANICS + BLOOMBASTIC ATA ORGANICS + BI-BLOOMBASTIC &nbsp; INTERIOR ATA ORGANICS ATA ORGANICS + BLOOMBASTIC ATA ORGANICS + BI-BLOOMBASTIC ATAMI es un fabricante de abonos, aditivos y sustratos que desde su fundaci\u00f3n den 1997, no&#46;&#46;&#46;<\/p>\n","protected":false},"author":4,"featured_media":4700,"parent":998,"menu_order":0,"comment_status":"closed","ping_status":"closed","template":"","meta":[],"yoast_head":"<!-- This site is optimized with the Yoast SEO Premium plugin v19.7 (Yoast SEO v19.14) - https:\/\/yoast.com\/wordpress\/plugins\/seo\/ -->\n<title>Tablas de cultivo de ATA NRG | Descargar | Cannabislandia<\/title>\n<meta name=\"description\" content=\"En el blog cann\u00e1bico de Cannabislandia puedes consultar y descargar las tablas de cultivo de ATA NRG para el cultivo de marihuana con estos abonos org\u00e1nicos\" \/>\n<meta name=\"robots\" content=\"index, follow, max-snippet:-1, max-image-preview:large, max-video-preview:-1\" \/>\n<link rel=\"canonical\" href=\"https:\/\/www.cannabislandia.com\/blog\/tablas-de-cultivo\/ata-nrg\/\" \/>\n<meta property=\"og:locale\" content=\"es_ES\" \/>\n<meta property=\"og:type\" content=\"article\" \/>\n<meta property=\"og:title\" content=\"Tablas de cultivo ATA NRG\" \/>\n<meta property=\"og:description\" content=\"En el blog cann\u00e1bico de Cannabislandia puedes consultar y descargar las tablas de cultivo de ATA NRG para el cultivo de marihuana con estos abonos org\u00e1nicos\" \/>\n<meta property=\"og:url\" content=\"https:\/\/www.cannabislandia.com\/blog\/tablas-de-cultivo\/ata-nrg\/\" \/>\n<meta property=\"og:site_name\" content=\"Cannabislandia\" \/>\n<meta property=\"article:publisher\" content=\"https:\/\/www.facebook.com\/people\/Cannabislandia\/100064696326447\/\" \/>\n<meta property=\"article:modified_time\" content=\"2019-03-21T10:08:45+00:00\" \/>\n<meta property=\"og:image\" content=\"https:\/\/www.cannabislandia.com\/blog\/wp-content\/uploads\/2016\/06\/ata-nrg-portada1.jpg\" \/>\n\t<meta property=\"og:image:width\" content=\"600\" \/>\n\t<meta property=\"og:image:height\" content=\"400\" \/>\n\t<meta property=\"og:image:type\" content=\"image\/jpeg\" \/>\n<meta name=\"twitter:card\" content=\"summary_large_image\" \/>\n<meta name=\"twitter:site\" content=\"@cannabislandia\" \/>\n<meta name=\"twitter:label1\" content=\"Tiempo de lectura\" \/>\n\t<meta name=\"twitter:data1\" content=\"2 minutos\" \/>\n<script type=\"application\/ld+json\" class=\"yoast-schema-graph\">{\"@context\":\"https:\/\/schema.org\",\"@graph\":[{\"@type\":\"WebPage\",\"@id\":\"https:\/\/www.cannabislandia.com\/blog\/tablas-de-cultivo\/ata-nrg\/\",\"url\":\"https:\/\/www.cannabislandia.com\/blog\/tablas-de-cultivo\/ata-nrg\/\",\"name\":\"Tablas de cultivo de ATA NRG | Descargar | Cannabislandia\",\"isPartOf\":{\"@id\":\"https:\/\/www.cannabislandia.com\/blog\/#website\"},\"datePublished\":\"2015-10-29T11:07:34+00:00\",\"dateModified\":\"2019-03-21T10:08:45+00:00\",\"description\":\"En el blog cann\u00e1bico de Cannabislandia puedes consultar y descargar las tablas de cultivo de ATA NRG para el cultivo de marihuana con estos abonos org\u00e1nicos\",\"breadcrumb\":{\"@id\":\"https:\/\/www.cannabislandia.com\/blog\/tablas-de-cultivo\/ata-nrg\/#breadcrumb\"},\"inLanguage\":\"es\",\"potentialAction\":[{\"@type\":\"ReadAction\",\"target\":[\"https:\/\/www.cannabislandia.com\/blog\/tablas-de-cultivo\/ata-nrg\/\"]}]},{\"@type\":\"BreadcrumbList\",\"@id\":\"https:\/\/www.cannabislandia.com\/blog\/tablas-de-cultivo\/ata-nrg\/#breadcrumb\",\"itemListElement\":[{\"@type\":\"ListItem\",\"position\":1,\"name\":\"Inicio\",\"item\":\"https:\/\/www.cannabislandia.com\/blog\/\"},{\"@type\":\"ListItem\",\"position\":2,\"name\":\"Tablas de cultivo y abonado\",\"item\":\"https:\/\/www.cannabislandia.com\/blog\/tablas-de-cultivo\/\"},{\"@type\":\"ListItem\",\"position\":3,\"name\":\"Tablas de cultivo ATA NRG\"}]},{\"@type\":\"WebSite\",\"@id\":\"https:\/\/www.cannabislandia.com\/blog\/#website\",\"url\":\"https:\/\/www.cannabislandia.com\/blog\/\",\"name\":\"Cannabislandia\",\"description\":\"Blog cann\u00e1bico donde encontrar\u00e1s las \u00faltimas noticias, novedades, gu\u00edas, recetas, promociones, curiosidades y todo lo relacionado con la marihuana\",\"publisher\":{\"@id\":\"https:\/\/www.cannabislandia.com\/blog\/#organization\"},\"potentialAction\":[{\"@type\":\"SearchAction\",\"target\":{\"@type\":\"EntryPoint\",\"urlTemplate\":\"https:\/\/www.cannabislandia.com\/blog\/?s={search_term_string}\"},\"query-input\":\"required name=search_term_string\"}],\"inLanguage\":\"es\"},{\"@type\":\"Organization\",\"@id\":\"https:\/\/www.cannabislandia.com\/blog\/#organization\",\"name\":\"Cannabislandia\",\"url\":\"https:\/\/www.cannabislandia.com\/blog\/\",\"logo\":{\"@type\":\"ImageObject\",\"inLanguage\":\"es\",\"@id\":\"https:\/\/www.cannabislandia.com\/blog\/#\/schema\/logo\/image\/\",\"url\":\"https:\/\/www.cannabislandia.com\/blog\/wp-content\/uploads\/2015\/12\/logo.jpg\",\"contentUrl\":\"https:\/\/www.cannabislandia.com\/blog\/wp-content\/uploads\/2015\/12\/logo.jpg\",\"width\":145,\"height\":145,\"caption\":\"Cannabislandia\"},\"image\":{\"@id\":\"https:\/\/www.cannabislandia.com\/blog\/#\/schema\/logo\/image\/\"},\"sameAs\":[\"https:\/\/www.instagram.com\/cannabislandia_grow\/\",\"https:\/\/www.facebook.com\/people\/Cannabislandia\/100064696326447\/\",\"https:\/\/twitter.com\/cannabislandia\"]}]}<\/script>\n<!-- \/ Yoast SEO Premium plugin. -->","yoast_head_json":{"title":"Tablas de cultivo de ATA NRG | Descargar | Cannabislandia","description":"En el blog cann\u00e1bico de Cannabislandia puedes consultar y descargar las tablas de cultivo de ATA NRG para el cultivo de marihuana con estos abonos org\u00e1nicos","robots":{"index":"index","follow":"follow","max-snippet":"max-snippet:-1","max-image-preview":"max-image-preview:large","max-video-preview":"max-video-preview:-1"},"canonical":"https:\/\/www.cannabislandia.com\/blog\/tablas-de-cultivo\/ata-nrg\/","og_locale":"es_ES","og_type":"article","og_title":"Tablas de cultivo ATA NRG","og_description":"En el blog cann\u00e1bico de Cannabislandia puedes consultar y descargar las tablas de cultivo de ATA NRG para el cultivo de marihuana con estos abonos org\u00e1nicos","og_url":"https:\/\/www.cannabislandia.com\/blog\/tablas-de-cultivo\/ata-nrg\/","og_site_name":"Cannabislandia","article_publisher":"https:\/\/www.facebook.com\/people\/Cannabislandia\/100064696326447\/","article_modified_time":"2019-03-21T10:08:45+00:00","og_image":[{"width":600,"height":400,"url":"https:\/\/www.cannabislandia.com\/blog\/wp-content\/uploads\/2016\/06\/ata-nrg-portada1.jpg","type":"image\/jpeg"}],"twitter_card":"summary_large_image","twitter_site":"@cannabislandia","twitter_misc":{"Tiempo de lectura":"2 minutos"},"schema":{"@context":"https:\/\/schema.org","@graph":[{"@type":"WebPage","@id":"https:\/\/www.cannabislandia.com\/blog\/tablas-de-cultivo\/ata-nrg\/","url":"https:\/\/www.cannabislandia.com\/blog\/tablas-de-cultivo\/ata-nrg\/","name":"Tablas de cultivo de ATA NRG | Descargar | Cannabislandia","isPartOf":{"@id":"https:\/\/www.cannabislandia.com\/blog\/#website"},"datePublished":"2015-10-29T11:07:34+00:00","dateModified":"2019-03-21T10:08:45+00:00","description":"En el blog cann\u00e1bico de Cannabislandia puedes consultar y descargar las tablas de cultivo de ATA NRG para el cultivo de marihuana con estos abonos org\u00e1nicos","breadcrumb":{"@id":"https:\/\/www.cannabislandia.com\/blog\/tablas-de-cultivo\/ata-nrg\/#breadcrumb"},"inLanguage":"es","potentialAction":[{"@type":"ReadAction","target":["https:\/\/www.cannabislandia.com\/blog\/tablas-de-cultivo\/ata-nrg\/"]}]},{"@type":"BreadcrumbList","@id":"https:\/\/www.cannabislandia.com\/blog\/tablas-de-cultivo\/ata-nrg\/#breadcrumb","itemListElement":[{"@type":"ListItem","position":1,"name":"Inicio","item":"https:\/\/www.cannabislandia.com\/blog\/"},{"@type":"ListItem","position":2,"name":"Tablas de cultivo y abonado","item":"https:\/\/www.cannabislandia.com\/blog\/tablas-de-cultivo\/"},{"@type":"ListItem","position":3,"name":"Tablas de cultivo ATA NRG"}]},{"@type":"WebSite","@id":"https:\/\/www.cannabislandia.com\/blog\/#website","url":"https:\/\/www.cannabislandia.com\/blog\/","name":"Cannabislandia","description":"Blog cann\u00e1bico donde encontrar\u00e1s las \u00faltimas noticias, novedades, gu\u00edas, recetas, promociones, curiosidades y todo lo relacionado con la marihuana","publisher":{"@id":"https:\/\/www.cannabislandia.com\/blog\/#organization"},"potentialAction":[{"@type":"SearchAction","target":{"@type":"EntryPoint","urlTemplate":"https:\/\/www.cannabislandia.com\/blog\/?s={search_term_string}"},"query-input":"required name=search_term_string"}],"inLanguage":"es"},{"@type":"Organization","@id":"https:\/\/www.cannabislandia.com\/blog\/#organization","name":"Cannabislandia","url":"https:\/\/www.cannabislandia.com\/blog\/","logo":{"@type":"ImageObject","inLanguage":"es","@id":"https:\/\/www.cannabislandia.com\/blog\/#\/schema\/logo\/image\/","url":"https:\/\/www.cannabislandia.com\/blog\/wp-content\/uploads\/2015\/12\/logo.jpg","contentUrl":"https:\/\/www.cannabislandia.com\/blog\/wp-content\/uploads\/2015\/12\/logo.jpg","width":145,"height":145,"caption":"Cannabislandia"},"image":{"@id":"https:\/\/www.cannabislandia.com\/blog\/#\/schema\/logo\/image\/"},"sameAs":["https:\/\/www.instagram.com\/cannabislandia_grow\/","https:\/\/www.facebook.com\/people\/Cannabislandia\/100064696326447\/","https:\/\/twitter.com\/cannabislandia"]}]}},"_links":{"self":[{"href":"https:\/\/www.cannabislandia.com\/blog\/wp-json\/wp\/v2\/pages\/1055"}],"collection":[{"href":"https:\/\/www.cannabislandia.com\/blog\/wp-json\/wp\/v2\/pages"}],"about":[{"href":"https:\/\/www.cannabislandia.com\/blog\/wp-json\/wp\/v2\/types\/page"}],"author":[{"embeddable":true,"href":"https:\/\/www.cannabislandia.com\/blog\/wp-json\/wp\/v2\/users\/4"}],"replies":[{"embeddable":true,"href":"https:\/\/www.cannabislandia.com\/blog\/wp-json\/wp\/v2\/comments?post=1055"}],"version-history":[{"count":24,"href":"https:\/\/www.cannabislandia.com\/blog\/wp-json\/wp\/v2\/pages\/1055\/revisions"}],"predecessor-version":[{"id":12160,"href":"https:\/\/www.cannabislandia.com\/blog\/wp-json\/wp\/v2\/pages\/1055\/revisions\/12160"}],"up":[{"embeddable":true,"href":"https:\/\/www.cannabislandia.com\/blog\/wp-json\/wp\/v2\/pages\/998"}],"wp:featuredmedia":[{"embeddable":true,"href":"https:\/\/www.cannabislandia.com\/blog\/wp-json\/wp\/v2\/media\/4700"}],"wp:attachment":[{"href":"https:\/\/www.cannabislandia.com\/blog\/wp-json\/wp\/v2\/media?parent=1055"}],"curies":[{"name":"wp","href":"https:\/\/api.w.org\/{rel}","templated":true}]}}