{"id":1052,"date":"2015-10-29T11:11:20","date_gmt":"2015-10-29T10:11:20","guid":{"rendered":"https:\/\/www.cannabislandia.com\/blog\/?page_id=1052"},"modified":"2020-06-16T10:12:18","modified_gmt":"2020-06-16T08:12:18","slug":"green-planet-nutrients","status":"publish","type":"page","link":"https:\/\/www.cannabislandia.com\/blog\/tablas-de-cultivo\/green-planet-nutrients\/","title":{"rendered":"Tablas de cultivo de Green Planet Nutrients"},"content":{"rendered":"<h2>Tablas de cultivo de Green Planet Nutrients<\/h2>\n<h3>GP ULTIMATE<\/h3>\n<p><a href=\"https:\/\/www.cannabislandia.com\/blog\/wp-content\/uploads\/2015\/10\/GP_Ultimate_Feed_Program_Web.jpg\" data-rel=\"lightbox-image-0\" data-rl_title=\"\" data-rl_caption=\"\" title=\"\"><img loading=\"lazy\" decoding=\"async\" loading=\"lazy\" class=\"aligncenter wp-image-4167\" src=\"https:\/\/www.cannabislandia.com\/blog\/wp-content\/uploads\/2015\/10\/GP_Ultimate_Feed_Program_Web-300x232.jpg\" alt=\"GP_Ultimate_Feed_Program_Web\" width=\"800\" height=\"618\" srcset=\"https:\/\/www.cannabislandia.com\/blog\/wp-content\/uploads\/2015\/10\/GP_Ultimate_Feed_Program_Web-300x232.jpg 300w, https:\/\/www.cannabislandia.com\/blog\/wp-content\/uploads\/2015\/10\/GP_Ultimate_Feed_Program_Web-768x593.jpg 768w, https:\/\/www.cannabislandia.com\/blog\/wp-content\/uploads\/2015\/10\/GP_Ultimate_Feed_Program_Web-1024x791.jpg 1024w, https:\/\/www.cannabislandia.com\/blog\/wp-content\/uploads\/2015\/10\/GP_Ultimate_Feed_Program_Web.jpg 1325w\" sizes=\"(max-width: 800px) 100vw, 800px\" \/><\/a><\/p>\n<hr \/>\n<h3>MEDI ONE<\/h3>\n<p><a href=\"https:\/\/www.cannabislandia.com\/blog\/wp-content\/uploads\/2015\/10\/GP_Medi-One_Feed_Program.jpg\" data-rel=\"lightbox-image-1\" data-rl_title=\"\" data-rl_caption=\"\" title=\"\"><img loading=\"lazy\" decoding=\"async\" loading=\"lazy\" class=\"aligncenter wp-image-4168\" src=\"https:\/\/www.cannabislandia.com\/blog\/wp-content\/uploads\/2015\/10\/GP_Medi-One_Feed_Program-300x232.jpg\" alt=\"GP_Medi-One_Feed_Program\" width=\"800\" height=\"618\" srcset=\"https:\/\/www.cannabislandia.com\/blog\/wp-content\/uploads\/2015\/10\/GP_Medi-One_Feed_Program-300x232.jpg 300w, https:\/\/www.cannabislandia.com\/blog\/wp-content\/uploads\/2015\/10\/GP_Medi-One_Feed_Program-768x593.jpg 768w, https:\/\/www.cannabislandia.com\/blog\/wp-content\/uploads\/2015\/10\/GP_Medi-One_Feed_Program-1024x791.jpg 1024w, https:\/\/www.cannabislandia.com\/blog\/wp-content\/uploads\/2015\/10\/GP_Medi-One_Feed_Program.jpg 1325w\" sizes=\"(max-width: 800px) 100vw, 800px\" \/><\/a><\/p>\n<hr \/>\n<h2>SISTEMA DE 3 PARTES<\/h2>\n<h3>RECIRCULATING<\/h3>\n<p><a href=\"https:\/\/www.cannabislandia.com\/blog\/wp-content\/uploads\/2015\/10\/green-planet-sistema-nutricion-3-partes-recirculating.jpg\" data-rel=\"lightbox-image-2\" data-rl_title=\"\" data-rl_caption=\"\" title=\"\"><img loading=\"lazy\" decoding=\"async\" loading=\"lazy\" class=\"aligncenter wp-image-4169\" src=\"https:\/\/www.cannabislandia.com\/blog\/wp-content\/uploads\/2015\/10\/green-planet-sistema-nutricion-3-partes-recirculating-300x235.jpg\" alt=\"green-planet-sistema-nutricion-3-partes-recirculating\" width=\"800\" height=\"626\" srcset=\"https:\/\/www.cannabislandia.com\/blog\/wp-content\/uploads\/2015\/10\/green-planet-sistema-nutricion-3-partes-recirculating-300x235.jpg 300w, https:\/\/www.cannabislandia.com\/blog\/wp-content\/uploads\/2015\/10\/green-planet-sistema-nutricion-3-partes-recirculating-768x601.jpg 768w, https:\/\/www.cannabislandia.com\/blog\/wp-content\/uploads\/2015\/10\/green-planet-sistema-nutricion-3-partes-recirculating-1024x801.jpg 1024w, https:\/\/www.cannabislandia.com\/blog\/wp-content\/uploads\/2015\/10\/green-planet-sistema-nutricion-3-partes-recirculating.jpg 1308w\" sizes=\"(max-width: 800px) 100vw, 800px\" \/><\/a><\/p>\n<h3>DRAIN TO WASTE<\/h3>\n<p><a href=\"https:\/\/www.cannabislandia.com\/blog\/wp-content\/uploads\/2015\/10\/green-planet-sistema-nutricion-3-partes-drain-to-waste.jpg\" data-rel=\"lightbox-image-3\" data-rl_title=\"\" data-rl_caption=\"\" title=\"\"><img loading=\"lazy\" decoding=\"async\" loading=\"lazy\" class=\"aligncenter wp-image-4170\" src=\"https:\/\/www.cannabislandia.com\/blog\/wp-content\/uploads\/2015\/10\/green-planet-sistema-nutricion-3-partes-drain-to-waste-300x235.jpg\" alt=\"green-planet-sistema-nutricion-3-partes-drain-to-waste\" width=\"800\" height=\"626\" srcset=\"https:\/\/www.cannabislandia.com\/blog\/wp-content\/uploads\/2015\/10\/green-planet-sistema-nutricion-3-partes-drain-to-waste-300x235.jpg 300w, https:\/\/www.cannabislandia.com\/blog\/wp-content\/uploads\/2015\/10\/green-planet-sistema-nutricion-3-partes-drain-to-waste-768x601.jpg 768w, https:\/\/www.cannabislandia.com\/blog\/wp-content\/uploads\/2015\/10\/green-planet-sistema-nutricion-3-partes-drain-to-waste-1024x801.jpg 1024w, https:\/\/www.cannabislandia.com\/blog\/wp-content\/uploads\/2015\/10\/green-planet-sistema-nutricion-3-partes-drain-to-waste.jpg 1308w\" sizes=\"(max-width: 800px) 100vw, 800px\" \/><\/a><\/p>\n<p><strong>Green Planet Nutrients<\/strong> es un\u00a0fabricante de fertilizantes establecido en la Columbia Brit\u00e1nica, Canad\u00e1. Con m\u00e1s de 20 a\u00f1os de experiencia en el sector de la alimentaci\u00f3n de cultivos hidrop\u00f3nicos, hoy son uno de los referentes en nutrici\u00f3n para plantas de marihuana. A diferencia de la mayor parte de las marcas norteamericanas de fertilizantes, Green Planet Nutrients simplifica al m\u00e1ximo su cat\u00e1logo con el fin de facilitar al cultivador la tarea de seleccionar lo necesario para sus plantas.<\/p>\n<p>Sus gamas de abonos se componen principalmente de nutrientes en 2 Partes y nutrientes en 3 Partes. Los nutrientes en 2 Partes constan siempre de dos abonos de crecimiento y otros dos de floraci\u00f3n. Son tambi\u00e9n conocidos como A+B normalmente. La separaci\u00f3n de elementos en dos envases se debe a que algunos de ellos puedes reaccionar entre s\u00ed, como el calcio y el azufre que forman un precipitado. As\u00ed la uni\u00f3n se realiza \u00fanicamente en el momento de preparar la soluci\u00f3n nutriente.<\/p>\n<p>Los abonos en 3 Partes por otro lado permiten al cultivador un mayor control sobre la alimentaci\u00f3n de las plantas. Siempre suelen ser Micro, Grow y Bloom. Mientras Grow y Bloom contienen los nutrientes necesarios para el crecimiento y floraci\u00f3n respectivamente, Micro aporta los micronutrientes durante todo el cultivo. Los cultivadores m\u00e1s experimentados conseguir\u00e1n mediante la justa combinaci\u00f3n de cada uno de ellos, unos resultados siempre sobresalientes y ajustados a las necesidades concretas de cada variedad.<\/p>\n<p>No esperes m\u00e1s y apuesta por una de las mejores marcas de fertilizantes del mercado y en la que conf\u00edan muchos de los mejores cultivadores de marihuana medicinal en Norteam\u00e9rica. Toda la gama de este fabricante la tienes disponibles en Cannabislandia y como siempre al mejor precio de Internet. Adem\u00e1s contamos con un gran grupo de expertos cultivadores que te podr\u00e1n asesorar siempre que lo necesites.<\/p>\n<p style=\"text-align: right;\"><em>Actualizado el 26\/09\/2019.<\/em><\/p>\n<hr \/>\n<p style=\"text-align: center;\"><a href=\"https:\/\/www.cannabislandia.com\/es\/green-planet-nutrients_188\">Ir al cat\u00e1logo de productos de <strong>Green Planet Nutrients<\/strong><\/a><\/p>\n<p style=\"text-align: center;\"><a href=\"https:\/\/www.cannabislandia.com\/blog\/tablas-de-cultivo\/\">Ir al men\u00fa de tablas de cultivo<\/a><\/p>\n","protected":false},"excerpt":{"rendered":"<p>Tablas de cultivo de Green Planet Nutrients GP ULTIMATE MEDI ONE SISTEMA DE 3 PARTES RECIRCULATING DRAIN TO WASTE Green Planet Nutrients es un\u00a0fabricante de fertilizantes establecido en la Columbia Brit\u00e1nica, Canad\u00e1. Con m\u00e1s de 20 a\u00f1os de experiencia en&#46;&#46;&#46;<\/p>\n","protected":false},"author":4,"featured_media":4164,"parent":998,"menu_order":0,"comment_status":"closed","ping_status":"closed","template":"","meta":[],"yoast_head":"<!-- This site is optimized with the Yoast SEO Premium plugin v19.7 (Yoast SEO v19.14) - https:\/\/yoast.com\/wordpress\/plugins\/seo\/ -->\n<title>Tablas de cultivo Green Planet Nutrients para marihuana<\/title>\n<meta name=\"description\" content=\"En Cannabislandia ya te puedes descargar las tablas de cultivo de los abonos Green Planet Nutrients para el cultivo de marihuana. \u00bfA qu\u00e9 est\u00e1s esperando?\" \/>\n<meta name=\"robots\" content=\"index, follow, max-snippet:-1, max-image-preview:large, max-video-preview:-1\" \/>\n<link rel=\"canonical\" href=\"https:\/\/www.cannabislandia.com\/blog\/tablas-de-cultivo\/green-planet-nutrients\/\" \/>\n<meta property=\"og:locale\" content=\"es_ES\" \/>\n<meta property=\"og:type\" content=\"article\" \/>\n<meta property=\"og:title\" content=\"Tablas de cultivo de Green Planet Nutrients\" \/>\n<meta property=\"og:description\" content=\"En Cannabislandia ya te puedes descargar las tablas de cultivo de los abonos Green Planet Nutrients para el cultivo de marihuana. \u00bfA qu\u00e9 est\u00e1s esperando?\" \/>\n<meta property=\"og:url\" content=\"https:\/\/www.cannabislandia.com\/blog\/tablas-de-cultivo\/green-planet-nutrients\/\" \/>\n<meta property=\"og:site_name\" content=\"Cannabislandia\" \/>\n<meta property=\"article:publisher\" content=\"https:\/\/www.facebook.com\/people\/Cannabislandia\/100064696326447\/\" \/>\n<meta property=\"article:modified_time\" content=\"2020-06-16T08:12:18+00:00\" \/>\n<meta property=\"og:image\" content=\"https:\/\/www.cannabislandia.com\/blog\/wp-content\/uploads\/2015\/10\/green-planet-portada.jpg\" \/>\n\t<meta property=\"og:image:width\" content=\"600\" \/>\n\t<meta property=\"og:image:height\" content=\"400\" \/>\n\t<meta property=\"og:image:type\" content=\"image\/jpeg\" \/>\n<meta name=\"twitter:card\" content=\"summary_large_image\" \/>\n<meta name=\"twitter:site\" content=\"@cannabislandia\" \/>\n<meta name=\"twitter:label1\" content=\"Tiempo de lectura\" \/>\n\t<meta name=\"twitter:data1\" content=\"2 minutos\" \/>\n<script type=\"application\/ld+json\" class=\"yoast-schema-graph\">{\"@context\":\"https:\/\/schema.org\",\"@graph\":[{\"@type\":\"WebPage\",\"@id\":\"https:\/\/www.cannabislandia.com\/blog\/tablas-de-cultivo\/green-planet-nutrients\/\",\"url\":\"https:\/\/www.cannabislandia.com\/blog\/tablas-de-cultivo\/green-planet-nutrients\/\",\"name\":\"Tablas de cultivo Green Planet Nutrients para marihuana\",\"isPartOf\":{\"@id\":\"https:\/\/www.cannabislandia.com\/blog\/#website\"},\"datePublished\":\"2015-10-29T10:11:20+00:00\",\"dateModified\":\"2020-06-16T08:12:18+00:00\",\"description\":\"En Cannabislandia ya te puedes descargar las tablas de cultivo de los abonos Green Planet Nutrients para el cultivo de marihuana. \u00bfA qu\u00e9 est\u00e1s esperando?\",\"breadcrumb\":{\"@id\":\"https:\/\/www.cannabislandia.com\/blog\/tablas-de-cultivo\/green-planet-nutrients\/#breadcrumb\"},\"inLanguage\":\"es\",\"potentialAction\":[{\"@type\":\"ReadAction\",\"target\":[\"https:\/\/www.cannabislandia.com\/blog\/tablas-de-cultivo\/green-planet-nutrients\/\"]}]},{\"@type\":\"BreadcrumbList\",\"@id\":\"https:\/\/www.cannabislandia.com\/blog\/tablas-de-cultivo\/green-planet-nutrients\/#breadcrumb\",\"itemListElement\":[{\"@type\":\"ListItem\",\"position\":1,\"name\":\"Inicio\",\"item\":\"https:\/\/www.cannabislandia.com\/blog\/\"},{\"@type\":\"ListItem\",\"position\":2,\"name\":\"Tablas de cultivo y abonado\",\"item\":\"https:\/\/www.cannabislandia.com\/blog\/tablas-de-cultivo\/\"},{\"@type\":\"ListItem\",\"position\":3,\"name\":\"Tablas de cultivo de Green Planet Nutrients\"}]},{\"@type\":\"WebSite\",\"@id\":\"https:\/\/www.cannabislandia.com\/blog\/#website\",\"url\":\"https:\/\/www.cannabislandia.com\/blog\/\",\"name\":\"Cannabislandia\",\"description\":\"Blog cann\u00e1bico donde encontrar\u00e1s las \u00faltimas noticias, novedades, gu\u00edas, recetas, promociones, curiosidades y todo lo relacionado con la marihuana\",\"publisher\":{\"@id\":\"https:\/\/www.cannabislandia.com\/blog\/#organization\"},\"potentialAction\":[{\"@type\":\"SearchAction\",\"target\":{\"@type\":\"EntryPoint\",\"urlTemplate\":\"https:\/\/www.cannabislandia.com\/blog\/?s={search_term_string}\"},\"query-input\":\"required name=search_term_string\"}],\"inLanguage\":\"es\"},{\"@type\":\"Organization\",\"@id\":\"https:\/\/www.cannabislandia.com\/blog\/#organization\",\"name\":\"Cannabislandia\",\"url\":\"https:\/\/www.cannabislandia.com\/blog\/\",\"logo\":{\"@type\":\"ImageObject\",\"inLanguage\":\"es\",\"@id\":\"https:\/\/www.cannabislandia.com\/blog\/#\/schema\/logo\/image\/\",\"url\":\"https:\/\/www.cannabislandia.com\/blog\/wp-content\/uploads\/2015\/12\/logo.jpg\",\"contentUrl\":\"https:\/\/www.cannabislandia.com\/blog\/wp-content\/uploads\/2015\/12\/logo.jpg\",\"width\":145,\"height\":145,\"caption\":\"Cannabislandia\"},\"image\":{\"@id\":\"https:\/\/www.cannabislandia.com\/blog\/#\/schema\/logo\/image\/\"},\"sameAs\":[\"https:\/\/www.instagram.com\/cannabislandia_grow\/\",\"https:\/\/www.facebook.com\/people\/Cannabislandia\/100064696326447\/\",\"https:\/\/twitter.com\/cannabislandia\"]}]}<\/script>\n<!-- \/ Yoast SEO Premium plugin. -->","yoast_head_json":{"title":"Tablas de cultivo Green Planet Nutrients para marihuana","description":"En Cannabislandia ya te puedes descargar las tablas de cultivo de los abonos Green Planet Nutrients para el cultivo de marihuana. \u00bfA qu\u00e9 est\u00e1s esperando?","robots":{"index":"index","follow":"follow","max-snippet":"max-snippet:-1","max-image-preview":"max-image-preview:large","max-video-preview":"max-video-preview:-1"},"canonical":"https:\/\/www.cannabislandia.com\/blog\/tablas-de-cultivo\/green-planet-nutrients\/","og_locale":"es_ES","og_type":"article","og_title":"Tablas de cultivo de Green Planet Nutrients","og_description":"En Cannabislandia ya te puedes descargar las tablas de cultivo de los abonos Green Planet Nutrients para el cultivo de marihuana. \u00bfA qu\u00e9 est\u00e1s esperando?","og_url":"https:\/\/www.cannabislandia.com\/blog\/tablas-de-cultivo\/green-planet-nutrients\/","og_site_name":"Cannabislandia","article_publisher":"https:\/\/www.facebook.com\/people\/Cannabislandia\/100064696326447\/","article_modified_time":"2020-06-16T08:12:18+00:00","og_image":[{"width":600,"height":400,"url":"https:\/\/www.cannabislandia.com\/blog\/wp-content\/uploads\/2015\/10\/green-planet-portada.jpg","type":"image\/jpeg"}],"twitter_card":"summary_large_image","twitter_site":"@cannabislandia","twitter_misc":{"Tiempo de lectura":"2 minutos"},"schema":{"@context":"https:\/\/schema.org","@graph":[{"@type":"WebPage","@id":"https:\/\/www.cannabislandia.com\/blog\/tablas-de-cultivo\/green-planet-nutrients\/","url":"https:\/\/www.cannabislandia.com\/blog\/tablas-de-cultivo\/green-planet-nutrients\/","name":"Tablas de cultivo Green Planet Nutrients para marihuana","isPartOf":{"@id":"https:\/\/www.cannabislandia.com\/blog\/#website"},"datePublished":"2015-10-29T10:11:20+00:00","dateModified":"2020-06-16T08:12:18+00:00","description":"En Cannabislandia ya te puedes descargar las tablas de cultivo de los abonos Green Planet Nutrients para el cultivo de marihuana. \u00bfA qu\u00e9 est\u00e1s esperando?","breadcrumb":{"@id":"https:\/\/www.cannabislandia.com\/blog\/tablas-de-cultivo\/green-planet-nutrients\/#breadcrumb"},"inLanguage":"es","potentialAction":[{"@type":"ReadAction","target":["https:\/\/www.cannabislandia.com\/blog\/tablas-de-cultivo\/green-planet-nutrients\/"]}]},{"@type":"BreadcrumbList","@id":"https:\/\/www.cannabislandia.com\/blog\/tablas-de-cultivo\/green-planet-nutrients\/#breadcrumb","itemListElement":[{"@type":"ListItem","position":1,"name":"Inicio","item":"https:\/\/www.cannabislandia.com\/blog\/"},{"@type":"ListItem","position":2,"name":"Tablas de cultivo y abonado","item":"https:\/\/www.cannabislandia.com\/blog\/tablas-de-cultivo\/"},{"@type":"ListItem","position":3,"name":"Tablas de cultivo de Green Planet Nutrients"}]},{"@type":"WebSite","@id":"https:\/\/www.cannabislandia.com\/blog\/#website","url":"https:\/\/www.cannabislandia.com\/blog\/","name":"Cannabislandia","description":"Blog cann\u00e1bico donde encontrar\u00e1s las \u00faltimas noticias, novedades, gu\u00edas, recetas, promociones, curiosidades y todo lo relacionado con la marihuana","publisher":{"@id":"https:\/\/www.cannabislandia.com\/blog\/#organization"},"potentialAction":[{"@type":"SearchAction","target":{"@type":"EntryPoint","urlTemplate":"https:\/\/www.cannabislandia.com\/blog\/?s={search_term_string}"},"query-input":"required name=search_term_string"}],"inLanguage":"es"},{"@type":"Organization","@id":"https:\/\/www.cannabislandia.com\/blog\/#organization","name":"Cannabislandia","url":"https:\/\/www.cannabislandia.com\/blog\/","logo":{"@type":"ImageObject","inLanguage":"es","@id":"https:\/\/www.cannabislandia.com\/blog\/#\/schema\/logo\/image\/","url":"https:\/\/www.cannabislandia.com\/blog\/wp-content\/uploads\/2015\/12\/logo.jpg","contentUrl":"https:\/\/www.cannabislandia.com\/blog\/wp-content\/uploads\/2015\/12\/logo.jpg","width":145,"height":145,"caption":"Cannabislandia"},"image":{"@id":"https:\/\/www.cannabislandia.com\/blog\/#\/schema\/logo\/image\/"},"sameAs":["https:\/\/www.instagram.com\/cannabislandia_grow\/","https:\/\/www.facebook.com\/people\/Cannabislandia\/100064696326447\/","https:\/\/twitter.com\/cannabislandia"]}]}},"_links":{"self":[{"href":"https:\/\/www.cannabislandia.com\/blog\/wp-json\/wp\/v2\/pages\/1052"}],"collection":[{"href":"https:\/\/www.cannabislandia.com\/blog\/wp-json\/wp\/v2\/pages"}],"about":[{"href":"https:\/\/www.cannabislandia.com\/blog\/wp-json\/wp\/v2\/types\/page"}],"author":[{"embeddable":true,"href":"https:\/\/www.cannabislandia.com\/blog\/wp-json\/wp\/v2\/users\/4"}],"replies":[{"embeddable":true,"href":"https:\/\/www.cannabislandia.com\/blog\/wp-json\/wp\/v2\/comments?post=1052"}],"version-history":[{"count":18,"href":"https:\/\/www.cannabislandia.com\/blog\/wp-json\/wp\/v2\/pages\/1052\/revisions"}],"predecessor-version":[{"id":13396,"href":"https:\/\/www.cannabislandia.com\/blog\/wp-json\/wp\/v2\/pages\/1052\/revisions\/13396"}],"up":[{"embeddable":true,"href":"https:\/\/www.cannabislandia.com\/blog\/wp-json\/wp\/v2\/pages\/998"}],"wp:featuredmedia":[{"embeddable":true,"href":"https:\/\/www.cannabislandia.com\/blog\/wp-json\/wp\/v2\/media\/4164"}],"wp:attachment":[{"href":"https:\/\/www.cannabislandia.com\/blog\/wp-json\/wp\/v2\/media?parent=1052"}],"curies":[{"name":"wp","href":"https:\/\/api.w.org\/{rel}","templated":true}]}}