{"id":1048,"date":"2015-10-23T15:14:27","date_gmt":"2015-10-23T13:14:27","guid":{"rendered":"https:\/\/www.cannabislandia.com\/blog\/?page_id=1048"},"modified":"2021-04-07T10:17:48","modified_gmt":"2021-04-07T08:17:48","slug":"b-a-c","status":"publish","type":"page","link":"https:\/\/www.cannabislandia.com\/blog\/tablas-de-cultivo\/b-a-c\/","title":{"rendered":"Tablas de cultivo B.A.C."},"content":{"rendered":"<h2>Tablas de cultivo B.A.C.<\/h2>\n<h3>MINERAL<\/h3>\n<p><a href=\"https:\/\/www.cannabislandia.com\/blog\/wp-content\/uploads\/2015\/10\/tabla-de-cultivo-bac-mineral.jpg\" data-rel=\"lightbox-image-0\" data-rl_title=\"\" data-rl_caption=\"\" title=\"\"><img loading=\"lazy\" decoding=\"async\" loading=\"lazy\" class=\"size-large wp-image-12053\" src=\"https:\/\/www.cannabislandia.com\/blog\/wp-content\/uploads\/2015\/10\/tabla-de-cultivo-bac-mineral-1024x725.jpg\" alt=\"\" width=\"1024\" height=\"725\" srcset=\"https:\/\/www.cannabislandia.com\/blog\/wp-content\/uploads\/2015\/10\/tabla-de-cultivo-bac-mineral-1024x725.jpg 1024w, https:\/\/www.cannabislandia.com\/blog\/wp-content\/uploads\/2015\/10\/tabla-de-cultivo-bac-mineral-300x212.jpg 300w, https:\/\/www.cannabislandia.com\/blog\/wp-content\/uploads\/2015\/10\/tabla-de-cultivo-bac-mineral-768x543.jpg 768w, https:\/\/www.cannabislandia.com\/blog\/wp-content\/uploads\/2015\/10\/tabla-de-cultivo-bac-mineral.jpg 1447w\" sizes=\"(max-width: 1024px) 100vw, 1024px\" \/><\/a><\/p>\n<h3>FAST FOOD<\/h3>\n<p><a href=\"https:\/\/www.cannabislandia.com\/blog\/wp-content\/uploads\/2015\/10\/tabla-de-cultivo-bac-fast-food-mineral.jpg\" data-rel=\"lightbox-image-1\" data-rl_title=\"\" data-rl_caption=\"\" title=\"\"><img loading=\"lazy\" decoding=\"async\" loading=\"lazy\" class=\"size-large wp-image-12051\" src=\"https:\/\/www.cannabislandia.com\/blog\/wp-content\/uploads\/2015\/10\/tabla-de-cultivo-bac-fast-food-mineral-1024x725.jpg\" alt=\"\" width=\"1024\" height=\"725\" srcset=\"https:\/\/www.cannabislandia.com\/blog\/wp-content\/uploads\/2015\/10\/tabla-de-cultivo-bac-fast-food-mineral-1024x725.jpg 1024w, https:\/\/www.cannabislandia.com\/blog\/wp-content\/uploads\/2015\/10\/tabla-de-cultivo-bac-fast-food-mineral-300x212.jpg 300w, https:\/\/www.cannabislandia.com\/blog\/wp-content\/uploads\/2015\/10\/tabla-de-cultivo-bac-fast-food-mineral-768x543.jpg 768w, https:\/\/www.cannabislandia.com\/blog\/wp-content\/uploads\/2015\/10\/tabla-de-cultivo-bac-fast-food-mineral.jpg 1447w\" sizes=\"(max-width: 1024px) 100vw, 1024px\" \/><\/a><\/p>\n<h3>ORG\u00c1NICO<\/h3>\n<p><a href=\"https:\/\/www.cannabislandia.com\/blog\/wp-content\/uploads\/2015\/10\/tabla-de-cultivo-bac-organic.jpg\" data-rel=\"lightbox-image-2\" data-rl_title=\"\" data-rl_caption=\"\" title=\"\"><img loading=\"lazy\" decoding=\"async\" loading=\"lazy\" class=\"wp-image-12054 size-large\" src=\"https:\/\/www.cannabislandia.com\/blog\/wp-content\/uploads\/2015\/10\/tabla-de-cultivo-bac-organic-1024x725.jpg\" alt=\"\" width=\"1024\" height=\"725\" srcset=\"https:\/\/www.cannabislandia.com\/blog\/wp-content\/uploads\/2015\/10\/tabla-de-cultivo-bac-organic-1024x725.jpg 1024w, https:\/\/www.cannabislandia.com\/blog\/wp-content\/uploads\/2015\/10\/tabla-de-cultivo-bac-organic-300x212.jpg 300w, https:\/\/www.cannabislandia.com\/blog\/wp-content\/uploads\/2015\/10\/tabla-de-cultivo-bac-organic-768x543.jpg 768w, https:\/\/www.cannabislandia.com\/blog\/wp-content\/uploads\/2015\/10\/tabla-de-cultivo-bac-organic.jpg 1447w\" sizes=\"(max-width: 1024px) 100vw, 1024px\" \/><\/a><\/p>\n<h3>FAST FOOD<\/h3>\n<p><a href=\"https:\/\/www.cannabislandia.com\/blog\/wp-content\/uploads\/2015\/10\/tabla-de-cultivo-bac-fast-food-organic.jpg\" data-rel=\"lightbox-image-3\" data-rl_title=\"\" data-rl_caption=\"\" title=\"\"><img loading=\"lazy\" decoding=\"async\" loading=\"lazy\" class=\"wp-image-12052 size-large\" src=\"https:\/\/www.cannabislandia.com\/blog\/wp-content\/uploads\/2015\/10\/tabla-de-cultivo-bac-fast-food-organic-1024x725.jpg\" alt=\"\" width=\"1024\" height=\"725\" srcset=\"https:\/\/www.cannabislandia.com\/blog\/wp-content\/uploads\/2015\/10\/tabla-de-cultivo-bac-fast-food-organic-1024x725.jpg 1024w, https:\/\/www.cannabislandia.com\/blog\/wp-content\/uploads\/2015\/10\/tabla-de-cultivo-bac-fast-food-organic-300x212.jpg 300w, https:\/\/www.cannabislandia.com\/blog\/wp-content\/uploads\/2015\/10\/tabla-de-cultivo-bac-fast-food-organic-768x543.jpg 768w, https:\/\/www.cannabislandia.com\/blog\/wp-content\/uploads\/2015\/10\/tabla-de-cultivo-bac-fast-food-organic.jpg 1447w\" sizes=\"(max-width: 1024px) 100vw, 1024px\" \/><\/a><\/p>\n<p><strong>B.A.C.<\/strong> es un fabricante de nutrientes para plantas de marihuana con sede en Gouda, Holanda. Fundada en 2002, lleva ofreciendo abonos, potenciadores, estimuladores y sustratos de la m\u00e1s alta calidad. As\u00ed lo demuestran sus impresionantes resultados. B.A.C. con dos l\u00edneas de nutrientes, una mineral y otra org\u00e1nica. Cada una de ellas cuenta a su vez con dos posibilidades de uso.<\/p>\n<p>Por un lado, en la <strong>l\u00ednea mineral<\/strong> es compatible con cultivos en tierra, coco e hidrop\u00f3nico. Se puede optar por usar nutrientes base para crecimiento y floraci\u00f3n, independientes ambos. Por otro lado, se puede optar por la simpleza que ofrece Fast Food Mineral, un fertilizante completo para todas las fases del cultivo. Es ideal para variedades de floraci\u00f3n corta, como \u00edndicas y autoflorecientes.<\/p>\n<p>La <strong>l\u00ednea org\u00e1nica<\/strong> tambi\u00e9n cuenta con las mismas combinaciones y apropiados para cultivos en tierra. Se puede usar fertilizante de crecimiento y fertilizante de floraci\u00f3n por un lado, u optar por Fast Food Organic, un abono completo y lo m\u00e1s f\u00e1cil de usar con variedades autoflorecientes y de floraci\u00f3n de unas 8 semanas o menos.<\/p>\n<p>En cuanto a los aditivos, todos y cada uno de ellos, sea para la l\u00ednea mineral u org\u00e1nica, garantizan un refuerzo de nutrientes, vitaminas, amino\u00e1cidos y otros compuestos en determinadas fases. El resultado se aprecia desde unas ra\u00edces m\u00e1s sanas, a unas plantas m\u00e1s verdes y vigorosas, y c\u00f3mo no, una floraci\u00f3n explosiva con cogollos grandes, gordos, resinosos y con el mejor sabor.<\/p>\n<p>En nuestro blog cann\u00e1bico de Cannabislandia, te puedes descargar todas las tablas de cultivo de BAC para consultar siempre que sea necesario. En ellas encontrar\u00e1s la mejor manera de combinar fertilizantes y aditivos, adem\u00e1s de sus dosis correspondientes seg\u00fan la fase. Es el primer paso para optimizar un cultivo y conseguir los mejores rendimientos posibles.<\/p>\n<p style=\"text-align: right;\"><em>Actualizado el 13\/3\/2019.<\/em><\/p>\n<hr \/>\n<p style=\"text-align: center;\">La web oficial da la\u00a0posibilidad de calcular a tu medida seg\u00fan el tipo de fertilizante: <a href=\"https:\/\/www.baconline.es\/404.html\">Mineral<\/a> &#8211; <a href=\"https:\/\/www.baconline.es\/404.html\">Org\u00e1nico<\/a>.<\/p>\n<hr \/>\n<p style=\"text-align: center;\"><a href=\"https:\/\/www.cannabislandia.com\/es\/bac_164\">Ir al cat\u00e1logo de\u00a0productos de <strong>B.A.C.<\/strong><\/a><\/p>\n<p style=\"text-align: center;\"><a href=\"https:\/\/www.cannabislandia.com\/blog\/tablas-de-cultivo\/\">Ir al men\u00fa de tablas de cultivo<\/a><\/p>\n","protected":false},"excerpt":{"rendered":"<p>Tablas de cultivo B.A.C. MINERAL FAST FOOD ORG\u00c1NICO FAST FOOD B.A.C. es un fabricante de nutrientes para plantas de marihuana con sede en Gouda, Holanda. Fundada en 2002, lleva ofreciendo abonos, potenciadores, estimuladores y sustratos de la m\u00e1s alta calidad.&#46;&#46;&#46;<\/p>\n","protected":false},"author":4,"featured_media":4774,"parent":998,"menu_order":0,"comment_status":"closed","ping_status":"closed","template":"","meta":[],"yoast_head":"<!-- This site is optimized with the Yoast SEO Premium plugin v19.7 (Yoast SEO v19.14) - https:\/\/yoast.com\/wordpress\/plugins\/seo\/ -->\n<title>Tablas de cultivo de B.A.C. | Cannabislandia | Descargar<\/title>\n<meta name=\"description\" content=\"Todas las tablas de cultivo de B.A.C. te las puedes descargar ahora mismo en el blog de marihuana y cannabis de Cannabislandia. \u00bfA qu\u00e9 est\u00e1s esperando?\" \/>\n<meta name=\"robots\" content=\"index, follow, max-snippet:-1, max-image-preview:large, max-video-preview:-1\" \/>\n<link rel=\"canonical\" href=\"https:\/\/www.cannabislandia.com\/blog\/tablas-de-cultivo\/b-a-c\/\" \/>\n<meta property=\"og:locale\" content=\"es_ES\" \/>\n<meta property=\"og:type\" content=\"article\" \/>\n<meta property=\"og:title\" content=\"Tablas de cultivo B.A.C.\" \/>\n<meta property=\"og:description\" content=\"Todas las tablas de cultivo de B.A.C. te las puedes descargar ahora mismo en el blog de marihuana y cannabis de Cannabislandia. \u00bfA qu\u00e9 est\u00e1s esperando?\" \/>\n<meta property=\"og:url\" content=\"https:\/\/www.cannabislandia.com\/blog\/tablas-de-cultivo\/b-a-c\/\" \/>\n<meta property=\"og:site_name\" content=\"Cannabislandia\" \/>\n<meta property=\"article:publisher\" content=\"https:\/\/www.facebook.com\/people\/Cannabislandia\/100064696326447\/\" \/>\n<meta property=\"article:modified_time\" content=\"2021-04-07T08:17:48+00:00\" \/>\n<meta property=\"og:image\" content=\"https:\/\/www.cannabislandia.com\/blog\/wp-content\/uploads\/2016\/06\/bac-portada.jpg\" \/>\n\t<meta property=\"og:image:width\" content=\"705\" \/>\n\t<meta property=\"og:image:height\" content=\"332\" \/>\n\t<meta property=\"og:image:type\" content=\"image\/jpeg\" \/>\n<meta name=\"twitter:card\" content=\"summary_large_image\" \/>\n<meta name=\"twitter:site\" content=\"@cannabislandia\" \/>\n<meta name=\"twitter:label1\" content=\"Tiempo de lectura\" \/>\n\t<meta name=\"twitter:data1\" content=\"2 minutos\" \/>\n<script type=\"application\/ld+json\" class=\"yoast-schema-graph\">{\"@context\":\"https:\/\/schema.org\",\"@graph\":[{\"@type\":\"WebPage\",\"@id\":\"https:\/\/www.cannabislandia.com\/blog\/tablas-de-cultivo\/b-a-c\/\",\"url\":\"https:\/\/www.cannabislandia.com\/blog\/tablas-de-cultivo\/b-a-c\/\",\"name\":\"Tablas de cultivo de B.A.C. | Cannabislandia | Descargar\",\"isPartOf\":{\"@id\":\"https:\/\/www.cannabislandia.com\/blog\/#website\"},\"datePublished\":\"2015-10-23T13:14:27+00:00\",\"dateModified\":\"2021-04-07T08:17:48+00:00\",\"description\":\"Todas las tablas de cultivo de B.A.C. te las puedes descargar ahora mismo en el blog de marihuana y cannabis de Cannabislandia. \u00bfA qu\u00e9 est\u00e1s esperando?\",\"breadcrumb\":{\"@id\":\"https:\/\/www.cannabislandia.com\/blog\/tablas-de-cultivo\/b-a-c\/#breadcrumb\"},\"inLanguage\":\"es\",\"potentialAction\":[{\"@type\":\"ReadAction\",\"target\":[\"https:\/\/www.cannabislandia.com\/blog\/tablas-de-cultivo\/b-a-c\/\"]}]},{\"@type\":\"BreadcrumbList\",\"@id\":\"https:\/\/www.cannabislandia.com\/blog\/tablas-de-cultivo\/b-a-c\/#breadcrumb\",\"itemListElement\":[{\"@type\":\"ListItem\",\"position\":1,\"name\":\"Inicio\",\"item\":\"https:\/\/www.cannabislandia.com\/blog\/\"},{\"@type\":\"ListItem\",\"position\":2,\"name\":\"Tablas de cultivo y abonado\",\"item\":\"https:\/\/www.cannabislandia.com\/blog\/tablas-de-cultivo\/\"},{\"@type\":\"ListItem\",\"position\":3,\"name\":\"Tablas de cultivo B.A.C.\"}]},{\"@type\":\"WebSite\",\"@id\":\"https:\/\/www.cannabislandia.com\/blog\/#website\",\"url\":\"https:\/\/www.cannabislandia.com\/blog\/\",\"name\":\"Cannabislandia\",\"description\":\"Blog cann\u00e1bico donde encontrar\u00e1s las \u00faltimas noticias, novedades, gu\u00edas, recetas, promociones, curiosidades y todo lo relacionado con la marihuana\",\"publisher\":{\"@id\":\"https:\/\/www.cannabislandia.com\/blog\/#organization\"},\"potentialAction\":[{\"@type\":\"SearchAction\",\"target\":{\"@type\":\"EntryPoint\",\"urlTemplate\":\"https:\/\/www.cannabislandia.com\/blog\/?s={search_term_string}\"},\"query-input\":\"required name=search_term_string\"}],\"inLanguage\":\"es\"},{\"@type\":\"Organization\",\"@id\":\"https:\/\/www.cannabislandia.com\/blog\/#organization\",\"name\":\"Cannabislandia\",\"url\":\"https:\/\/www.cannabislandia.com\/blog\/\",\"logo\":{\"@type\":\"ImageObject\",\"inLanguage\":\"es\",\"@id\":\"https:\/\/www.cannabislandia.com\/blog\/#\/schema\/logo\/image\/\",\"url\":\"https:\/\/www.cannabislandia.com\/blog\/wp-content\/uploads\/2015\/12\/logo.jpg\",\"contentUrl\":\"https:\/\/www.cannabislandia.com\/blog\/wp-content\/uploads\/2015\/12\/logo.jpg\",\"width\":145,\"height\":145,\"caption\":\"Cannabislandia\"},\"image\":{\"@id\":\"https:\/\/www.cannabislandia.com\/blog\/#\/schema\/logo\/image\/\"},\"sameAs\":[\"https:\/\/www.instagram.com\/cannabislandia_grow\/\",\"https:\/\/www.facebook.com\/people\/Cannabislandia\/100064696326447\/\",\"https:\/\/twitter.com\/cannabislandia\"]}]}<\/script>\n<!-- \/ Yoast SEO Premium plugin. -->","yoast_head_json":{"title":"Tablas de cultivo de B.A.C. | Cannabislandia | Descargar","description":"Todas las tablas de cultivo de B.A.C. te las puedes descargar ahora mismo en el blog de marihuana y cannabis de Cannabislandia. \u00bfA qu\u00e9 est\u00e1s esperando?","robots":{"index":"index","follow":"follow","max-snippet":"max-snippet:-1","max-image-preview":"max-image-preview:large","max-video-preview":"max-video-preview:-1"},"canonical":"https:\/\/www.cannabislandia.com\/blog\/tablas-de-cultivo\/b-a-c\/","og_locale":"es_ES","og_type":"article","og_title":"Tablas de cultivo B.A.C.","og_description":"Todas las tablas de cultivo de B.A.C. te las puedes descargar ahora mismo en el blog de marihuana y cannabis de Cannabislandia. \u00bfA qu\u00e9 est\u00e1s esperando?","og_url":"https:\/\/www.cannabislandia.com\/blog\/tablas-de-cultivo\/b-a-c\/","og_site_name":"Cannabislandia","article_publisher":"https:\/\/www.facebook.com\/people\/Cannabislandia\/100064696326447\/","article_modified_time":"2021-04-07T08:17:48+00:00","og_image":[{"width":705,"height":332,"url":"https:\/\/www.cannabislandia.com\/blog\/wp-content\/uploads\/2016\/06\/bac-portada.jpg","type":"image\/jpeg"}],"twitter_card":"summary_large_image","twitter_site":"@cannabislandia","twitter_misc":{"Tiempo de lectura":"2 minutos"},"schema":{"@context":"https:\/\/schema.org","@graph":[{"@type":"WebPage","@id":"https:\/\/www.cannabislandia.com\/blog\/tablas-de-cultivo\/b-a-c\/","url":"https:\/\/www.cannabislandia.com\/blog\/tablas-de-cultivo\/b-a-c\/","name":"Tablas de cultivo de B.A.C. | Cannabislandia | Descargar","isPartOf":{"@id":"https:\/\/www.cannabislandia.com\/blog\/#website"},"datePublished":"2015-10-23T13:14:27+00:00","dateModified":"2021-04-07T08:17:48+00:00","description":"Todas las tablas de cultivo de B.A.C. te las puedes descargar ahora mismo en el blog de marihuana y cannabis de Cannabislandia. \u00bfA qu\u00e9 est\u00e1s esperando?","breadcrumb":{"@id":"https:\/\/www.cannabislandia.com\/blog\/tablas-de-cultivo\/b-a-c\/#breadcrumb"},"inLanguage":"es","potentialAction":[{"@type":"ReadAction","target":["https:\/\/www.cannabislandia.com\/blog\/tablas-de-cultivo\/b-a-c\/"]}]},{"@type":"BreadcrumbList","@id":"https:\/\/www.cannabislandia.com\/blog\/tablas-de-cultivo\/b-a-c\/#breadcrumb","itemListElement":[{"@type":"ListItem","position":1,"name":"Inicio","item":"https:\/\/www.cannabislandia.com\/blog\/"},{"@type":"ListItem","position":2,"name":"Tablas de cultivo y abonado","item":"https:\/\/www.cannabislandia.com\/blog\/tablas-de-cultivo\/"},{"@type":"ListItem","position":3,"name":"Tablas de cultivo B.A.C."}]},{"@type":"WebSite","@id":"https:\/\/www.cannabislandia.com\/blog\/#website","url":"https:\/\/www.cannabislandia.com\/blog\/","name":"Cannabislandia","description":"Blog cann\u00e1bico donde encontrar\u00e1s las \u00faltimas noticias, novedades, gu\u00edas, recetas, promociones, curiosidades y todo lo relacionado con la marihuana","publisher":{"@id":"https:\/\/www.cannabislandia.com\/blog\/#organization"},"potentialAction":[{"@type":"SearchAction","target":{"@type":"EntryPoint","urlTemplate":"https:\/\/www.cannabislandia.com\/blog\/?s={search_term_string}"},"query-input":"required name=search_term_string"}],"inLanguage":"es"},{"@type":"Organization","@id":"https:\/\/www.cannabislandia.com\/blog\/#organization","name":"Cannabislandia","url":"https:\/\/www.cannabislandia.com\/blog\/","logo":{"@type":"ImageObject","inLanguage":"es","@id":"https:\/\/www.cannabislandia.com\/blog\/#\/schema\/logo\/image\/","url":"https:\/\/www.cannabislandia.com\/blog\/wp-content\/uploads\/2015\/12\/logo.jpg","contentUrl":"https:\/\/www.cannabislandia.com\/blog\/wp-content\/uploads\/2015\/12\/logo.jpg","width":145,"height":145,"caption":"Cannabislandia"},"image":{"@id":"https:\/\/www.cannabislandia.com\/blog\/#\/schema\/logo\/image\/"},"sameAs":["https:\/\/www.instagram.com\/cannabislandia_grow\/","https:\/\/www.facebook.com\/people\/Cannabislandia\/100064696326447\/","https:\/\/twitter.com\/cannabislandia"]}]}},"_links":{"self":[{"href":"https:\/\/www.cannabislandia.com\/blog\/wp-json\/wp\/v2\/pages\/1048"}],"collection":[{"href":"https:\/\/www.cannabislandia.com\/blog\/wp-json\/wp\/v2\/pages"}],"about":[{"href":"https:\/\/www.cannabislandia.com\/blog\/wp-json\/wp\/v2\/types\/page"}],"author":[{"embeddable":true,"href":"https:\/\/www.cannabislandia.com\/blog\/wp-json\/wp\/v2\/users\/4"}],"replies":[{"embeddable":true,"href":"https:\/\/www.cannabislandia.com\/blog\/wp-json\/wp\/v2\/comments?post=1048"}],"version-history":[{"count":18,"href":"https:\/\/www.cannabislandia.com\/blog\/wp-json\/wp\/v2\/pages\/1048\/revisions"}],"predecessor-version":[{"id":13587,"href":"https:\/\/www.cannabislandia.com\/blog\/wp-json\/wp\/v2\/pages\/1048\/revisions\/13587"}],"up":[{"embeddable":true,"href":"https:\/\/www.cannabislandia.com\/blog\/wp-json\/wp\/v2\/pages\/998"}],"wp:featuredmedia":[{"embeddable":true,"href":"https:\/\/www.cannabislandia.com\/blog\/wp-json\/wp\/v2\/media\/4774"}],"wp:attachment":[{"href":"https:\/\/www.cannabislandia.com\/blog\/wp-json\/wp\/v2\/media?parent=1048"}],"curies":[{"name":"wp","href":"https:\/\/api.w.org\/{rel}","templated":true}]}}