{"id":1046,"date":"2015-10-23T14:08:06","date_gmt":"2015-10-23T12:08:06","guid":{"rendered":"https:\/\/www.cannabislandia.com\/blog\/?page_id=1046"},"modified":"2019-03-21T11:07:51","modified_gmt":"2019-03-21T10:07:51","slug":"advanced-hydroponics","status":"publish","type":"page","link":"https:\/\/www.cannabislandia.com\/blog\/tablas-de-cultivo\/advanced-hydroponics\/","title":{"rendered":"Tablas de cultivo Advanced Hydroponics"},"content":{"rendered":"<h2>Tablas de cultivo de Advanced Hydroponics<\/h2>\n<p><a href=\"https:\/\/www.cannabislandia.com\/blog\/wp-content\/uploads\/2015\/10\/tabla-de-cultivo-advanced-hydroponics.jpg\" data-rel=\"lightbox-image-0\" data-rl_title=\"\" data-rl_caption=\"\" title=\"\"><img loading=\"lazy\" decoding=\"async\" loading=\"lazy\" class=\"aligncenter wp-image-2588\" src=\"https:\/\/www.cannabislandia.com\/blog\/wp-content\/uploads\/2015\/10\/tabla-de-cultivo-advanced-hydroponics.jpg\" width=\"800\" height=\"565\" srcset=\"https:\/\/www.cannabislandia.com\/blog\/wp-content\/uploads\/2015\/10\/tabla-de-cultivo-advanced-hydroponics.jpg 1449w, https:\/\/www.cannabislandia.com\/blog\/wp-content\/uploads\/2015\/10\/tabla-de-cultivo-advanced-hydroponics-300x212.jpg 300w, https:\/\/www.cannabislandia.com\/blog\/wp-content\/uploads\/2015\/10\/tabla-de-cultivo-advanced-hydroponics-768x543.jpg 768w, https:\/\/www.cannabislandia.com\/blog\/wp-content\/uploads\/2015\/10\/tabla-de-cultivo-advanced-hydroponics-1024x724.jpg 1024w\" sizes=\"(max-width: 800px) 100vw, 800px\" \/><\/a><\/p>\n<p><a href=\"https:\/\/www.cannabislandia.com\/es\/advanced-hydroponics_73\"><strong>Advanced Hydroponics of Holland<\/strong><\/a>\u00a0es unos de los fabricantes de fertilizantes y aditivos para el cultivo de marihuana m\u00e1s famosos. Esta empresa fundada en Holanda por el estadounidense Jay Jackson en 1994, es una de las marcas m\u00e1s prestigiosas a nivel mundial. Jay comenz\u00f3 a cultivar marihuana en los 60 en Estados Unidos, hasta que en un viaje a Holanda a mediados de los 80, queda fascinado de la cultura cann\u00e1bica de ese pa\u00eds y decide instalarse en Amsterdam.<\/p>\n<p>En Holanda, por aquellos a\u00f1os se usaban cultivar marihuana los abonos usados para el cultivo de tulipanes y gardenias. Fue cuando encontr\u00f3 la oportunidad de ofrecer a los cultivadores toda su experiencia. En un principi\u00f3 se asoci\u00f3 con Arjan, propietario de Greenhouse y no tardaron en desarrollar la Dutch Formula, una l\u00ednea de fertilizantes que usan breeder tan importantes como Shantibaba de Mr. Nice Seeds Bank tanto en la elaboraci\u00f3n de semillas, como para cosechas de cogollos que se venden en los mejores Coffee-shop holandeses.<\/p>\n<p>Si por algo se caracteriza Advanced Hydroponics es por la sencillez del uso de sus productos, adem\u00e1s de unos resultados impecables. Las plantas crecer\u00e1n r\u00e1pidamente con un verdor envidiable, y la floraci\u00f3n ser\u00e1 siempre explosiva. A diferencia de otros fabricantes, se han simplificado al m\u00e1ximo los productos necesarios. Tan s\u00f3lo se precisan Grow, Bloom y Micro como nutrientes base en 3 partes y combinados en diferentes dosis seg\u00fan la fase del cultivo. Y como aditivos, un estimulador de ra\u00edces, un potenciador de floraci\u00f3n, un complejo enzim\u00e1tico y una soluci\u00f3n de lavado de ra\u00edces pre-cosecha.<\/p>\n<p>Adem\u00e1s, al ser abonos concentrados, se precisan dosis muy bajas durante todo el cultivo, por lo que adem\u00e1s salen muy rentables. En Cannabislandia disponemos de todos los productos de Advanced Hydroponics of Holland y a los mejores precios de Internet. Tambi\u00e9n puedes consultar y descargarte la tabla de cultivo con la que ser\u00e1 mucho m\u00e1s sencillo combinar abonos y aditivos seg\u00fan la semana de cultivo, adem\u00e1s de las dosis necesarias para los rendimientos m\u00e1s espectaculares.<\/p>\n<p>&nbsp;<\/p>\n<p style=\"text-align: right;\"><em>Actualizado el 26\/07\/2016.<\/em><\/p>\n<hr \/>\n<p style=\"text-align: center;\"><a href=\"https:\/\/www.cannabislandia.com\/es\/advanced-hydroponics_73\">Ir al cat\u00e1logo de\u00a0productos de <strong>Advanced Hydroponics<\/strong><\/a><\/p>\n<p style=\"text-align: center;\"><a href=\"https:\/\/www.cannabislandia.com\/blog\/tablas-de-cultivo\/\">Ir al men\u00fa de tablas de cultivo<\/a><\/p>\n","protected":false},"excerpt":{"rendered":"<p>Tablas de cultivo de Advanced Hydroponics Advanced Hydroponics of Holland\u00a0es unos de los fabricantes de fertilizantes y aditivos para el cultivo de marihuana m\u00e1s famosos. Esta empresa fundada en Holanda por el estadounidense Jay Jackson en 1994, es una de&#46;&#46;&#46;<\/p>\n","protected":false},"author":4,"featured_media":4688,"parent":998,"menu_order":0,"comment_status":"closed","ping_status":"closed","template":"","meta":[],"yoast_head":"<!-- This site is optimized with the Yoast SEO Premium plugin v19.7 (Yoast SEO v19.14) - https:\/\/yoast.com\/wordpress\/plugins\/seo\/ -->\n<title>Tablas de cultivo de Advanced Hydroponics para marihuana<\/title>\n<meta name=\"description\" content=\"Desc\u00e1rgate o consulta ahora mismo las tablas de cultivo de Advanded Hydroponics of Holland en el blog cann\u00e1bico de Cannabislandia. \u00bfA qu\u00e9 est\u00e1s esperando?\" \/>\n<meta name=\"robots\" content=\"index, follow, max-snippet:-1, max-image-preview:large, max-video-preview:-1\" \/>\n<link rel=\"canonical\" href=\"https:\/\/www.cannabislandia.com\/blog\/tablas-de-cultivo\/advanced-hydroponics\/\" \/>\n<meta property=\"og:locale\" content=\"es_ES\" \/>\n<meta property=\"og:type\" content=\"article\" \/>\n<meta property=\"og:title\" content=\"Tablas de cultivo Advanced Hydroponics\" \/>\n<meta property=\"og:description\" content=\"Desc\u00e1rgate o consulta ahora mismo las tablas de cultivo de Advanded Hydroponics of Holland en el blog cann\u00e1bico de Cannabislandia. \u00bfA qu\u00e9 est\u00e1s esperando?\" \/>\n<meta property=\"og:url\" content=\"https:\/\/www.cannabislandia.com\/blog\/tablas-de-cultivo\/advanced-hydroponics\/\" \/>\n<meta property=\"og:site_name\" content=\"Cannabislandia\" \/>\n<meta property=\"article:publisher\" content=\"https:\/\/www.facebook.com\/people\/Cannabislandia\/100064696326447\/\" \/>\n<meta property=\"article:modified_time\" content=\"2019-03-21T10:07:51+00:00\" \/>\n<meta property=\"og:image\" content=\"https:\/\/www.cannabislandia.com\/blog\/wp-content\/uploads\/2016\/06\/advanced-hydroponics-of-holland-portada.jpg\" \/>\n\t<meta property=\"og:image:width\" content=\"600\" \/>\n\t<meta property=\"og:image:height\" content=\"400\" \/>\n\t<meta property=\"og:image:type\" content=\"image\/jpeg\" \/>\n<meta name=\"twitter:card\" content=\"summary_large_image\" \/>\n<meta name=\"twitter:site\" content=\"@cannabislandia\" \/>\n<meta name=\"twitter:label1\" content=\"Tiempo de lectura\" \/>\n\t<meta name=\"twitter:data1\" content=\"2 minutos\" \/>\n<script type=\"application\/ld+json\" class=\"yoast-schema-graph\">{\"@context\":\"https:\/\/schema.org\",\"@graph\":[{\"@type\":\"WebPage\",\"@id\":\"https:\/\/www.cannabislandia.com\/blog\/tablas-de-cultivo\/advanced-hydroponics\/\",\"url\":\"https:\/\/www.cannabislandia.com\/blog\/tablas-de-cultivo\/advanced-hydroponics\/\",\"name\":\"Tablas de cultivo de Advanced Hydroponics para marihuana\",\"isPartOf\":{\"@id\":\"https:\/\/www.cannabislandia.com\/blog\/#website\"},\"datePublished\":\"2015-10-23T12:08:06+00:00\",\"dateModified\":\"2019-03-21T10:07:51+00:00\",\"description\":\"Desc\u00e1rgate o consulta ahora mismo las tablas de cultivo de Advanded Hydroponics of Holland en el blog cann\u00e1bico de Cannabislandia. \u00bfA qu\u00e9 est\u00e1s esperando?\",\"breadcrumb\":{\"@id\":\"https:\/\/www.cannabislandia.com\/blog\/tablas-de-cultivo\/advanced-hydroponics\/#breadcrumb\"},\"inLanguage\":\"es\",\"potentialAction\":[{\"@type\":\"ReadAction\",\"target\":[\"https:\/\/www.cannabislandia.com\/blog\/tablas-de-cultivo\/advanced-hydroponics\/\"]}]},{\"@type\":\"BreadcrumbList\",\"@id\":\"https:\/\/www.cannabislandia.com\/blog\/tablas-de-cultivo\/advanced-hydroponics\/#breadcrumb\",\"itemListElement\":[{\"@type\":\"ListItem\",\"position\":1,\"name\":\"Inicio\",\"item\":\"https:\/\/www.cannabislandia.com\/blog\/\"},{\"@type\":\"ListItem\",\"position\":2,\"name\":\"Tablas de cultivo y abonado\",\"item\":\"https:\/\/www.cannabislandia.com\/blog\/tablas-de-cultivo\/\"},{\"@type\":\"ListItem\",\"position\":3,\"name\":\"Tablas de cultivo Advanced Hydroponics\"}]},{\"@type\":\"WebSite\",\"@id\":\"https:\/\/www.cannabislandia.com\/blog\/#website\",\"url\":\"https:\/\/www.cannabislandia.com\/blog\/\",\"name\":\"Cannabislandia\",\"description\":\"Blog cann\u00e1bico donde encontrar\u00e1s las \u00faltimas noticias, novedades, gu\u00edas, recetas, promociones, curiosidades y todo lo relacionado con la marihuana\",\"publisher\":{\"@id\":\"https:\/\/www.cannabislandia.com\/blog\/#organization\"},\"potentialAction\":[{\"@type\":\"SearchAction\",\"target\":{\"@type\":\"EntryPoint\",\"urlTemplate\":\"https:\/\/www.cannabislandia.com\/blog\/?s={search_term_string}\"},\"query-input\":\"required name=search_term_string\"}],\"inLanguage\":\"es\"},{\"@type\":\"Organization\",\"@id\":\"https:\/\/www.cannabislandia.com\/blog\/#organization\",\"name\":\"Cannabislandia\",\"url\":\"https:\/\/www.cannabislandia.com\/blog\/\",\"logo\":{\"@type\":\"ImageObject\",\"inLanguage\":\"es\",\"@id\":\"https:\/\/www.cannabislandia.com\/blog\/#\/schema\/logo\/image\/\",\"url\":\"https:\/\/www.cannabislandia.com\/blog\/wp-content\/uploads\/2015\/12\/logo.jpg\",\"contentUrl\":\"https:\/\/www.cannabislandia.com\/blog\/wp-content\/uploads\/2015\/12\/logo.jpg\",\"width\":145,\"height\":145,\"caption\":\"Cannabislandia\"},\"image\":{\"@id\":\"https:\/\/www.cannabislandia.com\/blog\/#\/schema\/logo\/image\/\"},\"sameAs\":[\"https:\/\/www.instagram.com\/cannabislandia_grow\/\",\"https:\/\/www.facebook.com\/people\/Cannabislandia\/100064696326447\/\",\"https:\/\/twitter.com\/cannabislandia\"]}]}<\/script>\n<!-- \/ Yoast SEO Premium plugin. -->","yoast_head_json":{"title":"Tablas de cultivo de Advanced Hydroponics para marihuana","description":"Desc\u00e1rgate o consulta ahora mismo las tablas de cultivo de Advanded Hydroponics of Holland en el blog cann\u00e1bico de Cannabislandia. \u00bfA qu\u00e9 est\u00e1s esperando?","robots":{"index":"index","follow":"follow","max-snippet":"max-snippet:-1","max-image-preview":"max-image-preview:large","max-video-preview":"max-video-preview:-1"},"canonical":"https:\/\/www.cannabislandia.com\/blog\/tablas-de-cultivo\/advanced-hydroponics\/","og_locale":"es_ES","og_type":"article","og_title":"Tablas de cultivo Advanced Hydroponics","og_description":"Desc\u00e1rgate o consulta ahora mismo las tablas de cultivo de Advanded Hydroponics of Holland en el blog cann\u00e1bico de Cannabislandia. \u00bfA qu\u00e9 est\u00e1s esperando?","og_url":"https:\/\/www.cannabislandia.com\/blog\/tablas-de-cultivo\/advanced-hydroponics\/","og_site_name":"Cannabislandia","article_publisher":"https:\/\/www.facebook.com\/people\/Cannabislandia\/100064696326447\/","article_modified_time":"2019-03-21T10:07:51+00:00","og_image":[{"width":600,"height":400,"url":"https:\/\/www.cannabislandia.com\/blog\/wp-content\/uploads\/2016\/06\/advanced-hydroponics-of-holland-portada.jpg","type":"image\/jpeg"}],"twitter_card":"summary_large_image","twitter_site":"@cannabislandia","twitter_misc":{"Tiempo de lectura":"2 minutos"},"schema":{"@context":"https:\/\/schema.org","@graph":[{"@type":"WebPage","@id":"https:\/\/www.cannabislandia.com\/blog\/tablas-de-cultivo\/advanced-hydroponics\/","url":"https:\/\/www.cannabislandia.com\/blog\/tablas-de-cultivo\/advanced-hydroponics\/","name":"Tablas de cultivo de Advanced Hydroponics para marihuana","isPartOf":{"@id":"https:\/\/www.cannabislandia.com\/blog\/#website"},"datePublished":"2015-10-23T12:08:06+00:00","dateModified":"2019-03-21T10:07:51+00:00","description":"Desc\u00e1rgate o consulta ahora mismo las tablas de cultivo de Advanded Hydroponics of Holland en el blog cann\u00e1bico de Cannabislandia. \u00bfA qu\u00e9 est\u00e1s esperando?","breadcrumb":{"@id":"https:\/\/www.cannabislandia.com\/blog\/tablas-de-cultivo\/advanced-hydroponics\/#breadcrumb"},"inLanguage":"es","potentialAction":[{"@type":"ReadAction","target":["https:\/\/www.cannabislandia.com\/blog\/tablas-de-cultivo\/advanced-hydroponics\/"]}]},{"@type":"BreadcrumbList","@id":"https:\/\/www.cannabislandia.com\/blog\/tablas-de-cultivo\/advanced-hydroponics\/#breadcrumb","itemListElement":[{"@type":"ListItem","position":1,"name":"Inicio","item":"https:\/\/www.cannabislandia.com\/blog\/"},{"@type":"ListItem","position":2,"name":"Tablas de cultivo y abonado","item":"https:\/\/www.cannabislandia.com\/blog\/tablas-de-cultivo\/"},{"@type":"ListItem","position":3,"name":"Tablas de cultivo Advanced Hydroponics"}]},{"@type":"WebSite","@id":"https:\/\/www.cannabislandia.com\/blog\/#website","url":"https:\/\/www.cannabislandia.com\/blog\/","name":"Cannabislandia","description":"Blog cann\u00e1bico donde encontrar\u00e1s las \u00faltimas noticias, novedades, gu\u00edas, recetas, promociones, curiosidades y todo lo relacionado con la marihuana","publisher":{"@id":"https:\/\/www.cannabislandia.com\/blog\/#organization"},"potentialAction":[{"@type":"SearchAction","target":{"@type":"EntryPoint","urlTemplate":"https:\/\/www.cannabislandia.com\/blog\/?s={search_term_string}"},"query-input":"required name=search_term_string"}],"inLanguage":"es"},{"@type":"Organization","@id":"https:\/\/www.cannabislandia.com\/blog\/#organization","name":"Cannabislandia","url":"https:\/\/www.cannabislandia.com\/blog\/","logo":{"@type":"ImageObject","inLanguage":"es","@id":"https:\/\/www.cannabislandia.com\/blog\/#\/schema\/logo\/image\/","url":"https:\/\/www.cannabislandia.com\/blog\/wp-content\/uploads\/2015\/12\/logo.jpg","contentUrl":"https:\/\/www.cannabislandia.com\/blog\/wp-content\/uploads\/2015\/12\/logo.jpg","width":145,"height":145,"caption":"Cannabislandia"},"image":{"@id":"https:\/\/www.cannabislandia.com\/blog\/#\/schema\/logo\/image\/"},"sameAs":["https:\/\/www.instagram.com\/cannabislandia_grow\/","https:\/\/www.facebook.com\/people\/Cannabislandia\/100064696326447\/","https:\/\/twitter.com\/cannabislandia"]}]}},"_links":{"self":[{"href":"https:\/\/www.cannabislandia.com\/blog\/wp-json\/wp\/v2\/pages\/1046"}],"collection":[{"href":"https:\/\/www.cannabislandia.com\/blog\/wp-json\/wp\/v2\/pages"}],"about":[{"href":"https:\/\/www.cannabislandia.com\/blog\/wp-json\/wp\/v2\/types\/page"}],"author":[{"embeddable":true,"href":"https:\/\/www.cannabislandia.com\/blog\/wp-json\/wp\/v2\/users\/4"}],"replies":[{"embeddable":true,"href":"https:\/\/www.cannabislandia.com\/blog\/wp-json\/wp\/v2\/comments?post=1046"}],"version-history":[{"count":15,"href":"https:\/\/www.cannabislandia.com\/blog\/wp-json\/wp\/v2\/pages\/1046\/revisions"}],"predecessor-version":[{"id":12156,"href":"https:\/\/www.cannabislandia.com\/blog\/wp-json\/wp\/v2\/pages\/1046\/revisions\/12156"}],"up":[{"embeddable":true,"href":"https:\/\/www.cannabislandia.com\/blog\/wp-json\/wp\/v2\/pages\/998"}],"wp:featuredmedia":[{"embeddable":true,"href":"https:\/\/www.cannabislandia.com\/blog\/wp-json\/wp\/v2\/media\/4688"}],"wp:attachment":[{"href":"https:\/\/www.cannabislandia.com\/blog\/wp-json\/wp\/v2\/media?parent=1046"}],"curies":[{"name":"wp","href":"https:\/\/api.w.org\/{rel}","templated":true}]}}