{"id":1043,"date":"2015-10-23T08:48:48","date_gmt":"2015-10-23T07:48:48","guid":{"rendered":"https:\/\/www.cannabislandia.com\/blog\/?page_id=1043"},"modified":"2019-11-25T16:19:57","modified_gmt":"2019-11-25T15:19:57","slug":"general-organics","status":"publish","type":"page","link":"https:\/\/www.cannabislandia.com\/blog\/tablas-de-cultivo\/general-organics\/","title":{"rendered":"Tablas de cultivo General Organics"},"content":{"rendered":"<div class=\"page-title pad group\">\n<h2>TABLAS DE CULTIVO DE GENERAL ORGANICS<\/h2>\n<\/div>\n<div class=\"pad group\">\u00a0<a href=\"https:\/\/www.cannabislandia.com\/blog\/wp-content\/uploads\/2015\/10\/g.o._thrive_-_sevia-1.jpg\" data-rel=\"lightbox-image-0\" data-rl_title=\"\" data-rl_caption=\"\" title=\"\"><img loading=\"lazy\" decoding=\"async\" loading=\"lazy\" class=\"alignnone size-large wp-image-12139\" src=\"https:\/\/www.cannabislandia.com\/blog\/wp-content\/uploads\/2015\/10\/g.o._thrive_-_sevia-1-1024x726.jpg\" alt=\"\" width=\"1024\" height=\"726\" srcset=\"https:\/\/www.cannabislandia.com\/blog\/wp-content\/uploads\/2015\/10\/g.o._thrive_-_sevia-1-1024x726.jpg 1024w, https:\/\/www.cannabislandia.com\/blog\/wp-content\/uploads\/2015\/10\/g.o._thrive_-_sevia-1-300x213.jpg 300w, https:\/\/www.cannabislandia.com\/blog\/wp-content\/uploads\/2015\/10\/g.o._thrive_-_sevia-1-768x545.jpg 768w, https:\/\/www.cannabislandia.com\/blog\/wp-content\/uploads\/2015\/10\/g.o._thrive_-_sevia-1.jpg 1166w\" sizes=\"(max-width: 1024px) 100vw, 1024px\" \/><\/a><\/div>\n<div class=\"pad group\">\n<p><strong><a href=\"https:\/\/www.cannabislandia.com\/es\/terra-aquatica_582\">General Organics<\/a>,\u00a0<\/strong> ahora conocido como Terra Aquatica,\u00a0es la l\u00ednea de abonos y aditivos 100% org\u00e1nicos para el cultivo de marihuana perteneciente a <a href=\"https:\/\/www.cannabislandia.com\/es\/general-hydroponics_83\"><strong>General Hydroponics<\/strong><\/a>, empresa fundada en San Francisco, California, en el a\u00f1o 1975. General Organics proporciona a los cultivadores una l\u00ednea superior de nutrientes y suplementos con los que maximizar los rendimientos. Cada producto de esta l\u00ednea est\u00e1 pensado para aportar elementos de primera calidad elaborados con ingredientes naturales. El gran sabor tan caracter\u00edstico de los fertilizantes org\u00e1nicos estar\u00e1 asegurado.<\/p>\n<p>Como nutrientes base, General Organics nos ofrece <strong>Thrive Grow y Thrive Bloom<\/strong>. Pese a que se tratan de un abono de crecimiento y otro de floraci\u00f3n, ambos se combinan en determinadas fases de cultivo, como en las primeras semanas para un desarrollo de las ra\u00edces m\u00e1s fuerte, y en la fase de prefloraci\u00f3n para conseguir internudos m\u00e1s cortos.<\/p>\n<p>En cuanto a los potenciadores y estimuladores, ayudar\u00e1n en ciertas fases a que las plantas de marihuana mejoren su desarrollo y producci\u00f3n. <strong>G.O. Roots<\/strong> es un potenciador de ra\u00edces, ideal para las primeras semanas de cultivo y tras los trasplantes. <strong>G.O. Diamond Black, G.O. Seaweed y G.O. Urtica<\/strong> garantizar\u00e1n una fase vegetativa con un desarrollo espectacular. <strong>G.O. Buds<\/strong> es un potenciador de floraci\u00f3n. Y finalmente <strong>BM o Subculture<\/strong> con microorganismos beneficiosos que mejorar\u00e1n tanto la calidad del sustrato como la asimilaci\u00f3n de nutrientes.<\/p>\n<p>Todos estos aditivos son ideales para usar con la l\u00ednea <strong>Bio Sevia<\/strong> de General Hydroponics, los primeros abonos org\u00e1nicos para cultivar en hidropon\u00eda, o en este caso la conocida como \u00abbiopon\u00eda\u00bb. En el blog de marihuana y cannabis de nuestro Grow Shop Cannabislandia ponemos a tu disposici\u00f3n para que te descargues si quieres la tabla de cultivo de General Organics. Es la mejor manera de saber qu\u00e9 dosis corresponde en cada fase de cultivo, adem\u00e1s de combinar nutrientes base y aditivos para conseguir siempre los mejores rendimientos.<\/p>\n<\/div>\n<p style=\"text-align: right;\"><em>Actualizado el 20\/03\/2019.<\/em><\/p>\n<hr \/>\n<p style=\"text-align: center;\"><a href=\"https:\/\/www.cannabislandia.com\/es\/terra-aquatica_582\">Ir al cat\u00e1logo de productos de <strong>General Organics<\/strong><\/a><\/p>\n<p style=\"text-align: center;\"><a href=\"https:\/\/www.cannabislandia.com\/blog\/tablas-de-cultivo\/\">Ir al men\u00fa de tablas de cultivo<\/a><\/p>\n","protected":false},"excerpt":{"rendered":"<p>TABLAS DE CULTIVO DE GENERAL ORGANICS \u00a0 General Organics,\u00a0 ahora conocido como Terra Aquatica,\u00a0es la l\u00ednea de abonos y aditivos 100% org\u00e1nicos para el cultivo de marihuana perteneciente a General Hydroponics, empresa fundada en San Francisco, California, en el a\u00f1o&#46;&#46;&#46;<\/p>\n","protected":false},"author":4,"featured_media":4788,"parent":998,"menu_order":0,"comment_status":"closed","ping_status":"closed","template":"","meta":[],"yoast_head":"<!-- This site is optimized with the Yoast SEO Premium plugin v19.7 (Yoast SEO v19.14) - https:\/\/yoast.com\/wordpress\/plugins\/seo\/ -->\n<title>Tablas de cultivo General Organics | Descargar | Marihuana<\/title>\n<meta name=\"description\" content=\"En Cannabislandia te puedes descargar las tablas de cultivo General Organics para plantas de marihuana en org\u00e1nico. \u00a1Entra ya en nuestro blog cann\u00e1bico!\" \/>\n<meta name=\"robots\" content=\"index, follow, max-snippet:-1, max-image-preview:large, max-video-preview:-1\" \/>\n<link rel=\"canonical\" href=\"https:\/\/www.cannabislandia.com\/blog\/tablas-de-cultivo\/general-organics\/\" \/>\n<meta property=\"og:locale\" content=\"es_ES\" \/>\n<meta property=\"og:type\" content=\"article\" \/>\n<meta property=\"og:title\" content=\"Tablas de cultivo General Organics\" \/>\n<meta property=\"og:description\" content=\"En Cannabislandia te puedes descargar las tablas de cultivo General Organics para plantas de marihuana en org\u00e1nico. \u00a1Entra ya en nuestro blog cann\u00e1bico!\" \/>\n<meta property=\"og:url\" content=\"https:\/\/www.cannabislandia.com\/blog\/tablas-de-cultivo\/general-organics\/\" \/>\n<meta property=\"og:site_name\" content=\"Cannabislandia\" \/>\n<meta property=\"article:publisher\" content=\"https:\/\/www.facebook.com\/people\/Cannabislandia\/100064696326447\/\" \/>\n<meta property=\"article:modified_time\" content=\"2019-11-25T15:19:57+00:00\" \/>\n<meta property=\"og:image\" content=\"https:\/\/www.cannabislandia.com\/blog\/wp-content\/uploads\/2016\/06\/general-organics-portada.jpg\" \/>\n\t<meta property=\"og:image:width\" content=\"705\" \/>\n\t<meta property=\"og:image:height\" content=\"332\" \/>\n\t<meta property=\"og:image:type\" content=\"image\/jpeg\" \/>\n<meta name=\"twitter:card\" content=\"summary_large_image\" \/>\n<meta name=\"twitter:site\" content=\"@cannabislandia\" \/>\n<meta name=\"twitter:label1\" content=\"Tiempo de lectura\" \/>\n\t<meta name=\"twitter:data1\" content=\"2 minutos\" \/>\n<script type=\"application\/ld+json\" class=\"yoast-schema-graph\">{\"@context\":\"https:\/\/schema.org\",\"@graph\":[{\"@type\":\"WebPage\",\"@id\":\"https:\/\/www.cannabislandia.com\/blog\/tablas-de-cultivo\/general-organics\/\",\"url\":\"https:\/\/www.cannabislandia.com\/blog\/tablas-de-cultivo\/general-organics\/\",\"name\":\"Tablas de cultivo General Organics | Descargar | Marihuana\",\"isPartOf\":{\"@id\":\"https:\/\/www.cannabislandia.com\/blog\/#website\"},\"datePublished\":\"2015-10-23T07:48:48+00:00\",\"dateModified\":\"2019-11-25T15:19:57+00:00\",\"description\":\"En Cannabislandia te puedes descargar las tablas de cultivo General Organics para plantas de marihuana en org\u00e1nico. \u00a1Entra ya en nuestro blog cann\u00e1bico!\",\"breadcrumb\":{\"@id\":\"https:\/\/www.cannabislandia.com\/blog\/tablas-de-cultivo\/general-organics\/#breadcrumb\"},\"inLanguage\":\"es\",\"potentialAction\":[{\"@type\":\"ReadAction\",\"target\":[\"https:\/\/www.cannabislandia.com\/blog\/tablas-de-cultivo\/general-organics\/\"]}]},{\"@type\":\"BreadcrumbList\",\"@id\":\"https:\/\/www.cannabislandia.com\/blog\/tablas-de-cultivo\/general-organics\/#breadcrumb\",\"itemListElement\":[{\"@type\":\"ListItem\",\"position\":1,\"name\":\"Inicio\",\"item\":\"https:\/\/www.cannabislandia.com\/blog\/\"},{\"@type\":\"ListItem\",\"position\":2,\"name\":\"Tablas de cultivo y abonado\",\"item\":\"https:\/\/www.cannabislandia.com\/blog\/tablas-de-cultivo\/\"},{\"@type\":\"ListItem\",\"position\":3,\"name\":\"Tablas de cultivo General Organics\"}]},{\"@type\":\"WebSite\",\"@id\":\"https:\/\/www.cannabislandia.com\/blog\/#website\",\"url\":\"https:\/\/www.cannabislandia.com\/blog\/\",\"name\":\"Cannabislandia\",\"description\":\"Blog cann\u00e1bico donde encontrar\u00e1s las \u00faltimas noticias, novedades, gu\u00edas, recetas, promociones, curiosidades y todo lo relacionado con la marihuana\",\"publisher\":{\"@id\":\"https:\/\/www.cannabislandia.com\/blog\/#organization\"},\"potentialAction\":[{\"@type\":\"SearchAction\",\"target\":{\"@type\":\"EntryPoint\",\"urlTemplate\":\"https:\/\/www.cannabislandia.com\/blog\/?s={search_term_string}\"},\"query-input\":\"required name=search_term_string\"}],\"inLanguage\":\"es\"},{\"@type\":\"Organization\",\"@id\":\"https:\/\/www.cannabislandia.com\/blog\/#organization\",\"name\":\"Cannabislandia\",\"url\":\"https:\/\/www.cannabislandia.com\/blog\/\",\"logo\":{\"@type\":\"ImageObject\",\"inLanguage\":\"es\",\"@id\":\"https:\/\/www.cannabislandia.com\/blog\/#\/schema\/logo\/image\/\",\"url\":\"https:\/\/www.cannabislandia.com\/blog\/wp-content\/uploads\/2015\/12\/logo.jpg\",\"contentUrl\":\"https:\/\/www.cannabislandia.com\/blog\/wp-content\/uploads\/2015\/12\/logo.jpg\",\"width\":145,\"height\":145,\"caption\":\"Cannabislandia\"},\"image\":{\"@id\":\"https:\/\/www.cannabislandia.com\/blog\/#\/schema\/logo\/image\/\"},\"sameAs\":[\"https:\/\/www.instagram.com\/cannabislandia_grow\/\",\"https:\/\/www.facebook.com\/people\/Cannabislandia\/100064696326447\/\",\"https:\/\/twitter.com\/cannabislandia\"]}]}<\/script>\n<!-- \/ Yoast SEO Premium plugin. -->","yoast_head_json":{"title":"Tablas de cultivo General Organics | Descargar | Marihuana","description":"En Cannabislandia te puedes descargar las tablas de cultivo General Organics para plantas de marihuana en org\u00e1nico. \u00a1Entra ya en nuestro blog cann\u00e1bico!","robots":{"index":"index","follow":"follow","max-snippet":"max-snippet:-1","max-image-preview":"max-image-preview:large","max-video-preview":"max-video-preview:-1"},"canonical":"https:\/\/www.cannabislandia.com\/blog\/tablas-de-cultivo\/general-organics\/","og_locale":"es_ES","og_type":"article","og_title":"Tablas de cultivo General Organics","og_description":"En Cannabislandia te puedes descargar las tablas de cultivo General Organics para plantas de marihuana en org\u00e1nico. \u00a1Entra ya en nuestro blog cann\u00e1bico!","og_url":"https:\/\/www.cannabislandia.com\/blog\/tablas-de-cultivo\/general-organics\/","og_site_name":"Cannabislandia","article_publisher":"https:\/\/www.facebook.com\/people\/Cannabislandia\/100064696326447\/","article_modified_time":"2019-11-25T15:19:57+00:00","og_image":[{"width":705,"height":332,"url":"https:\/\/www.cannabislandia.com\/blog\/wp-content\/uploads\/2016\/06\/general-organics-portada.jpg","type":"image\/jpeg"}],"twitter_card":"summary_large_image","twitter_site":"@cannabislandia","twitter_misc":{"Tiempo de lectura":"2 minutos"},"schema":{"@context":"https:\/\/schema.org","@graph":[{"@type":"WebPage","@id":"https:\/\/www.cannabislandia.com\/blog\/tablas-de-cultivo\/general-organics\/","url":"https:\/\/www.cannabislandia.com\/blog\/tablas-de-cultivo\/general-organics\/","name":"Tablas de cultivo General Organics | Descargar | Marihuana","isPartOf":{"@id":"https:\/\/www.cannabislandia.com\/blog\/#website"},"datePublished":"2015-10-23T07:48:48+00:00","dateModified":"2019-11-25T15:19:57+00:00","description":"En Cannabislandia te puedes descargar las tablas de cultivo General Organics para plantas de marihuana en org\u00e1nico. \u00a1Entra ya en nuestro blog cann\u00e1bico!","breadcrumb":{"@id":"https:\/\/www.cannabislandia.com\/blog\/tablas-de-cultivo\/general-organics\/#breadcrumb"},"inLanguage":"es","potentialAction":[{"@type":"ReadAction","target":["https:\/\/www.cannabislandia.com\/blog\/tablas-de-cultivo\/general-organics\/"]}]},{"@type":"BreadcrumbList","@id":"https:\/\/www.cannabislandia.com\/blog\/tablas-de-cultivo\/general-organics\/#breadcrumb","itemListElement":[{"@type":"ListItem","position":1,"name":"Inicio","item":"https:\/\/www.cannabislandia.com\/blog\/"},{"@type":"ListItem","position":2,"name":"Tablas de cultivo y abonado","item":"https:\/\/www.cannabislandia.com\/blog\/tablas-de-cultivo\/"},{"@type":"ListItem","position":3,"name":"Tablas de cultivo General Organics"}]},{"@type":"WebSite","@id":"https:\/\/www.cannabislandia.com\/blog\/#website","url":"https:\/\/www.cannabislandia.com\/blog\/","name":"Cannabislandia","description":"Blog cann\u00e1bico donde encontrar\u00e1s las \u00faltimas noticias, novedades, gu\u00edas, recetas, promociones, curiosidades y todo lo relacionado con la marihuana","publisher":{"@id":"https:\/\/www.cannabislandia.com\/blog\/#organization"},"potentialAction":[{"@type":"SearchAction","target":{"@type":"EntryPoint","urlTemplate":"https:\/\/www.cannabislandia.com\/blog\/?s={search_term_string}"},"query-input":"required name=search_term_string"}],"inLanguage":"es"},{"@type":"Organization","@id":"https:\/\/www.cannabislandia.com\/blog\/#organization","name":"Cannabislandia","url":"https:\/\/www.cannabislandia.com\/blog\/","logo":{"@type":"ImageObject","inLanguage":"es","@id":"https:\/\/www.cannabislandia.com\/blog\/#\/schema\/logo\/image\/","url":"https:\/\/www.cannabislandia.com\/blog\/wp-content\/uploads\/2015\/12\/logo.jpg","contentUrl":"https:\/\/www.cannabislandia.com\/blog\/wp-content\/uploads\/2015\/12\/logo.jpg","width":145,"height":145,"caption":"Cannabislandia"},"image":{"@id":"https:\/\/www.cannabislandia.com\/blog\/#\/schema\/logo\/image\/"},"sameAs":["https:\/\/www.instagram.com\/cannabislandia_grow\/","https:\/\/www.facebook.com\/people\/Cannabislandia\/100064696326447\/","https:\/\/twitter.com\/cannabislandia"]}]}},"_links":{"self":[{"href":"https:\/\/www.cannabislandia.com\/blog\/wp-json\/wp\/v2\/pages\/1043"}],"collection":[{"href":"https:\/\/www.cannabislandia.com\/blog\/wp-json\/wp\/v2\/pages"}],"about":[{"href":"https:\/\/www.cannabislandia.com\/blog\/wp-json\/wp\/v2\/types\/page"}],"author":[{"embeddable":true,"href":"https:\/\/www.cannabislandia.com\/blog\/wp-json\/wp\/v2\/users\/4"}],"replies":[{"embeddable":true,"href":"https:\/\/www.cannabislandia.com\/blog\/wp-json\/wp\/v2\/comments?post=1043"}],"version-history":[{"count":13,"href":"https:\/\/www.cannabislandia.com\/blog\/wp-json\/wp\/v2\/pages\/1043\/revisions"}],"predecessor-version":[{"id":12926,"href":"https:\/\/www.cannabislandia.com\/blog\/wp-json\/wp\/v2\/pages\/1043\/revisions\/12926"}],"up":[{"embeddable":true,"href":"https:\/\/www.cannabislandia.com\/blog\/wp-json\/wp\/v2\/pages\/998"}],"wp:featuredmedia":[{"embeddable":true,"href":"https:\/\/www.cannabislandia.com\/blog\/wp-json\/wp\/v2\/media\/4788"}],"wp:attachment":[{"href":"https:\/\/www.cannabislandia.com\/blog\/wp-json\/wp\/v2\/media?parent=1043"}],"curies":[{"name":"wp","href":"https:\/\/api.w.org\/{rel}","templated":true}]}}