{"id":1041,"date":"2015-10-22T10:06:52","date_gmt":"2015-10-22T08:06:52","guid":{"rendered":"https:\/\/www.cannabislandia.com\/blog\/?page_id=1041"},"modified":"2019-03-21T11:10:27","modified_gmt":"2019-03-21T10:10:27","slug":"general-hydroponics","status":"publish","type":"page","link":"https:\/\/www.cannabislandia.com\/blog\/tablas-de-cultivo\/general-hydroponics\/","title":{"rendered":"Tablas de cultivo General Hydroponics"},"content":{"rendered":"<h2>TABLAS DE CULTIVO<\/h2>\n<h3>FLORA SERIES<\/h3>\n<p><a href=\"https:\/\/www.cannabislandia.com\/blog\/wp-content\/uploads\/2015\/10\/flora_series-1.jpg\" data-rel=\"lightbox-image-0\" data-rl_title=\"\" data-rl_caption=\"\" title=\"\"><img loading=\"lazy\" decoding=\"async\" loading=\"lazy\" class=\"alignnone size-large wp-image-12129\" src=\"https:\/\/www.cannabislandia.com\/blog\/wp-content\/uploads\/2015\/10\/flora_series-1-1024x363.jpg\" alt=\"\" width=\"1024\" height=\"363\" srcset=\"https:\/\/www.cannabislandia.com\/blog\/wp-content\/uploads\/2015\/10\/flora_series-1-1024x363.jpg 1024w, https:\/\/www.cannabislandia.com\/blog\/wp-content\/uploads\/2015\/10\/flora_series-1-300x106.jpg 300w, https:\/\/www.cannabislandia.com\/blog\/wp-content\/uploads\/2015\/10\/flora_series-1-768x272.jpg 768w\" sizes=\"(max-width: 1024px) 100vw, 1024px\" \/><\/a><\/p>\n<h3>FLORA NOVA<\/h3>\n<p><a href=\"https:\/\/www.cannabislandia.com\/blog\/wp-content\/uploads\/2015\/10\/flora_nova-1.jpg\" data-rel=\"lightbox-image-1\" data-rl_title=\"\" data-rl_caption=\"\" title=\"\"><img loading=\"lazy\" decoding=\"async\" loading=\"lazy\" class=\"alignnone size-large wp-image-12131\" src=\"https:\/\/www.cannabislandia.com\/blog\/wp-content\/uploads\/2015\/10\/flora_nova-1-1024x363.jpg\" alt=\"\" width=\"1024\" height=\"363\" srcset=\"https:\/\/www.cannabislandia.com\/blog\/wp-content\/uploads\/2015\/10\/flora_nova-1-1024x363.jpg 1024w, https:\/\/www.cannabislandia.com\/blog\/wp-content\/uploads\/2015\/10\/flora_nova-1-300x106.jpg 300w, https:\/\/www.cannabislandia.com\/blog\/wp-content\/uploads\/2015\/10\/flora_nova-1-768x272.jpg 768w\" sizes=\"(max-width: 1024px) 100vw, 1024px\" \/><\/a><\/p>\n<h3>FLORA\u00a0DUO<\/h3>\n<p><a href=\"https:\/\/www.cannabislandia.com\/blog\/wp-content\/uploads\/2015\/10\/flora_duo-1.jpg\" data-rel=\"lightbox-image-2\" data-rl_title=\"\" data-rl_caption=\"\" title=\"\"><img loading=\"lazy\" decoding=\"async\" loading=\"lazy\" class=\"alignnone size-large wp-image-12133\" src=\"https:\/\/www.cannabislandia.com\/blog\/wp-content\/uploads\/2015\/10\/flora_duo-1-1024x363.jpg\" alt=\"\" width=\"1024\" height=\"363\" srcset=\"https:\/\/www.cannabislandia.com\/blog\/wp-content\/uploads\/2015\/10\/flora_duo-1-1024x363.jpg 1024w, https:\/\/www.cannabislandia.com\/blog\/wp-content\/uploads\/2015\/10\/flora_duo-1-300x106.jpg 300w, https:\/\/www.cannabislandia.com\/blog\/wp-content\/uploads\/2015\/10\/flora_duo-1-768x272.jpg 768w\" sizes=\"(max-width: 1024px) 100vw, 1024px\" \/><\/a><\/p>\n<h3>MAXI SERIES<\/h3>\n<p><a href=\"https:\/\/www.cannabislandia.com\/blog\/wp-content\/uploads\/2015\/10\/maxi_series-1.jpg\" data-rel=\"lightbox-image-3\" data-rl_title=\"\" data-rl_caption=\"\" title=\"\"><img loading=\"lazy\" decoding=\"async\" loading=\"lazy\" class=\"alignnone size-large wp-image-12136\" src=\"https:\/\/www.cannabislandia.com\/blog\/wp-content\/uploads\/2015\/10\/maxi_series-1-1024x363.jpg\" alt=\"\" width=\"1024\" height=\"363\" srcset=\"https:\/\/www.cannabislandia.com\/blog\/wp-content\/uploads\/2015\/10\/maxi_series-1-1024x363.jpg 1024w, https:\/\/www.cannabislandia.com\/blog\/wp-content\/uploads\/2015\/10\/maxi_series-1-300x106.jpg 300w, https:\/\/www.cannabislandia.com\/blog\/wp-content\/uploads\/2015\/10\/maxi_series-1-768x272.jpg 768w\" sizes=\"(max-width: 1024px) 100vw, 1024px\" \/><\/a><\/p>\n<h3>FLORA MATO<\/h3>\n<p><a href=\"https:\/\/www.cannabislandia.com\/blog\/wp-content\/uploads\/2015\/10\/floramato-1.jpg\" data-rel=\"lightbox-image-4\" data-rl_title=\"\" data-rl_caption=\"\" title=\"\"><img loading=\"lazy\" decoding=\"async\" loading=\"lazy\" class=\"alignnone size-large wp-image-12134\" src=\"https:\/\/www.cannabislandia.com\/blog\/wp-content\/uploads\/2015\/10\/floramato-1-1024x990.jpg\" alt=\"\" width=\"1024\" height=\"990\" srcset=\"https:\/\/www.cannabislandia.com\/blog\/wp-content\/uploads\/2015\/10\/floramato-1-1024x990.jpg 1024w, https:\/\/www.cannabislandia.com\/blog\/wp-content\/uploads\/2015\/10\/floramato-1-300x290.jpg 300w, https:\/\/www.cannabislandia.com\/blog\/wp-content\/uploads\/2015\/10\/floramato-1-768x743.jpg 768w, https:\/\/www.cannabislandia.com\/blog\/wp-content\/uploads\/2015\/10\/floramato-1.jpg 1031w\" sizes=\"(max-width: 1024px) 100vw, 1024px\" \/><\/a><\/p>\n<h3>FLORA COCO<\/h3>\n<p><a href=\"https:\/\/www.cannabislandia.com\/blog\/wp-content\/uploads\/2015\/10\/floracoco_0-1.jpg\" data-rel=\"lightbox-image-5\" data-rl_title=\"\" data-rl_caption=\"\" title=\"\"><img loading=\"lazy\" decoding=\"async\" loading=\"lazy\" class=\"alignnone size-large wp-image-12135\" src=\"https:\/\/www.cannabislandia.com\/blog\/wp-content\/uploads\/2015\/10\/floracoco_0-1-1024x726.jpg\" alt=\"\" width=\"1024\" height=\"726\" srcset=\"https:\/\/www.cannabislandia.com\/blog\/wp-content\/uploads\/2015\/10\/floracoco_0-1-1024x726.jpg 1024w, https:\/\/www.cannabislandia.com\/blog\/wp-content\/uploads\/2015\/10\/floracoco_0-1-300x213.jpg 300w, https:\/\/www.cannabislandia.com\/blog\/wp-content\/uploads\/2015\/10\/floracoco_0-1-768x545.jpg 768w, https:\/\/www.cannabislandia.com\/blog\/wp-content\/uploads\/2015\/10\/floracoco_0-1.jpg 1166w\" sizes=\"(max-width: 1024px) 100vw, 1024px\" \/><\/a><\/p>\n<h3>SUPLEMENTOS &#8211; ADITIVOS<\/h3>\n<p><a href=\"https:\/\/www.cannabislandia.com\/blog\/wp-content\/uploads\/2015\/10\/supplements_-_additives-1.jpg\" data-rel=\"lightbox-image-6\" data-rl_title=\"\" data-rl_caption=\"\" title=\"\"><img loading=\"lazy\" decoding=\"async\" loading=\"lazy\" class=\"alignnone size-large wp-image-12137\" src=\"https:\/\/www.cannabislandia.com\/blog\/wp-content\/uploads\/2015\/10\/supplements_-_additives-1-1024x363.jpg\" alt=\"\" width=\"1024\" height=\"363\" srcset=\"https:\/\/www.cannabislandia.com\/blog\/wp-content\/uploads\/2015\/10\/supplements_-_additives-1-1024x363.jpg 1024w, https:\/\/www.cannabislandia.com\/blog\/wp-content\/uploads\/2015\/10\/supplements_-_additives-1-300x106.jpg 300w, https:\/\/www.cannabislandia.com\/blog\/wp-content\/uploads\/2015\/10\/supplements_-_additives-1-768x272.jpg 768w\" sizes=\"(max-width: 1024px) 100vw, 1024px\" \/><\/a><\/p>\n<h3>RIPEN &#8211; FLORAKLEEN<\/h3>\n<p><a href=\"https:\/\/www.cannabislandia.com\/blog\/wp-content\/uploads\/2015\/10\/ripen-florakleen-1-e1553084663148.jpg\" data-rel=\"lightbox-image-7\" data-rl_title=\"\" data-rl_caption=\"\" title=\"\"><img loading=\"lazy\" decoding=\"async\" loading=\"lazy\" class=\"alignnone wp-image-12138 size-large\" src=\"https:\/\/www.cannabislandia.com\/blog\/wp-content\/uploads\/2015\/10\/ripen-florakleen-1-e1553084663148-1024x375.jpg\" alt=\"\" width=\"1024\" height=\"375\" srcset=\"https:\/\/www.cannabislandia.com\/blog\/wp-content\/uploads\/2015\/10\/ripen-florakleen-1-e1553084663148-1024x375.jpg 1024w, https:\/\/www.cannabislandia.com\/blog\/wp-content\/uploads\/2015\/10\/ripen-florakleen-1-e1553084663148-300x110.jpg 300w, https:\/\/www.cannabislandia.com\/blog\/wp-content\/uploads\/2015\/10\/ripen-florakleen-1-e1553084663148-768x281.jpg 768w, https:\/\/www.cannabislandia.com\/blog\/wp-content\/uploads\/2015\/10\/ripen-florakleen-1-e1553084663148.jpg 1028w\" sizes=\"(max-width: 1024px) 100vw, 1024px\" \/><\/a><\/p>\n<p><a href=\"https:\/\/www.cannabislandia.com\/es\/general-hydroponics_83\"><strong>General Hydroponics<\/strong><\/a> es uno de los fabricantes de fertilizantes con m\u00e1s a\u00f1os de experiencia en el sector. Fundada en San Francisco, California, en el a\u00f1o 1975, es una de las compa\u00f1\u00edas m\u00e1s innovadoras. Sus instalaciones tanto en norteam\u00e9rica como en Europa, cuentan con grandes instalaciones de cultivo que utilizan fuentes de energ\u00eda alternativas y tecnolog\u00edas verdes para ahorrar agua y energ\u00eda. Tal es su compromiso y el avance tecnol\u00f3gico de sus productos que son <strong>usados tanto por la NASA como por Antartic Reseach Scientist<\/strong> en sus investigaciones. Adem\u00e1s cuenta con algunos de los sistemas hidrop\u00f3nicos m\u00e1s avanzados y empleados por cultivadores de todo el mundo.<\/p>\n<h3>L\u00cdNEAS DE FERTILIZANTES GENERAL HYDROPONICS<\/h3>\n<p>General Hydroponics ofrece nutrientes base y aditivos de la m\u00e1s alta calidad para el cultivo de marihuana. Cuenta con varias l\u00edneas que se ajustar\u00e1n a las necesidades de cada cultivador, tanto en cultivos en tierra, coco e hidrop\u00f3nico. Tambi\u00e9n cuenta con una l\u00ednea 100% org\u00e1nica bajo la marca General Organics, formada por abonos y aditivos 100% veganos.<\/p>\n<ul>\n<li><strong>Flora Series<\/strong>: se trata de la l\u00ednea m\u00e1s famosa de Gerenal Hydroponics. Es compatible con tierra, coco e hidrop\u00f3nico, siendo de muy f\u00e1cil uso y enormes resultados. Se compone de los abonos minerales en 3 partes <strong>FloraGro, FloraBloom y FloraMicro<\/strong>.<\/li>\n<li><strong>Flora Mato<\/strong>: como opci\u00f3n a los nutrientes base de 3 partes de Flora Series, GH ofrece la posibilidad de convertirla en una l\u00ednea de abonos en 2 partes. Para ello basta con sustituir FloraGro y FloraBloom por Flora Mato, que se combinar\u00e1 con FloraMicro.<\/li>\n<li><strong>Flora Duo<\/strong>: es un verdadero sistema de nutrientes en 2 partes, altamente concentrado, para cultivos hidrop\u00f3nicos, en coco y en tierra. Se compone de <strong>FloraDuo Grow y FloraDuo Bloom<\/strong> y es\u00a0una versi\u00f3n de Flora Series y v\u00e1lido para crecimiento y floraci\u00f3n.<\/li>\n<li><strong>Flora Nova Series<\/strong>: son nutrientes m\u00e1s concentrados que los de la l\u00ednea Flora Series. Tambi\u00e9n esta l\u00ednea apuesta por los nutrientes base en 2 partes <strong>FloraNovaGrow y FloraNova Bloom<\/strong>, compatibles con cultivos en tierra, coco e hidrop\u00f3nico.<\/li>\n<li><strong>Bio Sevia<\/strong>: son los primeros abonos 100% org\u00e1nicos para el cultivo en sistemas hidrop\u00f3nicos. Cuentan con una r\u00e1pida disoluci\u00f3n y descomposici\u00f3n. Se compone por <strong>Bio Sevia Grow y Bio Sevia Bloom<\/strong>.<\/li>\n<li><strong>Flora Coco<\/strong>: es la l\u00ednea espec\u00edfica para el cultivo en fibra de coco. Incorpora una alta concentraci\u00f3n de calcio y magnesio, y compuesto por <strong>Flora Coco Grow<\/strong> para el crecimiento y <strong>Flora Coco Bloom<\/strong> para la floraci\u00f3n.<\/li>\n<li><strong>Maxi Series<\/strong>: se compone por <strong>Maxigro y Maxibloom<\/strong> y son fertilizantes en polvo. Es una l\u00ednea de abonos muy econ\u00f3mica y f\u00e1cil de usar, perfecta para cultivos de exterior y especialmente en guerrillas por la facilidad de transporte.<\/li>\n<\/ul>\n<h3>ADITIVOS GENERAL HYDROPONICS<\/h3>\n<p>Salvo la l\u00ednea Bio Sevia, para la que se recomienda combinar con los aditivos org\u00e1nicos de General Organics, las dem\u00e1s l\u00edneas usan aditivos comunes. <strong>GE Roots, Mineral Magic, Diamond Nectar, GH Bloom, Ripen y FloraKleen<\/strong> ser\u00e1n suficientes para conseguir los rendimientos m\u00e1s prefesionales. En cualquiera de los programas de cultivo existe la posibilidad de optar por una l\u00ednea de productos b\u00e1sicos, compuesta por los abonos base, Ripen y FloraKleen, u optar por la l\u00ednea profesional que incluyen todos los dem\u00e1s.<\/p>\n<p style=\"text-align: right;\"><em>Actualizado el 20\/03\/2019.<\/em><\/p>\n<hr \/>\n<p style=\"text-align: center;\"><a href=\"https:\/\/www.cannabislandia.com\/es\/general-hydroponics_83\">Ir al cat\u00e1logo de productos de <strong>General Hydroponics<\/strong><\/a><\/p>\n<p style=\"text-align: center;\"><a href=\"https:\/\/www.cannabislandia.com\/blog\/tablas-de-cultivo\/\">Ir al men\u00fa de tablas de cultivo<\/a><\/p>\n","protected":false},"excerpt":{"rendered":"<p>TABLAS DE CULTIVO FLORA SERIES FLORA NOVA FLORA\u00a0DUO MAXI SERIES FLORA MATO FLORA COCO SUPLEMENTOS &#8211; ADITIVOS RIPEN &#8211; FLORAKLEEN General Hydroponics es uno de los fabricantes de fertilizantes con m\u00e1s a\u00f1os de experiencia en el sector. Fundada en San&#46;&#46;&#46;<\/p>\n","protected":false},"author":4,"featured_media":4787,"parent":998,"menu_order":0,"comment_status":"closed","ping_status":"closed","template":"","meta":[],"yoast_head":"<!-- This site is optimized with the Yoast SEO Premium plugin v19.7 (Yoast SEO v19.14) - https:\/\/yoast.com\/wordpress\/plugins\/seo\/ -->\n<title>Tablas de cultivo de General Hydroponics | Descargar Online<\/title>\n<meta name=\"description\" content=\"Ahora en Cannabislandia te puedes descargar todas las tablas de cultivo de General Hydroponics para plantas de marihuana en tierra, coco o hidrop\u00f3nico\" \/>\n<meta name=\"robots\" content=\"index, follow, max-snippet:-1, max-image-preview:large, max-video-preview:-1\" \/>\n<link rel=\"canonical\" href=\"https:\/\/www.cannabislandia.com\/blog\/tablas-de-cultivo\/general-hydroponics\/\" \/>\n<meta property=\"og:locale\" content=\"es_ES\" \/>\n<meta property=\"og:type\" content=\"article\" \/>\n<meta property=\"og:title\" content=\"Tablas de cultivo General Hydroponics\" \/>\n<meta property=\"og:description\" content=\"Ahora en Cannabislandia te puedes descargar todas las tablas de cultivo de General Hydroponics para plantas de marihuana en tierra, coco o hidrop\u00f3nico\" \/>\n<meta property=\"og:url\" content=\"https:\/\/www.cannabislandia.com\/blog\/tablas-de-cultivo\/general-hydroponics\/\" \/>\n<meta property=\"og:site_name\" content=\"Cannabislandia\" \/>\n<meta property=\"article:publisher\" content=\"https:\/\/www.facebook.com\/people\/Cannabislandia\/100064696326447\/\" \/>\n<meta property=\"article:modified_time\" content=\"2019-03-21T10:10:27+00:00\" \/>\n<meta property=\"og:image\" content=\"https:\/\/www.cannabislandia.com\/blog\/wp-content\/uploads\/2016\/06\/general-hydroponics-portada.jpg\" \/>\n\t<meta property=\"og:image:width\" content=\"705\" \/>\n\t<meta property=\"og:image:height\" content=\"332\" \/>\n\t<meta property=\"og:image:type\" content=\"image\/jpeg\" \/>\n<meta name=\"twitter:card\" content=\"summary_large_image\" \/>\n<meta name=\"twitter:site\" content=\"@cannabislandia\" \/>\n<meta name=\"twitter:label1\" content=\"Tiempo de lectura\" \/>\n\t<meta name=\"twitter:data1\" content=\"3 minutos\" \/>\n<script type=\"application\/ld+json\" class=\"yoast-schema-graph\">{\"@context\":\"https:\/\/schema.org\",\"@graph\":[{\"@type\":\"WebPage\",\"@id\":\"https:\/\/www.cannabislandia.com\/blog\/tablas-de-cultivo\/general-hydroponics\/\",\"url\":\"https:\/\/www.cannabislandia.com\/blog\/tablas-de-cultivo\/general-hydroponics\/\",\"name\":\"Tablas de cultivo de General Hydroponics | Descargar Online\",\"isPartOf\":{\"@id\":\"https:\/\/www.cannabislandia.com\/blog\/#website\"},\"datePublished\":\"2015-10-22T08:06:52+00:00\",\"dateModified\":\"2019-03-21T10:10:27+00:00\",\"description\":\"Ahora en Cannabislandia te puedes descargar todas las tablas de cultivo de General Hydroponics para plantas de marihuana en tierra, coco o hidrop\u00f3nico\",\"breadcrumb\":{\"@id\":\"https:\/\/www.cannabislandia.com\/blog\/tablas-de-cultivo\/general-hydroponics\/#breadcrumb\"},\"inLanguage\":\"es\",\"potentialAction\":[{\"@type\":\"ReadAction\",\"target\":[\"https:\/\/www.cannabislandia.com\/blog\/tablas-de-cultivo\/general-hydroponics\/\"]}]},{\"@type\":\"BreadcrumbList\",\"@id\":\"https:\/\/www.cannabislandia.com\/blog\/tablas-de-cultivo\/general-hydroponics\/#breadcrumb\",\"itemListElement\":[{\"@type\":\"ListItem\",\"position\":1,\"name\":\"Inicio\",\"item\":\"https:\/\/www.cannabislandia.com\/blog\/\"},{\"@type\":\"ListItem\",\"position\":2,\"name\":\"Tablas de cultivo y abonado\",\"item\":\"https:\/\/www.cannabislandia.com\/blog\/tablas-de-cultivo\/\"},{\"@type\":\"ListItem\",\"position\":3,\"name\":\"Tablas de cultivo General Hydroponics\"}]},{\"@type\":\"WebSite\",\"@id\":\"https:\/\/www.cannabislandia.com\/blog\/#website\",\"url\":\"https:\/\/www.cannabislandia.com\/blog\/\",\"name\":\"Cannabislandia\",\"description\":\"Blog cann\u00e1bico donde encontrar\u00e1s las \u00faltimas noticias, novedades, gu\u00edas, recetas, promociones, curiosidades y todo lo relacionado con la marihuana\",\"publisher\":{\"@id\":\"https:\/\/www.cannabislandia.com\/blog\/#organization\"},\"potentialAction\":[{\"@type\":\"SearchAction\",\"target\":{\"@type\":\"EntryPoint\",\"urlTemplate\":\"https:\/\/www.cannabislandia.com\/blog\/?s={search_term_string}\"},\"query-input\":\"required name=search_term_string\"}],\"inLanguage\":\"es\"},{\"@type\":\"Organization\",\"@id\":\"https:\/\/www.cannabislandia.com\/blog\/#organization\",\"name\":\"Cannabislandia\",\"url\":\"https:\/\/www.cannabislandia.com\/blog\/\",\"logo\":{\"@type\":\"ImageObject\",\"inLanguage\":\"es\",\"@id\":\"https:\/\/www.cannabislandia.com\/blog\/#\/schema\/logo\/image\/\",\"url\":\"https:\/\/www.cannabislandia.com\/blog\/wp-content\/uploads\/2015\/12\/logo.jpg\",\"contentUrl\":\"https:\/\/www.cannabislandia.com\/blog\/wp-content\/uploads\/2015\/12\/logo.jpg\",\"width\":145,\"height\":145,\"caption\":\"Cannabislandia\"},\"image\":{\"@id\":\"https:\/\/www.cannabislandia.com\/blog\/#\/schema\/logo\/image\/\"},\"sameAs\":[\"https:\/\/www.instagram.com\/cannabislandia_grow\/\",\"https:\/\/www.facebook.com\/people\/Cannabislandia\/100064696326447\/\",\"https:\/\/twitter.com\/cannabislandia\"]}]}<\/script>\n<!-- \/ Yoast SEO Premium plugin. -->","yoast_head_json":{"title":"Tablas de cultivo de General Hydroponics | Descargar Online","description":"Ahora en Cannabislandia te puedes descargar todas las tablas de cultivo de General Hydroponics para plantas de marihuana en tierra, coco o hidrop\u00f3nico","robots":{"index":"index","follow":"follow","max-snippet":"max-snippet:-1","max-image-preview":"max-image-preview:large","max-video-preview":"max-video-preview:-1"},"canonical":"https:\/\/www.cannabislandia.com\/blog\/tablas-de-cultivo\/general-hydroponics\/","og_locale":"es_ES","og_type":"article","og_title":"Tablas de cultivo General Hydroponics","og_description":"Ahora en Cannabislandia te puedes descargar todas las tablas de cultivo de General Hydroponics para plantas de marihuana en tierra, coco o hidrop\u00f3nico","og_url":"https:\/\/www.cannabislandia.com\/blog\/tablas-de-cultivo\/general-hydroponics\/","og_site_name":"Cannabislandia","article_publisher":"https:\/\/www.facebook.com\/people\/Cannabislandia\/100064696326447\/","article_modified_time":"2019-03-21T10:10:27+00:00","og_image":[{"width":705,"height":332,"url":"https:\/\/www.cannabislandia.com\/blog\/wp-content\/uploads\/2016\/06\/general-hydroponics-portada.jpg","type":"image\/jpeg"}],"twitter_card":"summary_large_image","twitter_site":"@cannabislandia","twitter_misc":{"Tiempo de lectura":"3 minutos"},"schema":{"@context":"https:\/\/schema.org","@graph":[{"@type":"WebPage","@id":"https:\/\/www.cannabislandia.com\/blog\/tablas-de-cultivo\/general-hydroponics\/","url":"https:\/\/www.cannabislandia.com\/blog\/tablas-de-cultivo\/general-hydroponics\/","name":"Tablas de cultivo de General Hydroponics | Descargar Online","isPartOf":{"@id":"https:\/\/www.cannabislandia.com\/blog\/#website"},"datePublished":"2015-10-22T08:06:52+00:00","dateModified":"2019-03-21T10:10:27+00:00","description":"Ahora en Cannabislandia te puedes descargar todas las tablas de cultivo de General Hydroponics para plantas de marihuana en tierra, coco o hidrop\u00f3nico","breadcrumb":{"@id":"https:\/\/www.cannabislandia.com\/blog\/tablas-de-cultivo\/general-hydroponics\/#breadcrumb"},"inLanguage":"es","potentialAction":[{"@type":"ReadAction","target":["https:\/\/www.cannabislandia.com\/blog\/tablas-de-cultivo\/general-hydroponics\/"]}]},{"@type":"BreadcrumbList","@id":"https:\/\/www.cannabislandia.com\/blog\/tablas-de-cultivo\/general-hydroponics\/#breadcrumb","itemListElement":[{"@type":"ListItem","position":1,"name":"Inicio","item":"https:\/\/www.cannabislandia.com\/blog\/"},{"@type":"ListItem","position":2,"name":"Tablas de cultivo y abonado","item":"https:\/\/www.cannabislandia.com\/blog\/tablas-de-cultivo\/"},{"@type":"ListItem","position":3,"name":"Tablas de cultivo General Hydroponics"}]},{"@type":"WebSite","@id":"https:\/\/www.cannabislandia.com\/blog\/#website","url":"https:\/\/www.cannabislandia.com\/blog\/","name":"Cannabislandia","description":"Blog cann\u00e1bico donde encontrar\u00e1s las \u00faltimas noticias, novedades, gu\u00edas, recetas, promociones, curiosidades y todo lo relacionado con la marihuana","publisher":{"@id":"https:\/\/www.cannabislandia.com\/blog\/#organization"},"potentialAction":[{"@type":"SearchAction","target":{"@type":"EntryPoint","urlTemplate":"https:\/\/www.cannabislandia.com\/blog\/?s={search_term_string}"},"query-input":"required name=search_term_string"}],"inLanguage":"es"},{"@type":"Organization","@id":"https:\/\/www.cannabislandia.com\/blog\/#organization","name":"Cannabislandia","url":"https:\/\/www.cannabislandia.com\/blog\/","logo":{"@type":"ImageObject","inLanguage":"es","@id":"https:\/\/www.cannabislandia.com\/blog\/#\/schema\/logo\/image\/","url":"https:\/\/www.cannabislandia.com\/blog\/wp-content\/uploads\/2015\/12\/logo.jpg","contentUrl":"https:\/\/www.cannabislandia.com\/blog\/wp-content\/uploads\/2015\/12\/logo.jpg","width":145,"height":145,"caption":"Cannabislandia"},"image":{"@id":"https:\/\/www.cannabislandia.com\/blog\/#\/schema\/logo\/image\/"},"sameAs":["https:\/\/www.instagram.com\/cannabislandia_grow\/","https:\/\/www.facebook.com\/people\/Cannabislandia\/100064696326447\/","https:\/\/twitter.com\/cannabislandia"]}]}},"_links":{"self":[{"href":"https:\/\/www.cannabislandia.com\/blog\/wp-json\/wp\/v2\/pages\/1041"}],"collection":[{"href":"https:\/\/www.cannabislandia.com\/blog\/wp-json\/wp\/v2\/pages"}],"about":[{"href":"https:\/\/www.cannabislandia.com\/blog\/wp-json\/wp\/v2\/types\/page"}],"author":[{"embeddable":true,"href":"https:\/\/www.cannabislandia.com\/blog\/wp-json\/wp\/v2\/users\/4"}],"replies":[{"embeddable":true,"href":"https:\/\/www.cannabislandia.com\/blog\/wp-json\/wp\/v2\/comments?post=1041"}],"version-history":[{"count":19,"href":"https:\/\/www.cannabislandia.com\/blog\/wp-json\/wp\/v2\/pages\/1041\/revisions"}],"predecessor-version":[{"id":12169,"href":"https:\/\/www.cannabislandia.com\/blog\/wp-json\/wp\/v2\/pages\/1041\/revisions\/12169"}],"up":[{"embeddable":true,"href":"https:\/\/www.cannabislandia.com\/blog\/wp-json\/wp\/v2\/pages\/998"}],"wp:featuredmedia":[{"embeddable":true,"href":"https:\/\/www.cannabislandia.com\/blog\/wp-json\/wp\/v2\/media\/4787"}],"wp:attachment":[{"href":"https:\/\/www.cannabislandia.com\/blog\/wp-json\/wp\/v2\/media?parent=1041"}],"curies":[{"name":"wp","href":"https:\/\/api.w.org\/{rel}","templated":true}]}}