{"id":1029,"date":"2015-10-19T13:59:32","date_gmt":"2015-10-19T11:59:32","guid":{"rendered":"https:\/\/www.cannabislandia.com\/blog\/?page_id=1029"},"modified":"2021-04-07T10:56:40","modified_gmt":"2021-04-07T08:56:40","slug":"canna","status":"publish","type":"page","link":"https:\/\/www.cannabislandia.com\/blog\/tablas-de-cultivo\/canna\/","title":{"rendered":"Tablas de cultivo Canna"},"content":{"rendered":"<h2 style=\"text-align: left;\">Tablas de Cultivo Canna<\/h2>\n<h3>Tierra<\/h3>\n<p style=\"text-align: left;\"><em><a href=\"https:\/\/www.cannabislandia.com\/blog\/wp-content\/uploads\/2015\/10\/Tabla-Cultivo-Canna-TERRA-e1552638782167.jpg\" data-rel=\"lightbox-image-0\" data-rl_title=\"\" data-rl_caption=\"\" title=\"\"><img loading=\"lazy\" decoding=\"async\" loading=\"lazy\" class=\"wp-image-10303 aligncenter\" src=\"https:\/\/www.cannabislandia.com\/blog\/wp-content\/uploads\/2015\/10\/Tabla-Cultivo-Canna-TERRA-e1552638782167.jpg\" alt=\"\" width=\"800\" height=\"568\" srcset=\"https:\/\/www.cannabislandia.com\/blog\/wp-content\/uploads\/2015\/10\/Tabla-Cultivo-Canna-TERRA-e1552638782167.jpg 600w, https:\/\/www.cannabislandia.com\/blog\/wp-content\/uploads\/2015\/10\/Tabla-Cultivo-Canna-TERRA-e1552638782167-300x213.jpg 300w\" sizes=\"(max-width: 800px) 100vw, 800px\" \/><\/a><\/em><\/p>\n<h3 style=\"text-align: left;\">Coco<\/h3>\n<p style=\"text-align: left;\"><em><a href=\"https:\/\/www.cannabislandia.com\/blog\/wp-content\/uploads\/2015\/10\/Tabla-Cultivo-Canna-TERRA-e1552638782167.jpg\" data-rel=\"lightbox-image-1\" data-rl_title=\"\" data-rl_caption=\"\" title=\"\"><img loading=\"lazy\" decoding=\"async\" loading=\"lazy\" class=\"wp-image-10300 aligncenter\" src=\"https:\/\/www.cannabislandia.com\/blog\/wp-content\/uploads\/2015\/10\/Tabla-Cultivo-Canna-COCO-e1552638712856.jpg\" alt=\"\" width=\"800\" height=\"569\" srcset=\"https:\/\/www.cannabislandia.com\/blog\/wp-content\/uploads\/2015\/10\/Tabla-Cultivo-Canna-COCO-e1552638712856.jpg 600w, https:\/\/www.cannabislandia.com\/blog\/wp-content\/uploads\/2015\/10\/Tabla-Cultivo-Canna-COCO-e1552638712856-300x214.jpg 300w\" sizes=\"(max-width: 800px) 100vw, 800px\" \/><\/a><\/em><\/p>\n<h3 style=\"text-align: left;\">Aqua<\/h3>\n<p style=\"text-align: left;\"><em><a href=\"https:\/\/www.cannabislandia.com\/blog\/wp-content\/uploads\/2015\/10\/Tabla-Cultivo-Canna-Aqua-e1552638888474.jpg\" data-rel=\"lightbox-image-2\" data-rl_title=\"\" data-rl_caption=\"\" title=\"\"><img loading=\"lazy\" decoding=\"async\" loading=\"lazy\" class=\"aligncenter wp-image-10302\" src=\"https:\/\/www.cannabislandia.com\/blog\/wp-content\/uploads\/2015\/10\/Tabla-Cultivo-Canna-Aqua-e1552638888474.jpg\" alt=\"\" width=\"800\" height=\"565\" srcset=\"https:\/\/www.cannabislandia.com\/blog\/wp-content\/uploads\/2015\/10\/Tabla-Cultivo-Canna-Aqua-e1552638888474.jpg 600w, https:\/\/www.cannabislandia.com\/blog\/wp-content\/uploads\/2015\/10\/Tabla-Cultivo-Canna-Aqua-e1552638888474-300x212.jpg 300w\" sizes=\"(max-width: 800px) 100vw, 800px\" \/><\/a> <\/em><\/p>\n<h3 style=\"text-align: left;\">Hydro<\/h3>\n<p><a href=\"https:\/\/www.cannabislandia.com\/blog\/wp-content\/uploads\/2015\/10\/Canna-Hydro.jpg\" data-rel=\"lightbox-image-3\" data-rl_title=\"\" data-rl_caption=\"\" title=\"\"><img loading=\"lazy\" decoding=\"async\" loading=\"lazy\" class=\"aligncenter wp-image-12089\" src=\"https:\/\/www.cannabislandia.com\/blog\/wp-content\/uploads\/2015\/10\/Canna-Hydro-1024x726.jpg\" alt=\"\" width=\"800\" height=\"568\" srcset=\"https:\/\/www.cannabislandia.com\/blog\/wp-content\/uploads\/2015\/10\/Canna-Hydro-1024x726.jpg 1024w, https:\/\/www.cannabislandia.com\/blog\/wp-content\/uploads\/2015\/10\/Canna-Hydro-300x213.jpg 300w, https:\/\/www.cannabislandia.com\/blog\/wp-content\/uploads\/2015\/10\/Canna-Hydro-768x545.jpg 768w, https:\/\/www.cannabislandia.com\/blog\/wp-content\/uploads\/2015\/10\/Canna-Hydro.jpg 1444w\" sizes=\"(max-width: 800px) 100vw, 800px\" \/><\/a><\/p>\n<h3>COGr<\/h3>\n<p><a href=\"https:\/\/www.cannabislandia.com\/blog\/wp-content\/uploads\/2015\/10\/Canna-COGr.jpg\" data-rel=\"lightbox-image-4\" data-rl_title=\"\" data-rl_caption=\"\" title=\"\"><img loading=\"lazy\" decoding=\"async\" loading=\"lazy\" class=\"aligncenter wp-image-12090\" src=\"https:\/\/www.cannabislandia.com\/blog\/wp-content\/uploads\/2015\/10\/Canna-COGr-1024x726.jpg\" alt=\"\" width=\"800\" height=\"568\" srcset=\"https:\/\/www.cannabislandia.com\/blog\/wp-content\/uploads\/2015\/10\/Canna-COGr-1024x726.jpg 1024w, https:\/\/www.cannabislandia.com\/blog\/wp-content\/uploads\/2015\/10\/Canna-COGr-300x213.jpg 300w, https:\/\/www.cannabislandia.com\/blog\/wp-content\/uploads\/2015\/10\/Canna-COGr-768x545.jpg 768w, https:\/\/www.cannabislandia.com\/blog\/wp-content\/uploads\/2015\/10\/Canna-COGr.jpg 1444w\" sizes=\"(max-width: 800px) 100vw, 800px\" \/><\/a><\/p>\n<p><a href=\"https:\/\/www.cannabislandia.com\/es\/canna_80\"><strong>Canna<\/strong><\/a>\u00a0es una marca de fertilizantes y aditivos para el cultivo de marihuana fundada en Holanda. Desde los primeros a\u00f1os de la d\u00e9cada de los 90 lleva ofreciendo productos de primera calidad que cumplen todas las necesidades de las plantas. Actualmente es una de las marcas m\u00e1s prestigiosas y presente en los cinco continentes.<\/p>\n<p>Canna es un fabricante de abonos que ofrece l\u00edneas espec\u00edficas para cualquier sistema de cultivo, sea tierra, coco e hidro en sus diferentes variantes. Partiendo de nutrientes base para cada sustrato, cada programa de cultivo lo completan una serie de aditivos compatibles entre l\u00edneas.<\/p>\n<ul>\n<li><strong>Canna Terra<\/strong> es la l\u00ednea para cultivos en tierra. Puede utilizarse para el cultivo en macetas o en suelo, tanto en interior como en exterior. Las ventajas de los cultivos en tierra son la facilidad de uso y la tolerancia de este medio.<\/li>\n<li><strong>Canna Coco<\/strong> es la l\u00ednea de abonos para el cultivo en fibra de coco. Consta de un fertilizante A+B que garantiza las necesidades b\u00e1sicas de la planta es este medio hidrop\u00f3nico pero con la facilidad de cultivo de la tierra.<\/li>\n<li><strong>Canna Aqua<\/strong> es la l\u00ednea de fertilizantes desarrollada espec\u00edficamente para usar en sistemas hidrop\u00f3nicos cerrados combinados. En estos sistemas el agua de drenaje se reutiliza, no se desecha, como en los sistemas NFT.<\/li>\n<li><strong>Canna Hydro<\/strong> por su parte es la l\u00ednea de abonos para sistemas hidrop\u00f3nicos en los que el agua del drenaje no regresa al dep\u00f3sito, conocidos como sistemas de no-recirculaci\u00f3n o sistemas hidrop\u00f3nicos abiertos.<\/li>\n<li><strong>Canna COGr<\/strong> es para terminar una l\u00ednea espec\u00edfica para usar con la fibra de coco de estructura gruesa COGr. Estos nutrientes profesionales contienen \u00e1cidos h\u00famico y f\u00falvico que mejoran la absorci\u00f3n de los nutrientes.<\/li>\n<\/ul>\n<p>Adem\u00e1s el cultivador m\u00e1s experto podr\u00e1 usar los <strong>mononutrientes Canna<\/strong> para ajustar las dosis de cada nutriente de manera individual. As\u00ed se podr\u00e1 elaborar una soluci\u00f3n nutritiva con el NPK, nutrientes primarios y micronutrientes seg\u00fan las necesidades de las plantas.<\/p>\n<p>En nuestro blog cann\u00e1bico te puedes descargar todas las tablas de cultivo Canna para tierra, coco e hidrop\u00f3nico. Con ellas te ser\u00e1 muy sencillo usar las dosis correctas y combinar abonos\/aditivos de la mejor manera para conseguir los rendimientos m\u00e1s espectaculares.<\/p>\n<p style=\"text-align: right;\"><em>Actualizado el 15\/3\/2019.<\/em><\/p>\n<hr \/>\n<p style=\"text-align: center;\">La web oficial da la posibilidad de hacer un calculo a medida:\u00a0<a href=\"https:\/\/www.canna.es\/growguide\">pulsando aqu\u00ed<\/a>.<\/p>\n<hr \/>\n<p style=\"text-align: center;\"><a href=\"https:\/\/www.cannabislandia.com\/blog\/tablas-de-cultivo\/canna\/\">Ir al cat\u00e1logo de\u00a0productos de\u00a0<strong>Canna<\/strong><\/a><\/p>\n<p style=\"text-align: center;\"><a href=\"https:\/\/www.cannabislandia.com\/blog\/tablas-de-cultivo\/\">Ir al men\u00fa de tablas de cultivo<\/a><\/p>\n","protected":false},"excerpt":{"rendered":"<p>Tablas de Cultivo Canna Tierra Coco Aqua Hydro COGr Canna\u00a0es una marca de fertilizantes y aditivos para el cultivo de marihuana fundada en Holanda. Desde los primeros a\u00f1os de la d\u00e9cada de los 90 lleva ofreciendo productos de primera calidad&#46;&#46;&#46;<\/p>\n","protected":false},"author":4,"featured_media":4130,"parent":998,"menu_order":0,"comment_status":"closed","ping_status":"closed","template":"","meta":[],"yoast_head":"<!-- This site is optimized with the Yoast SEO Premium plugin v19.7 (Yoast SEO v19.14) - https:\/\/yoast.com\/wordpress\/plugins\/seo\/ -->\n<title>Tablas de cultivo de Canna | Descargar | Cannabislandia<\/title>\n<meta name=\"description\" content=\"Aqu\u00ed te puedes descargar las tablas de cultivo de Canna para plantas de marihuana. No esperes m\u00e1s y visita ahora nuestro blog cann\u00e1bico de Cannabislandia\" \/>\n<meta name=\"robots\" content=\"index, follow, max-snippet:-1, max-image-preview:large, max-video-preview:-1\" \/>\n<link rel=\"canonical\" href=\"https:\/\/www.cannabislandia.com\/blog\/tablas-de-cultivo\/canna\/\" \/>\n<meta property=\"og:locale\" content=\"es_ES\" \/>\n<meta property=\"og:type\" content=\"article\" \/>\n<meta property=\"og:title\" content=\"Tablas de cultivo Canna\" \/>\n<meta property=\"og:description\" content=\"Aqu\u00ed te puedes descargar las tablas de cultivo de Canna para plantas de marihuana. No esperes m\u00e1s y visita ahora nuestro blog cann\u00e1bico de Cannabislandia\" \/>\n<meta property=\"og:url\" content=\"https:\/\/www.cannabislandia.com\/blog\/tablas-de-cultivo\/canna\/\" \/>\n<meta property=\"og:site_name\" content=\"Cannabislandia\" \/>\n<meta property=\"article:publisher\" content=\"https:\/\/www.facebook.com\/people\/Cannabislandia\/100064696326447\/\" \/>\n<meta property=\"article:modified_time\" content=\"2021-04-07T08:56:40+00:00\" \/>\n<meta property=\"og:image\" content=\"https:\/\/www.cannabislandia.com\/blog\/wp-content\/uploads\/2016\/06\/canna-portada.jpg\" \/>\n\t<meta property=\"og:image:width\" content=\"400\" \/>\n\t<meta property=\"og:image:height\" content=\"320\" \/>\n\t<meta property=\"og:image:type\" content=\"image\/jpeg\" \/>\n<meta name=\"twitter:card\" content=\"summary_large_image\" \/>\n<meta name=\"twitter:site\" content=\"@cannabislandia\" \/>\n<meta name=\"twitter:label1\" content=\"Tiempo de lectura\" \/>\n\t<meta name=\"twitter:data1\" content=\"2 minutos\" \/>\n<script type=\"application\/ld+json\" class=\"yoast-schema-graph\">{\"@context\":\"https:\/\/schema.org\",\"@graph\":[{\"@type\":\"WebPage\",\"@id\":\"https:\/\/www.cannabislandia.com\/blog\/tablas-de-cultivo\/canna\/\",\"url\":\"https:\/\/www.cannabislandia.com\/blog\/tablas-de-cultivo\/canna\/\",\"name\":\"Tablas de cultivo de Canna | Descargar | Cannabislandia\",\"isPartOf\":{\"@id\":\"https:\/\/www.cannabislandia.com\/blog\/#website\"},\"datePublished\":\"2015-10-19T11:59:32+00:00\",\"dateModified\":\"2021-04-07T08:56:40+00:00\",\"description\":\"Aqu\u00ed te puedes descargar las tablas de cultivo de Canna para plantas de marihuana. No esperes m\u00e1s y visita ahora nuestro blog cann\u00e1bico de Cannabislandia\",\"breadcrumb\":{\"@id\":\"https:\/\/www.cannabislandia.com\/blog\/tablas-de-cultivo\/canna\/#breadcrumb\"},\"inLanguage\":\"es\",\"potentialAction\":[{\"@type\":\"ReadAction\",\"target\":[\"https:\/\/www.cannabislandia.com\/blog\/tablas-de-cultivo\/canna\/\"]}]},{\"@type\":\"BreadcrumbList\",\"@id\":\"https:\/\/www.cannabislandia.com\/blog\/tablas-de-cultivo\/canna\/#breadcrumb\",\"itemListElement\":[{\"@type\":\"ListItem\",\"position\":1,\"name\":\"Inicio\",\"item\":\"https:\/\/www.cannabislandia.com\/blog\/\"},{\"@type\":\"ListItem\",\"position\":2,\"name\":\"Tablas de cultivo y abonado\",\"item\":\"https:\/\/www.cannabislandia.com\/blog\/tablas-de-cultivo\/\"},{\"@type\":\"ListItem\",\"position\":3,\"name\":\"Tablas de cultivo Canna\"}]},{\"@type\":\"WebSite\",\"@id\":\"https:\/\/www.cannabislandia.com\/blog\/#website\",\"url\":\"https:\/\/www.cannabislandia.com\/blog\/\",\"name\":\"Cannabislandia\",\"description\":\"Blog cann\u00e1bico donde encontrar\u00e1s las \u00faltimas noticias, novedades, gu\u00edas, recetas, promociones, curiosidades y todo lo relacionado con la marihuana\",\"publisher\":{\"@id\":\"https:\/\/www.cannabislandia.com\/blog\/#organization\"},\"potentialAction\":[{\"@type\":\"SearchAction\",\"target\":{\"@type\":\"EntryPoint\",\"urlTemplate\":\"https:\/\/www.cannabislandia.com\/blog\/?s={search_term_string}\"},\"query-input\":\"required name=search_term_string\"}],\"inLanguage\":\"es\"},{\"@type\":\"Organization\",\"@id\":\"https:\/\/www.cannabislandia.com\/blog\/#organization\",\"name\":\"Cannabislandia\",\"url\":\"https:\/\/www.cannabislandia.com\/blog\/\",\"logo\":{\"@type\":\"ImageObject\",\"inLanguage\":\"es\",\"@id\":\"https:\/\/www.cannabislandia.com\/blog\/#\/schema\/logo\/image\/\",\"url\":\"https:\/\/www.cannabislandia.com\/blog\/wp-content\/uploads\/2015\/12\/logo.jpg\",\"contentUrl\":\"https:\/\/www.cannabislandia.com\/blog\/wp-content\/uploads\/2015\/12\/logo.jpg\",\"width\":145,\"height\":145,\"caption\":\"Cannabislandia\"},\"image\":{\"@id\":\"https:\/\/www.cannabislandia.com\/blog\/#\/schema\/logo\/image\/\"},\"sameAs\":[\"https:\/\/www.instagram.com\/cannabislandia_grow\/\",\"https:\/\/www.facebook.com\/people\/Cannabislandia\/100064696326447\/\",\"https:\/\/twitter.com\/cannabislandia\"]}]}<\/script>\n<!-- \/ Yoast SEO Premium plugin. -->","yoast_head_json":{"title":"Tablas de cultivo de Canna | Descargar | Cannabislandia","description":"Aqu\u00ed te puedes descargar las tablas de cultivo de Canna para plantas de marihuana. No esperes m\u00e1s y visita ahora nuestro blog cann\u00e1bico de Cannabislandia","robots":{"index":"index","follow":"follow","max-snippet":"max-snippet:-1","max-image-preview":"max-image-preview:large","max-video-preview":"max-video-preview:-1"},"canonical":"https:\/\/www.cannabislandia.com\/blog\/tablas-de-cultivo\/canna\/","og_locale":"es_ES","og_type":"article","og_title":"Tablas de cultivo Canna","og_description":"Aqu\u00ed te puedes descargar las tablas de cultivo de Canna para plantas de marihuana. No esperes m\u00e1s y visita ahora nuestro blog cann\u00e1bico de Cannabislandia","og_url":"https:\/\/www.cannabislandia.com\/blog\/tablas-de-cultivo\/canna\/","og_site_name":"Cannabislandia","article_publisher":"https:\/\/www.facebook.com\/people\/Cannabislandia\/100064696326447\/","article_modified_time":"2021-04-07T08:56:40+00:00","og_image":[{"width":400,"height":320,"url":"https:\/\/www.cannabislandia.com\/blog\/wp-content\/uploads\/2016\/06\/canna-portada.jpg","type":"image\/jpeg"}],"twitter_card":"summary_large_image","twitter_site":"@cannabislandia","twitter_misc":{"Tiempo de lectura":"2 minutos"},"schema":{"@context":"https:\/\/schema.org","@graph":[{"@type":"WebPage","@id":"https:\/\/www.cannabislandia.com\/blog\/tablas-de-cultivo\/canna\/","url":"https:\/\/www.cannabislandia.com\/blog\/tablas-de-cultivo\/canna\/","name":"Tablas de cultivo de Canna | Descargar | Cannabislandia","isPartOf":{"@id":"https:\/\/www.cannabislandia.com\/blog\/#website"},"datePublished":"2015-10-19T11:59:32+00:00","dateModified":"2021-04-07T08:56:40+00:00","description":"Aqu\u00ed te puedes descargar las tablas de cultivo de Canna para plantas de marihuana. No esperes m\u00e1s y visita ahora nuestro blog cann\u00e1bico de Cannabislandia","breadcrumb":{"@id":"https:\/\/www.cannabislandia.com\/blog\/tablas-de-cultivo\/canna\/#breadcrumb"},"inLanguage":"es","potentialAction":[{"@type":"ReadAction","target":["https:\/\/www.cannabislandia.com\/blog\/tablas-de-cultivo\/canna\/"]}]},{"@type":"BreadcrumbList","@id":"https:\/\/www.cannabislandia.com\/blog\/tablas-de-cultivo\/canna\/#breadcrumb","itemListElement":[{"@type":"ListItem","position":1,"name":"Inicio","item":"https:\/\/www.cannabislandia.com\/blog\/"},{"@type":"ListItem","position":2,"name":"Tablas de cultivo y abonado","item":"https:\/\/www.cannabislandia.com\/blog\/tablas-de-cultivo\/"},{"@type":"ListItem","position":3,"name":"Tablas de cultivo Canna"}]},{"@type":"WebSite","@id":"https:\/\/www.cannabislandia.com\/blog\/#website","url":"https:\/\/www.cannabislandia.com\/blog\/","name":"Cannabislandia","description":"Blog cann\u00e1bico donde encontrar\u00e1s las \u00faltimas noticias, novedades, gu\u00edas, recetas, promociones, curiosidades y todo lo relacionado con la marihuana","publisher":{"@id":"https:\/\/www.cannabislandia.com\/blog\/#organization"},"potentialAction":[{"@type":"SearchAction","target":{"@type":"EntryPoint","urlTemplate":"https:\/\/www.cannabislandia.com\/blog\/?s={search_term_string}"},"query-input":"required name=search_term_string"}],"inLanguage":"es"},{"@type":"Organization","@id":"https:\/\/www.cannabislandia.com\/blog\/#organization","name":"Cannabislandia","url":"https:\/\/www.cannabislandia.com\/blog\/","logo":{"@type":"ImageObject","inLanguage":"es","@id":"https:\/\/www.cannabislandia.com\/blog\/#\/schema\/logo\/image\/","url":"https:\/\/www.cannabislandia.com\/blog\/wp-content\/uploads\/2015\/12\/logo.jpg","contentUrl":"https:\/\/www.cannabislandia.com\/blog\/wp-content\/uploads\/2015\/12\/logo.jpg","width":145,"height":145,"caption":"Cannabislandia"},"image":{"@id":"https:\/\/www.cannabislandia.com\/blog\/#\/schema\/logo\/image\/"},"sameAs":["https:\/\/www.instagram.com\/cannabislandia_grow\/","https:\/\/www.facebook.com\/people\/Cannabislandia\/100064696326447\/","https:\/\/twitter.com\/cannabislandia"]}]}},"_links":{"self":[{"href":"https:\/\/www.cannabislandia.com\/blog\/wp-json\/wp\/v2\/pages\/1029"}],"collection":[{"href":"https:\/\/www.cannabislandia.com\/blog\/wp-json\/wp\/v2\/pages"}],"about":[{"href":"https:\/\/www.cannabislandia.com\/blog\/wp-json\/wp\/v2\/types\/page"}],"author":[{"embeddable":true,"href":"https:\/\/www.cannabislandia.com\/blog\/wp-json\/wp\/v2\/users\/4"}],"replies":[{"embeddable":true,"href":"https:\/\/www.cannabislandia.com\/blog\/wp-json\/wp\/v2\/comments?post=1029"}],"version-history":[{"count":25,"href":"https:\/\/www.cannabislandia.com\/blog\/wp-json\/wp\/v2\/pages\/1029\/revisions"}],"predecessor-version":[{"id":13590,"href":"https:\/\/www.cannabislandia.com\/blog\/wp-json\/wp\/v2\/pages\/1029\/revisions\/13590"}],"up":[{"embeddable":true,"href":"https:\/\/www.cannabislandia.com\/blog\/wp-json\/wp\/v2\/pages\/998"}],"wp:featuredmedia":[{"embeddable":true,"href":"https:\/\/www.cannabislandia.com\/blog\/wp-json\/wp\/v2\/media\/4130"}],"wp:attachment":[{"href":"https:\/\/www.cannabislandia.com\/blog\/wp-json\/wp\/v2\/media?parent=1029"}],"curies":[{"name":"wp","href":"https:\/\/api.w.org\/{rel}","templated":true}]}}