{"id":1020,"date":"2015-10-16T10:42:41","date_gmt":"2015-10-16T08:42:41","guid":{"rendered":"https:\/\/www.cannabislandia.com\/blog\/?page_id=1020"},"modified":"2021-04-07T11:16:35","modified_gmt":"2021-04-07T09:16:35","slug":"tablas-de-cultivo-bcuzz","status":"publish","type":"page","link":"https:\/\/www.cannabislandia.com\/blog\/tablas-de-cultivo\/tablas-de-cultivo-bcuzz\/","title":{"rendered":"Tablas de cultivo B`cuzz"},"content":{"rendered":"<h2>B`CUZZ<\/h2>\n<h3>INTERIOR<\/h3>\n<p><img loading=\"lazy\" decoding=\"async\" loading=\"lazy\" class=\"aligncenter wp-image-2653\" src=\"https:\/\/www.cannabislandia.com\/blog\/wp-content\/uploads\/2015\/10\/tabla-de-cultivo-bcuzz-bio-nrg-interior.jpg\" alt=\"tabla-de-cultivo-bcuzz-bio-nrg-interior\" width=\"800\" height=\"571\" srcset=\"https:\/\/www.cannabislandia.com\/blog\/wp-content\/uploads\/2015\/10\/tabla-de-cultivo-bcuzz-bio-nrg-interior.jpg 1435w, https:\/\/www.cannabislandia.com\/blog\/wp-content\/uploads\/2015\/10\/tabla-de-cultivo-bcuzz-bio-nrg-interior-300x214.jpg 300w, https:\/\/www.cannabislandia.com\/blog\/wp-content\/uploads\/2015\/10\/tabla-de-cultivo-bcuzz-bio-nrg-interior-768x548.jpg 768w, https:\/\/www.cannabislandia.com\/blog\/wp-content\/uploads\/2015\/10\/tabla-de-cultivo-bcuzz-bio-nrg-interior-1024x731.jpg 1024w\" sizes=\"(max-width: 800px) 100vw, 800px\" \/><\/p>\n<h3>EXTERIOR<\/h3>\n<p><img loading=\"lazy\" decoding=\"async\" loading=\"lazy\" class=\"aligncenter wp-image-2654\" src=\"https:\/\/www.cannabislandia.com\/blog\/wp-content\/uploads\/2015\/10\/tabla-de-cultivo-bcuzz-bio-nrg-exterior.jpg\" alt=\"tabla-de-cultivo-bcuzz-bio-nrg-exterior\" width=\"800\" height=\"571\" srcset=\"https:\/\/www.cannabislandia.com\/blog\/wp-content\/uploads\/2015\/10\/tabla-de-cultivo-bcuzz-bio-nrg-exterior.jpg 1435w, https:\/\/www.cannabislandia.com\/blog\/wp-content\/uploads\/2015\/10\/tabla-de-cultivo-bcuzz-bio-nrg-exterior-300x214.jpg 300w, https:\/\/www.cannabislandia.com\/blog\/wp-content\/uploads\/2015\/10\/tabla-de-cultivo-bcuzz-bio-nrg-exterior-768x548.jpg 768w, https:\/\/www.cannabislandia.com\/blog\/wp-content\/uploads\/2015\/10\/tabla-de-cultivo-bcuzz-bio-nrg-exterior-1024x731.jpg 1024w\" sizes=\"(max-width: 800px) 100vw, 800px\" \/><\/p>\n<hr \/>\n<h3>TIERRA<\/h3>\n<ul>\n<li><a href=\"https:\/\/www.cannabislandia.com\/es\/bcuzz\/1-componente-tierra-908.html\">1 COMPONENTE<\/a> + <a href=\"https:\/\/www.cannabislandia.com\/es\/ata\/bloombastic-932.html\">BLOOMBASTIC<\/a><\/li>\n<\/ul>\n<p><img loading=\"lazy\" decoding=\"async\" loading=\"lazy\" class=\"aligncenter wp-image-2656\" src=\"https:\/\/www.cannabislandia.com\/blog\/wp-content\/uploads\/2015\/10\/tabla-de-cultivo-bcuzz-tierra-1-componentbloombastic.jpg\" alt=\"tabla-de-cultivo-bcuzz-tierra-1-component+bloombastic\" width=\"800\" height=\"565\" srcset=\"https:\/\/www.cannabislandia.com\/blog\/wp-content\/uploads\/2015\/10\/tabla-de-cultivo-bcuzz-tierra-1-componentbloombastic.jpg 1449w, https:\/\/www.cannabislandia.com\/blog\/wp-content\/uploads\/2015\/10\/tabla-de-cultivo-bcuzz-tierra-1-componentbloombastic-300x212.jpg 300w, https:\/\/www.cannabislandia.com\/blog\/wp-content\/uploads\/2015\/10\/tabla-de-cultivo-bcuzz-tierra-1-componentbloombastic-768x543.jpg 768w, https:\/\/www.cannabislandia.com\/blog\/wp-content\/uploads\/2015\/10\/tabla-de-cultivo-bcuzz-tierra-1-componentbloombastic-1024x724.jpg 1024w\" sizes=\"(max-width: 800px) 100vw, 800px\" \/><\/p>\n<ul>\n<li><a href=\"https:\/\/www.cannabislandia.com\/es\/bcuzz\/1-componente-tierra-908.html\">1 COMPONENTE<\/a> + <a href=\"https:\/\/www.cannabislandia.com\/es\/bcuzz\/blossom-builder-liquid-3865.html\">BLOSSOM BUILDER LIQUID<\/a><\/li>\n<\/ul>\n<p><img loading=\"lazy\" decoding=\"async\" loading=\"lazy\" class=\"aligncenter wp-image-2658\" src=\"https:\/\/www.cannabislandia.com\/blog\/wp-content\/uploads\/2015\/10\/tabla-de-cultivo-bcuzz-tierra-1-componentblossom-builder-liquid.jpg\" alt=\"tabla-de-cultivo-bcuzz-tierra-1-component+blossom-builder-liquid\" width=\"800\" height=\"565\" srcset=\"https:\/\/www.cannabislandia.com\/blog\/wp-content\/uploads\/2015\/10\/tabla-de-cultivo-bcuzz-tierra-1-componentblossom-builder-liquid.jpg 1449w, https:\/\/www.cannabislandia.com\/blog\/wp-content\/uploads\/2015\/10\/tabla-de-cultivo-bcuzz-tierra-1-componentblossom-builder-liquid-300x212.jpg 300w, https:\/\/www.cannabislandia.com\/blog\/wp-content\/uploads\/2015\/10\/tabla-de-cultivo-bcuzz-tierra-1-componentblossom-builder-liquid-768x543.jpg 768w, https:\/\/www.cannabislandia.com\/blog\/wp-content\/uploads\/2015\/10\/tabla-de-cultivo-bcuzz-tierra-1-componentblossom-builder-liquid-1024x724.jpg 1024w\" sizes=\"(max-width: 800px) 100vw, 800px\" \/><\/p>\n<ul>\n<li><a href=\"https:\/\/www.cannabislandia.com\/es\/bcuzz\/tierra-ab-909.html\">SOIL A&amp;B<\/a>\u00a0+ <a href=\"https:\/\/www.cannabislandia.com\/es\/ata\/bloombastic-932.html\">BLOOMBASTIC<\/a><\/li>\n<\/ul>\n<p><img loading=\"lazy\" decoding=\"async\" loading=\"lazy\" class=\"aligncenter wp-image-2659\" src=\"https:\/\/www.cannabislandia.com\/blog\/wp-content\/uploads\/2015\/10\/tabla-de-cultivo-bcuzz-tierra-soil-a-b-bloombastic.jpg\" alt=\"tabla-de-cultivo-bcuzz-tierra-soil-a-b-bloombastic\" width=\"800\" height=\"565\" srcset=\"https:\/\/www.cannabislandia.com\/blog\/wp-content\/uploads\/2015\/10\/tabla-de-cultivo-bcuzz-tierra-soil-a-b-bloombastic.jpg 1449w, https:\/\/www.cannabislandia.com\/blog\/wp-content\/uploads\/2015\/10\/tabla-de-cultivo-bcuzz-tierra-soil-a-b-bloombastic-300x212.jpg 300w, https:\/\/www.cannabislandia.com\/blog\/wp-content\/uploads\/2015\/10\/tabla-de-cultivo-bcuzz-tierra-soil-a-b-bloombastic-768x543.jpg 768w, https:\/\/www.cannabislandia.com\/blog\/wp-content\/uploads\/2015\/10\/tabla-de-cultivo-bcuzz-tierra-soil-a-b-bloombastic-1024x724.jpg 1024w\" sizes=\"(max-width: 800px) 100vw, 800px\" \/><\/p>\n<ul>\n<li><a href=\"https:\/\/www.cannabislandia.com\/es\/bcuzz\/premium-plant-powder-tierra-912.html\">PPP SOIL<\/a><\/li>\n<\/ul>\n<p><img loading=\"lazy\" decoding=\"async\" loading=\"lazy\" class=\"aligncenter wp-image-2662\" src=\"https:\/\/www.cannabislandia.com\/blog\/wp-content\/uploads\/2015\/10\/tabla-de-cultivo-bcuzz-ppp-soil.jpg\" alt=\"tabla-de-cultivo-bcuzz-ppp-soil\" width=\"800\" height=\"573\" srcset=\"https:\/\/www.cannabislandia.com\/blog\/wp-content\/uploads\/2015\/10\/tabla-de-cultivo-bcuzz-ppp-soil.jpg 1430w, https:\/\/www.cannabislandia.com\/blog\/wp-content\/uploads\/2015\/10\/tabla-de-cultivo-bcuzz-ppp-soil-300x215.jpg 300w, https:\/\/www.cannabislandia.com\/blog\/wp-content\/uploads\/2015\/10\/tabla-de-cultivo-bcuzz-ppp-soil-768x550.jpg 768w, https:\/\/www.cannabislandia.com\/blog\/wp-content\/uploads\/2015\/10\/tabla-de-cultivo-bcuzz-ppp-soil-1024x733.jpg 1024w\" sizes=\"(max-width: 800px) 100vw, 800px\" \/><\/p>\n<hr \/>\n<h3>HIDRO<\/h3>\n<ul>\n<li><a href=\"https:\/\/www.cannabislandia.com\/es\/bcuzz\/hydro-ab-910.html\">HYDRO A&amp;B<\/a> + <a href=\"https:\/\/www.cannabislandia.com\/es\/ata\/bloombastic-932.html\">BLOOMBASTIC<\/a><\/li>\n<\/ul>\n<p><img loading=\"lazy\" decoding=\"async\" loading=\"lazy\" class=\"aligncenter wp-image-2663\" src=\"https:\/\/www.cannabislandia.com\/blog\/wp-content\/uploads\/2015\/10\/tabla-de-cultivo-bcuzz-hydro-a-b-bloombastic.jpg\" alt=\"tabla-de-cultivo-bcuzz-hydro-a-b-bloombastic\" width=\"800\" height=\"565\" srcset=\"https:\/\/www.cannabislandia.com\/blog\/wp-content\/uploads\/2015\/10\/tabla-de-cultivo-bcuzz-hydro-a-b-bloombastic.jpg 1449w, https:\/\/www.cannabislandia.com\/blog\/wp-content\/uploads\/2015\/10\/tabla-de-cultivo-bcuzz-hydro-a-b-bloombastic-300x212.jpg 300w, https:\/\/www.cannabislandia.com\/blog\/wp-content\/uploads\/2015\/10\/tabla-de-cultivo-bcuzz-hydro-a-b-bloombastic-768x543.jpg 768w, https:\/\/www.cannabislandia.com\/blog\/wp-content\/uploads\/2015\/10\/tabla-de-cultivo-bcuzz-hydro-a-b-bloombastic-1024x724.jpg 1024w\" sizes=\"(max-width: 800px) 100vw, 800px\" \/><\/p>\n<ul>\n<li><a href=\"https:\/\/www.cannabislandia.com\/es\/bcuzz\/hydro-ab-910.html\">HYDRO A&amp;B<\/a> + <a href=\"https:\/\/www.cannabislandia.com\/es\/bcuzz\/blossom-builder-liquid-3865.html\">BLOSSOM BUILDER LIQUID<\/a><\/li>\n<\/ul>\n<p><img loading=\"lazy\" decoding=\"async\" loading=\"lazy\" class=\"aligncenter wp-image-2664\" src=\"https:\/\/www.cannabislandia.com\/blog\/wp-content\/uploads\/2015\/10\/tabla-de-cultivo-hydro-a-b-blossom-builder-liquid.jpg\" alt=\"tabla-de-cultivo-hydro-a-b-blossom-builder-liquid\" width=\"800\" height=\"565\" srcset=\"https:\/\/www.cannabislandia.com\/blog\/wp-content\/uploads\/2015\/10\/tabla-de-cultivo-hydro-a-b-blossom-builder-liquid.jpg 1449w, https:\/\/www.cannabislandia.com\/blog\/wp-content\/uploads\/2015\/10\/tabla-de-cultivo-hydro-a-b-blossom-builder-liquid-300x212.jpg 300w, https:\/\/www.cannabislandia.com\/blog\/wp-content\/uploads\/2015\/10\/tabla-de-cultivo-hydro-a-b-blossom-builder-liquid-768x543.jpg 768w, https:\/\/www.cannabislandia.com\/blog\/wp-content\/uploads\/2015\/10\/tabla-de-cultivo-hydro-a-b-blossom-builder-liquid-1024x724.jpg 1024w\" sizes=\"(max-width: 800px) 100vw, 800px\" \/><\/p>\n<ul>\n<li><a href=\"https:\/\/www.cannabislandia.com\/es\/bcuzz\/premium-plant-powder-hydro-913.html\">PPP HYDRO<\/a><\/li>\n<\/ul>\n<p><img loading=\"lazy\" decoding=\"async\" loading=\"lazy\" class=\"aligncenter wp-image-2665\" src=\"https:\/\/www.cannabislandia.com\/blog\/wp-content\/uploads\/2015\/10\/tabla-de-cultivo-bcuzz-ppp-hydro.jpg\" alt=\"tabla-de-cultivo-bcuzz-ppp-hydro\" width=\"800\" height=\"573\" srcset=\"https:\/\/www.cannabislandia.com\/blog\/wp-content\/uploads\/2015\/10\/tabla-de-cultivo-bcuzz-ppp-hydro.jpg 1430w, https:\/\/www.cannabislandia.com\/blog\/wp-content\/uploads\/2015\/10\/tabla-de-cultivo-bcuzz-ppp-hydro-300x215.jpg 300w, https:\/\/www.cannabislandia.com\/blog\/wp-content\/uploads\/2015\/10\/tabla-de-cultivo-bcuzz-ppp-hydro-768x550.jpg 768w, https:\/\/www.cannabislandia.com\/blog\/wp-content\/uploads\/2015\/10\/tabla-de-cultivo-bcuzz-ppp-hydro-1024x733.jpg 1024w\" sizes=\"(max-width: 800px) 100vw, 800px\" \/><\/p>\n<hr \/>\n<h3>COCO<\/h3>\n<ul>\n<li><a href=\"https:\/\/www.cannabislandia.com\/es\/bcuzz\/coco-ab-911.html\">COCO A&amp;B<\/a> + <a href=\"https:\/\/www.cannabislandia.com\/es\/ata\/bloombastic-932.html\">BLOOMBASTIC<\/a><\/li>\n<\/ul>\n<p><img loading=\"lazy\" decoding=\"async\" loading=\"lazy\" class=\"aligncenter wp-image-2667\" src=\"https:\/\/www.cannabislandia.com\/blog\/wp-content\/uploads\/2015\/10\/tabla-de-cultivo-bcuzz-coco-a-b-bloombastic.jpg\" alt=\"tabla-de-cultivo-bcuzz-coco-a-b-bloombastic\" width=\"800\" height=\"565\" srcset=\"https:\/\/www.cannabislandia.com\/blog\/wp-content\/uploads\/2015\/10\/tabla-de-cultivo-bcuzz-coco-a-b-bloombastic.jpg 1449w, https:\/\/www.cannabislandia.com\/blog\/wp-content\/uploads\/2015\/10\/tabla-de-cultivo-bcuzz-coco-a-b-bloombastic-300x212.jpg 300w, https:\/\/www.cannabislandia.com\/blog\/wp-content\/uploads\/2015\/10\/tabla-de-cultivo-bcuzz-coco-a-b-bloombastic-768x543.jpg 768w, https:\/\/www.cannabislandia.com\/blog\/wp-content\/uploads\/2015\/10\/tabla-de-cultivo-bcuzz-coco-a-b-bloombastic-1024x724.jpg 1024w\" sizes=\"(max-width: 800px) 100vw, 800px\" \/><\/p>\n<ul>\n<li><a href=\"https:\/\/www.cannabislandia.com\/es\/bcuzz\/coco-ab-911.html\">COCO A&amp;B<\/a> + <a href=\"https:\/\/www.cannabislandia.com\/es\/bcuzz\/blossom-builder-liquid-3865.html\">BLOSSOM BUILDER LIQUID<\/a><\/li>\n<\/ul>\n<p><img loading=\"lazy\" decoding=\"async\" loading=\"lazy\" class=\"aligncenter wp-image-2668\" src=\"https:\/\/www.cannabislandia.com\/blog\/wp-content\/uploads\/2015\/10\/tabla-de-cultivo-bcuzz-coco-a-b-blossom-builder-liquid.jpg\" alt=\"tabla-de-cultivo-bcuzz-coco-a-b-blossom-builder-liquid\" width=\"800\" height=\"565\" srcset=\"https:\/\/www.cannabislandia.com\/blog\/wp-content\/uploads\/2015\/10\/tabla-de-cultivo-bcuzz-coco-a-b-blossom-builder-liquid.jpg 1449w, https:\/\/www.cannabislandia.com\/blog\/wp-content\/uploads\/2015\/10\/tabla-de-cultivo-bcuzz-coco-a-b-blossom-builder-liquid-300x212.jpg 300w, https:\/\/www.cannabislandia.com\/blog\/wp-content\/uploads\/2015\/10\/tabla-de-cultivo-bcuzz-coco-a-b-blossom-builder-liquid-768x543.jpg 768w, https:\/\/www.cannabislandia.com\/blog\/wp-content\/uploads\/2015\/10\/tabla-de-cultivo-bcuzz-coco-a-b-blossom-builder-liquid-1024x724.jpg 1024w\" sizes=\"(max-width: 800px) 100vw, 800px\" \/><\/p>\n<ul>\n<li><a href=\"https:\/\/www.cannabislandia.com\/es\/bcuzz\/premium-plant-powder-coco-914.html\">PPP COCO<\/a><\/li>\n<\/ul>\n<p style=\"text-align: center;\"><img loading=\"lazy\" decoding=\"async\" loading=\"lazy\" class=\"aligncenter wp-image-2669\" src=\"https:\/\/www.cannabislandia.com\/blog\/wp-content\/uploads\/2015\/10\/tabla-de-cultivo-bcuzz-ppp-coco.jpg\" alt=\"tabla-de-cultivo-bcuzz-ppp-coco\" width=\"800\" height=\"573\" srcset=\"https:\/\/www.cannabislandia.com\/blog\/wp-content\/uploads\/2015\/10\/tabla-de-cultivo-bcuzz-ppp-coco.jpg 1430w, https:\/\/www.cannabislandia.com\/blog\/wp-content\/uploads\/2015\/10\/tabla-de-cultivo-bcuzz-ppp-coco-300x215.jpg 300w, https:\/\/www.cannabislandia.com\/blog\/wp-content\/uploads\/2015\/10\/tabla-de-cultivo-bcuzz-ppp-coco-768x550.jpg 768w, https:\/\/www.cannabislandia.com\/blog\/wp-content\/uploads\/2015\/10\/tabla-de-cultivo-bcuzz-ppp-coco-1024x733.jpg 1024w\" sizes=\"(max-width: 800px) 100vw, 800px\" \/><\/p>\n<p><strong>ATAMI<\/strong> es un fabricante de nutrientes y sustratos para el cultivo de marihuana l\u00edder en su sector desde su fundaci\u00f3n en el a\u00f1o 1997. Si por algo se caracteriza ATAMI es por mantener una continua y constante evoluci\u00f3n, logrando desarrollar varias l\u00edneas que cumplir\u00e1n siempre con las expectativas de todo tipo de cultivador.<\/p>\n<ul>\n<li><a href=\"https:\/\/www.cannabislandia.com\/es\/ata_75\"><strong>ATA<\/strong> <\/a>es la l\u00ednea de productos pensada para el cultivador que busca un cultivo sencillo y con una inmejorable relaci\u00f3n calidad\/precio. Sea para el cultivo en tierra, en coco o hidrop\u00f3nico, garantizan un crecimiento r\u00e1pido y una floraci\u00f3n excelente. Los productos m\u00e1s famosos de esta l\u00ednea son Bloombastic y Rootbastic.<\/li>\n<li><a href=\"https:\/\/www.cannabislandia.com\/es\/ata-organics_282\"><strong>ATA NRG<\/strong><\/a> es la l\u00ednea de abonos y aditivos org\u00e1nicos de ATA, ideal para el cultivador que ante todo busque el m\u00e1ximo sabor de sus cosechas. Se compone de productos a base de compuestos org\u00e1nicos como algas comunes y algas marinas. Su producto estrella es el estimulador ecol\u00f3gico Bi-Bloombastic<\/li>\n<li><a href=\"https:\/\/www.cannabislandia.com\/es\/bcuzz_281\"><strong>B\u2019Cuzz<\/strong><\/a> es la l\u00ednea experta de ATA, para el cultivador que busque los m\u00e1ximos rendimientos. Son compatibles con cultivos en tierra, coco e hidropon\u00eda. Son famosos los potenciadores de esta l\u00ednea, que muestran unos resultados realmente escandalosos, tanto en tama\u00f1o de los cogollos, como en su sabor y potencia.<\/li>\n<\/ul>\n<p>B&#8217;Cuzz es una l\u00ednea que ofrece abonos para tierra, coco e hidrop\u00f3nico, adem\u00e1s de una serie de aditivos compatibles con cada uno de estos nutrientes base. Adem\u00e1s el propio cultivador la dificultad que quiere asumir, todo dentro de la facilidad de uso de cualquiera de sus programas. As\u00ed por ejemplo se puede optar por un nutriente en 1 o 2 partes (los t\u00edpicos A+B) y que en ambos casos son para las fases de crecimiento y floraci\u00f3n.<\/p>\n<p>Como aditivos, B&#8217;Cuzz es famoso por sus potenciadores y estimuladores como <strong>Root Stimulator, Blossom Builder, Silic Boost o Bloom Stimulator<\/strong>. Adem\u00e1s algunos de ellos <strong>se pueden combinar con ATA NRG<\/strong> para realizar un cultivo <strong>bio-org\u00e1nico<\/strong> con unos resultados espectaculares. No esperes m\u00e1s para descargarte las tablas de cultivo B&#8217;Cuzz para tierra, coco e hidrop\u00f3nico en nuestro blog cann\u00e1bico. Te ayudar\u00e1n a combinar abonos y aditivos en dosis orientativas. Te garantizamos que las cosechas ser\u00e1n siempre las mejores.<\/p>\n<p style=\"text-align: right;\"><em>Actualizado el 14\/3\/2019<\/em><\/p>\n<hr \/>\n<p style=\"text-align: center;\"><a href=\"https:\/\/www.cannabislandia.com\/es\/bcuzz_281\">Ir al cat\u00e1logo de\u00a0productos de <strong>B`Cuzz<\/strong><\/a><\/p>\n<p style=\"text-align: center;\"><a href=\"https:\/\/www.cannabislandia.com\/blog\/tablas-de-cultivo\/\">Ir al men\u00fa de tablas de cultivo<\/a><\/p>\n","protected":false},"excerpt":{"rendered":"<p>B`CUZZ INTERIOR EXTERIOR TIERRA 1 COMPONENTE + BLOOMBASTIC 1 COMPONENTE + BLOSSOM BUILDER LIQUID SOIL A&amp;B\u00a0+ BLOOMBASTIC PPP SOIL HIDRO HYDRO A&amp;B + BLOOMBASTIC HYDRO A&amp;B + BLOSSOM BUILDER LIQUID PPP HYDRO COCO COCO A&amp;B + BLOOMBASTIC COCO A&amp;B +&#46;&#46;&#46;<\/p>\n","protected":false},"author":4,"featured_media":4702,"parent":998,"menu_order":0,"comment_status":"closed","ping_status":"closed","template":"","meta":[],"yoast_head":"<!-- This site is optimized with the Yoast SEO Premium plugin v19.7 (Yoast SEO v19.14) - https:\/\/yoast.com\/wordpress\/plugins\/seo\/ -->\n<title>Tablas de cultivo de B`cuzz | Descargar | Cannabislandia<\/title>\n<meta name=\"description\" content=\"En Cannabislandia te puedes descargar las tablas de cultivo del B`cuzz para cultivar marihuana en tierra, coco o hidrop\u00f3nico. Visita nuestro blog cann\u00e1bico\" \/>\n<meta name=\"robots\" content=\"index, follow, max-snippet:-1, max-image-preview:large, max-video-preview:-1\" \/>\n<link rel=\"canonical\" href=\"https:\/\/www.cannabislandia.com\/blog\/tablas-de-cultivo\/tablas-de-cultivo-bcuzz\/\" \/>\n<meta property=\"og:locale\" content=\"es_ES\" \/>\n<meta property=\"og:type\" content=\"article\" \/>\n<meta property=\"og:title\" content=\"Tablas de cultivo B`cuzz\" \/>\n<meta property=\"og:description\" content=\"En Cannabislandia te puedes descargar las tablas de cultivo del B`cuzz para cultivar marihuana en tierra, coco o hidrop\u00f3nico. Visita nuestro blog cann\u00e1bico\" \/>\n<meta property=\"og:url\" content=\"https:\/\/www.cannabislandia.com\/blog\/tablas-de-cultivo\/tablas-de-cultivo-bcuzz\/\" \/>\n<meta property=\"og:site_name\" content=\"Cannabislandia\" \/>\n<meta property=\"article:publisher\" content=\"https:\/\/www.facebook.com\/people\/Cannabislandia\/100064696326447\/\" \/>\n<meta property=\"article:modified_time\" content=\"2021-04-07T09:16:35+00:00\" \/>\n<meta property=\"og:image\" content=\"https:\/\/www.cannabislandia.com\/blog\/wp-content\/uploads\/2016\/06\/bcuzz-portada1.jpg\" \/>\n\t<meta property=\"og:image:width\" content=\"600\" \/>\n\t<meta property=\"og:image:height\" content=\"400\" \/>\n\t<meta property=\"og:image:type\" content=\"image\/jpeg\" \/>\n<meta name=\"twitter:card\" content=\"summary_large_image\" \/>\n<meta name=\"twitter:site\" content=\"@cannabislandia\" \/>\n<meta name=\"twitter:label1\" content=\"Tiempo de lectura\" \/>\n\t<meta name=\"twitter:data1\" content=\"2 minutos\" \/>\n<script type=\"application\/ld+json\" class=\"yoast-schema-graph\">{\"@context\":\"https:\/\/schema.org\",\"@graph\":[{\"@type\":\"WebPage\",\"@id\":\"https:\/\/www.cannabislandia.com\/blog\/tablas-de-cultivo\/tablas-de-cultivo-bcuzz\/\",\"url\":\"https:\/\/www.cannabislandia.com\/blog\/tablas-de-cultivo\/tablas-de-cultivo-bcuzz\/\",\"name\":\"Tablas de cultivo de B`cuzz | Descargar | Cannabislandia\",\"isPartOf\":{\"@id\":\"https:\/\/www.cannabislandia.com\/blog\/#website\"},\"datePublished\":\"2015-10-16T08:42:41+00:00\",\"dateModified\":\"2021-04-07T09:16:35+00:00\",\"description\":\"En Cannabislandia te puedes descargar las tablas de cultivo del B`cuzz para cultivar marihuana en tierra, coco o hidrop\u00f3nico. Visita nuestro blog cann\u00e1bico\",\"breadcrumb\":{\"@id\":\"https:\/\/www.cannabislandia.com\/blog\/tablas-de-cultivo\/tablas-de-cultivo-bcuzz\/#breadcrumb\"},\"inLanguage\":\"es\",\"potentialAction\":[{\"@type\":\"ReadAction\",\"target\":[\"https:\/\/www.cannabislandia.com\/blog\/tablas-de-cultivo\/tablas-de-cultivo-bcuzz\/\"]}]},{\"@type\":\"BreadcrumbList\",\"@id\":\"https:\/\/www.cannabislandia.com\/blog\/tablas-de-cultivo\/tablas-de-cultivo-bcuzz\/#breadcrumb\",\"itemListElement\":[{\"@type\":\"ListItem\",\"position\":1,\"name\":\"Inicio\",\"item\":\"https:\/\/www.cannabislandia.com\/blog\/\"},{\"@type\":\"ListItem\",\"position\":2,\"name\":\"Tablas de cultivo y abonado\",\"item\":\"https:\/\/www.cannabislandia.com\/blog\/tablas-de-cultivo\/\"},{\"@type\":\"ListItem\",\"position\":3,\"name\":\"Tablas de cultivo B`cuzz\"}]},{\"@type\":\"WebSite\",\"@id\":\"https:\/\/www.cannabislandia.com\/blog\/#website\",\"url\":\"https:\/\/www.cannabislandia.com\/blog\/\",\"name\":\"Cannabislandia\",\"description\":\"Blog cann\u00e1bico donde encontrar\u00e1s las \u00faltimas noticias, novedades, gu\u00edas, recetas, promociones, curiosidades y todo lo relacionado con la marihuana\",\"publisher\":{\"@id\":\"https:\/\/www.cannabislandia.com\/blog\/#organization\"},\"potentialAction\":[{\"@type\":\"SearchAction\",\"target\":{\"@type\":\"EntryPoint\",\"urlTemplate\":\"https:\/\/www.cannabislandia.com\/blog\/?s={search_term_string}\"},\"query-input\":\"required name=search_term_string\"}],\"inLanguage\":\"es\"},{\"@type\":\"Organization\",\"@id\":\"https:\/\/www.cannabislandia.com\/blog\/#organization\",\"name\":\"Cannabislandia\",\"url\":\"https:\/\/www.cannabislandia.com\/blog\/\",\"logo\":{\"@type\":\"ImageObject\",\"inLanguage\":\"es\",\"@id\":\"https:\/\/www.cannabislandia.com\/blog\/#\/schema\/logo\/image\/\",\"url\":\"https:\/\/www.cannabislandia.com\/blog\/wp-content\/uploads\/2015\/12\/logo.jpg\",\"contentUrl\":\"https:\/\/www.cannabislandia.com\/blog\/wp-content\/uploads\/2015\/12\/logo.jpg\",\"width\":145,\"height\":145,\"caption\":\"Cannabislandia\"},\"image\":{\"@id\":\"https:\/\/www.cannabislandia.com\/blog\/#\/schema\/logo\/image\/\"},\"sameAs\":[\"https:\/\/www.instagram.com\/cannabislandia_grow\/\",\"https:\/\/www.facebook.com\/people\/Cannabislandia\/100064696326447\/\",\"https:\/\/twitter.com\/cannabislandia\"]}]}<\/script>\n<!-- \/ Yoast SEO Premium plugin. -->","yoast_head_json":{"title":"Tablas de cultivo de B`cuzz | Descargar | Cannabislandia","description":"En Cannabislandia te puedes descargar las tablas de cultivo del B`cuzz para cultivar marihuana en tierra, coco o hidrop\u00f3nico. Visita nuestro blog cann\u00e1bico","robots":{"index":"index","follow":"follow","max-snippet":"max-snippet:-1","max-image-preview":"max-image-preview:large","max-video-preview":"max-video-preview:-1"},"canonical":"https:\/\/www.cannabislandia.com\/blog\/tablas-de-cultivo\/tablas-de-cultivo-bcuzz\/","og_locale":"es_ES","og_type":"article","og_title":"Tablas de cultivo B`cuzz","og_description":"En Cannabislandia te puedes descargar las tablas de cultivo del B`cuzz para cultivar marihuana en tierra, coco o hidrop\u00f3nico. Visita nuestro blog cann\u00e1bico","og_url":"https:\/\/www.cannabislandia.com\/blog\/tablas-de-cultivo\/tablas-de-cultivo-bcuzz\/","og_site_name":"Cannabislandia","article_publisher":"https:\/\/www.facebook.com\/people\/Cannabislandia\/100064696326447\/","article_modified_time":"2021-04-07T09:16:35+00:00","og_image":[{"width":600,"height":400,"url":"https:\/\/www.cannabislandia.com\/blog\/wp-content\/uploads\/2016\/06\/bcuzz-portada1.jpg","type":"image\/jpeg"}],"twitter_card":"summary_large_image","twitter_site":"@cannabislandia","twitter_misc":{"Tiempo de lectura":"2 minutos"},"schema":{"@context":"https:\/\/schema.org","@graph":[{"@type":"WebPage","@id":"https:\/\/www.cannabislandia.com\/blog\/tablas-de-cultivo\/tablas-de-cultivo-bcuzz\/","url":"https:\/\/www.cannabislandia.com\/blog\/tablas-de-cultivo\/tablas-de-cultivo-bcuzz\/","name":"Tablas de cultivo de B`cuzz | Descargar | Cannabislandia","isPartOf":{"@id":"https:\/\/www.cannabislandia.com\/blog\/#website"},"datePublished":"2015-10-16T08:42:41+00:00","dateModified":"2021-04-07T09:16:35+00:00","description":"En Cannabislandia te puedes descargar las tablas de cultivo del B`cuzz para cultivar marihuana en tierra, coco o hidrop\u00f3nico. Visita nuestro blog cann\u00e1bico","breadcrumb":{"@id":"https:\/\/www.cannabislandia.com\/blog\/tablas-de-cultivo\/tablas-de-cultivo-bcuzz\/#breadcrumb"},"inLanguage":"es","potentialAction":[{"@type":"ReadAction","target":["https:\/\/www.cannabislandia.com\/blog\/tablas-de-cultivo\/tablas-de-cultivo-bcuzz\/"]}]},{"@type":"BreadcrumbList","@id":"https:\/\/www.cannabislandia.com\/blog\/tablas-de-cultivo\/tablas-de-cultivo-bcuzz\/#breadcrumb","itemListElement":[{"@type":"ListItem","position":1,"name":"Inicio","item":"https:\/\/www.cannabislandia.com\/blog\/"},{"@type":"ListItem","position":2,"name":"Tablas de cultivo y abonado","item":"https:\/\/www.cannabislandia.com\/blog\/tablas-de-cultivo\/"},{"@type":"ListItem","position":3,"name":"Tablas de cultivo B`cuzz"}]},{"@type":"WebSite","@id":"https:\/\/www.cannabislandia.com\/blog\/#website","url":"https:\/\/www.cannabislandia.com\/blog\/","name":"Cannabislandia","description":"Blog cann\u00e1bico donde encontrar\u00e1s las \u00faltimas noticias, novedades, gu\u00edas, recetas, promociones, curiosidades y todo lo relacionado con la marihuana","publisher":{"@id":"https:\/\/www.cannabislandia.com\/blog\/#organization"},"potentialAction":[{"@type":"SearchAction","target":{"@type":"EntryPoint","urlTemplate":"https:\/\/www.cannabislandia.com\/blog\/?s={search_term_string}"},"query-input":"required name=search_term_string"}],"inLanguage":"es"},{"@type":"Organization","@id":"https:\/\/www.cannabislandia.com\/blog\/#organization","name":"Cannabislandia","url":"https:\/\/www.cannabislandia.com\/blog\/","logo":{"@type":"ImageObject","inLanguage":"es","@id":"https:\/\/www.cannabislandia.com\/blog\/#\/schema\/logo\/image\/","url":"https:\/\/www.cannabislandia.com\/blog\/wp-content\/uploads\/2015\/12\/logo.jpg","contentUrl":"https:\/\/www.cannabislandia.com\/blog\/wp-content\/uploads\/2015\/12\/logo.jpg","width":145,"height":145,"caption":"Cannabislandia"},"image":{"@id":"https:\/\/www.cannabislandia.com\/blog\/#\/schema\/logo\/image\/"},"sameAs":["https:\/\/www.instagram.com\/cannabislandia_grow\/","https:\/\/www.facebook.com\/people\/Cannabislandia\/100064696326447\/","https:\/\/twitter.com\/cannabislandia"]}]}},"_links":{"self":[{"href":"https:\/\/www.cannabislandia.com\/blog\/wp-json\/wp\/v2\/pages\/1020"}],"collection":[{"href":"https:\/\/www.cannabislandia.com\/blog\/wp-json\/wp\/v2\/pages"}],"about":[{"href":"https:\/\/www.cannabislandia.com\/blog\/wp-json\/wp\/v2\/types\/page"}],"author":[{"embeddable":true,"href":"https:\/\/www.cannabislandia.com\/blog\/wp-json\/wp\/v2\/users\/4"}],"replies":[{"embeddable":true,"href":"https:\/\/www.cannabislandia.com\/blog\/wp-json\/wp\/v2\/comments?post=1020"}],"version-history":[{"count":23,"href":"https:\/\/www.cannabislandia.com\/blog\/wp-json\/wp\/v2\/pages\/1020\/revisions"}],"predecessor-version":[{"id":13597,"href":"https:\/\/www.cannabislandia.com\/blog\/wp-json\/wp\/v2\/pages\/1020\/revisions\/13597"}],"up":[{"embeddable":true,"href":"https:\/\/www.cannabislandia.com\/blog\/wp-json\/wp\/v2\/pages\/998"}],"wp:featuredmedia":[{"embeddable":true,"href":"https:\/\/www.cannabislandia.com\/blog\/wp-json\/wp\/v2\/media\/4702"}],"wp:attachment":[{"href":"https:\/\/www.cannabislandia.com\/blog\/wp-json\/wp\/v2\/media?parent=1020"}],"curies":[{"name":"wp","href":"https:\/\/api.w.org\/{rel}","templated":true}]}}