{"id":1002,"date":"2015-09-18T10:16:16","date_gmt":"2015-09-18T09:16:16","guid":{"rendered":"https:\/\/www.cannabislandia.com\/blog\/?page_id=1002"},"modified":"2021-04-07T11:10:15","modified_gmt":"2021-04-07T09:10:15","slug":"hesi","status":"publish","type":"page","link":"https:\/\/www.cannabislandia.com\/blog\/tablas-de-cultivo\/hesi\/","title":{"rendered":"Tablas de cultivo de Hesi"},"content":{"rendered":"<div class=\"page-title pad group\">\n<h2>TABLAS DE CULTIVO DE HESI<\/h2>\n<h3>Hesi Suelo \/ Tierra<\/h3>\n<p><img loading=\"lazy\" decoding=\"async\" loading=\"lazy\" class=\"wp-image-10421 aligncenter\" src=\"https:\/\/www.cannabislandia.com\/blog\/wp-content\/uploads\/2015\/09\/ES_Aarde_2015.jpg\" alt=\"\" width=\"500\" height=\"350\" srcset=\"https:\/\/www.cannabislandia.com\/blog\/wp-content\/uploads\/2015\/09\/ES_Aarde_2015.jpg 403w, https:\/\/www.cannabislandia.com\/blog\/wp-content\/uploads\/2015\/09\/ES_Aarde_2015-300x210.jpg 300w\" sizes=\"(max-width: 500px) 100vw, 500px\" \/><\/p>\n<p><img loading=\"lazy\" decoding=\"async\" loading=\"lazy\" class=\"wp-image-10423 aligncenter\" src=\"https:\/\/www.cannabislandia.com\/blog\/wp-content\/uploads\/2015\/09\/ES_Aarde_achterkant_2015.jpg\" alt=\"\" width=\"500\" height=\"360\" srcset=\"https:\/\/www.cannabislandia.com\/blog\/wp-content\/uploads\/2015\/09\/ES_Aarde_achterkant_2015.jpg 437w, https:\/\/www.cannabislandia.com\/blog\/wp-content\/uploads\/2015\/09\/ES_Aarde_achterkant_2015-300x216.jpg 300w\" sizes=\"(max-width: 500px) 100vw, 500px\" \/><\/p>\n<\/div>\n<h3>Hesi Hidro<\/h3>\n<p><img loading=\"lazy\" decoding=\"async\" loading=\"lazy\" class=\"wp-image-10425 aligncenter\" src=\"https:\/\/www.cannabislandia.com\/blog\/wp-content\/uploads\/2015\/09\/ES_Hydro_2015.jpg\" alt=\"\" width=\"500\" height=\"349\" srcset=\"https:\/\/www.cannabislandia.com\/blog\/wp-content\/uploads\/2015\/09\/ES_Hydro_2015.jpg 1469w, https:\/\/www.cannabislandia.com\/blog\/wp-content\/uploads\/2015\/09\/ES_Hydro_2015-300x209.jpg 300w, https:\/\/www.cannabislandia.com\/blog\/wp-content\/uploads\/2015\/09\/ES_Hydro_2015-768x535.jpg 768w, https:\/\/www.cannabislandia.com\/blog\/wp-content\/uploads\/2015\/09\/ES_Hydro_2015-1024x714.jpg 1024w\" sizes=\"(max-width: 500px) 100vw, 500px\" \/><\/p>\n<p><img loading=\"lazy\" decoding=\"async\" loading=\"lazy\" class=\"wp-image-10426 aligncenter\" src=\"https:\/\/www.cannabislandia.com\/blog\/wp-content\/uploads\/2015\/09\/ES_Hydro_achterkant_2015.jpg\" alt=\"\" width=\"500\" height=\"360\" srcset=\"https:\/\/www.cannabislandia.com\/blog\/wp-content\/uploads\/2015\/09\/ES_Hydro_achterkant_2015.jpg 437w, https:\/\/www.cannabislandia.com\/blog\/wp-content\/uploads\/2015\/09\/ES_Hydro_achterkant_2015-300x216.jpg 300w\" sizes=\"(max-width: 500px) 100vw, 500px\" \/><\/p>\n<h3>Hesi Coco<\/h3>\n<p><img loading=\"lazy\" decoding=\"async\" loading=\"lazy\" class=\"wp-image-10427 aligncenter\" src=\"https:\/\/www.cannabislandia.com\/blog\/wp-content\/uploads\/2015\/09\/ES_Coco_2015-1024x714.jpg\" alt=\"\" width=\"500\" height=\"349\" srcset=\"https:\/\/www.cannabislandia.com\/blog\/wp-content\/uploads\/2015\/09\/ES_Coco_2015-1024x714.jpg 1024w, https:\/\/www.cannabislandia.com\/blog\/wp-content\/uploads\/2015\/09\/ES_Coco_2015-300x209.jpg 300w, https:\/\/www.cannabislandia.com\/blog\/wp-content\/uploads\/2015\/09\/ES_Coco_2015-768x535.jpg 768w, https:\/\/www.cannabislandia.com\/blog\/wp-content\/uploads\/2015\/09\/ES_Coco_2015.jpg 1469w\" sizes=\"(max-width: 500px) 100vw, 500px\" \/><\/p>\n<p><img loading=\"lazy\" decoding=\"async\" loading=\"lazy\" class=\"aligncenter wp-image-10428\" src=\"https:\/\/www.cannabislandia.com\/blog\/wp-content\/uploads\/2015\/09\/ES_Coco_achterkant_2015.jpg\" alt=\"\" width=\"500\" height=\"360\" srcset=\"https:\/\/www.cannabislandia.com\/blog\/wp-content\/uploads\/2015\/09\/ES_Coco_achterkant_2015.jpg 437w, https:\/\/www.cannabislandia.com\/blog\/wp-content\/uploads\/2015\/09\/ES_Coco_achterkant_2015-300x216.jpg 300w\" sizes=\"(max-width: 500px) 100vw, 500px\" \/><\/p>\n<p><a href=\"https:\/\/www.cannabislandia.com\/es\/hesi_89\"><strong>HESI<\/strong><\/a>\u00a0es un fabricante de fertilizantes y aditivos para el cultivo de marihuana. Fundada por Henk y Siglinde (de ah\u00ed del nombre HeSi) en Kerkrade, en los Pa\u00edses Bajos, se ha caracterizado desde sus inicios por la alta calidad de sus nutrientes. Gracias a profesionales altamente cualificados e intensas investigaciones sobre los secretos del metabolismo de las plantas, HESI ha conseguido desarrollar nutrientes optimizados y equilibrados para cada fase del cultivo y en diferentes medios. Adem\u00e1s de compuestos minerales de r\u00e1pida asimilaci\u00f3n, se emplean elementos org\u00e1nicos, amino\u00e1cidos, glucosas o enzimas. El resultado son plantas con un gran crecimiento y llenas de energ\u00eda tanto en interior como en exterior.<\/p>\n<p>En nuestro blog de marihuana y cannabis de Cannabislandia, puedes consultar y descargarte las <strong>tablas de cultivo de HESI<\/strong> para tierra, coco e hidrop\u00f3nico. Con ellas te ser\u00e1 muy sencillo aplicar las dosis correctas en cada fase del cultivo, y combinar abonos base y aditivos para conseguir los mejores rendimientos.<\/p>\n<h3>PLAN DE CUTIVO HESI TIERRA<\/h3>\n<p>Como nutrientes base, en la fase de crecimiento se usa <strong>Complejo TNT<\/strong>. En floraci\u00f3n se combinan el abono <strong>Complejo Floraci\u00f3n<\/strong> con el potenciador <strong>F\u00f3sforo Plus<\/strong>.<\/p>\n<p>Los aditivos <strong>Complejo Radicular, Super Vit, PowerZyme y Hesi Boost<\/strong> potenciar\u00e1n con nutrientes espec\u00edficos diferentes fases del cultivo para obtener unos rendimientos superiores.<\/p>\n<h3>PLAN DE CULTIVO HESI COCO<\/h3>\n<p>El <strong>Complejo TNT<\/strong> es el abono base para las fases de crecimiento. En floraci\u00f3n el abono <strong>Hesi Coco<\/strong> y el potenciador <strong>PK 13\/14<\/strong> garantizar\u00e1n las necesidades b\u00e1sicas de las plantas.<\/p>\n<p>Los aditivos se emplean los mismos que para cultivos en Tierra, que son <strong>Complejo Radicular, Super Vit, PowerZyme y Hesi Boost<\/strong>.<\/p>\n<h3>PLAN DE CULTIVO HESI HIDRO<\/h3>\n<p>Como abono base, <strong>Crecimiento Hidro<\/strong> garantiza unas plantas con un desarrollo espectacular. En floraci\u00f3n, el abono base <strong>Floraci\u00f3n Hidro<\/strong> y el potenciador de floraci\u00f3n <strong>PK 13\/14.<\/strong><\/p>\n<p>Los aditivos son los mismos que para tierra y coco, ya que se disuelven f\u00e1cilmente en la soluci\u00f3n nutriente y no obstruye los sistemas de riego.<\/p>\n<p style=\"text-align: right;\"><em>Actualizado el 25\/03\/2019.<\/em><\/p>\n<hr \/>\n<p style=\"text-align: center;\"><a href=\"https:\/\/www.cannabislandia.com\/es\/hesi_89\">Ir al cat\u00e1logo de productos de <strong>Hesi<\/strong><\/a><\/p>\n<p style=\"text-align: center;\"><a href=\"https:\/\/www.cannabislandia.com\/blog\/tablas-de-cultivo\/\">Ir al men\u00fa de tablas de cultivo<\/a><\/p>\n","protected":false},"excerpt":{"rendered":"<p>TABLAS DE CULTIVO DE HESI Hesi Suelo \/ Tierra Hesi Hidro Hesi Coco HESI\u00a0es un fabricante de fertilizantes y aditivos para el cultivo de marihuana. Fundada por Henk y Siglinde (de ah\u00ed del nombre HeSi) en Kerkrade, en los Pa\u00edses&#46;&#46;&#46;<\/p>\n","protected":false},"author":1,"featured_media":10432,"parent":998,"menu_order":0,"comment_status":"closed","ping_status":"closed","template":"","meta":[],"yoast_head":"<!-- This site is optimized with the Yoast SEO Premium plugin v19.7 (Yoast SEO v19.14) - https:\/\/yoast.com\/wordpress\/plugins\/seo\/ -->\n<title>Tablas de cultivo de Hesi | Descargar | Cannabislandia<\/title>\n<meta name=\"description\" content=\"En Cannabislandia te puedes descargar las tablas de cultivo de Hesi. Con ellas conseguir\u00e1s optimizar totalmente tu cultivo de marihuana. \u00bfA qu\u00e9 esperas?\" \/>\n<meta name=\"robots\" content=\"index, follow, max-snippet:-1, max-image-preview:large, max-video-preview:-1\" \/>\n<link rel=\"canonical\" href=\"https:\/\/www.cannabislandia.com\/blog\/tablas-de-cultivo\/hesi\/\" \/>\n<meta property=\"og:locale\" content=\"es_ES\" \/>\n<meta property=\"og:type\" content=\"article\" \/>\n<meta property=\"og:title\" content=\"Tablas de cultivo de Hesi\" \/>\n<meta property=\"og:description\" content=\"En Cannabislandia te puedes descargar las tablas de cultivo de Hesi. Con ellas conseguir\u00e1s optimizar totalmente tu cultivo de marihuana. \u00bfA qu\u00e9 esperas?\" \/>\n<meta property=\"og:url\" content=\"https:\/\/www.cannabislandia.com\/blog\/tablas-de-cultivo\/hesi\/\" \/>\n<meta property=\"og:site_name\" content=\"Cannabislandia\" \/>\n<meta property=\"article:publisher\" content=\"https:\/\/www.facebook.com\/people\/Cannabislandia\/100064696326447\/\" \/>\n<meta property=\"article:modified_time\" content=\"2021-04-07T09:10:15+00:00\" \/>\n<meta property=\"og:image\" content=\"https:\/\/www.cannabislandia.com\/blog\/wp-content\/uploads\/2015\/09\/HESI.jpg\" \/>\n\t<meta property=\"og:image:width\" content=\"873\" \/>\n\t<meta property=\"og:image:height\" content=\"293\" \/>\n\t<meta property=\"og:image:type\" content=\"image\/jpeg\" \/>\n<meta name=\"twitter:card\" content=\"summary_large_image\" \/>\n<meta name=\"twitter:site\" content=\"@cannabislandia\" \/>\n<meta name=\"twitter:label1\" content=\"Tiempo de lectura\" \/>\n\t<meta name=\"twitter:data1\" content=\"2 minutos\" \/>\n<script type=\"application\/ld+json\" class=\"yoast-schema-graph\">{\"@context\":\"https:\/\/schema.org\",\"@graph\":[{\"@type\":\"WebPage\",\"@id\":\"https:\/\/www.cannabislandia.com\/blog\/tablas-de-cultivo\/hesi\/\",\"url\":\"https:\/\/www.cannabislandia.com\/blog\/tablas-de-cultivo\/hesi\/\",\"name\":\"Tablas de cultivo de Hesi | Descargar | Cannabislandia\",\"isPartOf\":{\"@id\":\"https:\/\/www.cannabislandia.com\/blog\/#website\"},\"datePublished\":\"2015-09-18T09:16:16+00:00\",\"dateModified\":\"2021-04-07T09:10:15+00:00\",\"description\":\"En Cannabislandia te puedes descargar las tablas de cultivo de Hesi. Con ellas conseguir\u00e1s optimizar totalmente tu cultivo de marihuana. \u00bfA qu\u00e9 esperas?\",\"breadcrumb\":{\"@id\":\"https:\/\/www.cannabislandia.com\/blog\/tablas-de-cultivo\/hesi\/#breadcrumb\"},\"inLanguage\":\"es\",\"potentialAction\":[{\"@type\":\"ReadAction\",\"target\":[\"https:\/\/www.cannabislandia.com\/blog\/tablas-de-cultivo\/hesi\/\"]}]},{\"@type\":\"BreadcrumbList\",\"@id\":\"https:\/\/www.cannabislandia.com\/blog\/tablas-de-cultivo\/hesi\/#breadcrumb\",\"itemListElement\":[{\"@type\":\"ListItem\",\"position\":1,\"name\":\"Inicio\",\"item\":\"https:\/\/www.cannabislandia.com\/blog\/\"},{\"@type\":\"ListItem\",\"position\":2,\"name\":\"Tablas de cultivo y abonado\",\"item\":\"https:\/\/www.cannabislandia.com\/blog\/tablas-de-cultivo\/\"},{\"@type\":\"ListItem\",\"position\":3,\"name\":\"Tablas de cultivo de Hesi\"}]},{\"@type\":\"WebSite\",\"@id\":\"https:\/\/www.cannabislandia.com\/blog\/#website\",\"url\":\"https:\/\/www.cannabislandia.com\/blog\/\",\"name\":\"Cannabislandia\",\"description\":\"Blog cann\u00e1bico donde encontrar\u00e1s las \u00faltimas noticias, novedades, gu\u00edas, recetas, promociones, curiosidades y todo lo relacionado con la marihuana\",\"publisher\":{\"@id\":\"https:\/\/www.cannabislandia.com\/blog\/#organization\"},\"potentialAction\":[{\"@type\":\"SearchAction\",\"target\":{\"@type\":\"EntryPoint\",\"urlTemplate\":\"https:\/\/www.cannabislandia.com\/blog\/?s={search_term_string}\"},\"query-input\":\"required name=search_term_string\"}],\"inLanguage\":\"es\"},{\"@type\":\"Organization\",\"@id\":\"https:\/\/www.cannabislandia.com\/blog\/#organization\",\"name\":\"Cannabislandia\",\"url\":\"https:\/\/www.cannabislandia.com\/blog\/\",\"logo\":{\"@type\":\"ImageObject\",\"inLanguage\":\"es\",\"@id\":\"https:\/\/www.cannabislandia.com\/blog\/#\/schema\/logo\/image\/\",\"url\":\"https:\/\/www.cannabislandia.com\/blog\/wp-content\/uploads\/2015\/12\/logo.jpg\",\"contentUrl\":\"https:\/\/www.cannabislandia.com\/blog\/wp-content\/uploads\/2015\/12\/logo.jpg\",\"width\":145,\"height\":145,\"caption\":\"Cannabislandia\"},\"image\":{\"@id\":\"https:\/\/www.cannabislandia.com\/blog\/#\/schema\/logo\/image\/\"},\"sameAs\":[\"https:\/\/www.instagram.com\/cannabislandia_grow\/\",\"https:\/\/www.facebook.com\/people\/Cannabislandia\/100064696326447\/\",\"https:\/\/twitter.com\/cannabislandia\"]}]}<\/script>\n<!-- \/ Yoast SEO Premium plugin. -->","yoast_head_json":{"title":"Tablas de cultivo de Hesi | Descargar | Cannabislandia","description":"En Cannabislandia te puedes descargar las tablas de cultivo de Hesi. Con ellas conseguir\u00e1s optimizar totalmente tu cultivo de marihuana. \u00bfA qu\u00e9 esperas?","robots":{"index":"index","follow":"follow","max-snippet":"max-snippet:-1","max-image-preview":"max-image-preview:large","max-video-preview":"max-video-preview:-1"},"canonical":"https:\/\/www.cannabislandia.com\/blog\/tablas-de-cultivo\/hesi\/","og_locale":"es_ES","og_type":"article","og_title":"Tablas de cultivo de Hesi","og_description":"En Cannabislandia te puedes descargar las tablas de cultivo de Hesi. Con ellas conseguir\u00e1s optimizar totalmente tu cultivo de marihuana. \u00bfA qu\u00e9 esperas?","og_url":"https:\/\/www.cannabislandia.com\/blog\/tablas-de-cultivo\/hesi\/","og_site_name":"Cannabislandia","article_publisher":"https:\/\/www.facebook.com\/people\/Cannabislandia\/100064696326447\/","article_modified_time":"2021-04-07T09:10:15+00:00","og_image":[{"width":873,"height":293,"url":"https:\/\/www.cannabislandia.com\/blog\/wp-content\/uploads\/2015\/09\/HESI.jpg","type":"image\/jpeg"}],"twitter_card":"summary_large_image","twitter_site":"@cannabislandia","twitter_misc":{"Tiempo de lectura":"2 minutos"},"schema":{"@context":"https:\/\/schema.org","@graph":[{"@type":"WebPage","@id":"https:\/\/www.cannabislandia.com\/blog\/tablas-de-cultivo\/hesi\/","url":"https:\/\/www.cannabislandia.com\/blog\/tablas-de-cultivo\/hesi\/","name":"Tablas de cultivo de Hesi | Descargar | Cannabislandia","isPartOf":{"@id":"https:\/\/www.cannabislandia.com\/blog\/#website"},"datePublished":"2015-09-18T09:16:16+00:00","dateModified":"2021-04-07T09:10:15+00:00","description":"En Cannabislandia te puedes descargar las tablas de cultivo de Hesi. Con ellas conseguir\u00e1s optimizar totalmente tu cultivo de marihuana. \u00bfA qu\u00e9 esperas?","breadcrumb":{"@id":"https:\/\/www.cannabislandia.com\/blog\/tablas-de-cultivo\/hesi\/#breadcrumb"},"inLanguage":"es","potentialAction":[{"@type":"ReadAction","target":["https:\/\/www.cannabislandia.com\/blog\/tablas-de-cultivo\/hesi\/"]}]},{"@type":"BreadcrumbList","@id":"https:\/\/www.cannabislandia.com\/blog\/tablas-de-cultivo\/hesi\/#breadcrumb","itemListElement":[{"@type":"ListItem","position":1,"name":"Inicio","item":"https:\/\/www.cannabislandia.com\/blog\/"},{"@type":"ListItem","position":2,"name":"Tablas de cultivo y abonado","item":"https:\/\/www.cannabislandia.com\/blog\/tablas-de-cultivo\/"},{"@type":"ListItem","position":3,"name":"Tablas de cultivo de Hesi"}]},{"@type":"WebSite","@id":"https:\/\/www.cannabislandia.com\/blog\/#website","url":"https:\/\/www.cannabislandia.com\/blog\/","name":"Cannabislandia","description":"Blog cann\u00e1bico donde encontrar\u00e1s las \u00faltimas noticias, novedades, gu\u00edas, recetas, promociones, curiosidades y todo lo relacionado con la marihuana","publisher":{"@id":"https:\/\/www.cannabislandia.com\/blog\/#organization"},"potentialAction":[{"@type":"SearchAction","target":{"@type":"EntryPoint","urlTemplate":"https:\/\/www.cannabislandia.com\/blog\/?s={search_term_string}"},"query-input":"required name=search_term_string"}],"inLanguage":"es"},{"@type":"Organization","@id":"https:\/\/www.cannabislandia.com\/blog\/#organization","name":"Cannabislandia","url":"https:\/\/www.cannabislandia.com\/blog\/","logo":{"@type":"ImageObject","inLanguage":"es","@id":"https:\/\/www.cannabislandia.com\/blog\/#\/schema\/logo\/image\/","url":"https:\/\/www.cannabislandia.com\/blog\/wp-content\/uploads\/2015\/12\/logo.jpg","contentUrl":"https:\/\/www.cannabislandia.com\/blog\/wp-content\/uploads\/2015\/12\/logo.jpg","width":145,"height":145,"caption":"Cannabislandia"},"image":{"@id":"https:\/\/www.cannabislandia.com\/blog\/#\/schema\/logo\/image\/"},"sameAs":["https:\/\/www.instagram.com\/cannabislandia_grow\/","https:\/\/www.facebook.com\/people\/Cannabislandia\/100064696326447\/","https:\/\/twitter.com\/cannabislandia"]}]}},"_links":{"self":[{"href":"https:\/\/www.cannabislandia.com\/blog\/wp-json\/wp\/v2\/pages\/1002"}],"collection":[{"href":"https:\/\/www.cannabislandia.com\/blog\/wp-json\/wp\/v2\/pages"}],"about":[{"href":"https:\/\/www.cannabislandia.com\/blog\/wp-json\/wp\/v2\/types\/page"}],"author":[{"embeddable":true,"href":"https:\/\/www.cannabislandia.com\/blog\/wp-json\/wp\/v2\/users\/1"}],"replies":[{"embeddable":true,"href":"https:\/\/www.cannabislandia.com\/blog\/wp-json\/wp\/v2\/comments?post=1002"}],"version-history":[{"count":11,"href":"https:\/\/www.cannabislandia.com\/blog\/wp-json\/wp\/v2\/pages\/1002\/revisions"}],"predecessor-version":[{"id":13593,"href":"https:\/\/www.cannabislandia.com\/blog\/wp-json\/wp\/v2\/pages\/1002\/revisions\/13593"}],"up":[{"embeddable":true,"href":"https:\/\/www.cannabislandia.com\/blog\/wp-json\/wp\/v2\/pages\/998"}],"wp:featuredmedia":[{"embeddable":true,"href":"https:\/\/www.cannabislandia.com\/blog\/wp-json\/wp\/v2\/media\/10432"}],"wp:attachment":[{"href":"https:\/\/www.cannabislandia.com\/blog\/wp-json\/wp\/v2\/media?parent=1002"}],"curies":[{"name":"wp","href":"https:\/\/api.w.org\/{rel}","templated":true}]}}